{"id":632,"date":"2025-08-18T21:32:06","date_gmt":"2025-08-18T21:32:06","guid":{"rendered":"https:\/\/femexrobotica.org\/tmr2026\/?page_id=632"},"modified":"2026-02-25T20:02:51","modified_gmt":"2026-02-25T20:02:51","slug":"standard-platform-league","status":"publish","type":"page","link":"https:\/\/femexrobotica.org\/tmr2026\/index.php\/categorias\/robocup-major\/standard-platform-league\/","title":{"rendered":"Standard Platform League"},"content":{"rendered":"\n<figure class=\"wp-block-pullquote\"><blockquote><p>Las categor\u00edas Kid Size y SPL competir\u00e1n como una sola categor\u00eda y el Dr. Oscar Carbajal fungir\u00e1 como responsable t\u00e9cnico. En el sistema de registro la categor\u00eda aparecer\u00e1 como Robocup Humanoid Kid Size &amp; SPL<\/p><\/blockquote><\/figure>\n\n\n\n<figure class=\"wp-block-image size-large\"><img loading=\"lazy\" decoding=\"async\" width=\"1024\" height=\"576\" src=\"https:\/\/femexrobotica.org\/tmr2026\/wp-content\/uploads\/2025\/08\/20180323_172213-1536x864-1-1024x576.jpg\" alt=\"\" class=\"wp-image-639\" srcset=\"https:\/\/femexrobotica.org\/tmr2026\/wp-content\/uploads\/2025\/08\/20180323_172213-1536x864-1-1024x576.jpg 1024w, https:\/\/femexrobotica.org\/tmr2026\/wp-content\/uploads\/2025\/08\/20180323_172213-1536x864-1-300x169.jpg 300w, https:\/\/femexrobotica.org\/tmr2026\/wp-content\/uploads\/2025\/08\/20180323_172213-1536x864-1-768x432.jpg 768w, https:\/\/femexrobotica.org\/tmr2026\/wp-content\/uploads\/2025\/08\/20180323_172213-1536x864-1.jpg 1536w\" sizes=\"auto, (max-width: 1024px) 100vw, 1024px\" \/><\/figure>\n\n\n\n<p class=\"has-text-align-center has-large-font-size\"><strong>Descripci\u00f3n general<\/strong><\/p>\n\n\n\n<p>El objetivo de la iniciativa internacional RoboCup es desarrollar un equipo de robots humanoides que sea capaz de ganar contra el equipo humano oficial campe\u00f3n mundial de f\u00fatbol hasta 2050. En cierto sentido, el desaf\u00edo RoboCup es el sucesor del desaf\u00edo de ajedrez para la inteligencia artificial (una computadora vencer al Campe\u00f3n Mundial de Ajedrez humano) que se resolvi\u00f3 en 1997 cuando Deep Blue gan\u00f3 contra Garry Kasparow. Actualmente, existen varias ligas de f\u00fatbol RoboCup diferentes que se enfocan en diferentes aspectos de este desaf\u00edo. La Liga Humanoide es una de las ligas de progreso m\u00e1s din\u00e1mico y la m\u00e1s cercana a la meta de 2050.<\/p>\n\n\n\n<p class=\"has-text-align-center has-large-font-size\"><strong>Acerca de Humanoid Standard Platform League<\/strong><\/p>\n\n\n\n<p>Standard Platform League es una liga de f\u00fatbol de robots RoboCup, en la que todos los equipos compiten con robots id\u00e9nticos. Los robots funcionan de forma totalmente aut\u00f3noma, es decir, no hay control externo, ni por parte de humanos ni de computadoras. La plataforma est\u00e1ndar actual utilizada es la NAO humanoide de Aldebar\u00e1n.<\/p>\n\n\n\n<p class=\"has-text-align-center has-large-font-size\"><strong>Modalidad<\/strong><\/p>\n\n\n\n<p class=\"has-text-align-center\">Presencial.<\/p>\n\n\n\n<p class=\"has-text-align-center has-large-font-size\"><strong>Reglas:<\/strong><\/p>\n\n\n\n<p><a href=\"https:\/\/humanoid.robocup.org\/materials\/rules\/\">https:\/\/humanoid.robocup.org\/materials\/rules\/<\/a><br>En caso de no contar con el n\u00famero suficiente de equipos participantes se realizar\u00e1 un partido de exhibici\u00f3n, el formato del partido ser\u00e1 establecido en acuerdo com\u00fan de los participantes.<\/p>\n\n\n\n<p class=\"has-text-align-center has-large-font-size\"><strong>Restricciones<\/strong><\/p>\n\n\n\n<p class=\"has-text-align-left\">Es preciso utilizar la plataforma establecida NAO de Aldebar\u00e1n Robotics.<\/p>\n\n\n\n<hr class=\"wp-block-separator has-alpha-channel-opacity\"\/>\n\n\n\n<p class=\"has-medium-font-size\"><strong>Responsable t\u00e9cnico:<\/strong><\/p>\n\n\n\n<p>Oscar Carbajal Espinosa<br>email:\u00a0<a href=\"mailto:oscar.carbajal@tec.mx\">oscar.carbajal@tec.mx<\/a><\/p>\n\n\n\n<p class=\"has-medium-font-size\"><strong>Responsable local:<\/strong><\/p>\n\n\n\n<p>Mtro. Oscar Iv\u00e1n Vivanco Romero<br>email: <a href=\"mailto:oscar.vivancoro@correo.buap.mx\">oscar.vivancoro@correo.buap.mx<\/a><\/p>\n","protected":false},"excerpt":{"rendered":"<p>Las categor\u00edas Kid Size y SPL competir\u00e1n como una sola categor\u00eda y el Dr. Oscar Carbajal fungir\u00e1 como responsable t\u00e9cnico. En el sistema de registro la categor\u00eda aparecer\u00e1 como Robocup Humanoid Kid Size &amp; SPL Descripci\u00f3n general El objetivo de la iniciativa internacional RoboCup es desarrollar un equipo de robots humanoides que sea capaz de [&hellip;]<\/p>\n","protected":false},"author":1,"featured_media":0,"parent":126,"menu_order":0,"comment_status":"closed","ping_status":"closed","template":"","meta":{"footnotes":""},"class_list":["post-632","page","type-page","status-publish","hentry"],"_links":{"self":[{"href":"https:\/\/femexrobotica.org\/tmr2026\/index.php\/wp-json\/wp\/v2\/pages\/632","targetHints":{"allow":["GET"]}}],"collection":[{"href":"https:\/\/femexrobotica.org\/tmr2026\/index.php\/wp-json\/wp\/v2\/pages"}],"about":[{"href":"https:\/\/femexrobotica.org\/tmr2026\/index.php\/wp-json\/wp\/v2\/types\/page"}],"author":[{"embeddable":true,"href":"https:\/\/femexrobotica.org\/tmr2026\/index.php\/wp-json\/wp\/v2\/users\/1"}],"replies":[{"embeddable":true,"href":"https:\/\/femexrobotica.org\/tmr2026\/index.php\/wp-json\/wp\/v2\/comments?post=632"}],"version-history":[{"count":5,"href":"https:\/\/femexrobotica.org\/tmr2026\/index.php\/wp-json\/wp\/v2\/pages\/632\/revisions"}],"predecessor-version":[{"id":1881,"href":"https:\/\/femexrobotica.org\/tmr2026\/index.php\/wp-json\/wp\/v2\/pages\/632\/revisions\/1881"}],"up":[{"embeddable":true,"href":"https:\/\/femexrobotica.org\/tmr2026\/index.php\/wp-json\/wp\/v2\/pages\/126"}],"wp:attachment":[{"href":"https:\/\/femexrobotica.org\/tmr2026\/index.php\/wp-json\/wp\/v2\/media?parent=632"}],"curies":[{"name":"wp","href":"https:\/\/api.w.org\/{rel}","templated":true}]}}