{"id":260,"date":"2025-08-14T22:19:27","date_gmt":"2025-08-14T22:19:27","guid":{"rendered":"https:\/\/femexrobotica.org\/tmr2026\/?page_id=260"},"modified":"2026-01-20T17:10:45","modified_gmt":"2026-01-20T17:10:45","slug":"convocatoria-al-torneo-mexicano-de-robotica-2026","status":"publish","type":"page","link":"https:\/\/femexrobotica.org\/tmr2026\/index.php\/participantes\/convocatoria-al-torneo-mexicano-de-robotica-2026\/","title":{"rendered":"Convocatoria al Torneo Mexicano de Rob\u00f3tica 2026"},"content":{"rendered":"\n<p><strong>La Federaci\u00f3n Mexicana de Rob\u00f3tica, A.C. y la Universidad Tecnol\u00f3gica Biling\u00fce Internacional y Sustentable de Puebla.<\/strong><\/p>\n\n\n\n<p><strong>Te invitan al XVII Torneo Mexicano de Rob\u00f3tica<\/strong><\/p>\n\n\n\n<p>Un evento dise\u00f1ado para fomentar el desarrollo y la innovaci\u00f3n en el campo de la rob\u00f3tica en M\u00e9xico.<\/p>\n\n\n\n<p>Detalles del evento<\/p>\n\n\n\n<div class=\"wp-block-media-text is-stacked-on-mobile\" style=\"grid-template-columns:15% auto\"><figure class=\"wp-block-media-text__media\"><img loading=\"lazy\" decoding=\"async\" width=\"682\" height=\"602\" src=\"https:\/\/femexrobotica.org\/tmr2026\/wp-content\/uploads\/2026\/01\/fecha.jpg\" alt=\"\" class=\"wp-image-1728 size-full\" srcset=\"https:\/\/femexrobotica.org\/tmr2026\/wp-content\/uploads\/2026\/01\/fecha.jpg 682w, https:\/\/femexrobotica.org\/tmr2026\/wp-content\/uploads\/2026\/01\/fecha-300x265.jpg 300w\" sizes=\"auto, (max-width: 682px) 100vw, 682px\" \/><\/figure><div class=\"wp-block-media-text__content\">\n<p>&nbsp;<strong>Fecha:<\/strong>&nbsp;Del 16 al 18 de Abril del 2026<\/p>\n<\/div><\/div>\n\n\n\n<div class=\"wp-block-media-text is-stacked-on-mobile is-vertically-aligned-center\" style=\"grid-template-columns:15% auto\"><figure class=\"wp-block-media-text__media\"><img loading=\"lazy\" decoding=\"async\" width=\"480\" height=\"682\" src=\"https:\/\/femexrobotica.org\/tmr2026\/wp-content\/uploads\/2025\/08\/icono-localizacion.jpg\" alt=\"\" class=\"wp-image-714 size-full\" srcset=\"https:\/\/femexrobotica.org\/tmr2026\/wp-content\/uploads\/2025\/08\/icono-localizacion.jpg 480w, https:\/\/femexrobotica.org\/tmr2026\/wp-content\/uploads\/2025\/08\/icono-localizacion-211x300.jpg 211w\" sizes=\"auto, (max-width: 480px) 100vw, 480px\" \/><\/figure><div class=\"wp-block-media-text__content\">\n<p><strong>Lugar:<\/strong> Instalaciones de la Universidad Tecnol\u00f3gica Biling\u00fce Internacional y Sustentable de Puebla<\/p>\n<\/div><\/div>\n\n\n\n<p>El&nbsp;<strong>Torneo Mexicano de Rob\u00f3tica<\/strong>&nbsp;(TMR) es una competencia nacional de rob\u00f3tica que re\u00fane a estudiantes, investigadores y apasionados de la tecnolog\u00eda para competir en diversas categor\u00edas que desaf\u00edan la creatividad, el trabajo en equipo y la resoluci\u00f3n de problemas. Desde su inicio en 2008 organizado por la&nbsp;<strong>Federaci\u00f3n Mexicana de Rob\u00f3tica A.C (FMR)<\/strong>, el&nbsp;<strong>TMR<\/strong>&nbsp;se ha consolidado como un referente en la promoci\u00f3n del talento rob\u00f3tico en nuestro pa\u00eds.<\/p>\n\n\n<div class=\"wp-block-image\">\n<figure class=\"aligncenter size-large is-resized\"><img loading=\"lazy\" decoding=\"async\" width=\"1024\" height=\"1024\" src=\"https:\/\/femexrobotica.org\/tmr2026\/wp-content\/uploads\/2025\/11\/utbis-fondo-1024x1024.png\" alt=\"\" class=\"wp-image-1480\" style=\"width:604px;height:auto\" srcset=\"https:\/\/femexrobotica.org\/tmr2026\/wp-content\/uploads\/2025\/11\/utbis-fondo-1024x1024.png 1024w, https:\/\/femexrobotica.org\/tmr2026\/wp-content\/uploads\/2025\/11\/utbis-fondo-300x300.png 300w, https:\/\/femexrobotica.org\/tmr2026\/wp-content\/uploads\/2025\/11\/utbis-fondo-150x150.png 150w, https:\/\/femexrobotica.org\/tmr2026\/wp-content\/uploads\/2025\/11\/utbis-fondo-768x768.png 768w, https:\/\/femexrobotica.org\/tmr2026\/wp-content\/uploads\/2025\/11\/utbis-fondo-1536x1536.png 1536w, https:\/\/femexrobotica.org\/tmr2026\/wp-content\/uploads\/2025\/11\/utbis-fondo.png 2048w\" sizes=\"auto, (max-width: 1024px) 100vw, 1024px\" \/><\/figure>\n<\/div>","protected":false},"excerpt":{"rendered":"<p>La Federaci\u00f3n Mexicana de Rob\u00f3tica, A.C. y la Universidad Tecnol\u00f3gica Biling\u00fce Internacional y Sustentable de Puebla. Te invitan al XVII Torneo Mexicano de Rob\u00f3tica Un evento dise\u00f1ado para fomentar el desarrollo y la innovaci\u00f3n en el campo de la rob\u00f3tica en M\u00e9xico. Detalles del evento &nbsp;Fecha:&nbsp;Del 16 al 18 de Abril del 2026 Lugar: Instalaciones [&hellip;]<\/p>\n","protected":false},"author":1,"featured_media":0,"parent":149,"menu_order":0,"comment_status":"closed","ping_status":"closed","template":"","meta":{"footnotes":""},"class_list":["post-260","page","type-page","status-publish","hentry"],"_links":{"self":[{"href":"https:\/\/femexrobotica.org\/tmr2026\/index.php\/wp-json\/wp\/v2\/pages\/260","targetHints":{"allow":["GET"]}}],"collection":[{"href":"https:\/\/femexrobotica.org\/tmr2026\/index.php\/wp-json\/wp\/v2\/pages"}],"about":[{"href":"https:\/\/femexrobotica.org\/tmr2026\/index.php\/wp-json\/wp\/v2\/types\/page"}],"author":[{"embeddable":true,"href":"https:\/\/femexrobotica.org\/tmr2026\/index.php\/wp-json\/wp\/v2\/users\/1"}],"replies":[{"embeddable":true,"href":"https:\/\/femexrobotica.org\/tmr2026\/index.php\/wp-json\/wp\/v2\/comments?post=260"}],"version-history":[{"count":5,"href":"https:\/\/femexrobotica.org\/tmr2026\/index.php\/wp-json\/wp\/v2\/pages\/260\/revisions"}],"predecessor-version":[{"id":1730,"href":"https:\/\/femexrobotica.org\/tmr2026\/index.php\/wp-json\/wp\/v2\/pages\/260\/revisions\/1730"}],"up":[{"embeddable":true,"href":"https:\/\/femexrobotica.org\/tmr2026\/index.php\/wp-json\/wp\/v2\/pages\/149"}],"wp:attachment":[{"href":"https:\/\/femexrobotica.org\/tmr2026\/index.php\/wp-json\/wp\/v2\/media?parent=260"}],"curies":[{"name":"wp","href":"https:\/\/api.w.org\/{rel}","templated":true}]}}