{"id":151,"date":"2025-08-14T22:13:55","date_gmt":"2025-08-14T22:13:55","guid":{"rendered":"https:\/\/femexrobotica.org\/tmr2026\/?page_id=151"},"modified":"2026-04-14T17:41:08","modified_gmt":"2026-04-14T17:41:08","slug":"distribucion-de-areas-tmr-2026","status":"publish","type":"page","link":"https:\/\/femexrobotica.org\/tmr2026\/index.php\/participantes\/distribucion-de-areas-tmr-2026\/","title":{"rendered":"Distribuci\u00f3n de \u00e1reas TMR 2026"},"content":{"rendered":"\n<h2 class=\"wp-block-heading has-text-align-center\">Distribuci\u00f3n de \u00e1reas por categor\u00eda<\/h2>\n\n\n\n<figure class=\"wp-block-image size-full is-resized\"><img loading=\"lazy\" decoding=\"async\" width=\"2009\" height=\"2560\" src=\"https:\/\/femexrobotica.org\/tmr2026\/wp-content\/uploads\/2025\/08\/Mapa-subsedes-TMR-2026.jpg-scaled.jpeg\" alt=\"\" class=\"wp-image-1948\" style=\"width:840px;height:auto\" srcset=\"https:\/\/femexrobotica.org\/tmr2026\/wp-content\/uploads\/2025\/08\/Mapa-subsedes-TMR-2026.jpg-scaled.jpeg 2009w, https:\/\/femexrobotica.org\/tmr2026\/wp-content\/uploads\/2025\/08\/Mapa-subsedes-TMR-2026.jpg-235x300.jpeg 235w, https:\/\/femexrobotica.org\/tmr2026\/wp-content\/uploads\/2025\/08\/Mapa-subsedes-TMR-2026.jpg-803x1024.jpeg 803w, https:\/\/femexrobotica.org\/tmr2026\/wp-content\/uploads\/2025\/08\/Mapa-subsedes-TMR-2026.jpg-768x979.jpeg 768w, https:\/\/femexrobotica.org\/tmr2026\/wp-content\/uploads\/2025\/08\/Mapa-subsedes-TMR-2026.jpg-1205x1536.jpeg 1205w, https:\/\/femexrobotica.org\/tmr2026\/wp-content\/uploads\/2025\/08\/Mapa-subsedes-TMR-2026.jpg-1607x2048.jpeg 1607w\" sizes=\"auto, (max-width: 2009px) 100vw, 2009px\" \/><\/figure>\n\n\n\n<h2 class=\"wp-block-heading\">* Centro de Convenciones (Planta Baja)<\/h2>\n\n\n\n<p>01.- Robocup At Home<br>02.- Robocup At Home Beginners<br>03.- Drones Aut\u00f3nomos<br>04.- RoboCupJunior Soccer Infrared<br>05.- RoboCupJunior Soccer Vision<br>06.- LARC VSSS<br>07.- Robocup SPL &amp; Robocup Humanoid kidsize<br>08.- Robocup Humanoid Adult Size<\/p>\n\n\n\n<h2 class=\"wp-block-heading\">* Centro de Convenciones (Planta Alta)<\/h2>\n\n\n\n<p>&lt;&lt;Inauguraci\u00f3n \/ Conferencias \/Clausura&gt;&gt;<br>09.- AutoModel Car<\/p>\n\n\n\n<h2 class=\"wp-block-heading\">* Laguna<\/h2>\n\n\n\n<p>10.- Robots Limpiadores Acu\u00e1ticos<\/p>\n\n\n\n<h2 class=\"wp-block-heading\">* UTBIS<\/h2>\n\n\n\n<p>11.- Rover Lunar<br>12.- Robots Limpiadores de Playa<\/p>\n\n\n\n<h2 class=\"wp-block-heading\"> * BUAP <\/h2>\n\n\n\n<p>13.- RoboCupJunior Rescue Robot<br>14.- Robocup Rapidly Manufactured Robot Challenge<\/p>\n\n\n\n<h2 class=\"wp-block-heading\">* CIITA IPN (Planta Baja)<\/h2>\n\n\n\n<p>15.- RoboCupJunior Rescue Line<br>16.- RoboCupJunior Rescue Line Primary<br>17.- RoboCupJunior Rescue Maze<br>18.- RoboCupJunior Onstage<br>19.- RoboCupJunior Onstage Primary<br>20.- Roboline Kids<\/p>\n\n\n\n<h2 class=\"wp-block-heading\">* CIITA IPN (Planta Alta)<\/h2>\n\n\n\n<p>21.- LARC Open Chanllenge<br>22.- LARC SEK<\/p>\n\n\n\n<hr class=\"wp-block-separator has-alpha-channel-opacity\"\/>\n\n\n\n<p>La siguiente ventana muestra la ubicaci\u00f3n de la unidad en Google Maps.<\/p>\n\n\n\n<div class=\"wp-block-gmap-gmap-block gmap-block-2m23lejn\"><iframe src=\"https:\/\/maps.google.com\/maps?q=UTBIS+PUEBLA&amp;z=10&amp;t=k&amp;output=embed\" class=\"embd-map\" title=\"UTBIS PUEBLA\"><\/iframe><\/div>\n","protected":false},"excerpt":{"rendered":"<p>Distribuci\u00f3n de \u00e1reas por categor\u00eda * Centro de Convenciones (Planta Baja) 01.- Robocup At Home02.- Robocup At Home Beginners03.- Drones Aut\u00f3nomos04.- RoboCupJunior Soccer Infrared05.- RoboCupJunior Soccer Vision06.- LARC VSSS07.- Robocup SPL &amp; Robocup Humanoid kidsize08.- Robocup Humanoid Adult Size * Centro de Convenciones (Planta Alta) &lt;&lt;Inauguraci\u00f3n \/ Conferencias \/Clausura&gt;&gt;09.- AutoModel Car * Laguna 10.- Robots [&hellip;]<\/p>\n","protected":false},"author":1,"featured_media":0,"parent":149,"menu_order":0,"comment_status":"closed","ping_status":"closed","template":"","meta":{"footnotes":""},"class_list":["post-151","page","type-page","status-publish","hentry"],"_links":{"self":[{"href":"https:\/\/femexrobotica.org\/tmr2026\/index.php\/wp-json\/wp\/v2\/pages\/151","targetHints":{"allow":["GET"]}}],"collection":[{"href":"https:\/\/femexrobotica.org\/tmr2026\/index.php\/wp-json\/wp\/v2\/pages"}],"about":[{"href":"https:\/\/femexrobotica.org\/tmr2026\/index.php\/wp-json\/wp\/v2\/types\/page"}],"author":[{"embeddable":true,"href":"https:\/\/femexrobotica.org\/tmr2026\/index.php\/wp-json\/wp\/v2\/users\/1"}],"replies":[{"embeddable":true,"href":"https:\/\/femexrobotica.org\/tmr2026\/index.php\/wp-json\/wp\/v2\/comments?post=151"}],"version-history":[{"count":17,"href":"https:\/\/femexrobotica.org\/tmr2026\/index.php\/wp-json\/wp\/v2\/pages\/151\/revisions"}],"predecessor-version":[{"id":2085,"href":"https:\/\/femexrobotica.org\/tmr2026\/index.php\/wp-json\/wp\/v2\/pages\/151\/revisions\/2085"}],"up":[{"embeddable":true,"href":"https:\/\/femexrobotica.org\/tmr2026\/index.php\/wp-json\/wp\/v2\/pages\/149"}],"wp:attachment":[{"href":"https:\/\/femexrobotica.org\/tmr2026\/index.php\/wp-json\/wp\/v2\/media?parent=151"}],"curies":[{"name":"wp","href":"https:\/\/api.w.org\/{rel}","templated":true}]}}