{"id":128,"date":"2025-08-14T19:44:23","date_gmt":"2025-08-14T19:44:23","guid":{"rendered":"https:\/\/femexrobotica.org\/tmr2026\/?page_id=128"},"modified":"2026-02-25T19:47:15","modified_gmt":"2026-02-25T19:47:15","slug":"home","status":"publish","type":"page","link":"https:\/\/femexrobotica.org\/tmr2026\/index.php\/categorias\/robocup-major\/home\/","title":{"rendered":"@Home"},"content":{"rendered":"<div class=\"wp-block-image\">\n<figure class=\"aligncenter size-full\"><img loading=\"lazy\" decoding=\"async\" width=\"640\" height=\"360\" src=\"https:\/\/femexrobotica.org\/tmr2026\/wp-content\/uploads\/2025\/08\/image-3.png\" alt=\"\" class=\"wp-image-490\" srcset=\"https:\/\/femexrobotica.org\/tmr2026\/wp-content\/uploads\/2025\/08\/image-3.png 640w, https:\/\/femexrobotica.org\/tmr2026\/wp-content\/uploads\/2025\/08\/image-3-300x169.png 300w\" sizes=\"auto, (max-width: 640px) 100vw, 640px\" \/><\/figure>\n<\/div>\n\n\n<p class=\"has-text-align-center has-large-font-size\"><strong>INFORMACI\u00d3N GENERAL<\/strong><\/p>\n\n\n\n<p>Se busca realizar un ensayo local de la categor\u00eda de mismo nombre a nivel internacional. La intenci\u00f3n es que esta competencia nacional permita a los equipos con inter\u00e9s en participar en la Robocup tener un ensayo previo. Mientras que otros equipos pueden motivarse a participar.<\/p>\n\n\n\n<p class=\"has-text-align-center has-large-font-size\"><strong>Modalidad:<\/strong><\/p>\n\n\n\n<p class=\"has-text-align-center\">Presencial<\/p>\n\n\n\n<p class=\"has-text-align-center has-large-font-size\"><strong>Restricciones<\/strong>:<\/p>\n\n\n\n<ul class=\"wp-block-list\">\n<li>M\u00e1ximo 5 equipos.<\/li>\n\n\n\n<li>Cada equipo est\u00e1 conformado por un m\u00e1ximo de 12 participantes con silla de trabajo y un mentor.<\/li>\n<\/ul>\n\n\n\n<p class=\"has-text-align-center has-large-font-size\"><strong>Reglas:<\/strong><\/p>\n\n\n\n<p>Las reglas ser\u00e1n exactamente las mismas propuestas por la Robocup. Por cuestiones de tiempo se contempla solo el 1st Stage.<br><a href=\"https:\/\/robocupathome.github.io\/RuleBook\/rulebook\/master.pdf\" target=\"_blank\" rel=\"noreferrer noopener\">https:\/\/robocupathome.github.io\/RuleBook\/rulebook\/master.pdf<\/a><\/p>\n\n\n\n<hr class=\"wp-block-separator has-alpha-channel-opacity\"\/>\n\n\n\n<p class=\"has-medium-font-size\"><strong>Responsable (FMR) de Categor\u00eda:<\/strong><\/p>\n\n\n\n<p>Oscar Fuentes Casarrubias<br>Email: <a href=\"mailto:ofc80@comunidad.unam.mx\">ofc80@comunidad.unam.mx<\/a><\/p>\n\n\n\n<p>Alberto Mu\u00f1oz<br>Email: <a href=\"mailto:robotssavage@gmail.com\">luisalbertomunozubando@gmail.com<\/a><\/p>\n\n\n\n<p class=\"has-medium-font-size\"><strong>Responsable local:<\/strong><br>Miguel \u00c1ngel R\u00edos Torres<br>email: <a href=\"mailto:mangelrios@utbispuebla.edu.mx\">mangelrios@utbispuebla.edu.mx<\/a><\/p>\n","protected":false},"excerpt":{"rendered":"<p>INFORMACI\u00d3N GENERAL Se busca realizar un ensayo local de la categor\u00eda de mismo nombre a nivel internacional. La intenci\u00f3n es que esta competencia nacional permita a los equipos con inter\u00e9s en participar en la Robocup tener un ensayo previo. Mientras que otros equipos pueden motivarse a participar. Modalidad: Presencial Restricciones: Reglas: Las reglas ser\u00e1n exactamente [&hellip;]<\/p>\n","protected":false},"author":1,"featured_media":0,"parent":126,"menu_order":0,"comment_status":"closed","ping_status":"closed","template":"","meta":{"footnotes":""},"class_list":["post-128","page","type-page","status-publish","hentry"],"_links":{"self":[{"href":"https:\/\/femexrobotica.org\/tmr2026\/index.php\/wp-json\/wp\/v2\/pages\/128","targetHints":{"allow":["GET"]}}],"collection":[{"href":"https:\/\/femexrobotica.org\/tmr2026\/index.php\/wp-json\/wp\/v2\/pages"}],"about":[{"href":"https:\/\/femexrobotica.org\/tmr2026\/index.php\/wp-json\/wp\/v2\/types\/page"}],"author":[{"embeddable":true,"href":"https:\/\/femexrobotica.org\/tmr2026\/index.php\/wp-json\/wp\/v2\/users\/1"}],"replies":[{"embeddable":true,"href":"https:\/\/femexrobotica.org\/tmr2026\/index.php\/wp-json\/wp\/v2\/comments?post=128"}],"version-history":[{"count":4,"href":"https:\/\/femexrobotica.org\/tmr2026\/index.php\/wp-json\/wp\/v2\/pages\/128\/revisions"}],"predecessor-version":[{"id":1868,"href":"https:\/\/femexrobotica.org\/tmr2026\/index.php\/wp-json\/wp\/v2\/pages\/128\/revisions\/1868"}],"up":[{"embeddable":true,"href":"https:\/\/femexrobotica.org\/tmr2026\/index.php\/wp-json\/wp\/v2\/pages\/126"}],"wp:attachment":[{"href":"https:\/\/femexrobotica.org\/tmr2026\/index.php\/wp-json\/wp\/v2\/media?parent=128"}],"curies":[{"name":"wp","href":"https:\/\/api.w.org\/{rel}","templated":true}]}}