{"id":122,"date":"2025-08-14T19:38:03","date_gmt":"2025-08-14T19:38:03","guid":{"rendered":"https:\/\/femexrobotica.org\/tmr2026\/?page_id=122"},"modified":"2026-02-25T19:19:41","modified_gmt":"2026-02-25T19:19:41","slug":"robocupjunior-rescue","status":"publish","type":"page","link":"https:\/\/femexrobotica.org\/tmr2026\/index.php\/categorias\/robocupjunior\/robocupjunior-rescue\/","title":{"rendered":"RoboCupJunior Rescue"},"content":{"rendered":"<div class=\"wp-block-image\">\n<figure class=\"aligncenter size-full\"><img loading=\"lazy\" decoding=\"async\" width=\"1024\" height=\"768\" src=\"https:\/\/femexrobotica.org\/tmr2026\/wp-content\/uploads\/2025\/08\/robocup-junior-rescue.png\" alt=\"\" class=\"wp-image-456\" srcset=\"https:\/\/femexrobotica.org\/tmr2026\/wp-content\/uploads\/2025\/08\/robocup-junior-rescue.png 1024w, https:\/\/femexrobotica.org\/tmr2026\/wp-content\/uploads\/2025\/08\/robocup-junior-rescue-300x225.png 300w, https:\/\/femexrobotica.org\/tmr2026\/wp-content\/uploads\/2025\/08\/robocup-junior-rescue-768x576.png 768w\" sizes=\"auto, (max-width: 1024px) 100vw, 1024px\" \/><\/figure>\n<\/div>\n\n\n<p class=\"has-text-align-center has-large-font-size\"><strong>INFORMACI\u00d3N GENERAL<\/strong><\/p>\n\n\n\n<p>RoboCupJunior Rescue es una iniciativa educativa enfocada a estudiantes de primaria, secundaria y preparatoria, as\u00ed como estudiantes universitarios a trabajar con un robot que debe sortear diversos obst\u00e1culos de forma aut\u00f3noma para realizar actividades de rescate.<\/p>\n\n\n\n<p>El escenario se basa en un \u00e1rea que es demasiado peligrosa para que los humanos puedan rescatar a las v\u00edctimas de un desastre natural; por lo que se le ha dado la tarea m\u00e1s dif\u00edcil a un robot. Este debe ser capaz de llevar a cabo la misi\u00f3n de rescate en modo totalmente aut\u00f3nomo sin intervenci\u00f3n humana. El robot debe ser fuerte y lo suficientemente inteligente como para navegar a trav\u00e9s de un terreno peligroso con colinas, terrenos irregulares y escombros sin atascarse.<\/p>\n\n\n\n<p>Se cuenta con tres subcategor\u00edas:<\/p>\n\n\n\n<ul class=\"wp-block-list\">\n<li><strong>Rescue Line<\/strong>&nbsp;<strong>(Rescate de L\u00ednea):&nbsp;<\/strong>Un robot aut\u00f3nomo debe seguir una l\u00ednea negra mientras supera distintos problemas en una arena modular formada por cuadros con diferentes patrones. El suelo es color blanco y los cuadros se encuentran en diferentes niveles conectados por rampas. Cuando el robot finalmente encuentra a las v\u00edctimas, tiene que transportarlas con mucho cuidado hasta el punto de evacuaci\u00f3n para que los humanos puedan atenderlas.<\/li>\n<\/ul>\n\n\n<div class=\"wp-block-image\">\n<figure class=\"aligncenter size-full\"><img loading=\"lazy\" decoding=\"async\" width=\"624\" height=\"366\" src=\"https:\/\/femexrobotica.org\/tmr2026\/wp-content\/uploads\/2025\/08\/RescueLine2022a.png\" alt=\"\" class=\"wp-image-461\" srcset=\"https:\/\/femexrobotica.org\/tmr2026\/wp-content\/uploads\/2025\/08\/RescueLine2022a.png 624w, https:\/\/femexrobotica.org\/tmr2026\/wp-content\/uploads\/2025\/08\/RescueLine2022a-300x176.png 300w\" sizes=\"auto, (max-width: 624px) 100vw, 624px\" \/><\/figure>\n<\/div>\n\n\n<ul class=\"wp-block-list\">\n<li><strong>Rescue Maze (Rescate en Laberinto):&nbsp;<\/strong>El robot necesita buscar v\u00edctimas a trav\u00e9s de un laberinto, por lo que no debe encontrar el camino m\u00e1s r\u00e1pido para atravesar el laberinto, si no debe explorarlo al m\u00e1ximo posible mientras evita \u00e1reas con el suelo color negro. Cuando el robot finalmente encuentra a las v\u00edctimas, tiene que proporcionarles un equipo de ayuda y un localizador, para que los humanos puedan localizarlos y llevarlos a un lugar seguro.<br><\/li>\n<\/ul>\n\n\n<div class=\"wp-block-image\">\n<figure class=\"aligncenter size-full\"><img loading=\"lazy\" decoding=\"async\" width=\"624\" height=\"314\" src=\"https:\/\/femexrobotica.org\/tmr2026\/wp-content\/uploads\/2025\/08\/RescueMaze2022a.png\" alt=\"\" class=\"wp-image-462\" srcset=\"https:\/\/femexrobotica.org\/tmr2026\/wp-content\/uploads\/2025\/08\/RescueMaze2022a.png 624w, https:\/\/femexrobotica.org\/tmr2026\/wp-content\/uploads\/2025\/08\/RescueMaze2022a-300x151.png 300w\" sizes=\"auto, (max-width: 624px) 100vw, 624px\" \/><\/figure>\n<\/div>\n\n\n<ul class=\"wp-block-list\">\n<li><strong>Rescue Simulation (Rescate en Simulaci\u00f3n):<\/strong>&nbsp;En situaciones de navegaci\u00f3n en entornos dif\u00edciles o peligrosos, los robots pueden ser utilizados para operaciones de b\u00fasqueda y rescate para minimizar poner en riesgo a los seres humanos. En este desaf\u00edo, se debe desarrollar un robot aut\u00f3nomo virtual para buscar e identificar a las v\u00edctimas en un escenario peligroso simulado. El robot debe navegar a trav\u00e9s de terrenos desafiantes sin quedarse atascado, localizando v\u00edctimas del desastre y se\u00f1alando su ubicaci\u00f3n al equipo de rescate humano. La wiki del c\u00f3digo abierto para su desarrollo se encuentra disponible en&nbsp;<a href=\"https:\/\/erebus.rcj.cloud\/\">https:\/\/erebus.rcj.cloud\/<\/a><br><\/li>\n<\/ul>\n\n\n<div class=\"wp-block-image\">\n<figure class=\"aligncenter size-full\"><img loading=\"lazy\" decoding=\"async\" width=\"624\" height=\"274\" src=\"https:\/\/femexrobotica.org\/tmr2026\/wp-content\/uploads\/2025\/08\/unnamed.png\" alt=\"\" class=\"wp-image-463\" srcset=\"https:\/\/femexrobotica.org\/tmr2026\/wp-content\/uploads\/2025\/08\/unnamed.png 624w, https:\/\/femexrobotica.org\/tmr2026\/wp-content\/uploads\/2025\/08\/unnamed-300x132.png 300w\" sizes=\"auto, (max-width: 624px) 100vw, 624px\" \/><\/figure>\n<\/div>\n\n\n<p>Rescue League tiene tres subligas en Junior y una subliga para progresar a Major:<\/p>\n\n\n\n<p><a href=\"https:\/\/junior.robocup.org\/rcj-rescue-line\/\">Rescue Line<\/a>: La subliga Rescue Line est\u00e1 abierta a estudiantes de 14 a 19 a\u00f1os (a partir del 1 de julio). Un robot aut\u00f3nomo debe seguir una l\u00ednea negra mientras supera diferentes problemas en una arena modular formada por mosaicos con diferentes patrones.<\/p>\n\n\n\n<p><a href=\"https:\/\/junior.robocup.org\/rcj-rescue-maze\/\">Rescue Maze<\/a>: La subliga Rescue Maze est\u00e1 abierta a estudiantes de 14 a 19 a\u00f1os (edad a partir del 1 de julio). Los miembros del equipo pueden competir en Rescue Line dos veces (2 eventos internacionales). Despu\u00e9s de competir en Rescue Line dos veces, deben pasar a Rescue Maze.<\/p>\n\n\n\n<p>RCJ Rescue Simulation (Webot-Erebus): RoboCupJunior Rescue Simulation brinda nuevas y emocionantes oportunidades de aprendizaje con una plataforma recientemente desarrollada (Webots-Erebus).RoboCupRescue \u2013 Rapidly Manufactured Robot Challenge: El Rapidly Manufactured Robot Challenge (RMRC) es parte de la competencia RoboCupRescue Robot.<\/p>\n\n\n\n<p class=\"has-text-align-center has-large-font-size\"><strong>Restricciones<\/strong><\/p>\n\n\n\n<ul class=\"wp-block-list\">\n<li>Los equipos de RCJ OnStage deben estar conformados con al menos 2 miembros y hasta un m\u00e1ximo de 5.<\/li>\n\n\n\n<li>Los equipos de RCJ Rescue deben estar conformados con al menos 2 miembros y hasta un m\u00e1ximo de 4.<\/li>\n\n\n\n<li>Los equipos de RCJ Soccer deben estar conformados con al menos 2 miembros y hasta un m\u00e1ximo de 4.<\/li>\n\n\n\n<li>La edad se considera al 1ro de julio de cada a\u00f1o para el mundial RoboCup, y por lo tanto tambi\u00e9n para el Torneo Mexicano de Rob\u00f3tica.<\/li>\n\n\n\n<li>La edad para las categor\u00edas RCJ Rescue Primary y RCJ OnStage Primary es de 10 a 13 a\u00f1os.<\/li>\n\n\n\n<li>La edad para las categor\u00edas RCJ Rescue, RCJ OnStage y RCJ Soccer es de 14 a 19 a\u00f1os.<\/li>\n\n\n\n<li>Cada concursante s\u00f3lo puede estar inscrito en 1 \u00fanico equipo, sub-liga o liga en todo RoboCupJunior.<\/li>\n\n\n\n<li>Es obligatorio que cada equipo debe contar con 1 mentor registrado y la edad debe ser mayor o igual a 20 a\u00f1os al 1ro de julio del presente a\u00f1o.<\/li>\n<\/ul>\n\n\n\n<p class=\"has-text-align-center has-large-font-size\"><strong>Reglas<\/strong><\/p>\n\n\n\n<div data-wp-interactive=\"core\/file\" class=\"wp-block-file\"><object data-wp-bind--hidden=\"!state.hasPdfPreview\" hidden class=\"wp-block-file__embed\" data=\"https:\/\/femexrobotica.org\/tmr2026\/wp-content\/uploads\/2025\/08\/RCJRescueLine2026.pdf\" type=\"application\/pdf\" style=\"width:100%;height:600px\" aria-label=\"Incrustado de RCJRescueLine2026.\"><\/object><a id=\"wp-block-file--media-56483c14-9797-468b-ba88-7e6c6d2cd97e\" href=\"https:\/\/femexrobotica.org\/tmr2026\/wp-content\/uploads\/2025\/08\/RCJRescueLine2026.pdf\">RCJRescueLine2026<\/a><a href=\"https:\/\/femexrobotica.org\/tmr2026\/wp-content\/uploads\/2025\/08\/RCJRescueLine2026.pdf\" class=\"wp-block-file__button wp-element-button\" download aria-describedby=\"wp-block-file--media-56483c14-9797-468b-ba88-7e6c6d2cd97e\">Descarga<\/a><\/div>\n\n\n\n<div data-wp-interactive=\"core\/file\" class=\"wp-block-file\"><object data-wp-bind--hidden=\"!state.hasPdfPreview\" hidden class=\"wp-block-file__embed\" data=\"https:\/\/femexrobotica.org\/tmr2026\/wp-content\/uploads\/2025\/08\/RCJRescueMaze2026.pdf\" type=\"application\/pdf\" style=\"width:100%;height:600px\" aria-label=\"Incrustado de RCJRescueMaze2026.\"><\/object><a id=\"wp-block-file--media-dca847ee-f22d-4902-b89c-205df94f5573\" href=\"https:\/\/femexrobotica.org\/tmr2026\/wp-content\/uploads\/2025\/08\/RCJRescueMaze2026.pdf\">RCJRescueMaze2026<\/a><a href=\"https:\/\/femexrobotica.org\/tmr2026\/wp-content\/uploads\/2025\/08\/RCJRescueMaze2026.pdf\" class=\"wp-block-file__button wp-element-button\" download aria-describedby=\"wp-block-file--media-dca847ee-f22d-4902-b89c-205df94f5573\">Descarga<\/a><\/div>\n\n\n\n<p>Las reglas para la competencia de RoboCupJunior Rescue se encuentran publicadas en el sitio internacional de RoboCupJunior.<\/p>\n\n\n\n<p>Estas reglas se pueden consultar en&nbsp;<a href=\"https:\/\/junior.robocup.org\/rescue\/\">https:\/\/junior.robocup.org\/rescue\/<\/a>.<\/p>\n\n\n\n<p class=\"has-text-align-center has-large-font-size\"><strong>L\u00edmites de equipos por instituci\u00f3n<\/strong><\/p>\n\n\n\n<p>Cada instituci\u00f3n puede registrar el siguiente n\u00famero de equipos por cada Categor\u00eda Junior:<\/p>\n\n\n\n<ul class=\"wp-block-list\">\n<li>Cada instituci\u00f3n puede registrar el siguiente n\u00famero de equipos por cada sub-liga Junior:<\/li>\n\n\n\n<li>M\u00e1ximo 1 equipo por sub-liga en Rescue Line y Rescue Maze<\/li>\n\n\n\n<li>M\u00e1ximo 2 equipos por sub-liga en todas las categor\u00edas de Soccer y OnStage<strong><em>.org<\/em><\/strong>&nbsp;indicando el nombre del equipo que desea que se le aplique este derecho.<\/li>\n<\/ul>\n\n\n\n<hr class=\"wp-block-separator has-alpha-channel-opacity\"\/>\n\n\n\n<p class=\"has-text-align-left has-medium-font-size\"><strong>Responsable (FMR) RCJ Rescue General:<\/strong><\/p>\n\n\n\n<p>Ernesto Cervantes<br>email:\u00a0<a href=\"mailto:neto.cervantes@outlook.com\">neto.cervantes@outlook.com<\/a><\/p>\n\n\n\n<p class=\"has-text-align-left has-medium-font-size\"><strong>Responsable (FMR) RCJ Rescue Line:<\/strong><\/p>\n\n\n\n<p class=\"has-text-align-left\">Paulina Ibarra Mart\u00ednez<br>email:\u00a0<a href=\"https:\/\/femexrobotica.org\/tmr2025\/robocup-junior-rescue\/cbi2203070340@izt.uam.mx\">paulinamtz713@gmail.com<\/a><\/p>\n\n\n\n<p class=\"has-text-align-left has-medium-font-size\"><strong>Responsable (FMR) RCJ Rescue Line Primary:<\/strong><\/p>\n\n\n\n<p>Gerardo Camarillo<br>email:\u00a0<a href=\"https:\/\/femexrobotica.org\/tmr2025\/robocup-junior-rescue\/eduardojorge116@gmail.com\">gerardocamarillodl@gmail.com<\/a><\/p>\n\n\n\n<p class=\"has-text-align-left has-medium-font-size\"><strong>Responsable (FMR) RCJ Rescue Maze:<\/strong><\/p>\n\n\n\n<p>Jorge Eduardo de Le\u00f3n Reyna<br>email:\u00a0<a href=\"mailto:edd.ag33@gmail.com\">eduardojorge116@gmail.com<\/a><\/p>\n\n\n\n<p class=\"has-text-align-left has-medium-font-size\"><strong>Responsable Local de\u00a0Rescue Line<\/strong><\/p>\n\n\n\n<p>Mtro. Rafel Coxca Guti\u00e9rrez<br>email: <a href=\"mailto:rafael.coxcag@correo.buap.mx\">rafael.coxcag@correo.buap.mx<\/a><\/p>\n\n\n\n<p class=\"has-text-align-left has-medium-font-size\"><strong>Responsable Local de Rescue Line Primary<\/strong><\/p>\n\n\n\n<p>Esa\u00fa L\u00f3pez Mart\u00ednez<br>email: <a href=\"mailto:esalopezm@ipn.mx\">esalopezm@ipn.mx<\/a><\/p>\n\n\n\n<p class=\"has-text-align-left has-medium-font-size\"><strong>Responsable Local<\/strong>\u00a0<strong>de<\/strong>\u00a0<strong>Rescue<\/strong>\u00a0<strong>Maze<\/strong><\/p>\n\n\n\n<p>Marco Antonio Cedillo S\u00e1nchez<br>email: <a href=\"mailto:mcedillos@ipn.mx\">mcedillos@ipn.mx<\/a><\/p>\n","protected":false},"excerpt":{"rendered":"<p>INFORMACI\u00d3N GENERAL RoboCupJunior Rescue es una iniciativa educativa enfocada a estudiantes de primaria, secundaria y preparatoria, as\u00ed como estudiantes universitarios a trabajar con un robot que debe sortear diversos obst\u00e1culos de forma aut\u00f3noma para realizar actividades de rescate. El escenario se basa en un \u00e1rea que es demasiado peligrosa para que los humanos puedan rescatar [&hellip;]<\/p>\n","protected":false},"author":1,"featured_media":0,"parent":118,"menu_order":0,"comment_status":"closed","ping_status":"closed","template":"","meta":{"footnotes":""},"class_list":["post-122","page","type-page","status-publish","hentry"],"_links":{"self":[{"href":"https:\/\/femexrobotica.org\/tmr2026\/index.php\/wp-json\/wp\/v2\/pages\/122","targetHints":{"allow":["GET"]}}],"collection":[{"href":"https:\/\/femexrobotica.org\/tmr2026\/index.php\/wp-json\/wp\/v2\/pages"}],"about":[{"href":"https:\/\/femexrobotica.org\/tmr2026\/index.php\/wp-json\/wp\/v2\/types\/page"}],"author":[{"embeddable":true,"href":"https:\/\/femexrobotica.org\/tmr2026\/index.php\/wp-json\/wp\/v2\/users\/1"}],"replies":[{"embeddable":true,"href":"https:\/\/femexrobotica.org\/tmr2026\/index.php\/wp-json\/wp\/v2\/comments?post=122"}],"version-history":[{"count":10,"href":"https:\/\/femexrobotica.org\/tmr2026\/index.php\/wp-json\/wp\/v2\/pages\/122\/revisions"}],"predecessor-version":[{"id":1857,"href":"https:\/\/femexrobotica.org\/tmr2026\/index.php\/wp-json\/wp\/v2\/pages\/122\/revisions\/1857"}],"up":[{"embeddable":true,"href":"https:\/\/femexrobotica.org\/tmr2026\/index.php\/wp-json\/wp\/v2\/pages\/118"}],"wp:attachment":[{"href":"https:\/\/femexrobotica.org\/tmr2026\/index.php\/wp-json\/wp\/v2\/media?parent=122"}],"curies":[{"name":"wp","href":"https:\/\/api.w.org\/{rel}","templated":true}]}}