{"id":883,"date":"2023-02-15T02:20:14","date_gmt":"2023-02-15T02:20:14","guid":{"rendered":"https:\/\/femexrobotica.org\/tmr2023\/?page_id=883"},"modified":"2025-02-26T11:38:16","modified_gmt":"2025-02-26T17:38:16","slug":"home-beginners","status":"publish","type":"page","link":"https:\/\/femexrobotica.org\/tmr2025\/home-beginners\/","title":{"rendered":"@Home Beginners"},"content":{"rendered":"\n<figure class=\"wp-block-image size-full\"><img loading=\"lazy\" decoding=\"async\" width=\"640\" height=\"360\" src=\"https:\/\/femexrobotica.org\/tmr2025\/wp-content\/uploads\/2023\/02\/image-3.png\" alt=\"\" class=\"wp-image-884\" srcset=\"https:\/\/femexrobotica.org\/tmr2025\/wp-content\/uploads\/2023\/02\/image-3.png 640w, https:\/\/femexrobotica.org\/tmr2025\/wp-content\/uploads\/2023\/02\/image-3-300x169.png 300w\" sizes=\"auto, (max-width: 640px) 100vw, 640px\" \/><\/figure>\n\n\n\n<p><\/p>\n\n\n\n<p><strong>INFORMACI\u00d3N GENERAL<\/strong><\/p>\n\n\n\n<p>Se presenta un desaf\u00edo introductorio a la categor\u00eda de&nbsp;<em>@Home Major<\/em>, bas\u00e1ndose en una etapa de pruebas y una final. La etapa de pruebas eval\u00faa por separado funcionalidades b\u00e1sicas (como navegaci\u00f3n, manipulaci\u00f3n, etc.), y en la prueba final se integran todas \u00e9stas para resolver una tarea m\u00e1s compleja.<\/p>\n\n\n\n<p><strong>Modalidad:<\/strong><\/p>\n\n\n\n<p>Presencial<\/p>\n\n\n\n<p><strong>Restricciones<\/strong>:<br>M\u00e1ximo 5 equipos.<br><br>Cada equipo est\u00e1 conformado por un m\u00e1ximo de 12 participantes con silla de trabajo y un mentor.<\/p>\n\n\n\n<p><strong>Reglas:<\/strong><\/p>\n\n\n\n<p><a href=\"https:\/\/docs.google.com\/document\/d\/1Yli7-HVIwtOQe9USgQlgzVBW7IENM_NbEAdAAHGmKeQ\">https:\/\/docs.google.com\/document\/d\/1Yli7-HVIwtOQe9USgQlgzVBW7IENM_NbEAdAAHGmKeQ<\/a><\/p>\n\n\n\n<p><strong>Responsable de categor\u00eda:<\/strong><\/p>\n\n\n\n<p>Caleb A. Rasc\u00f3n Esteban\u00e9<br>Email: caleb.rascon@gmail.com , caleb@unam.mx<\/p>\n\n\n\n<p><strong>Responsable local:<\/strong><\/p>\n\n\n\n<p>V\u00edctor Enrique Guzm\u00e1n Cisneros<br>Email: vienguci@gmail.com<\/p>\n","protected":false},"excerpt":{"rendered":"<p>INFORMACI\u00d3N GENERAL Se presenta un desaf\u00edo introductorio a la categor\u00eda de&nbsp;@Home Major, bas\u00e1ndose en una etapa de pruebas y una final. La etapa de pruebas eval\u00faa por separado funcionalidades b\u00e1sicas (como navegaci\u00f3n, manipulaci\u00f3n, etc.), y en la prueba final se integran todas \u00e9stas para resolver una tarea m\u00e1s compleja. Modalidad: Presencial Restricciones:M\u00e1ximo 5 equipos. Cada [&hellip;]<\/p>\n","protected":false},"author":1,"featured_media":0,"parent":0,"menu_order":0,"comment_status":"closed","ping_status":"closed","template":"","meta":{"footnotes":""},"class_list":["post-883","page","type-page","status-publish","hentry"],"yoast_head":"<!-- This site is optimized with the Yoast SEO plugin v25.0 - https:\/\/yoast.com\/wordpress\/plugins\/seo\/ -->\n<title>@Home Beginners -<\/title>\n<meta name=\"robots\" content=\"index, follow, max-snippet:-1, max-image-preview:large, max-video-preview:-1\" \/>\n<link rel=\"canonical\" href=\"https:\/\/femexrobotica.org\/tmr2025\/home-beginners\/\" \/>\n<meta property=\"og:locale\" content=\"es_MX\" \/>\n<meta property=\"og:type\" content=\"article\" \/>\n<meta property=\"og:title\" content=\"@Home Beginners -\" \/>\n<meta property=\"og:description\" content=\"INFORMACI\u00d3N GENERAL Se presenta un desaf\u00edo introductorio a la categor\u00eda de&nbsp;@Home Major, bas\u00e1ndose en una etapa de pruebas y una final. La etapa de pruebas eval\u00faa por separado funcionalidades b\u00e1sicas (como navegaci\u00f3n, manipulaci\u00f3n, etc.), y en la prueba final se integran todas \u00e9stas para resolver una tarea m\u00e1s compleja. Modalidad: Presencial Restricciones:M\u00e1ximo 5 equipos. Cada [&hellip;]\" \/>\n<meta property=\"og:url\" content=\"https:\/\/femexrobotica.org\/tmr2025\/home-beginners\/\" \/>\n<meta property=\"article:modified_time\" content=\"2025-02-26T17:38:16+00:00\" \/>\n<meta property=\"og:image\" content=\"https:\/\/femexrobotica.org\/tmr2025\/wp-content\/uploads\/2023\/02\/image-3.png\" \/>\n\t<meta property=\"og:image:width\" content=\"640\" \/>\n\t<meta property=\"og:image:height\" content=\"360\" \/>\n\t<meta property=\"og:image:type\" content=\"image\/png\" \/>\n<meta name=\"twitter:card\" content=\"summary_large_image\" \/>\n<meta name=\"twitter:label1\" content=\"Tiempo de lectura\" \/>\n\t<meta name=\"twitter:data1\" content=\"1 minuto\" \/>\n<script type=\"application\/ld+json\" class=\"yoast-schema-graph\">{\"@context\":\"https:\/\/schema.org\",\"@graph\":[{\"@type\":\"WebPage\",\"@id\":\"https:\/\/femexrobotica.org\/tmr2025\/home-beginners\/\",\"url\":\"https:\/\/femexrobotica.org\/tmr2025\/home-beginners\/\",\"name\":\"@Home Beginners -\",\"isPartOf\":{\"@id\":\"https:\/\/femexrobotica.org\/tmr2025\/#website\"},\"primaryImageOfPage\":{\"@id\":\"https:\/\/femexrobotica.org\/tmr2025\/home-beginners\/#primaryimage\"},\"image\":{\"@id\":\"https:\/\/femexrobotica.org\/tmr2025\/home-beginners\/#primaryimage\"},\"thumbnailUrl\":\"https:\/\/femexrobotica.org\/tmr2025\/wp-content\/uploads\/2023\/02\/image-3.png\",\"datePublished\":\"2023-02-15T02:20:14+00:00\",\"dateModified\":\"2025-02-26T17:38:16+00:00\",\"breadcrumb\":{\"@id\":\"https:\/\/femexrobotica.org\/tmr2025\/home-beginners\/#breadcrumb\"},\"inLanguage\":\"es\",\"potentialAction\":[{\"@type\":\"ReadAction\",\"target\":[\"https:\/\/femexrobotica.org\/tmr2025\/home-beginners\/\"]}]},{\"@type\":\"ImageObject\",\"inLanguage\":\"es\",\"@id\":\"https:\/\/femexrobotica.org\/tmr2025\/home-beginners\/#primaryimage\",\"url\":\"https:\/\/femexrobotica.org\/tmr2025\/wp-content\/uploads\/2023\/02\/image-3.png\",\"contentUrl\":\"https:\/\/femexrobotica.org\/tmr2025\/wp-content\/uploads\/2023\/02\/image-3.png\",\"width\":640,\"height\":360},{\"@type\":\"BreadcrumbList\",\"@id\":\"https:\/\/femexrobotica.org\/tmr2025\/home-beginners\/#breadcrumb\",\"itemListElement\":[{\"@type\":\"ListItem\",\"position\":1,\"name\":\"Inicio\",\"item\":\"https:\/\/femexrobotica.org\/tmr2025\/en\/torneo-mexicano-de-robotica\/\"},{\"@type\":\"ListItem\",\"position\":2,\"name\":\"@Home Beginners\"}]},{\"@type\":\"WebSite\",\"@id\":\"https:\/\/femexrobotica.org\/tmr2025\/#website\",\"url\":\"https:\/\/femexrobotica.org\/tmr2025\/\",\"name\":\"\",\"description\":\"\",\"potentialAction\":[{\"@type\":\"SearchAction\",\"target\":{\"@type\":\"EntryPoint\",\"urlTemplate\":\"https:\/\/femexrobotica.org\/tmr2025\/?s={search_term_string}\"},\"query-input\":{\"@type\":\"PropertyValueSpecification\",\"valueRequired\":true,\"valueName\":\"search_term_string\"}}],\"inLanguage\":\"es\"}]}<\/script>\n<!-- \/ Yoast SEO plugin. -->","yoast_head_json":{"title":"@Home Beginners -","robots":{"index":"index","follow":"follow","max-snippet":"max-snippet:-1","max-image-preview":"max-image-preview:large","max-video-preview":"max-video-preview:-1"},"canonical":"https:\/\/femexrobotica.org\/tmr2025\/home-beginners\/","og_locale":"es_MX","og_type":"article","og_title":"@Home Beginners -","og_description":"INFORMACI\u00d3N GENERAL Se presenta un desaf\u00edo introductorio a la categor\u00eda de&nbsp;@Home Major, bas\u00e1ndose en una etapa de pruebas y una final. La etapa de pruebas eval\u00faa por separado funcionalidades b\u00e1sicas (como navegaci\u00f3n, manipulaci\u00f3n, etc.), y en la prueba final se integran todas \u00e9stas para resolver una tarea m\u00e1s compleja. Modalidad: Presencial Restricciones:M\u00e1ximo 5 equipos. Cada [&hellip;]","og_url":"https:\/\/femexrobotica.org\/tmr2025\/home-beginners\/","article_modified_time":"2025-02-26T17:38:16+00:00","og_image":[{"width":640,"height":360,"url":"https:\/\/femexrobotica.org\/tmr2025\/wp-content\/uploads\/2023\/02\/image-3.png","type":"image\/png"}],"twitter_card":"summary_large_image","twitter_misc":{"Tiempo de lectura":"1 minuto"},"schema":{"@context":"https:\/\/schema.org","@graph":[{"@type":"WebPage","@id":"https:\/\/femexrobotica.org\/tmr2025\/home-beginners\/","url":"https:\/\/femexrobotica.org\/tmr2025\/home-beginners\/","name":"@Home Beginners -","isPartOf":{"@id":"https:\/\/femexrobotica.org\/tmr2025\/#website"},"primaryImageOfPage":{"@id":"https:\/\/femexrobotica.org\/tmr2025\/home-beginners\/#primaryimage"},"image":{"@id":"https:\/\/femexrobotica.org\/tmr2025\/home-beginners\/#primaryimage"},"thumbnailUrl":"https:\/\/femexrobotica.org\/tmr2025\/wp-content\/uploads\/2023\/02\/image-3.png","datePublished":"2023-02-15T02:20:14+00:00","dateModified":"2025-02-26T17:38:16+00:00","breadcrumb":{"@id":"https:\/\/femexrobotica.org\/tmr2025\/home-beginners\/#breadcrumb"},"inLanguage":"es","potentialAction":[{"@type":"ReadAction","target":["https:\/\/femexrobotica.org\/tmr2025\/home-beginners\/"]}]},{"@type":"ImageObject","inLanguage":"es","@id":"https:\/\/femexrobotica.org\/tmr2025\/home-beginners\/#primaryimage","url":"https:\/\/femexrobotica.org\/tmr2025\/wp-content\/uploads\/2023\/02\/image-3.png","contentUrl":"https:\/\/femexrobotica.org\/tmr2025\/wp-content\/uploads\/2023\/02\/image-3.png","width":640,"height":360},{"@type":"BreadcrumbList","@id":"https:\/\/femexrobotica.org\/tmr2025\/home-beginners\/#breadcrumb","itemListElement":[{"@type":"ListItem","position":1,"name":"Inicio","item":"https:\/\/femexrobotica.org\/tmr2025\/en\/torneo-mexicano-de-robotica\/"},{"@type":"ListItem","position":2,"name":"@Home Beginners"}]},{"@type":"WebSite","@id":"https:\/\/femexrobotica.org\/tmr2025\/#website","url":"https:\/\/femexrobotica.org\/tmr2025\/","name":"","description":"","potentialAction":[{"@type":"SearchAction","target":{"@type":"EntryPoint","urlTemplate":"https:\/\/femexrobotica.org\/tmr2025\/?s={search_term_string}"},"query-input":{"@type":"PropertyValueSpecification","valueRequired":true,"valueName":"search_term_string"}}],"inLanguage":"es"}]}},"_links":{"self":[{"href":"https:\/\/femexrobotica.org\/tmr2025\/wp-json\/wp\/v2\/pages\/883","targetHints":{"allow":["GET"]}}],"collection":[{"href":"https:\/\/femexrobotica.org\/tmr2025\/wp-json\/wp\/v2\/pages"}],"about":[{"href":"https:\/\/femexrobotica.org\/tmr2025\/wp-json\/wp\/v2\/types\/page"}],"author":[{"embeddable":true,"href":"https:\/\/femexrobotica.org\/tmr2025\/wp-json\/wp\/v2\/users\/1"}],"replies":[{"embeddable":true,"href":"https:\/\/femexrobotica.org\/tmr2025\/wp-json\/wp\/v2\/comments?post=883"}],"version-history":[{"count":17,"href":"https:\/\/femexrobotica.org\/tmr2025\/wp-json\/wp\/v2\/pages\/883\/revisions"}],"predecessor-version":[{"id":3853,"href":"https:\/\/femexrobotica.org\/tmr2025\/wp-json\/wp\/v2\/pages\/883\/revisions\/3853"}],"wp:attachment":[{"href":"https:\/\/femexrobotica.org\/tmr2025\/wp-json\/wp\/v2\/media?parent=883"}],"curies":[{"name":"wp","href":"https:\/\/api.w.org\/{rel}","templated":true}]}}