{"id":87,"date":"2022-12-03T23:17:58","date_gmt":"2022-12-03T23:17:58","guid":{"rendered":"https:\/\/femexrobotica.org\/tmr2023\/?page_id=87"},"modified":"2025-01-27T10:52:24","modified_gmt":"2025-01-27T16:52:24","slug":"convocatoria-al-tmr-2025","status":"publish","type":"page","link":"https:\/\/femexrobotica.org\/tmr2025\/convocatoria-al-tmr-2025\/","title":{"rendered":"Convocatoria al Torneo Mexicano de Rob\u00f3tica 2025"},"content":{"rendered":"\n<p><strong>La Federaci\u00f3n Mexicana de Rob\u00f3tica, A.C. y la Universidad Aut\u00f3noma Metropolitana, Unidad Iztapalapa,<\/strong><\/p>\n\n\n\n<p><strong>Te invitan al XVI Torneo Mexicano de Rob\u00f3tica<\/strong><\/p>\n\n\n\n<p>Un evento dise\u00f1ado para fomentar el desarrollo y la innovaci\u00f3n en el campo de la rob\u00f3tica en M\u00e9xico.<\/p>\n\n\n\n<p>Detalles del evento<\/p>\n\n\n\n<p>\ud83d\udcc5 <strong>Fecha:<\/strong> Del 7 al 9 de Mayo del 2025<br>\ud83d\udccd <strong>Lugar:<\/strong> Instalaciones de la Universidad Aut\u00f3noma Metropolitana, Unidad Iztapalapa, Ciudad de M\u00e9xico.<\/p>\n\n\n\n<p>El <strong>Torneo Mexicano de Rob\u00f3tica<\/strong> (TMR) es una competencia nacional de rob\u00f3tica que re\u00fane a estudiantes, investigadores y apasionados de la tecnolog\u00eda para competir en diversas categor\u00edas que desaf\u00edan la creatividad, el trabajo en equipo y la resoluci\u00f3n de problemas. Desde su inicio en 2008 organizado por la <strong>Federaci\u00f3n Mexicana de Rob\u00f3tica A.C (FMR)<\/strong>, el <strong>TMR<\/strong> se ha consolidado como un referente en la promoci\u00f3n del talento rob\u00f3tico en nuestro pa\u00eds.<\/p>\n\n\n<div class=\"wp-block-image\">\n<figure class=\"aligncenter size-full\"><img loading=\"lazy\" decoding=\"async\" width=\"500\" height=\"333\" src=\"https:\/\/femexrobotica.org\/tmr2025temp\/wp-content\/uploads\/2024\/12\/image_with_white_background.png\" alt=\"\" class=\"wp-image-2577\" srcset=\"https:\/\/femexrobotica.org\/tmr2025\/wp-content\/uploads\/2024\/12\/image_with_white_background.png 500w, https:\/\/femexrobotica.org\/tmr2025\/wp-content\/uploads\/2024\/12\/image_with_white_background-300x200.png 300w\" sizes=\"auto, (max-width: 500px) 100vw, 500px\" \/><\/figure>\n<\/div>","protected":false},"excerpt":{"rendered":"<p>La Federaci\u00f3n Mexicana de Rob\u00f3tica, A.C. y la Universidad Aut\u00f3noma Metropolitana, Unidad Iztapalapa, Te invitan al XVI Torneo Mexicano de Rob\u00f3tica Un evento dise\u00f1ado para fomentar el desarrollo y la innovaci\u00f3n en el campo de la rob\u00f3tica en M\u00e9xico. Detalles del evento \ud83d\udcc5 Fecha: Del 7 al 9 de Mayo del 2025\ud83d\udccd Lugar: Instalaciones de [&hellip;]<\/p>\n","protected":false},"author":1,"featured_media":0,"parent":0,"menu_order":0,"comment_status":"closed","ping_status":"closed","template":"","meta":{"footnotes":""},"class_list":["post-87","page","type-page","status-publish","hentry"],"yoast_head":"<!-- This site is optimized with the Yoast SEO plugin v25.0 - https:\/\/yoast.com\/wordpress\/plugins\/seo\/ -->\n<title>Convocatoria al Torneo Mexicano de Rob\u00f3tica 2025 -<\/title>\n<meta name=\"robots\" content=\"index, follow, max-snippet:-1, max-image-preview:large, max-video-preview:-1\" \/>\n<link rel=\"canonical\" href=\"https:\/\/femexrobotica.org\/tmr2025\/convocatoria-al-tmr-2025\/\" \/>\n<meta property=\"og:locale\" content=\"es_MX\" \/>\n<meta property=\"og:type\" content=\"article\" \/>\n<meta property=\"og:title\" content=\"Convocatoria al Torneo Mexicano de Rob\u00f3tica 2025 -\" \/>\n<meta property=\"og:description\" content=\"La Federaci\u00f3n Mexicana de Rob\u00f3tica, A.C. y la Universidad Aut\u00f3noma Metropolitana, Unidad Iztapalapa, Te invitan al XVI Torneo Mexicano de Rob\u00f3tica Un evento dise\u00f1ado para fomentar el desarrollo y la innovaci\u00f3n en el campo de la rob\u00f3tica en M\u00e9xico. Detalles del evento \ud83d\udcc5 Fecha: Del 7 al 9 de Mayo del 2025\ud83d\udccd Lugar: Instalaciones de [&hellip;]\" \/>\n<meta property=\"og:url\" content=\"https:\/\/femexrobotica.org\/tmr2025\/convocatoria-al-tmr-2025\/\" \/>\n<meta property=\"article:modified_time\" content=\"2025-01-27T16:52:24+00:00\" \/>\n<meta property=\"og:image\" content=\"https:\/\/femexrobotica.org\/tmr2025\/wp-content\/uploads\/2024\/12\/image_with_white_background.png\" \/>\n\t<meta property=\"og:image:width\" content=\"500\" \/>\n\t<meta property=\"og:image:height\" content=\"333\" \/>\n\t<meta property=\"og:image:type\" content=\"image\/png\" \/>\n<meta name=\"twitter:card\" content=\"summary_large_image\" \/>\n<meta name=\"twitter:label1\" content=\"Tiempo de lectura\" \/>\n\t<meta name=\"twitter:data1\" content=\"1 minuto\" \/>\n<script type=\"application\/ld+json\" class=\"yoast-schema-graph\">{\"@context\":\"https:\/\/schema.org\",\"@graph\":[{\"@type\":\"WebPage\",\"@id\":\"https:\/\/femexrobotica.org\/tmr2025\/convocatoria-al-tmr-2025\/\",\"url\":\"https:\/\/femexrobotica.org\/tmr2025\/convocatoria-al-tmr-2025\/\",\"name\":\"Convocatoria al Torneo Mexicano de Rob\u00f3tica 2025 -\",\"isPartOf\":{\"@id\":\"https:\/\/femexrobotica.org\/tmr2025\/#website\"},\"primaryImageOfPage\":{\"@id\":\"https:\/\/femexrobotica.org\/tmr2025\/convocatoria-al-tmr-2025\/#primaryimage\"},\"image\":{\"@id\":\"https:\/\/femexrobotica.org\/tmr2025\/convocatoria-al-tmr-2025\/#primaryimage\"},\"thumbnailUrl\":\"https:\/\/femexrobotica.org\/tmr2025temp\/wp-content\/uploads\/2024\/12\/image_with_white_background.png\",\"datePublished\":\"2022-12-03T23:17:58+00:00\",\"dateModified\":\"2025-01-27T16:52:24+00:00\",\"breadcrumb\":{\"@id\":\"https:\/\/femexrobotica.org\/tmr2025\/convocatoria-al-tmr-2025\/#breadcrumb\"},\"inLanguage\":\"es\",\"potentialAction\":[{\"@type\":\"ReadAction\",\"target\":[\"https:\/\/femexrobotica.org\/tmr2025\/convocatoria-al-tmr-2025\/\"]}]},{\"@type\":\"ImageObject\",\"inLanguage\":\"es\",\"@id\":\"https:\/\/femexrobotica.org\/tmr2025\/convocatoria-al-tmr-2025\/#primaryimage\",\"url\":\"https:\/\/femexrobotica.org\/tmr2025\/wp-content\/uploads\/2024\/12\/image_with_white_background.png\",\"contentUrl\":\"https:\/\/femexrobotica.org\/tmr2025\/wp-content\/uploads\/2024\/12\/image_with_white_background.png\",\"width\":500,\"height\":333},{\"@type\":\"BreadcrumbList\",\"@id\":\"https:\/\/femexrobotica.org\/tmr2025\/convocatoria-al-tmr-2025\/#breadcrumb\",\"itemListElement\":[{\"@type\":\"ListItem\",\"position\":1,\"name\":\"Inicio\",\"item\":\"https:\/\/femexrobotica.org\/tmr2025\/en\/torneo-mexicano-de-robotica\/\"},{\"@type\":\"ListItem\",\"position\":2,\"name\":\"Convocatoria al Torneo Mexicano de Rob\u00f3tica 2025\"}]},{\"@type\":\"WebSite\",\"@id\":\"https:\/\/femexrobotica.org\/tmr2025\/#website\",\"url\":\"https:\/\/femexrobotica.org\/tmr2025\/\",\"name\":\"\",\"description\":\"\",\"potentialAction\":[{\"@type\":\"SearchAction\",\"target\":{\"@type\":\"EntryPoint\",\"urlTemplate\":\"https:\/\/femexrobotica.org\/tmr2025\/?s={search_term_string}\"},\"query-input\":{\"@type\":\"PropertyValueSpecification\",\"valueRequired\":true,\"valueName\":\"search_term_string\"}}],\"inLanguage\":\"es\"}]}<\/script>\n<!-- \/ Yoast SEO plugin. -->","yoast_head_json":{"title":"Convocatoria al Torneo Mexicano de Rob\u00f3tica 2025 -","robots":{"index":"index","follow":"follow","max-snippet":"max-snippet:-1","max-image-preview":"max-image-preview:large","max-video-preview":"max-video-preview:-1"},"canonical":"https:\/\/femexrobotica.org\/tmr2025\/convocatoria-al-tmr-2025\/","og_locale":"es_MX","og_type":"article","og_title":"Convocatoria al Torneo Mexicano de Rob\u00f3tica 2025 -","og_description":"La Federaci\u00f3n Mexicana de Rob\u00f3tica, A.C. y la Universidad Aut\u00f3noma Metropolitana, Unidad Iztapalapa, Te invitan al XVI Torneo Mexicano de Rob\u00f3tica Un evento dise\u00f1ado para fomentar el desarrollo y la innovaci\u00f3n en el campo de la rob\u00f3tica en M\u00e9xico. Detalles del evento \ud83d\udcc5 Fecha: Del 7 al 9 de Mayo del 2025\ud83d\udccd Lugar: Instalaciones de [&hellip;]","og_url":"https:\/\/femexrobotica.org\/tmr2025\/convocatoria-al-tmr-2025\/","article_modified_time":"2025-01-27T16:52:24+00:00","og_image":[{"width":500,"height":333,"url":"https:\/\/femexrobotica.org\/tmr2025\/wp-content\/uploads\/2024\/12\/image_with_white_background.png","type":"image\/png"}],"twitter_card":"summary_large_image","twitter_misc":{"Tiempo de lectura":"1 minuto"},"schema":{"@context":"https:\/\/schema.org","@graph":[{"@type":"WebPage","@id":"https:\/\/femexrobotica.org\/tmr2025\/convocatoria-al-tmr-2025\/","url":"https:\/\/femexrobotica.org\/tmr2025\/convocatoria-al-tmr-2025\/","name":"Convocatoria al Torneo Mexicano de Rob\u00f3tica 2025 -","isPartOf":{"@id":"https:\/\/femexrobotica.org\/tmr2025\/#website"},"primaryImageOfPage":{"@id":"https:\/\/femexrobotica.org\/tmr2025\/convocatoria-al-tmr-2025\/#primaryimage"},"image":{"@id":"https:\/\/femexrobotica.org\/tmr2025\/convocatoria-al-tmr-2025\/#primaryimage"},"thumbnailUrl":"https:\/\/femexrobotica.org\/tmr2025temp\/wp-content\/uploads\/2024\/12\/image_with_white_background.png","datePublished":"2022-12-03T23:17:58+00:00","dateModified":"2025-01-27T16:52:24+00:00","breadcrumb":{"@id":"https:\/\/femexrobotica.org\/tmr2025\/convocatoria-al-tmr-2025\/#breadcrumb"},"inLanguage":"es","potentialAction":[{"@type":"ReadAction","target":["https:\/\/femexrobotica.org\/tmr2025\/convocatoria-al-tmr-2025\/"]}]},{"@type":"ImageObject","inLanguage":"es","@id":"https:\/\/femexrobotica.org\/tmr2025\/convocatoria-al-tmr-2025\/#primaryimage","url":"https:\/\/femexrobotica.org\/tmr2025\/wp-content\/uploads\/2024\/12\/image_with_white_background.png","contentUrl":"https:\/\/femexrobotica.org\/tmr2025\/wp-content\/uploads\/2024\/12\/image_with_white_background.png","width":500,"height":333},{"@type":"BreadcrumbList","@id":"https:\/\/femexrobotica.org\/tmr2025\/convocatoria-al-tmr-2025\/#breadcrumb","itemListElement":[{"@type":"ListItem","position":1,"name":"Inicio","item":"https:\/\/femexrobotica.org\/tmr2025\/en\/torneo-mexicano-de-robotica\/"},{"@type":"ListItem","position":2,"name":"Convocatoria al Torneo Mexicano de Rob\u00f3tica 2025"}]},{"@type":"WebSite","@id":"https:\/\/femexrobotica.org\/tmr2025\/#website","url":"https:\/\/femexrobotica.org\/tmr2025\/","name":"","description":"","potentialAction":[{"@type":"SearchAction","target":{"@type":"EntryPoint","urlTemplate":"https:\/\/femexrobotica.org\/tmr2025\/?s={search_term_string}"},"query-input":{"@type":"PropertyValueSpecification","valueRequired":true,"valueName":"search_term_string"}}],"inLanguage":"es"}]}},"_links":{"self":[{"href":"https:\/\/femexrobotica.org\/tmr2025\/wp-json\/wp\/v2\/pages\/87","targetHints":{"allow":["GET"]}}],"collection":[{"href":"https:\/\/femexrobotica.org\/tmr2025\/wp-json\/wp\/v2\/pages"}],"about":[{"href":"https:\/\/femexrobotica.org\/tmr2025\/wp-json\/wp\/v2\/types\/page"}],"author":[{"embeddable":true,"href":"https:\/\/femexrobotica.org\/tmr2025\/wp-json\/wp\/v2\/users\/1"}],"replies":[{"embeddable":true,"href":"https:\/\/femexrobotica.org\/tmr2025\/wp-json\/wp\/v2\/comments?post=87"}],"version-history":[{"count":16,"href":"https:\/\/femexrobotica.org\/tmr2025\/wp-json\/wp\/v2\/pages\/87\/revisions"}],"predecessor-version":[{"id":2579,"href":"https:\/\/femexrobotica.org\/tmr2025\/wp-json\/wp\/v2\/pages\/87\/revisions\/2579"}],"wp:attachment":[{"href":"https:\/\/femexrobotica.org\/tmr2025\/wp-json\/wp\/v2\/media?parent=87"}],"curies":[{"name":"wp","href":"https:\/\/api.w.org\/{rel}","templated":true}]}}