{"id":83,"date":"2022-12-03T23:15:46","date_gmt":"2022-12-03T23:15:46","guid":{"rendered":"https:\/\/femexrobotica.org\/tmr2023\/?page_id=83"},"modified":"2025-04-29T21:16:58","modified_gmt":"2025-04-30T03:16:58","slug":"category-managers","status":"publish","type":"page","link":"https:\/\/femexrobotica.org\/tmr2025\/en\/category-managers\/","title":{"rendered":"Category managers"},"content":{"rendered":"\n<figure class=\"wp-block-table is-style-regular\"><table><tbody><tr><td><strong>Categories<\/strong><\/td><td><strong>FMR technical manager<\/strong><\/td><td><strong>Local manager<\/strong><\/td><\/tr><tr><td>LARC Open Challenge<\/td><td>Javier Enrique Delgado Moreno<br>Jos\u00e9 Hugo Barr\u00f3n Zambrano<br><\/td><td>Mariana Arriaga L\u00f3pez<\/td><\/tr><tr><td>LARC Standar Education kits<\/td><td>Javier Enrique Delgado Moreno<br>Jos\u00e9 Hugo Barr\u00f3n Zambrano<br>Jonathan Villanueva Tavira<\/td><td>Erandheni Jim\u00e9nez Maturano<\/td><\/tr><tr><td>LARC VSSS<\/td><td>Javier Enrique Delgado Moreno<br>Julio de la Torre Vanegas<\/td><td>Grecia Abril Soler Adame<\/td><\/tr><tr><td>Robocup JuniorSoccer<\/td><td>Luis Jos\u00e9 L\u00f3pez Lora<br>Javier Enrique Delgado Moreno<br>Patricio Martinez Escobedo<\/td><td>Felix Trejo Ginez<br>Luis fernando lopez zamudio<\/td><\/tr><tr><td>Robocup JuniorRescue<\/td><td>Ernesto Cervantes<br>Gerardo Camarillo<br>Jorge Eduardo de Le\u00f3n Reyna<br>Eduardo Alvarado<\/td><td>David Emiliano Rodr\u00edguez Cruz<br>Cardenas Rios Paris Fernanda&nbsp;<\/td><\/tr><tr><td>Robocup JuniorOnStage<\/td><td>Norma Ang\u00e9lica Gonz\u00e1lez Sandoval<br>Julio Cesar Sandria Reynoso<br>Luis Gonzalo Morales<br>Egla Madai Gandara Castillo<\/td><td>Ana Itzel Esp\u00edndola Guti\u00e9rrez&nbsp;<br>Alejandro Olivier Altamirano<\/td><\/tr><tr><td>RoboCup@Home<\/td><td>Oscar Francisco Fuentes Cobarrubias<br>Jes\u00fas Savage<\/td><td>Ju\u00e1rez Hern\u00e1ndez Alexis Fernando<\/td><\/tr><tr><td>RoboCup@Home Beginners<\/td><td>Caleb Rasc\u00f3n Esteban\u00e9<\/td><td>V\u00edctor Enrique Guzm\u00e1n Cisneros&nbsp;<\/td><\/tr><tr><td>RoboCup Rescue Robot<\/td><td>Alejandro Aceves L\u00f3pez<\/td><td>Javier Colmenares Mendoza&nbsp;<\/td><\/tr><tr><td>Rapidly Manufactured Robot Challenge<\/td><td>Erick Federico S\u00e1nchez Flores<br>Jos\u00e9 Celestino Gonz\u00e1lez Barrera<\/td><td>Mauricio Miranda Baron<\/td><\/tr><tr><td>SPL<\/td><td>Marco Antonio Morales Aguirre<\/td><td>Joksan Isai Quiroz Ordaz<\/td><\/tr><tr><td>Robocup Humanoid KidSize<\/td><td>Oscar Carbajal Espinosa<\/td><td>Jes\u00fas Santiago De La Cruz L\u00f3pez&nbsp;<\/td><\/tr><tr><td>Beach Cleaning Robots<\/td><td>Marcela Quiroz Castellanos<br>Carlos Rub\u00e9n de la mora<\/td><td>Martha Guadalupe Rios Mereles<\/td><\/tr><tr><td>Autonomous Drones<\/td><td>Leticia Oyuki Rojas Perez<\/td><td>Juan Jose Diaz Galindo<\/td><\/tr><tr><td>AutoModelCar<\/td><td>Marco Antonio Negrete Villanueva<\/td><td>Juan Manuel Valent\u00edn Huerta<br>Edgar Antonio Dom\u00ednguez Ram\u00edrez<\/td><\/tr><tr><td>Rovers<\/td><td>H\u00e9ctor Sim\u00f3n Vargas Mart\u00ednez<\/td><td>Daniela Mora P\u00e9rez&nbsp;<\/td><\/tr><tr><td>Roboline kids<\/td><td>Rub\u00e9n Anaya Garc\u00eda<\/td><td>Clara Andrea Ixmatlahua Pineda<\/td><\/tr><\/tbody><\/table><\/figure>\n\n\n\n<p><\/p>\n","protected":false},"excerpt":{"rendered":"<p>Categories FMR technical manager Local manager LARC Open Challenge Javier Enrique Delgado MorenoJos\u00e9 Hugo Barr\u00f3n Zambrano Mariana Arriaga L\u00f3pez LARC Standar Education kits Javier Enrique Delgado MorenoJos\u00e9 Hugo Barr\u00f3n ZambranoJonathan Villanueva Tavira Erandheni Jim\u00e9nez Maturano LARC VSSS Javier Enrique Delgado MorenoJulio de la Torre Vanegas Grecia Abril Soler Adame Robocup JuniorSoccer Luis Jos\u00e9 L\u00f3pez LoraJavier [&hellip;]<\/p>\n","protected":false},"author":1,"featured_media":0,"parent":0,"menu_order":0,"comment_status":"closed","ping_status":"closed","template":"","meta":{"footnotes":""},"class_list":["post-83","page","type-page","status-publish","hentry"],"yoast_head":"<!-- This site is optimized with the Yoast SEO plugin v25.0 - https:\/\/yoast.com\/wordpress\/plugins\/seo\/ -->\n<title>Category managers -<\/title>\n<meta name=\"robots\" content=\"index, follow, max-snippet:-1, max-image-preview:large, max-video-preview:-1\" \/>\n<link rel=\"canonical\" href=\"https:\/\/femexrobotica.org\/tmr2025\/en\/category-managers\/\" \/>\n<meta property=\"og:locale\" content=\"es_MX\" \/>\n<meta property=\"og:type\" content=\"article\" \/>\n<meta property=\"og:title\" content=\"Category managers -\" \/>\n<meta property=\"og:description\" content=\"Categories FMR technical manager Local manager LARC Open Challenge Javier Enrique Delgado MorenoJos\u00e9 Hugo Barr\u00f3n Zambrano Mariana Arriaga L\u00f3pez LARC Standar Education kits Javier Enrique Delgado MorenoJos\u00e9 Hugo Barr\u00f3n ZambranoJonathan Villanueva Tavira Erandheni Jim\u00e9nez Maturano LARC VSSS Javier Enrique Delgado MorenoJulio de la Torre Vanegas Grecia Abril Soler Adame Robocup JuniorSoccer Luis Jos\u00e9 L\u00f3pez LoraJavier [&hellip;]\" \/>\n<meta property=\"og:url\" content=\"https:\/\/femexrobotica.org\/tmr2025\/en\/category-managers\/\" \/>\n<meta property=\"article:modified_time\" content=\"2025-04-30T03:16:58+00:00\" \/>\n<meta name=\"twitter:card\" content=\"summary_large_image\" \/>\n<meta name=\"twitter:label1\" content=\"Tiempo de lectura\" \/>\n\t<meta name=\"twitter:data1\" content=\"1 minuto\" \/>\n<script type=\"application\/ld+json\" class=\"yoast-schema-graph\">{\"@context\":\"https:\/\/schema.org\",\"@graph\":[{\"@type\":\"WebPage\",\"@id\":\"https:\/\/femexrobotica.org\/tmr2025\/en\/category-managers\/\",\"url\":\"https:\/\/femexrobotica.org\/tmr2025\/en\/category-managers\/\",\"name\":\"Category managers -\",\"isPartOf\":{\"@id\":\"https:\/\/femexrobotica.org\/tmr2025\/#website\"},\"datePublished\":\"2022-12-03T23:15:46+00:00\",\"dateModified\":\"2025-04-30T03:16:58+00:00\",\"breadcrumb\":{\"@id\":\"https:\/\/femexrobotica.org\/tmr2025\/en\/category-managers\/#breadcrumb\"},\"inLanguage\":\"es\",\"potentialAction\":[{\"@type\":\"ReadAction\",\"target\":[\"https:\/\/femexrobotica.org\/tmr2025\/en\/category-managers\/\"]}]},{\"@type\":\"BreadcrumbList\",\"@id\":\"https:\/\/femexrobotica.org\/tmr2025\/en\/category-managers\/#breadcrumb\",\"itemListElement\":[{\"@type\":\"ListItem\",\"position\":1,\"name\":\"Inicio\",\"item\":\"https:\/\/femexrobotica.org\/tmr2025\/en\/torneo-mexicano-de-robotica\/\"},{\"@type\":\"ListItem\",\"position\":2,\"name\":\"Category managers\"}]},{\"@type\":\"WebSite\",\"@id\":\"https:\/\/femexrobotica.org\/tmr2025\/#website\",\"url\":\"https:\/\/femexrobotica.org\/tmr2025\/\",\"name\":\"\",\"description\":\"\",\"potentialAction\":[{\"@type\":\"SearchAction\",\"target\":{\"@type\":\"EntryPoint\",\"urlTemplate\":\"https:\/\/femexrobotica.org\/tmr2025\/?s={search_term_string}\"},\"query-input\":{\"@type\":\"PropertyValueSpecification\",\"valueRequired\":true,\"valueName\":\"search_term_string\"}}],\"inLanguage\":\"es\"}]}<\/script>\n<!-- \/ Yoast SEO plugin. -->","yoast_head_json":{"title":"Category managers -","robots":{"index":"index","follow":"follow","max-snippet":"max-snippet:-1","max-image-preview":"max-image-preview:large","max-video-preview":"max-video-preview:-1"},"canonical":"https:\/\/femexrobotica.org\/tmr2025\/en\/category-managers\/","og_locale":"es_MX","og_type":"article","og_title":"Category managers -","og_description":"Categories FMR technical manager Local manager LARC Open Challenge Javier Enrique Delgado MorenoJos\u00e9 Hugo Barr\u00f3n Zambrano Mariana Arriaga L\u00f3pez LARC Standar Education kits Javier Enrique Delgado MorenoJos\u00e9 Hugo Barr\u00f3n ZambranoJonathan Villanueva Tavira Erandheni Jim\u00e9nez Maturano LARC VSSS Javier Enrique Delgado MorenoJulio de la Torre Vanegas Grecia Abril Soler Adame Robocup JuniorSoccer Luis Jos\u00e9 L\u00f3pez LoraJavier [&hellip;]","og_url":"https:\/\/femexrobotica.org\/tmr2025\/en\/category-managers\/","article_modified_time":"2025-04-30T03:16:58+00:00","twitter_card":"summary_large_image","twitter_misc":{"Tiempo de lectura":"1 minuto"},"schema":{"@context":"https:\/\/schema.org","@graph":[{"@type":"WebPage","@id":"https:\/\/femexrobotica.org\/tmr2025\/en\/category-managers\/","url":"https:\/\/femexrobotica.org\/tmr2025\/en\/category-managers\/","name":"Category managers -","isPartOf":{"@id":"https:\/\/femexrobotica.org\/tmr2025\/#website"},"datePublished":"2022-12-03T23:15:46+00:00","dateModified":"2025-04-30T03:16:58+00:00","breadcrumb":{"@id":"https:\/\/femexrobotica.org\/tmr2025\/en\/category-managers\/#breadcrumb"},"inLanguage":"es","potentialAction":[{"@type":"ReadAction","target":["https:\/\/femexrobotica.org\/tmr2025\/en\/category-managers\/"]}]},{"@type":"BreadcrumbList","@id":"https:\/\/femexrobotica.org\/tmr2025\/en\/category-managers\/#breadcrumb","itemListElement":[{"@type":"ListItem","position":1,"name":"Inicio","item":"https:\/\/femexrobotica.org\/tmr2025\/en\/torneo-mexicano-de-robotica\/"},{"@type":"ListItem","position":2,"name":"Category managers"}]},{"@type":"WebSite","@id":"https:\/\/femexrobotica.org\/tmr2025\/#website","url":"https:\/\/femexrobotica.org\/tmr2025\/","name":"","description":"","potentialAction":[{"@type":"SearchAction","target":{"@type":"EntryPoint","urlTemplate":"https:\/\/femexrobotica.org\/tmr2025\/?s={search_term_string}"},"query-input":{"@type":"PropertyValueSpecification","valueRequired":true,"valueName":"search_term_string"}}],"inLanguage":"es"}]}},"_links":{"self":[{"href":"https:\/\/femexrobotica.org\/tmr2025\/wp-json\/wp\/v2\/pages\/83","targetHints":{"allow":["GET"]}}],"collection":[{"href":"https:\/\/femexrobotica.org\/tmr2025\/wp-json\/wp\/v2\/pages"}],"about":[{"href":"https:\/\/femexrobotica.org\/tmr2025\/wp-json\/wp\/v2\/types\/page"}],"author":[{"embeddable":true,"href":"https:\/\/femexrobotica.org\/tmr2025\/wp-json\/wp\/v2\/users\/1"}],"replies":[{"embeddable":true,"href":"https:\/\/femexrobotica.org\/tmr2025\/wp-json\/wp\/v2\/comments?post=83"}],"version-history":[{"count":24,"href":"https:\/\/femexrobotica.org\/tmr2025\/wp-json\/wp\/v2\/pages\/83\/revisions"}],"predecessor-version":[{"id":4271,"href":"https:\/\/femexrobotica.org\/tmr2025\/wp-json\/wp\/v2\/pages\/83\/revisions\/4271"}],"wp:attachment":[{"href":"https:\/\/femexrobotica.org\/tmr2025\/wp-json\/wp\/v2\/media?parent=83"}],"curies":[{"name":"wp","href":"https:\/\/api.w.org\/{rel}","templated":true}]}}