{"id":77,"date":"2022-12-03T23:13:25","date_gmt":"2022-12-03T23:13:25","guid":{"rendered":"https:\/\/femexrobotica.org\/tmr2023\/?page_id=77"},"modified":"2024-12-17T13:52:35","modified_gmt":"2024-12-17T19:52:35","slug":"local-organizing-committee","status":"publish","type":"page","link":"https:\/\/femexrobotica.org\/tmr2025\/en\/local-organizing-committee\/","title":{"rendered":"Local Organizing Committee"},"content":{"rendered":"\n<p><strong>President<\/strong><br>Dr. Eduardo V\u00e1zquez-Santacruz<\/p>\n\n\n\n<p><strong>Secretary of the TMR organizing committee<\/strong><br>Ing. Luis Castro Careaga<\/p>\n\n\n\n<p><strong>General coordination<\/strong><br>Dr. Eduardo V\u00e1zquez-Santacruz<\/p>\n\n\n\n<p id=\"tw-target-text\"><strong>Coordination of Staff and Volunteers<\/strong><br>Mtro. Omar Cabrera Jimenez<br>Mtro. Osvaldo Cubos Romero<\/p>\n\n\n\n<p><strong>Coordination of Local Category Managers<\/strong><br>Dr. Eric Alfredo Rinc\u00f3n Garc\u00eda<br>Angelica Martinez Juarez<\/p>\n\n\n\n<p id=\"tw-target-text\"><strong>Coordination of Opening and Closing Program<\/strong><br>Dr. Javier Vivaldo Lima<\/p>\n\n\n\n<p id=\"tw-target-text\"><strong>Press and Information Coordination<\/strong><br>Dr. Carlos Andr\u00e9s Escobar Ruiz<br>Alma Rosa Mancilla Romero<\/p>\n\n\n\n<p id=\"tw-target-text\"><strong>Logistics Coordination<\/strong><br>Dr. Eduardo V\u00e1zquez-Santacruz<br>Mr. Omar Cabrera Jimenez<br><br><strong>Linkage Coordination and Government Management<\/strong><br>Dr. Eduardo V\u00e1zquez-Santacruz<br>Dr. Luis Mart\u00edn Rojas C\u00e1rdenas<br>Dr. Gerardo Mu\u00f1oz Hern\u00e1ndez<br><br><strong>Coordination of Additional Activities<\/strong><br>Dr. Luis Mart\u00edn Rojas C\u00e1rdenas<br>Dr. Juan H\u00e9ctor Arredondo Ru\u00edz<br><br><strong>IT Services<\/strong><br>Eng. Jos\u00e9 Ramiro Reyes Garc\u00eda<br>Ing. Irving Alexis Mondrag\u00f3n Mota<br><br><strong>External advisors<\/strong><br>Dr. Jos\u00e9 Luis Rull\u00e1n Lara (Autonomous University of Carmen)<br>Dr. Rogelio Portillo V\u00e9lez (Veracruzana University)<br>Dr. Jos\u00e9 Alejandro V\u00e1squez (Veracruzana University)<br>Dr. Ulises Moya S\u00e1nchez (University of Guadalajara)<br>Dr. Oscar Carbajal-Espinosa (ITESM Guadalajara)<\/p>\n\n\n\n<p><\/p>\n","protected":false},"excerpt":{"rendered":"<p>PresidentDr. Eduardo V\u00e1zquez-Santacruz Secretary of the TMR organizing committeeIng. Luis Castro Careaga General coordinationDr. Eduardo V\u00e1zquez-Santacruz Coordination of Staff and VolunteersMtro. Omar Cabrera JimenezMtro. Osvaldo Cubos Romero Coordination of Local Category ManagersDr. Eric Alfredo Rinc\u00f3n Garc\u00edaAngelica Martinez Juarez Coordination of Opening and Closing ProgramDr. Javier Vivaldo Lima Press and Information CoordinationDr. Carlos Andr\u00e9s Escobar RuizAlma [&hellip;]<\/p>\n","protected":false},"author":1,"featured_media":0,"parent":0,"menu_order":0,"comment_status":"closed","ping_status":"closed","template":"","meta":{"footnotes":""},"class_list":["post-77","page","type-page","status-publish","hentry"],"yoast_head":"<!-- This site is optimized with the Yoast SEO plugin v25.0 - https:\/\/yoast.com\/wordpress\/plugins\/seo\/ -->\n<title>Local Organizing Committee -<\/title>\n<meta name=\"robots\" content=\"index, follow, max-snippet:-1, max-image-preview:large, max-video-preview:-1\" \/>\n<link rel=\"canonical\" href=\"https:\/\/femexrobotica.org\/tmr2025\/en\/local-organizing-committee\/\" \/>\n<meta property=\"og:locale\" content=\"es_MX\" \/>\n<meta property=\"og:type\" content=\"article\" \/>\n<meta property=\"og:title\" content=\"Local Organizing Committee -\" \/>\n<meta property=\"og:description\" content=\"PresidentDr. Eduardo V\u00e1zquez-Santacruz Secretary of the TMR organizing committeeIng. Luis Castro Careaga General coordinationDr. Eduardo V\u00e1zquez-Santacruz Coordination of Staff and VolunteersMtro. Omar Cabrera JimenezMtro. Osvaldo Cubos Romero Coordination of Local Category ManagersDr. Eric Alfredo Rinc\u00f3n Garc\u00edaAngelica Martinez Juarez Coordination of Opening and Closing ProgramDr. Javier Vivaldo Lima Press and Information CoordinationDr. Carlos Andr\u00e9s Escobar RuizAlma [&hellip;]\" \/>\n<meta property=\"og:url\" content=\"https:\/\/femexrobotica.org\/tmr2025\/en\/local-organizing-committee\/\" \/>\n<meta property=\"article:modified_time\" content=\"2024-12-17T19:52:35+00:00\" \/>\n<meta name=\"twitter:card\" content=\"summary_large_image\" \/>\n<meta name=\"twitter:label1\" content=\"Tiempo de lectura\" \/>\n\t<meta name=\"twitter:data1\" content=\"1 minuto\" \/>\n<script type=\"application\/ld+json\" class=\"yoast-schema-graph\">{\"@context\":\"https:\/\/schema.org\",\"@graph\":[{\"@type\":\"WebPage\",\"@id\":\"https:\/\/femexrobotica.org\/tmr2025\/en\/local-organizing-committee\/\",\"url\":\"https:\/\/femexrobotica.org\/tmr2025\/en\/local-organizing-committee\/\",\"name\":\"Local Organizing Committee -\",\"isPartOf\":{\"@id\":\"https:\/\/femexrobotica.org\/tmr2025\/#website\"},\"datePublished\":\"2022-12-03T23:13:25+00:00\",\"dateModified\":\"2024-12-17T19:52:35+00:00\",\"breadcrumb\":{\"@id\":\"https:\/\/femexrobotica.org\/tmr2025\/en\/local-organizing-committee\/#breadcrumb\"},\"inLanguage\":\"es\",\"potentialAction\":[{\"@type\":\"ReadAction\",\"target\":[\"https:\/\/femexrobotica.org\/tmr2025\/en\/local-organizing-committee\/\"]}]},{\"@type\":\"BreadcrumbList\",\"@id\":\"https:\/\/femexrobotica.org\/tmr2025\/en\/local-organizing-committee\/#breadcrumb\",\"itemListElement\":[{\"@type\":\"ListItem\",\"position\":1,\"name\":\"Inicio\",\"item\":\"https:\/\/femexrobotica.org\/tmr2025\/en\/torneo-mexicano-de-robotica\/\"},{\"@type\":\"ListItem\",\"position\":2,\"name\":\"Local Organizing Committee\"}]},{\"@type\":\"WebSite\",\"@id\":\"https:\/\/femexrobotica.org\/tmr2025\/#website\",\"url\":\"https:\/\/femexrobotica.org\/tmr2025\/\",\"name\":\"\",\"description\":\"\",\"potentialAction\":[{\"@type\":\"SearchAction\",\"target\":{\"@type\":\"EntryPoint\",\"urlTemplate\":\"https:\/\/femexrobotica.org\/tmr2025\/?s={search_term_string}\"},\"query-input\":{\"@type\":\"PropertyValueSpecification\",\"valueRequired\":true,\"valueName\":\"search_term_string\"}}],\"inLanguage\":\"es\"}]}<\/script>\n<!-- \/ Yoast SEO plugin. -->","yoast_head_json":{"title":"Local Organizing Committee -","robots":{"index":"index","follow":"follow","max-snippet":"max-snippet:-1","max-image-preview":"max-image-preview:large","max-video-preview":"max-video-preview:-1"},"canonical":"https:\/\/femexrobotica.org\/tmr2025\/en\/local-organizing-committee\/","og_locale":"es_MX","og_type":"article","og_title":"Local Organizing Committee -","og_description":"PresidentDr. Eduardo V\u00e1zquez-Santacruz Secretary of the TMR organizing committeeIng. Luis Castro Careaga General coordinationDr. Eduardo V\u00e1zquez-Santacruz Coordination of Staff and VolunteersMtro. Omar Cabrera JimenezMtro. Osvaldo Cubos Romero Coordination of Local Category ManagersDr. Eric Alfredo Rinc\u00f3n Garc\u00edaAngelica Martinez Juarez Coordination of Opening and Closing ProgramDr. Javier Vivaldo Lima Press and Information CoordinationDr. Carlos Andr\u00e9s Escobar RuizAlma [&hellip;]","og_url":"https:\/\/femexrobotica.org\/tmr2025\/en\/local-organizing-committee\/","article_modified_time":"2024-12-17T19:52:35+00:00","twitter_card":"summary_large_image","twitter_misc":{"Tiempo de lectura":"1 minuto"},"schema":{"@context":"https:\/\/schema.org","@graph":[{"@type":"WebPage","@id":"https:\/\/femexrobotica.org\/tmr2025\/en\/local-organizing-committee\/","url":"https:\/\/femexrobotica.org\/tmr2025\/en\/local-organizing-committee\/","name":"Local Organizing Committee -","isPartOf":{"@id":"https:\/\/femexrobotica.org\/tmr2025\/#website"},"datePublished":"2022-12-03T23:13:25+00:00","dateModified":"2024-12-17T19:52:35+00:00","breadcrumb":{"@id":"https:\/\/femexrobotica.org\/tmr2025\/en\/local-organizing-committee\/#breadcrumb"},"inLanguage":"es","potentialAction":[{"@type":"ReadAction","target":["https:\/\/femexrobotica.org\/tmr2025\/en\/local-organizing-committee\/"]}]},{"@type":"BreadcrumbList","@id":"https:\/\/femexrobotica.org\/tmr2025\/en\/local-organizing-committee\/#breadcrumb","itemListElement":[{"@type":"ListItem","position":1,"name":"Inicio","item":"https:\/\/femexrobotica.org\/tmr2025\/en\/torneo-mexicano-de-robotica\/"},{"@type":"ListItem","position":2,"name":"Local Organizing Committee"}]},{"@type":"WebSite","@id":"https:\/\/femexrobotica.org\/tmr2025\/#website","url":"https:\/\/femexrobotica.org\/tmr2025\/","name":"","description":"","potentialAction":[{"@type":"SearchAction","target":{"@type":"EntryPoint","urlTemplate":"https:\/\/femexrobotica.org\/tmr2025\/?s={search_term_string}"},"query-input":{"@type":"PropertyValueSpecification","valueRequired":true,"valueName":"search_term_string"}}],"inLanguage":"es"}]}},"_links":{"self":[{"href":"https:\/\/femexrobotica.org\/tmr2025\/wp-json\/wp\/v2\/pages\/77","targetHints":{"allow":["GET"]}}],"collection":[{"href":"https:\/\/femexrobotica.org\/tmr2025\/wp-json\/wp\/v2\/pages"}],"about":[{"href":"https:\/\/femexrobotica.org\/tmr2025\/wp-json\/wp\/v2\/types\/page"}],"author":[{"embeddable":true,"href":"https:\/\/femexrobotica.org\/tmr2025\/wp-json\/wp\/v2\/users\/1"}],"replies":[{"embeddable":true,"href":"https:\/\/femexrobotica.org\/tmr2025\/wp-json\/wp\/v2\/comments?post=77"}],"version-history":[{"count":10,"href":"https:\/\/femexrobotica.org\/tmr2025\/wp-json\/wp\/v2\/pages\/77\/revisions"}],"predecessor-version":[{"id":2682,"href":"https:\/\/femexrobotica.org\/tmr2025\/wp-json\/wp\/v2\/pages\/77\/revisions\/2682"}],"wp:attachment":[{"href":"https:\/\/femexrobotica.org\/tmr2025\/wp-json\/wp\/v2\/media?parent=77"}],"curies":[{"name":"wp","href":"https:\/\/api.w.org\/{rel}","templated":true}]}}