{"id":75,"date":"2022-12-03T23:12:35","date_gmt":"2022-12-03T23:12:35","guid":{"rendered":"https:\/\/femexrobotica.org\/tmr2023\/?page_id=75"},"modified":"2024-12-17T13:36:35","modified_gmt":"2024-12-17T19:36:35","slug":"comite-organizador-local","status":"publish","type":"page","link":"https:\/\/femexrobotica.org\/tmr2025\/comite-organizador-local\/","title":{"rendered":"Comit\u00e9 Organizador Local"},"content":{"rendered":"\n<p><strong>Presidente<\/strong><br>Dr. Eduardo V\u00e1zquez-Santacruz<\/p>\n\n\n\n<p><strong>Secretario del comit\u00e9 organizador del TMR<\/strong><br>Ing. Luis Castro Careaga<\/p>\n\n\n\n<p><strong>Coordinaci\u00f3n General<\/strong><br>Dr. Eduardo V\u00e1zquez-Santacruz<\/p>\n\n\n\n<p><strong>Coordinaci\u00f3n de Staff y Voluntarios<\/strong><br>Mtro. Omar Cabrera Jim\u00e9nez<br>Mtro. Osvaldo Cubos Romero<\/p>\n\n\n\n<p><strong>Coordinaci\u00f3n de Responsables Locales de Categor\u00edas<\/strong><br>Dr. Eric Alfredo Rinc\u00f3n Garc\u00eda<br>Angelica Martinez Juarez<\/p>\n\n\n\n<p><strong>Coordinaci\u00f3n de Programa Inauguraci\u00f3n y Clausura<\/strong><br>Dr. Javier Vivaldo Lima<\/p>\n\n\n\n<p><strong>Coordinaci\u00f3n de Prensa e Informaci\u00f3n<\/strong><br>Dr. Carlos Andr\u00e9s Escobar Ruiz<br>Alma Rosa Mancilla Romero<\/p>\n\n\n\n<p><strong>Coordinaci\u00f3n de Log\u00edstica<\/strong><br>Dr. Eduardo V\u00e1zquez-Santacruz<br>Mtro. Omar Cabrera Jim\u00e9nez<\/p>\n\n\n\n<p><strong>Coordinaci\u00f3n de vinculaci\u00f3n y Gesti\u00f3n Gubernamental<\/strong><br>Dr. Eduardo V\u00e1zquez-Santacruz<br>Dr. Luis Mart\u00edn Rojas C\u00e1rdenas<br>Dr. Gerardo Mu\u00f1oz Hern\u00e1ndez<\/p>\n\n\n\n<p><strong>Coordinaci\u00f3n Actividades Adicionales<\/strong><br>Dr. Luis Mart\u00edn Rojas C\u00e1rdenas<br>Dr. Juan H\u00e9ctor Arredondo Ru\u00edz<\/p>\n\n\n\n<p><strong>Servicios Inform\u00e1ticos<\/strong><br>Ing. Jos\u00e9 Ramiro Reyes Garc\u00eda<br>Ing. Irving Alexis Mondrag\u00f3n Mota<\/p>\n\n\n\n<p><strong>Asesores externos<\/strong><br>Dr. Jos\u00e9 Luis Rull\u00e1n Lara (Universidad Aut\u00f3noma del Carmen)<br>Dr. Rogelio Portillo V\u00e9lez (Universidad Veracruzana)<br>Dr. Jos\u00e9 Alejandro V\u00e1squez (Universidad Veracruzana)<br>Dr. Ulises Moya S\u00e1nchez (Universidad de Guadalajara)<br>Dr. Oscar Carbajal-Espinosa (ITESM Guadalajara)<\/p>\n","protected":false},"excerpt":{"rendered":"<p>PresidenteDr. Eduardo V\u00e1zquez-Santacruz Secretario del comit\u00e9 organizador del TMRIng. Luis Castro Careaga Coordinaci\u00f3n GeneralDr. Eduardo V\u00e1zquez-Santacruz Coordinaci\u00f3n de Staff y VoluntariosMtro. Omar Cabrera Jim\u00e9nezMtro. Osvaldo Cubos Romero Coordinaci\u00f3n de Responsables Locales de Categor\u00edasDr. Eric Alfredo Rinc\u00f3n Garc\u00edaAngelica Martinez Juarez Coordinaci\u00f3n de Programa Inauguraci\u00f3n y ClausuraDr. Javier Vivaldo Lima Coordinaci\u00f3n de Prensa e Informaci\u00f3nDr. Carlos Andr\u00e9s [&hellip;]<\/p>\n","protected":false},"author":1,"featured_media":0,"parent":0,"menu_order":0,"comment_status":"closed","ping_status":"closed","template":"","meta":{"footnotes":""},"class_list":["post-75","page","type-page","status-publish","hentry"],"yoast_head":"<!-- This site is optimized with the Yoast SEO plugin v25.0 - https:\/\/yoast.com\/wordpress\/plugins\/seo\/ -->\n<title>Comit\u00e9 Organizador Local -<\/title>\n<meta name=\"robots\" content=\"index, follow, max-snippet:-1, max-image-preview:large, max-video-preview:-1\" \/>\n<link rel=\"canonical\" href=\"https:\/\/femexrobotica.org\/tmr2025\/comite-organizador-local\/\" \/>\n<meta property=\"og:locale\" content=\"es_MX\" \/>\n<meta property=\"og:type\" content=\"article\" \/>\n<meta property=\"og:title\" content=\"Comit\u00e9 Organizador Local -\" \/>\n<meta property=\"og:description\" content=\"PresidenteDr. Eduardo V\u00e1zquez-Santacruz Secretario del comit\u00e9 organizador del TMRIng. Luis Castro Careaga Coordinaci\u00f3n GeneralDr. Eduardo V\u00e1zquez-Santacruz Coordinaci\u00f3n de Staff y VoluntariosMtro. Omar Cabrera Jim\u00e9nezMtro. Osvaldo Cubos Romero Coordinaci\u00f3n de Responsables Locales de Categor\u00edasDr. Eric Alfredo Rinc\u00f3n Garc\u00edaAngelica Martinez Juarez Coordinaci\u00f3n de Programa Inauguraci\u00f3n y ClausuraDr. Javier Vivaldo Lima Coordinaci\u00f3n de Prensa e Informaci\u00f3nDr. Carlos Andr\u00e9s [&hellip;]\" \/>\n<meta property=\"og:url\" content=\"https:\/\/femexrobotica.org\/tmr2025\/comite-organizador-local\/\" \/>\n<meta property=\"article:modified_time\" content=\"2024-12-17T19:36:35+00:00\" \/>\n<meta name=\"twitter:card\" content=\"summary_large_image\" \/>\n<meta name=\"twitter:label1\" content=\"Tiempo de lectura\" \/>\n\t<meta name=\"twitter:data1\" content=\"1 minuto\" \/>\n<script type=\"application\/ld+json\" class=\"yoast-schema-graph\">{\"@context\":\"https:\/\/schema.org\",\"@graph\":[{\"@type\":\"WebPage\",\"@id\":\"https:\/\/femexrobotica.org\/tmr2025\/comite-organizador-local\/\",\"url\":\"https:\/\/femexrobotica.org\/tmr2025\/comite-organizador-local\/\",\"name\":\"Comit\u00e9 Organizador Local -\",\"isPartOf\":{\"@id\":\"https:\/\/femexrobotica.org\/tmr2025\/#website\"},\"datePublished\":\"2022-12-03T23:12:35+00:00\",\"dateModified\":\"2024-12-17T19:36:35+00:00\",\"breadcrumb\":{\"@id\":\"https:\/\/femexrobotica.org\/tmr2025\/comite-organizador-local\/#breadcrumb\"},\"inLanguage\":\"es\",\"potentialAction\":[{\"@type\":\"ReadAction\",\"target\":[\"https:\/\/femexrobotica.org\/tmr2025\/comite-organizador-local\/\"]}]},{\"@type\":\"BreadcrumbList\",\"@id\":\"https:\/\/femexrobotica.org\/tmr2025\/comite-organizador-local\/#breadcrumb\",\"itemListElement\":[{\"@type\":\"ListItem\",\"position\":1,\"name\":\"Inicio\",\"item\":\"https:\/\/femexrobotica.org\/tmr2025\/en\/torneo-mexicano-de-robotica\/\"},{\"@type\":\"ListItem\",\"position\":2,\"name\":\"Comit\u00e9 Organizador Local\"}]},{\"@type\":\"WebSite\",\"@id\":\"https:\/\/femexrobotica.org\/tmr2025\/#website\",\"url\":\"https:\/\/femexrobotica.org\/tmr2025\/\",\"name\":\"\",\"description\":\"\",\"potentialAction\":[{\"@type\":\"SearchAction\",\"target\":{\"@type\":\"EntryPoint\",\"urlTemplate\":\"https:\/\/femexrobotica.org\/tmr2025\/?s={search_term_string}\"},\"query-input\":{\"@type\":\"PropertyValueSpecification\",\"valueRequired\":true,\"valueName\":\"search_term_string\"}}],\"inLanguage\":\"es\"}]}<\/script>\n<!-- \/ Yoast SEO plugin. -->","yoast_head_json":{"title":"Comit\u00e9 Organizador Local -","robots":{"index":"index","follow":"follow","max-snippet":"max-snippet:-1","max-image-preview":"max-image-preview:large","max-video-preview":"max-video-preview:-1"},"canonical":"https:\/\/femexrobotica.org\/tmr2025\/comite-organizador-local\/","og_locale":"es_MX","og_type":"article","og_title":"Comit\u00e9 Organizador Local -","og_description":"PresidenteDr. Eduardo V\u00e1zquez-Santacruz Secretario del comit\u00e9 organizador del TMRIng. Luis Castro Careaga Coordinaci\u00f3n GeneralDr. Eduardo V\u00e1zquez-Santacruz Coordinaci\u00f3n de Staff y VoluntariosMtro. Omar Cabrera Jim\u00e9nezMtro. Osvaldo Cubos Romero Coordinaci\u00f3n de Responsables Locales de Categor\u00edasDr. Eric Alfredo Rinc\u00f3n Garc\u00edaAngelica Martinez Juarez Coordinaci\u00f3n de Programa Inauguraci\u00f3n y ClausuraDr. Javier Vivaldo Lima Coordinaci\u00f3n de Prensa e Informaci\u00f3nDr. Carlos Andr\u00e9s [&hellip;]","og_url":"https:\/\/femexrobotica.org\/tmr2025\/comite-organizador-local\/","article_modified_time":"2024-12-17T19:36:35+00:00","twitter_card":"summary_large_image","twitter_misc":{"Tiempo de lectura":"1 minuto"},"schema":{"@context":"https:\/\/schema.org","@graph":[{"@type":"WebPage","@id":"https:\/\/femexrobotica.org\/tmr2025\/comite-organizador-local\/","url":"https:\/\/femexrobotica.org\/tmr2025\/comite-organizador-local\/","name":"Comit\u00e9 Organizador Local -","isPartOf":{"@id":"https:\/\/femexrobotica.org\/tmr2025\/#website"},"datePublished":"2022-12-03T23:12:35+00:00","dateModified":"2024-12-17T19:36:35+00:00","breadcrumb":{"@id":"https:\/\/femexrobotica.org\/tmr2025\/comite-organizador-local\/#breadcrumb"},"inLanguage":"es","potentialAction":[{"@type":"ReadAction","target":["https:\/\/femexrobotica.org\/tmr2025\/comite-organizador-local\/"]}]},{"@type":"BreadcrumbList","@id":"https:\/\/femexrobotica.org\/tmr2025\/comite-organizador-local\/#breadcrumb","itemListElement":[{"@type":"ListItem","position":1,"name":"Inicio","item":"https:\/\/femexrobotica.org\/tmr2025\/en\/torneo-mexicano-de-robotica\/"},{"@type":"ListItem","position":2,"name":"Comit\u00e9 Organizador Local"}]},{"@type":"WebSite","@id":"https:\/\/femexrobotica.org\/tmr2025\/#website","url":"https:\/\/femexrobotica.org\/tmr2025\/","name":"","description":"","potentialAction":[{"@type":"SearchAction","target":{"@type":"EntryPoint","urlTemplate":"https:\/\/femexrobotica.org\/tmr2025\/?s={search_term_string}"},"query-input":{"@type":"PropertyValueSpecification","valueRequired":true,"valueName":"search_term_string"}}],"inLanguage":"es"}]}},"_links":{"self":[{"href":"https:\/\/femexrobotica.org\/tmr2025\/wp-json\/wp\/v2\/pages\/75","targetHints":{"allow":["GET"]}}],"collection":[{"href":"https:\/\/femexrobotica.org\/tmr2025\/wp-json\/wp\/v2\/pages"}],"about":[{"href":"https:\/\/femexrobotica.org\/tmr2025\/wp-json\/wp\/v2\/types\/page"}],"author":[{"embeddable":true,"href":"https:\/\/femexrobotica.org\/tmr2025\/wp-json\/wp\/v2\/users\/1"}],"replies":[{"embeddable":true,"href":"https:\/\/femexrobotica.org\/tmr2025\/wp-json\/wp\/v2\/comments?post=75"}],"version-history":[{"count":18,"href":"https:\/\/femexrobotica.org\/tmr2025\/wp-json\/wp\/v2\/pages\/75\/revisions"}],"predecessor-version":[{"id":2680,"href":"https:\/\/femexrobotica.org\/tmr2025\/wp-json\/wp\/v2\/pages\/75\/revisions\/2680"}],"wp:attachment":[{"href":"https:\/\/femexrobotica.org\/tmr2025\/wp-json\/wp\/v2\/media?parent=75"}],"curies":[{"name":"wp","href":"https:\/\/api.w.org\/{rel}","templated":true}]}}