{"id":62,"date":"2022-12-03T22:58:43","date_gmt":"2022-12-03T22:58:43","guid":{"rendered":"https:\/\/femexrobotica.org\/tmr2023\/?page_id=62"},"modified":"2025-04-30T09:01:52","modified_gmt":"2025-04-30T15:01:52","slug":"record","status":"publish","type":"page","link":"https:\/\/femexrobotica.org\/tmr2025\/en\/record\/","title":{"rendered":"History"},"content":{"rendered":"<div class=\"wp-block-image\">\n<figure class=\"alignright size-full is-resized\"><img loading=\"lazy\" decoding=\"async\" width=\"1024\" height=\"921\" src=\"https:\/\/femexrobotica.org\/tmr2025\/wp-content\/uploads\/2022\/12\/image-2.png\" alt=\"\" class=\"wp-image-65\" style=\"width:297px;height:267px\" srcset=\"https:\/\/femexrobotica.org\/tmr2025\/wp-content\/uploads\/2022\/12\/image-2.png 1024w, https:\/\/femexrobotica.org\/tmr2025\/wp-content\/uploads\/2022\/12\/image-2-300x270.png 300w, https:\/\/femexrobotica.org\/tmr2025\/wp-content\/uploads\/2022\/12\/image-2-768x691.png 768w\" sizes=\"auto, (max-width: 1024px) 100vw, 1024px\" \/><\/figure>\n<\/div>\n\n\n<p class=\"textojustificado\"><em><strong>Torneo Mexicano de Rob\u00f3tica(TMR)<\/strong><\/em> is organized annually by the <em><strong><a href=\"https:\/\/www.femexrobotica.org\/\">Federaci\u00f3n Mexicana de Rob\u00f3tica A.C<\/a>.<\/strong><\/em> A.C. (FMR) since 2008 in collaboration with some of the most important educational institutions in the country.<\/p>\n\n\n\n<p class=\"textojustificado\"><em>The TMR 2025<\/em> is organized in collaboration with the <a href=\"http:\/\/www.iztapalapa.uam.mx\/\" data-type=\"link\" data-id=\"http:\/\/www.iztapalapa.uam.mx\/\">University Autonomous Metropolitan unit Iztapalapa<\/a> on the dates May 07, 08, 09, 2025<\/p>\n\n\n\n<p class=\"textojustificado\">In previous years, these are the institutions that have hosted the tournament:<\/p>\n\n\n\n<p><a href=\"https:\/\/femexrobotica.org\/tmr2024\/\"><em>TMR 2024<\/em><\/a><strong>&nbsp;<\/strong>Autonomous University of Nuevo Le\u00f3n, Monterrey, Nuevo Le\u00f3n.<\/p>\n\n\n\n<p><a href=\"https:\/\/femexrobotica.org\/tmr2023\/\"><em>TMR 2023<\/em><\/a>&nbsp;Technological University of the Southeast of Veracruz in the Sports Center and the International Velodrome of Xalapa<\/p>\n\n\n\n<p class=\"textojustificado\"><em><a href=\"https:\/\/www.femexrobotica.org\/tmr2021\/\" data-type=\"link\" data-id=\"https:\/\/www.femexrobotica.org\/tmr2021\/\">TMR 2022<\/a><\/em>, Polytechnic University of Victoria, Polyforum \u201cDr. Rodolfo Torre Cant\u00fa\u201d, Ciudad Victoria<\/p>\n\n\n\n<p class=\"textojustificado\"><em><a href=\"https:\/\/www.femexrobotica.org\/tmr2021\/\" data-type=\"link\" data-id=\"https:\/\/www.femexrobotica.org\/tmr2021\/\">TMR 2021<\/a>,<\/em> Tecnol\u00f3gico de Monterrey, Campus Guadalajara (remote event)<\/p>\n\n\n\n<p class=\"textojustificado\"><em><a href=\"https:\/\/www.femexrobotica.org\/tmr2020\/\" data-type=\"link\" data-id=\"https:\/\/www.femexrobotica.org\/tmr2020\/\">TMR 2020<\/a><\/em>, Tecnol\u00f3gico de Monterrey, Campus Hermosillo (event canceled due to the pandemic caused by the SARS-CoV-2 coronavirus).<\/p>\n\n\n\n<p class=\"textojustificado\"><em><a href=\"https:\/\/www.femexrobotica.org\/tmr2019\/\" data-type=\"link\" data-id=\"https:\/\/www.femexrobotica.org\/tmr2019\/\">TMR 2019<\/a><\/em>, Tecnol\u00f3gico de Monterrey, Campus Guadalajara<\/p>\n\n\n\n<p class=\"textojustificado\"><em><a href=\"https:\/\/www.femexrobotica.org\/tmr2018\/\" data-type=\"link\" data-id=\"https:\/\/www.femexrobotica.org\/tmr2018\/\">TMR 2018<\/a><\/em>, Tecnol\u00f3gico de Monterrey, Campus Monterrey<\/p>\n\n\n\n<p class=\"textojustificado\"><em><a href=\"https:\/\/www.femexrobotica.org\/tmr2017\/\" data-type=\"link\" data-id=\"https:\/\/www.femexrobotica.org\/tmr2017\/\">TMR 2017<\/a><\/em>, Crist\u00f3bal Col\u00f3n School, Lomas Verdes, State of Mexico<\/p>\n\n\n\n<p class=\"textojustificado\"><em><a href=\"https:\/\/www.femexrobotica.org\/tmr2016\/\" data-type=\"link\" data-id=\"https:\/\/www.femexrobotica.org\/tmr2016\/\">TMR 2016<\/a><\/em>, Victoria Polytechnic University, Polyforum \u201cDr. Rodolfo Torre Cant\u00fa\u201d, Ciudad Victoria<\/p>\n\n\n\n<p class=\"textojustificado\"><em><a href=\"https:\/\/www.femexrobotica.org\/tmr2015\/\" data-type=\"link\" data-id=\"https:\/\/www.femexrobotica.org\/tmr2015\/\">TMR 2015<\/a><\/em>, Faculty of Higher Studies of the UNAM, Acatl\u00e1n, State of Mexico<\/p>\n\n\n\n<p class=\"textojustificado\"><em><a href=\"https:\/\/www.femexrobotica.org\/tmr2014\/\" data-type=\"link\" data-id=\"https:\/\/www.femexrobotica.org\/tmr2014\/\">TMR 2014<\/a><\/em>, UNACAR-Ciudad del Carmen, Campeche<\/p>\n\n\n\n<p class=\"textojustificado\"><em><a href=\"https:\/\/www.femexrobotica.org\/tmr2013\/\" data-type=\"link\" data-id=\"https:\/\/www.femexrobotica.org\/tmr2013\/\">TMR 2013<\/a><\/em>, ITESM-Puebla, Puebla<\/p>\n\n\n\n<p class=\"textojustificado\"><em><a href=\"https:\/\/www.femexrobotica.org\/tmr2012\/\" data-type=\"link\" data-id=\"https:\/\/www.femexrobotica.org\/tmr2012\/\">TMR 2012<\/a><\/em>, ITESM-CEM, State of Mexico<\/p>\n\n\n\n<p class=\"textojustificado\"><em><a href=\"https:\/\/www.femexrobotica.org\/tmr2011\/\" data-type=\"link\" data-id=\"https:\/\/www.femexrobotica.org\/tmr2011\/\">TMR 2011<\/a><\/em>, ITAM, Mexico City<\/p>\n\n\n\n<p class=\"textojustificado\"><em>TMR 2009<\/em>, Panamerican University, Guadalajara, Jalisco<\/p>\n\n\n\n<p class=\"textojustificado\"><em>TMR 2008<\/em>, UNAM, Palacio de Miner\u00eda, Mexico City<\/p>\n\n\n\n<p class=\"textojustificado\"><br>During the three days of the TMR, the participants have the opportunity to test their robotic designs by applying their knowledge and skills to make decisions and solve theoretical-practical problems typical of the competition. At the same time they can meet other students from the country and exchange ideas and experiences. Thus, the TMR not only promotes the development and learning of robotics in an environment of healthy competition, but also the comprehensive training of the participants and the creation of future collaboration networks in robotics and related disciplines.<br>Each year the TMR increases the presence and competitiveness of students of all educational levels, from primary to postgraduate and including consolidated research groups.<\/p>\n","protected":false},"excerpt":{"rendered":"<p>Torneo Mexicano de Rob\u00f3tica(TMR) is organized annually by the Federaci\u00f3n Mexicana de Rob\u00f3tica A.C. A.C. (FMR) since 2008 in collaboration with some of the most important educational institutions in the country. The TMR 2025 is organized in collaboration with the University Autonomous Metropolitan unit Iztapalapa on the dates May 07, 08, 09, 2025 In previous [&hellip;]<\/p>\n","protected":false},"author":1,"featured_media":0,"parent":0,"menu_order":0,"comment_status":"closed","ping_status":"closed","template":"","meta":{"footnotes":""},"class_list":["post-62","page","type-page","status-publish","hentry"],"yoast_head":"<!-- This site is optimized with the Yoast SEO plugin v25.0 - https:\/\/yoast.com\/wordpress\/plugins\/seo\/ -->\n<title>History -<\/title>\n<meta name=\"robots\" content=\"index, follow, max-snippet:-1, max-image-preview:large, max-video-preview:-1\" \/>\n<link rel=\"canonical\" href=\"https:\/\/femexrobotica.org\/tmr2025\/en\/record\/\" \/>\n<meta property=\"og:locale\" content=\"es_MX\" \/>\n<meta property=\"og:type\" content=\"article\" \/>\n<meta property=\"og:title\" content=\"History -\" \/>\n<meta property=\"og:description\" content=\"Torneo Mexicano de Rob\u00f3tica(TMR) is organized annually by the Federaci\u00f3n Mexicana de Rob\u00f3tica A.C. A.C. (FMR) since 2008 in collaboration with some of the most important educational institutions in the country. The TMR 2025 is organized in collaboration with the University Autonomous Metropolitan unit Iztapalapa on the dates May 07, 08, 09, 2025 In previous [&hellip;]\" \/>\n<meta property=\"og:url\" content=\"https:\/\/femexrobotica.org\/tmr2025\/en\/record\/\" \/>\n<meta property=\"article:modified_time\" content=\"2025-04-30T15:01:52+00:00\" \/>\n<meta property=\"og:image\" content=\"https:\/\/femexrobotica.org\/tmr2025\/wp-content\/uploads\/2022\/12\/image-2.png\" \/>\n\t<meta property=\"og:image:width\" content=\"1024\" \/>\n\t<meta property=\"og:image:height\" content=\"921\" \/>\n\t<meta property=\"og:image:type\" content=\"image\/png\" \/>\n<meta name=\"twitter:card\" content=\"summary_large_image\" \/>\n<meta name=\"twitter:label1\" content=\"Tiempo de lectura\" \/>\n\t<meta name=\"twitter:data1\" content=\"2 minutos\" \/>\n<script type=\"application\/ld+json\" class=\"yoast-schema-graph\">{\"@context\":\"https:\/\/schema.org\",\"@graph\":[{\"@type\":\"WebPage\",\"@id\":\"https:\/\/femexrobotica.org\/tmr2025\/en\/record\/\",\"url\":\"https:\/\/femexrobotica.org\/tmr2025\/en\/record\/\",\"name\":\"History -\",\"isPartOf\":{\"@id\":\"https:\/\/femexrobotica.org\/tmr2025\/#website\"},\"primaryImageOfPage\":{\"@id\":\"https:\/\/femexrobotica.org\/tmr2025\/en\/record\/#primaryimage\"},\"image\":{\"@id\":\"https:\/\/femexrobotica.org\/tmr2025\/en\/record\/#primaryimage\"},\"thumbnailUrl\":\"https:\/\/femexrobotica.org\/tmr2025\/wp-content\/uploads\/2022\/12\/image-2.png\",\"datePublished\":\"2022-12-03T22:58:43+00:00\",\"dateModified\":\"2025-04-30T15:01:52+00:00\",\"breadcrumb\":{\"@id\":\"https:\/\/femexrobotica.org\/tmr2025\/en\/record\/#breadcrumb\"},\"inLanguage\":\"es\",\"potentialAction\":[{\"@type\":\"ReadAction\",\"target\":[\"https:\/\/femexrobotica.org\/tmr2025\/en\/record\/\"]}]},{\"@type\":\"ImageObject\",\"inLanguage\":\"es\",\"@id\":\"https:\/\/femexrobotica.org\/tmr2025\/en\/record\/#primaryimage\",\"url\":\"https:\/\/femexrobotica.org\/tmr2025\/wp-content\/uploads\/2022\/12\/image-2.png\",\"contentUrl\":\"https:\/\/femexrobotica.org\/tmr2025\/wp-content\/uploads\/2022\/12\/image-2.png\",\"width\":1024,\"height\":921},{\"@type\":\"BreadcrumbList\",\"@id\":\"https:\/\/femexrobotica.org\/tmr2025\/en\/record\/#breadcrumb\",\"itemListElement\":[{\"@type\":\"ListItem\",\"position\":1,\"name\":\"Inicio\",\"item\":\"https:\/\/femexrobotica.org\/tmr2025\/en\/torneo-mexicano-de-robotica\/\"},{\"@type\":\"ListItem\",\"position\":2,\"name\":\"History\"}]},{\"@type\":\"WebSite\",\"@id\":\"https:\/\/femexrobotica.org\/tmr2025\/#website\",\"url\":\"https:\/\/femexrobotica.org\/tmr2025\/\",\"name\":\"\",\"description\":\"\",\"potentialAction\":[{\"@type\":\"SearchAction\",\"target\":{\"@type\":\"EntryPoint\",\"urlTemplate\":\"https:\/\/femexrobotica.org\/tmr2025\/?s={search_term_string}\"},\"query-input\":{\"@type\":\"PropertyValueSpecification\",\"valueRequired\":true,\"valueName\":\"search_term_string\"}}],\"inLanguage\":\"es\"}]}<\/script>\n<!-- \/ Yoast SEO plugin. -->","yoast_head_json":{"title":"History -","robots":{"index":"index","follow":"follow","max-snippet":"max-snippet:-1","max-image-preview":"max-image-preview:large","max-video-preview":"max-video-preview:-1"},"canonical":"https:\/\/femexrobotica.org\/tmr2025\/en\/record\/","og_locale":"es_MX","og_type":"article","og_title":"History -","og_description":"Torneo Mexicano de Rob\u00f3tica(TMR) is organized annually by the Federaci\u00f3n Mexicana de Rob\u00f3tica A.C. A.C. (FMR) since 2008 in collaboration with some of the most important educational institutions in the country. The TMR 2025 is organized in collaboration with the University Autonomous Metropolitan unit Iztapalapa on the dates May 07, 08, 09, 2025 In previous [&hellip;]","og_url":"https:\/\/femexrobotica.org\/tmr2025\/en\/record\/","article_modified_time":"2025-04-30T15:01:52+00:00","og_image":[{"width":1024,"height":921,"url":"https:\/\/femexrobotica.org\/tmr2025\/wp-content\/uploads\/2022\/12\/image-2.png","type":"image\/png"}],"twitter_card":"summary_large_image","twitter_misc":{"Tiempo de lectura":"2 minutos"},"schema":{"@context":"https:\/\/schema.org","@graph":[{"@type":"WebPage","@id":"https:\/\/femexrobotica.org\/tmr2025\/en\/record\/","url":"https:\/\/femexrobotica.org\/tmr2025\/en\/record\/","name":"History -","isPartOf":{"@id":"https:\/\/femexrobotica.org\/tmr2025\/#website"},"primaryImageOfPage":{"@id":"https:\/\/femexrobotica.org\/tmr2025\/en\/record\/#primaryimage"},"image":{"@id":"https:\/\/femexrobotica.org\/tmr2025\/en\/record\/#primaryimage"},"thumbnailUrl":"https:\/\/femexrobotica.org\/tmr2025\/wp-content\/uploads\/2022\/12\/image-2.png","datePublished":"2022-12-03T22:58:43+00:00","dateModified":"2025-04-30T15:01:52+00:00","breadcrumb":{"@id":"https:\/\/femexrobotica.org\/tmr2025\/en\/record\/#breadcrumb"},"inLanguage":"es","potentialAction":[{"@type":"ReadAction","target":["https:\/\/femexrobotica.org\/tmr2025\/en\/record\/"]}]},{"@type":"ImageObject","inLanguage":"es","@id":"https:\/\/femexrobotica.org\/tmr2025\/en\/record\/#primaryimage","url":"https:\/\/femexrobotica.org\/tmr2025\/wp-content\/uploads\/2022\/12\/image-2.png","contentUrl":"https:\/\/femexrobotica.org\/tmr2025\/wp-content\/uploads\/2022\/12\/image-2.png","width":1024,"height":921},{"@type":"BreadcrumbList","@id":"https:\/\/femexrobotica.org\/tmr2025\/en\/record\/#breadcrumb","itemListElement":[{"@type":"ListItem","position":1,"name":"Inicio","item":"https:\/\/femexrobotica.org\/tmr2025\/en\/torneo-mexicano-de-robotica\/"},{"@type":"ListItem","position":2,"name":"History"}]},{"@type":"WebSite","@id":"https:\/\/femexrobotica.org\/tmr2025\/#website","url":"https:\/\/femexrobotica.org\/tmr2025\/","name":"","description":"","potentialAction":[{"@type":"SearchAction","target":{"@type":"EntryPoint","urlTemplate":"https:\/\/femexrobotica.org\/tmr2025\/?s={search_term_string}"},"query-input":{"@type":"PropertyValueSpecification","valueRequired":true,"valueName":"search_term_string"}}],"inLanguage":"es"}]}},"_links":{"self":[{"href":"https:\/\/femexrobotica.org\/tmr2025\/wp-json\/wp\/v2\/pages\/62","targetHints":{"allow":["GET"]}}],"collection":[{"href":"https:\/\/femexrobotica.org\/tmr2025\/wp-json\/wp\/v2\/pages"}],"about":[{"href":"https:\/\/femexrobotica.org\/tmr2025\/wp-json\/wp\/v2\/types\/page"}],"author":[{"embeddable":true,"href":"https:\/\/femexrobotica.org\/tmr2025\/wp-json\/wp\/v2\/users\/1"}],"replies":[{"embeddable":true,"href":"https:\/\/femexrobotica.org\/tmr2025\/wp-json\/wp\/v2\/comments?post=62"}],"version-history":[{"count":14,"href":"https:\/\/femexrobotica.org\/tmr2025\/wp-json\/wp\/v2\/pages\/62\/revisions"}],"predecessor-version":[{"id":4377,"href":"https:\/\/femexrobotica.org\/tmr2025\/wp-json\/wp\/v2\/pages\/62\/revisions\/4377"}],"wp:attachment":[{"href":"https:\/\/femexrobotica.org\/tmr2025\/wp-json\/wp\/v2\/media?parent=62"}],"curies":[{"name":"wp","href":"https:\/\/api.w.org\/{rel}","templated":true}]}}