{"id":419,"date":"2022-12-08T00:56:38","date_gmt":"2022-12-08T00:56:38","guid":{"rendered":"https:\/\/femexrobotica.org\/tmr2023\/?page_id=419"},"modified":"2025-01-27T01:54:48","modified_gmt":"2025-01-27T07:54:48","slug":"utsv","status":"publish","type":"page","link":"https:\/\/femexrobotica.org\/tmr2025\/utsv\/","title":{"rendered":"UAM-I"},"content":{"rendered":"\n<h2 class=\"wp-block-heading\">Universidad Aut\u00f3noma Metropolitana <br>Unidad Iztapalapa<\/h2>\n\n\n\n<p><\/p>\n\n\n\n<p>La Universidad Aut\u00f3noma Metropolitana unidad Iztapalapa es una instituci\u00f3n de educaci\u00f3n superior fundada e 30 de septiembre de 1974.<\/p>\n\n\n\n<p>Su principal cobertura se da en la Ciudad de M\u00e9xico y \u00e1rea Metropolitana. <\/p>\n\n\n\n<p>Actualmente oferta 27 programas de licenciatura y 24 programas de posgrado,&nbsp;con estos programas son atendidos m\u00e1s de 14767 estudiantes.<\/p>\n\n\n\n<p class=\"has-text-align-center\"><strong>TMR 2025<\/strong> <strong>con sede UAM-I<\/strong><\/p>\n\n\n\n<div class=\"wp-block-buttons is-content-justification-center is-layout-flex wp-container-core-buttons-is-layout-16018d1d wp-block-buttons-is-layout-flex\">\n<div class=\"wp-block-button is-style-outline is-style-outline--1\"><a class=\"wp-block-button__link has-black-color has-text-color has-background has-link-color wp-element-button\" href=\"http:\/\/www.iztapalapa.uam.mx\/\" style=\"border-radius:45px;background-color:#92d03b\" target=\"_blank\" rel=\"noreferrer noopener\">Sitio oficial<\/a><\/div>\n<\/div>\n\n\n\n<p><\/p>\n","protected":false},"excerpt":{"rendered":"<p>Universidad Aut\u00f3noma Metropolitana Unidad Iztapalapa La Universidad Aut\u00f3noma Metropolitana unidad Iztapalapa es una instituci\u00f3n de educaci\u00f3n superior fundada e 30 de septiembre de 1974. Su principal cobertura se da en la Ciudad de M\u00e9xico y \u00e1rea Metropolitana. Actualmente oferta 27 programas de licenciatura y 24 programas de posgrado,&nbsp;con estos programas son atendidos m\u00e1s de 14767 [&hellip;]<\/p>\n","protected":false},"author":1,"featured_media":0,"parent":0,"menu_order":0,"comment_status":"closed","ping_status":"closed","template":"","meta":{"footnotes":""},"class_list":["post-419","page","type-page","status-publish","hentry"],"yoast_head":"<!-- This site is optimized with the Yoast SEO plugin v25.0 - https:\/\/yoast.com\/wordpress\/plugins\/seo\/ -->\n<title>UAM-I -<\/title>\n<meta name=\"robots\" content=\"index, follow, max-snippet:-1, max-image-preview:large, max-video-preview:-1\" \/>\n<link rel=\"canonical\" href=\"https:\/\/femexrobotica.org\/tmr2025\/utsv\/\" \/>\n<meta property=\"og:locale\" content=\"es_MX\" \/>\n<meta property=\"og:type\" content=\"article\" \/>\n<meta property=\"og:title\" content=\"UAM-I -\" \/>\n<meta property=\"og:description\" content=\"Universidad Aut\u00f3noma Metropolitana Unidad Iztapalapa La Universidad Aut\u00f3noma Metropolitana unidad Iztapalapa es una instituci\u00f3n de educaci\u00f3n superior fundada e 30 de septiembre de 1974. Su principal cobertura se da en la Ciudad de M\u00e9xico y \u00e1rea Metropolitana. Actualmente oferta 27 programas de licenciatura y 24 programas de posgrado,&nbsp;con estos programas son atendidos m\u00e1s de 14767 [&hellip;]\" \/>\n<meta property=\"og:url\" content=\"https:\/\/femexrobotica.org\/tmr2025\/utsv\/\" \/>\n<meta property=\"article:modified_time\" content=\"2025-01-27T07:54:48+00:00\" \/>\n<meta name=\"twitter:card\" content=\"summary_large_image\" \/>\n<script type=\"application\/ld+json\" class=\"yoast-schema-graph\">{\"@context\":\"https:\/\/schema.org\",\"@graph\":[{\"@type\":\"WebPage\",\"@id\":\"https:\/\/femexrobotica.org\/tmr2025\/utsv\/\",\"url\":\"https:\/\/femexrobotica.org\/tmr2025\/utsv\/\",\"name\":\"UAM-I -\",\"isPartOf\":{\"@id\":\"https:\/\/femexrobotica.org\/tmr2025\/#website\"},\"datePublished\":\"2022-12-08T00:56:38+00:00\",\"dateModified\":\"2025-01-27T07:54:48+00:00\",\"breadcrumb\":{\"@id\":\"https:\/\/femexrobotica.org\/tmr2025\/utsv\/#breadcrumb\"},\"inLanguage\":\"es\",\"potentialAction\":[{\"@type\":\"ReadAction\",\"target\":[\"https:\/\/femexrobotica.org\/tmr2025\/utsv\/\"]}]},{\"@type\":\"BreadcrumbList\",\"@id\":\"https:\/\/femexrobotica.org\/tmr2025\/utsv\/#breadcrumb\",\"itemListElement\":[{\"@type\":\"ListItem\",\"position\":1,\"name\":\"Inicio\",\"item\":\"https:\/\/femexrobotica.org\/tmr2025\/en\/torneo-mexicano-de-robotica\/\"},{\"@type\":\"ListItem\",\"position\":2,\"name\":\"UAM-I\"}]},{\"@type\":\"WebSite\",\"@id\":\"https:\/\/femexrobotica.org\/tmr2025\/#website\",\"url\":\"https:\/\/femexrobotica.org\/tmr2025\/\",\"name\":\"\",\"description\":\"\",\"potentialAction\":[{\"@type\":\"SearchAction\",\"target\":{\"@type\":\"EntryPoint\",\"urlTemplate\":\"https:\/\/femexrobotica.org\/tmr2025\/?s={search_term_string}\"},\"query-input\":{\"@type\":\"PropertyValueSpecification\",\"valueRequired\":true,\"valueName\":\"search_term_string\"}}],\"inLanguage\":\"es\"}]}<\/script>\n<!-- \/ Yoast SEO plugin. -->","yoast_head_json":{"title":"UAM-I -","robots":{"index":"index","follow":"follow","max-snippet":"max-snippet:-1","max-image-preview":"max-image-preview:large","max-video-preview":"max-video-preview:-1"},"canonical":"https:\/\/femexrobotica.org\/tmr2025\/utsv\/","og_locale":"es_MX","og_type":"article","og_title":"UAM-I -","og_description":"Universidad Aut\u00f3noma Metropolitana Unidad Iztapalapa La Universidad Aut\u00f3noma Metropolitana unidad Iztapalapa es una instituci\u00f3n de educaci\u00f3n superior fundada e 30 de septiembre de 1974. Su principal cobertura se da en la Ciudad de M\u00e9xico y \u00e1rea Metropolitana. Actualmente oferta 27 programas de licenciatura y 24 programas de posgrado,&nbsp;con estos programas son atendidos m\u00e1s de 14767 [&hellip;]","og_url":"https:\/\/femexrobotica.org\/tmr2025\/utsv\/","article_modified_time":"2025-01-27T07:54:48+00:00","twitter_card":"summary_large_image","schema":{"@context":"https:\/\/schema.org","@graph":[{"@type":"WebPage","@id":"https:\/\/femexrobotica.org\/tmr2025\/utsv\/","url":"https:\/\/femexrobotica.org\/tmr2025\/utsv\/","name":"UAM-I -","isPartOf":{"@id":"https:\/\/femexrobotica.org\/tmr2025\/#website"},"datePublished":"2022-12-08T00:56:38+00:00","dateModified":"2025-01-27T07:54:48+00:00","breadcrumb":{"@id":"https:\/\/femexrobotica.org\/tmr2025\/utsv\/#breadcrumb"},"inLanguage":"es","potentialAction":[{"@type":"ReadAction","target":["https:\/\/femexrobotica.org\/tmr2025\/utsv\/"]}]},{"@type":"BreadcrumbList","@id":"https:\/\/femexrobotica.org\/tmr2025\/utsv\/#breadcrumb","itemListElement":[{"@type":"ListItem","position":1,"name":"Inicio","item":"https:\/\/femexrobotica.org\/tmr2025\/en\/torneo-mexicano-de-robotica\/"},{"@type":"ListItem","position":2,"name":"UAM-I"}]},{"@type":"WebSite","@id":"https:\/\/femexrobotica.org\/tmr2025\/#website","url":"https:\/\/femexrobotica.org\/tmr2025\/","name":"","description":"","potentialAction":[{"@type":"SearchAction","target":{"@type":"EntryPoint","urlTemplate":"https:\/\/femexrobotica.org\/tmr2025\/?s={search_term_string}"},"query-input":{"@type":"PropertyValueSpecification","valueRequired":true,"valueName":"search_term_string"}}],"inLanguage":"es"}]}},"_links":{"self":[{"href":"https:\/\/femexrobotica.org\/tmr2025\/wp-json\/wp\/v2\/pages\/419","targetHints":{"allow":["GET"]}}],"collection":[{"href":"https:\/\/femexrobotica.org\/tmr2025\/wp-json\/wp\/v2\/pages"}],"about":[{"href":"https:\/\/femexrobotica.org\/tmr2025\/wp-json\/wp\/v2\/types\/page"}],"author":[{"embeddable":true,"href":"https:\/\/femexrobotica.org\/tmr2025\/wp-json\/wp\/v2\/users\/1"}],"replies":[{"embeddable":true,"href":"https:\/\/femexrobotica.org\/tmr2025\/wp-json\/wp\/v2\/comments?post=419"}],"version-history":[{"count":28,"href":"https:\/\/femexrobotica.org\/tmr2025\/wp-json\/wp\/v2\/pages\/419\/revisions"}],"predecessor-version":[{"id":2976,"href":"https:\/\/femexrobotica.org\/tmr2025\/wp-json\/wp\/v2\/pages\/419\/revisions\/2976"}],"wp:attachment":[{"href":"https:\/\/femexrobotica.org\/tmr2025\/wp-json\/wp\/v2\/media?parent=419"}],"curies":[{"name":"wp","href":"https:\/\/api.w.org\/{rel}","templated":true}]}}