{"id":38,"date":"2022-12-03T22:18:16","date_gmt":"2022-12-03T22:18:16","guid":{"rendered":"https:\/\/femexrobotica.org\/tmr2023\/?page_id=38"},"modified":"2025-02-13T15:49:53","modified_gmt":"2025-02-13T21:49:53","slug":"historial","status":"publish","type":"page","link":"https:\/\/femexrobotica.org\/tmr2025\/historial\/","title":{"rendered":"Historia"},"content":{"rendered":"<div class=\"wp-block-image\">\n<figure class=\"alignright size-full is-resized\"><img loading=\"lazy\" decoding=\"async\" width=\"1024\" height=\"921\" src=\"https:\/\/femexrobotica.org\/tmr2025\/wp-content\/uploads\/2022\/12\/image.png\" alt=\"\" class=\"wp-image-39\" style=\"width:362px;height:325px\" srcset=\"https:\/\/femexrobotica.org\/tmr2025\/wp-content\/uploads\/2022\/12\/image.png 1024w, https:\/\/femexrobotica.org\/tmr2025\/wp-content\/uploads\/2022\/12\/image-300x270.png 300w, https:\/\/femexrobotica.org\/tmr2025\/wp-content\/uploads\/2022\/12\/image-768x691.png 768w\" sizes=\"auto, (max-width: 1024px) 100vw, 1024px\" \/><\/figure>\n<\/div>\n\n\n<p class=\"textojustificado\"><em><strong>El Torneo Mexicano de Rob\u00f3tica (TMR)<\/strong><\/em>&nbsp;es organizado anualmente por la&nbsp;<em><strong><a rel=\"noreferrer noopener\" href=\"http:\/\/www.femexrobotica.org\/\" target=\"_blank\">Federaci\u00f3n Mexicana de Rob\u00f3tica A.C.<\/a>&nbsp;<\/strong><\/em>(FMR) desde el a\u00f1o 2008 en colaboraci\u00f3n con algunas de las m\u00e1s importantes instituciones educativas del pa\u00eds.<\/p>\n\n\n\n<p class=\"textojustificado\">La edici\u00f3n del&nbsp;TMR 2025&nbsp;es organizado en colaboraci\u00f3n con la&nbsp;<a href=\"http:\/\/www.iztapalapa.uam.mx\/\">Universidad Aut\u00f3noma Metropolitana Unidad Iztapalapa<\/a> en las fechas 07, 08 y 09 de mayo del 2025.<\/p>\n\n\n\n<p class=\"textojustificado\">En a\u00f1os anteriores, estas son las instituciones que han sido sede del torneo:<\/p>\n\n\n\n<p><strong><a href=\"https:\/\/femexrobotica.org\/tmr2024\/\" data-type=\"link\" data-id=\"https:\/\/femexrobotica.org\/tmr2024\/\">TMR 2024<\/a> <\/strong>Universidad Aut\u00f3noma de Nuevo Le\u00f3n, Monterrey, Nuevo Le\u00f3n.&nbsp;&nbsp;<\/p>\n\n\n\n<p><a href=\"https:\/\/femexrobotica.org\/tmr2023\/\"><strong>TMR 2023<\/strong><\/a>\u00a0Universidad Tecnol\u00f3gica del Sureste de Veracruz en el Polideportivo y en el Vel\u00f3dromo internacional de Xalapa<\/p>\n\n\n\n<p class=\"textojustificado\"><em><strong><a href=\"https:\/\/www.femexrobotica.org\/tmr2021\/\" target=\"_blank\" rel=\"noreferrer noopener\">TMR 2022<\/a><\/strong><\/em>, Universidad Polit\u00e9cnica de Victoria, Polyforum \u201cDr. Rodolfo Torre Cant\u00fa\u201d, Cd. Victoria<\/p>\n\n\n\n<p class=\"textojustificado\"><a href=\"https:\/\/www.femexrobotica.org\/tmr2021\/\"><em><strong>TMR 2021<\/strong><\/em><\/a>, Tecnol\u00f3gico de Monterrey, Campus Guadalajara (evento a distancia)<\/p>\n\n\n\n<p class=\"textojustificado\"><em><strong><a href=\"https:\/\/www.femexrobotica.org\/tmr2020\/\">TMR 2020<\/a><\/strong><\/em>, Tecnol\u00f3gico de Monterrey, Campus Hermosillo (evento cancelado por la pandemia causada por el coronavirus SARS-CoV-2).<\/p>\n\n\n\n<p class=\"textojustificado\"><em><strong><a rel=\"noreferrer noopener\" href=\"https:\/\/www.femexrobotica.org\/tmr2019\/\" target=\"_blank\">TMR 2019<\/a><\/strong><\/em>, Tecnol\u00f3gico de Monterrey, Campus Guadalajara<\/p>\n\n\n\n<p class=\"textojustificado\"><em><strong><a rel=\"noreferrer noopener\" href=\"https:\/\/www.femexrobotica.org\/tmr2018\/\" target=\"_blank\">TMR 2018<\/a><\/strong><\/em>, Tecnol\u00f3gico de Monterrey, Campus Monterrey<\/p>\n\n\n\n<p class=\"textojustificado\"><em><strong><a rel=\"noreferrer noopener\" href=\"https:\/\/www.femexrobotica.org\/tmr2017\/\" target=\"_blank\">TMR 2017<\/a><\/strong><\/em>, Colegio Crist\u00f3bal Col\u00f3n, Lomas Verdes, Estado de M\u00e9xico<\/p>\n\n\n\n<p class=\"textojustificado\"><em><strong><a rel=\"noreferrer noopener\" href=\"https:\/\/www.femexrobotica.org\/tmr2016\/\" target=\"_blank\">TMR 2016<\/a><\/strong><\/em>, Universidad Polit\u00e9cnica de Victoria, Polyforum \u201cDr. Rodolfo Torre Cant\u00fa\u201d, Cd. Victoria<\/p>\n\n\n\n<p class=\"textojustificado\"><em><strong><a rel=\"noreferrer noopener\" href=\"https:\/\/www.femexrobotica.org\/tmr2015\/\" target=\"_blank\">TMR 2015<\/a><\/strong><\/em>, Facultad de Estudios Superiores de la UNAM, Acatl\u00e1n, Estado de M\u00e9xico<\/p>\n\n\n\n<p class=\"textojustificado\"><em><strong><a rel=\"noreferrer noopener\" href=\"https:\/\/www.femexrobotica.org\/tmr2014\/\" target=\"_blank\">TMR 2014<\/a><\/strong><\/em>, UNACAR-Ciudad del Carmen, Campeche<\/p>\n\n\n\n<p class=\"textojustificado\"><em><strong><a rel=\"noreferrer noopener\" href=\"https:\/\/www.femexrobotica.org\/tmr2013\/\" target=\"_blank\">TMR 2013<\/a><\/strong><\/em>, ITESM-Puebla, Puebla<\/p>\n\n\n\n<p class=\"textojustificado\"><em><strong><a rel=\"noreferrer noopener\" href=\"https:\/\/www.femexrobotica.org\/tmr2012\/\" target=\"_blank\">TMR 2012<\/a><\/strong><\/em>, ITESM-CEM, Estado de M\u00e9xico<\/p>\n\n\n\n<p class=\"textojustificado\"><em><strong><a rel=\"noreferrer noopener\" href=\"https:\/\/www.femexrobotica.org\/tmr2011\/\" target=\"_blank\">TMR 2011<\/a><\/strong><\/em>, ITAM, Ciudad de M\u00e9xico<\/p>\n\n\n\n<p class=\"textojustificado\"><em><strong>TMR 2009<\/strong><\/em>, Universidad Panamericana, Guadalajara, Jalisco<\/p>\n\n\n\n<p class=\"textojustificado\"><strong><em>TMR 2008<\/em><\/strong>, UNAM, Palacio de Miner\u00eda, Ciudad de M\u00e9xico<br><br><\/p>\n\n\n\n<p><\/p>\n\n\n\n<p class=\"textojustificado\"><\/p>\n","protected":false},"excerpt":{"rendered":"<p>El Torneo Mexicano de Rob\u00f3tica (TMR)&nbsp;es organizado anualmente por la&nbsp;Federaci\u00f3n Mexicana de Rob\u00f3tica A.C.&nbsp;(FMR) desde el a\u00f1o 2008 en colaboraci\u00f3n con algunas de las m\u00e1s importantes instituciones educativas del pa\u00eds. La edici\u00f3n del&nbsp;TMR 2025&nbsp;es organizado en colaboraci\u00f3n con la&nbsp;Universidad Aut\u00f3noma Metropolitana Unidad Iztapalapa en las fechas 07, 08 y 09 de mayo del 2025. En [&hellip;]<\/p>\n","protected":false},"author":1,"featured_media":0,"parent":0,"menu_order":0,"comment_status":"closed","ping_status":"closed","template":"","meta":{"footnotes":""},"class_list":["post-38","page","type-page","status-publish","hentry"],"yoast_head":"<!-- This site is optimized with the Yoast SEO plugin v25.0 - https:\/\/yoast.com\/wordpress\/plugins\/seo\/ -->\n<title>Historia -<\/title>\n<meta name=\"robots\" content=\"index, follow, max-snippet:-1, max-image-preview:large, max-video-preview:-1\" \/>\n<link rel=\"canonical\" href=\"https:\/\/femexrobotica.org\/tmr2025\/historial\/\" \/>\n<meta property=\"og:locale\" content=\"es_MX\" \/>\n<meta property=\"og:type\" content=\"article\" \/>\n<meta property=\"og:title\" content=\"Historia -\" \/>\n<meta property=\"og:description\" content=\"El Torneo Mexicano de Rob\u00f3tica (TMR)&nbsp;es organizado anualmente por la&nbsp;Federaci\u00f3n Mexicana de Rob\u00f3tica A.C.&nbsp;(FMR) desde el a\u00f1o 2008 en colaboraci\u00f3n con algunas de las m\u00e1s importantes instituciones educativas del pa\u00eds. La edici\u00f3n del&nbsp;TMR 2025&nbsp;es organizado en colaboraci\u00f3n con la&nbsp;Universidad Aut\u00f3noma Metropolitana Unidad Iztapalapa en las fechas 07, 08 y 09 de mayo del 2025. En [&hellip;]\" \/>\n<meta property=\"og:url\" content=\"https:\/\/femexrobotica.org\/tmr2025\/historial\/\" \/>\n<meta property=\"article:modified_time\" content=\"2025-02-13T21:49:53+00:00\" \/>\n<meta property=\"og:image\" content=\"https:\/\/femexrobotica.org\/tmr2025\/wp-content\/uploads\/2022\/12\/image.png\" \/>\n\t<meta property=\"og:image:width\" content=\"1024\" \/>\n\t<meta property=\"og:image:height\" content=\"921\" \/>\n\t<meta property=\"og:image:type\" content=\"image\/png\" \/>\n<meta name=\"twitter:card\" content=\"summary_large_image\" \/>\n<meta name=\"twitter:label1\" content=\"Tiempo de lectura\" \/>\n\t<meta name=\"twitter:data1\" content=\"1 minuto\" \/>\n<script type=\"application\/ld+json\" class=\"yoast-schema-graph\">{\"@context\":\"https:\/\/schema.org\",\"@graph\":[{\"@type\":\"WebPage\",\"@id\":\"https:\/\/femexrobotica.org\/tmr2025\/historial\/\",\"url\":\"https:\/\/femexrobotica.org\/tmr2025\/historial\/\",\"name\":\"Historia -\",\"isPartOf\":{\"@id\":\"https:\/\/femexrobotica.org\/tmr2025\/#website\"},\"primaryImageOfPage\":{\"@id\":\"https:\/\/femexrobotica.org\/tmr2025\/historial\/#primaryimage\"},\"image\":{\"@id\":\"https:\/\/femexrobotica.org\/tmr2025\/historial\/#primaryimage\"},\"thumbnailUrl\":\"https:\/\/femexrobotica.org\/tmr2025\/wp-content\/uploads\/2022\/12\/image.png\",\"datePublished\":\"2022-12-03T22:18:16+00:00\",\"dateModified\":\"2025-02-13T21:49:53+00:00\",\"breadcrumb\":{\"@id\":\"https:\/\/femexrobotica.org\/tmr2025\/historial\/#breadcrumb\"},\"inLanguage\":\"es\",\"potentialAction\":[{\"@type\":\"ReadAction\",\"target\":[\"https:\/\/femexrobotica.org\/tmr2025\/historial\/\"]}]},{\"@type\":\"ImageObject\",\"inLanguage\":\"es\",\"@id\":\"https:\/\/femexrobotica.org\/tmr2025\/historial\/#primaryimage\",\"url\":\"https:\/\/femexrobotica.org\/tmr2025\/wp-content\/uploads\/2022\/12\/image.png\",\"contentUrl\":\"https:\/\/femexrobotica.org\/tmr2025\/wp-content\/uploads\/2022\/12\/image.png\",\"width\":1024,\"height\":921},{\"@type\":\"BreadcrumbList\",\"@id\":\"https:\/\/femexrobotica.org\/tmr2025\/historial\/#breadcrumb\",\"itemListElement\":[{\"@type\":\"ListItem\",\"position\":1,\"name\":\"Inicio\",\"item\":\"https:\/\/femexrobotica.org\/tmr2025\/en\/torneo-mexicano-de-robotica\/\"},{\"@type\":\"ListItem\",\"position\":2,\"name\":\"Historia\"}]},{\"@type\":\"WebSite\",\"@id\":\"https:\/\/femexrobotica.org\/tmr2025\/#website\",\"url\":\"https:\/\/femexrobotica.org\/tmr2025\/\",\"name\":\"\",\"description\":\"\",\"potentialAction\":[{\"@type\":\"SearchAction\",\"target\":{\"@type\":\"EntryPoint\",\"urlTemplate\":\"https:\/\/femexrobotica.org\/tmr2025\/?s={search_term_string}\"},\"query-input\":{\"@type\":\"PropertyValueSpecification\",\"valueRequired\":true,\"valueName\":\"search_term_string\"}}],\"inLanguage\":\"es\"}]}<\/script>\n<!-- \/ Yoast SEO plugin. -->","yoast_head_json":{"title":"Historia -","robots":{"index":"index","follow":"follow","max-snippet":"max-snippet:-1","max-image-preview":"max-image-preview:large","max-video-preview":"max-video-preview:-1"},"canonical":"https:\/\/femexrobotica.org\/tmr2025\/historial\/","og_locale":"es_MX","og_type":"article","og_title":"Historia -","og_description":"El Torneo Mexicano de Rob\u00f3tica (TMR)&nbsp;es organizado anualmente por la&nbsp;Federaci\u00f3n Mexicana de Rob\u00f3tica A.C.&nbsp;(FMR) desde el a\u00f1o 2008 en colaboraci\u00f3n con algunas de las m\u00e1s importantes instituciones educativas del pa\u00eds. La edici\u00f3n del&nbsp;TMR 2025&nbsp;es organizado en colaboraci\u00f3n con la&nbsp;Universidad Aut\u00f3noma Metropolitana Unidad Iztapalapa en las fechas 07, 08 y 09 de mayo del 2025. En [&hellip;]","og_url":"https:\/\/femexrobotica.org\/tmr2025\/historial\/","article_modified_time":"2025-02-13T21:49:53+00:00","og_image":[{"width":1024,"height":921,"url":"https:\/\/femexrobotica.org\/tmr2025\/wp-content\/uploads\/2022\/12\/image.png","type":"image\/png"}],"twitter_card":"summary_large_image","twitter_misc":{"Tiempo de lectura":"1 minuto"},"schema":{"@context":"https:\/\/schema.org","@graph":[{"@type":"WebPage","@id":"https:\/\/femexrobotica.org\/tmr2025\/historial\/","url":"https:\/\/femexrobotica.org\/tmr2025\/historial\/","name":"Historia -","isPartOf":{"@id":"https:\/\/femexrobotica.org\/tmr2025\/#website"},"primaryImageOfPage":{"@id":"https:\/\/femexrobotica.org\/tmr2025\/historial\/#primaryimage"},"image":{"@id":"https:\/\/femexrobotica.org\/tmr2025\/historial\/#primaryimage"},"thumbnailUrl":"https:\/\/femexrobotica.org\/tmr2025\/wp-content\/uploads\/2022\/12\/image.png","datePublished":"2022-12-03T22:18:16+00:00","dateModified":"2025-02-13T21:49:53+00:00","breadcrumb":{"@id":"https:\/\/femexrobotica.org\/tmr2025\/historial\/#breadcrumb"},"inLanguage":"es","potentialAction":[{"@type":"ReadAction","target":["https:\/\/femexrobotica.org\/tmr2025\/historial\/"]}]},{"@type":"ImageObject","inLanguage":"es","@id":"https:\/\/femexrobotica.org\/tmr2025\/historial\/#primaryimage","url":"https:\/\/femexrobotica.org\/tmr2025\/wp-content\/uploads\/2022\/12\/image.png","contentUrl":"https:\/\/femexrobotica.org\/tmr2025\/wp-content\/uploads\/2022\/12\/image.png","width":1024,"height":921},{"@type":"BreadcrumbList","@id":"https:\/\/femexrobotica.org\/tmr2025\/historial\/#breadcrumb","itemListElement":[{"@type":"ListItem","position":1,"name":"Inicio","item":"https:\/\/femexrobotica.org\/tmr2025\/en\/torneo-mexicano-de-robotica\/"},{"@type":"ListItem","position":2,"name":"Historia"}]},{"@type":"WebSite","@id":"https:\/\/femexrobotica.org\/tmr2025\/#website","url":"https:\/\/femexrobotica.org\/tmr2025\/","name":"","description":"","potentialAction":[{"@type":"SearchAction","target":{"@type":"EntryPoint","urlTemplate":"https:\/\/femexrobotica.org\/tmr2025\/?s={search_term_string}"},"query-input":{"@type":"PropertyValueSpecification","valueRequired":true,"valueName":"search_term_string"}}],"inLanguage":"es"}]}},"_links":{"self":[{"href":"https:\/\/femexrobotica.org\/tmr2025\/wp-json\/wp\/v2\/pages\/38","targetHints":{"allow":["GET"]}}],"collection":[{"href":"https:\/\/femexrobotica.org\/tmr2025\/wp-json\/wp\/v2\/pages"}],"about":[{"href":"https:\/\/femexrobotica.org\/tmr2025\/wp-json\/wp\/v2\/types\/page"}],"author":[{"embeddable":true,"href":"https:\/\/femexrobotica.org\/tmr2025\/wp-json\/wp\/v2\/users\/1"}],"replies":[{"embeddable":true,"href":"https:\/\/femexrobotica.org\/tmr2025\/wp-json\/wp\/v2\/comments?post=38"}],"version-history":[{"count":19,"href":"https:\/\/femexrobotica.org\/tmr2025\/wp-json\/wp\/v2\/pages\/38\/revisions"}],"predecessor-version":[{"id":3240,"href":"https:\/\/femexrobotica.org\/tmr2025\/wp-json\/wp\/v2\/pages\/38\/revisions\/3240"}],"wp:attachment":[{"href":"https:\/\/femexrobotica.org\/tmr2025\/wp-json\/wp\/v2\/media?parent=38"}],"curies":[{"name":"wp","href":"https:\/\/api.w.org\/{rel}","templated":true}]}}