{"id":352,"date":"2022-12-04T01:10:35","date_gmt":"2022-12-04T01:10:35","guid":{"rendered":"https:\/\/femexrobotica.org\/tmr2023\/?page_id=352"},"modified":"2024-11-26T01:25:28","modified_gmt":"2024-11-26T07:25:28","slug":"contacto","status":"publish","type":"page","link":"https:\/\/femexrobotica.org\/tmr2025\/contacto\/","title":{"rendered":"Patrocinadores"},"content":{"rendered":"\n<h2 class=\"wp-block-heading\">Patrocinadores<\/h2>\n\n\n\n<p><\/p>\n\n\n\n<p>Si deseas participar en el<strong> Torneo Mexicano de Rob\u00f3tica 2025 &#8211; <\/strong>UAM I y mostrar tus productos en un stand, puedes contactarnos para brindarte informaci\u00f3n. Esto nos ayudar\u00e1 a poder entregar premios a los ganadores del TMR 2025.<\/p>\n\n\n\n<div class=\"forminator-guttenberg\">[forminator_form id=&#8221;663&#8243;]<\/div>\n","protected":false},"excerpt":{"rendered":"<p>Patrocinadores Si deseas participar en el Torneo Mexicano de Rob\u00f3tica 2025 &#8211; UAM I y mostrar tus productos en un stand, puedes contactarnos para brindarte informaci\u00f3n. Esto nos ayudar\u00e1 a poder entregar premios a los ganadores del TMR 2025.<\/p>\n","protected":false},"author":1,"featured_media":0,"parent":0,"menu_order":0,"comment_status":"closed","ping_status":"closed","template":"","meta":{"footnotes":""},"class_list":["post-352","page","type-page","status-publish","hentry"],"yoast_head":"<!-- This site is optimized with the Yoast SEO plugin v25.0 - https:\/\/yoast.com\/wordpress\/plugins\/seo\/ -->\n<title>Patrocinadores -<\/title>\n<meta name=\"robots\" content=\"index, follow, max-snippet:-1, max-image-preview:large, max-video-preview:-1\" \/>\n<link rel=\"canonical\" href=\"https:\/\/femexrobotica.org\/tmr2025\/contacto\/\" \/>\n<meta property=\"og:locale\" content=\"es_MX\" \/>\n<meta property=\"og:type\" content=\"article\" \/>\n<meta property=\"og:title\" content=\"Patrocinadores -\" \/>\n<meta property=\"og:description\" content=\"Patrocinadores Si deseas participar en el Torneo Mexicano de Rob\u00f3tica 2025 &#8211; UAM I y mostrar tus productos en un stand, puedes contactarnos para brindarte informaci\u00f3n. Esto nos ayudar\u00e1 a poder entregar premios a los ganadores del TMR 2025.\" \/>\n<meta property=\"og:url\" content=\"https:\/\/femexrobotica.org\/tmr2025\/contacto\/\" \/>\n<meta property=\"article:modified_time\" content=\"2024-11-26T07:25:28+00:00\" \/>\n<meta name=\"twitter:card\" content=\"summary_large_image\" \/>\n<script type=\"application\/ld+json\" class=\"yoast-schema-graph\">{\"@context\":\"https:\/\/schema.org\",\"@graph\":[{\"@type\":\"WebPage\",\"@id\":\"https:\/\/femexrobotica.org\/tmr2025\/contacto\/\",\"url\":\"https:\/\/femexrobotica.org\/tmr2025\/contacto\/\",\"name\":\"Patrocinadores -\",\"isPartOf\":{\"@id\":\"https:\/\/femexrobotica.org\/tmr2025\/#website\"},\"datePublished\":\"2022-12-04T01:10:35+00:00\",\"dateModified\":\"2024-11-26T07:25:28+00:00\",\"breadcrumb\":{\"@id\":\"https:\/\/femexrobotica.org\/tmr2025\/contacto\/#breadcrumb\"},\"inLanguage\":\"es\",\"potentialAction\":[{\"@type\":\"ReadAction\",\"target\":[\"https:\/\/femexrobotica.org\/tmr2025\/contacto\/\"]}]},{\"@type\":\"BreadcrumbList\",\"@id\":\"https:\/\/femexrobotica.org\/tmr2025\/contacto\/#breadcrumb\",\"itemListElement\":[{\"@type\":\"ListItem\",\"position\":1,\"name\":\"Inicio\",\"item\":\"https:\/\/femexrobotica.org\/tmr2025\/en\/torneo-mexicano-de-robotica\/\"},{\"@type\":\"ListItem\",\"position\":2,\"name\":\"Patrocinadores\"}]},{\"@type\":\"WebSite\",\"@id\":\"https:\/\/femexrobotica.org\/tmr2025\/#website\",\"url\":\"https:\/\/femexrobotica.org\/tmr2025\/\",\"name\":\"\",\"description\":\"\",\"potentialAction\":[{\"@type\":\"SearchAction\",\"target\":{\"@type\":\"EntryPoint\",\"urlTemplate\":\"https:\/\/femexrobotica.org\/tmr2025\/?s={search_term_string}\"},\"query-input\":{\"@type\":\"PropertyValueSpecification\",\"valueRequired\":true,\"valueName\":\"search_term_string\"}}],\"inLanguage\":\"es\"}]}<\/script>\n<!-- \/ Yoast SEO plugin. -->","yoast_head_json":{"title":"Patrocinadores -","robots":{"index":"index","follow":"follow","max-snippet":"max-snippet:-1","max-image-preview":"max-image-preview:large","max-video-preview":"max-video-preview:-1"},"canonical":"https:\/\/femexrobotica.org\/tmr2025\/contacto\/","og_locale":"es_MX","og_type":"article","og_title":"Patrocinadores -","og_description":"Patrocinadores Si deseas participar en el Torneo Mexicano de Rob\u00f3tica 2025 &#8211; UAM I y mostrar tus productos en un stand, puedes contactarnos para brindarte informaci\u00f3n. Esto nos ayudar\u00e1 a poder entregar premios a los ganadores del TMR 2025.","og_url":"https:\/\/femexrobotica.org\/tmr2025\/contacto\/","article_modified_time":"2024-11-26T07:25:28+00:00","twitter_card":"summary_large_image","schema":{"@context":"https:\/\/schema.org","@graph":[{"@type":"WebPage","@id":"https:\/\/femexrobotica.org\/tmr2025\/contacto\/","url":"https:\/\/femexrobotica.org\/tmr2025\/contacto\/","name":"Patrocinadores -","isPartOf":{"@id":"https:\/\/femexrobotica.org\/tmr2025\/#website"},"datePublished":"2022-12-04T01:10:35+00:00","dateModified":"2024-11-26T07:25:28+00:00","breadcrumb":{"@id":"https:\/\/femexrobotica.org\/tmr2025\/contacto\/#breadcrumb"},"inLanguage":"es","potentialAction":[{"@type":"ReadAction","target":["https:\/\/femexrobotica.org\/tmr2025\/contacto\/"]}]},{"@type":"BreadcrumbList","@id":"https:\/\/femexrobotica.org\/tmr2025\/contacto\/#breadcrumb","itemListElement":[{"@type":"ListItem","position":1,"name":"Inicio","item":"https:\/\/femexrobotica.org\/tmr2025\/en\/torneo-mexicano-de-robotica\/"},{"@type":"ListItem","position":2,"name":"Patrocinadores"}]},{"@type":"WebSite","@id":"https:\/\/femexrobotica.org\/tmr2025\/#website","url":"https:\/\/femexrobotica.org\/tmr2025\/","name":"","description":"","potentialAction":[{"@type":"SearchAction","target":{"@type":"EntryPoint","urlTemplate":"https:\/\/femexrobotica.org\/tmr2025\/?s={search_term_string}"},"query-input":{"@type":"PropertyValueSpecification","valueRequired":true,"valueName":"search_term_string"}}],"inLanguage":"es"}]}},"_links":{"self":[{"href":"https:\/\/femexrobotica.org\/tmr2025\/wp-json\/wp\/v2\/pages\/352","targetHints":{"allow":["GET"]}}],"collection":[{"href":"https:\/\/femexrobotica.org\/tmr2025\/wp-json\/wp\/v2\/pages"}],"about":[{"href":"https:\/\/femexrobotica.org\/tmr2025\/wp-json\/wp\/v2\/types\/page"}],"author":[{"embeddable":true,"href":"https:\/\/femexrobotica.org\/tmr2025\/wp-json\/wp\/v2\/users\/1"}],"replies":[{"embeddable":true,"href":"https:\/\/femexrobotica.org\/tmr2025\/wp-json\/wp\/v2\/comments?post=352"}],"version-history":[{"count":10,"href":"https:\/\/femexrobotica.org\/tmr2025\/wp-json\/wp\/v2\/pages\/352\/revisions"}],"predecessor-version":[{"id":2529,"href":"https:\/\/femexrobotica.org\/tmr2025\/wp-json\/wp\/v2\/pages\/352\/revisions\/2529"}],"wp:attachment":[{"href":"https:\/\/femexrobotica.org\/tmr2025\/wp-json\/wp\/v2\/media?parent=352"}],"curies":[{"name":"wp","href":"https:\/\/api.w.org\/{rel}","templated":true}]}}