{"id":249,"date":"2022-12-04T00:23:14","date_gmt":"2022-12-04T00:23:14","guid":{"rendered":"https:\/\/femexrobotica.org\/tmr2023\/?page_id=249"},"modified":"2025-02-25T21:16:17","modified_gmt":"2025-02-26T03:16:17","slug":"robots-limpiadores-de-playa","status":"publish","type":"page","link":"https:\/\/femexrobotica.org\/tmr2025\/robots-limpiadores-de-playa\/","title":{"rendered":"Robots Limpiadores de Playa"},"content":{"rendered":"\n<figure class=\"wp-block-image size-full\"><img loading=\"lazy\" decoding=\"async\" width=\"640\" height=\"480\" src=\"https:\/\/femexrobotica.org\/tmr2025\/wp-content\/uploads\/2025\/01\/WhatsApp-Image-2025-01-19-at-7.53.49-PM-1.jpeg\" alt=\"\" class=\"wp-image-2897\" srcset=\"https:\/\/femexrobotica.org\/tmr2025\/wp-content\/uploads\/2025\/01\/WhatsApp-Image-2025-01-19-at-7.53.49-PM-1.jpeg 640w, https:\/\/femexrobotica.org\/tmr2025\/wp-content\/uploads\/2025\/01\/WhatsApp-Image-2025-01-19-at-7.53.49-PM-1-300x225.jpeg 300w\" sizes=\"auto, (max-width: 640px) 100vw, 640px\" \/><\/figure>\n\n\n\n<p><strong>INFORMACI\u00d3N GENERAL<\/strong><\/p>\n\n\n\n<p>Las playas se encuentran a la suerte de diversos fen\u00f3menos naturales, como las mareas y los huracanes, modificando y permitiendo diversos entornos biol\u00f3gicos. Esta manera natural de permitir la vida est\u00e1 cada vez m\u00e1s marcada por la acci\u00f3n humana, como la generaci\u00f3n y mal manejo de la basura, generaci\u00f3n de residuos reciclables que no son tratados, descarga de aguas residuales, derrames de petr\u00f3leo, modificaci\u00f3n de ciclos biol\u00f3gicos y construcciones, entre otros.<\/p>\n\n\n\n<p>Ante esta situaci\u00f3n y como una manera de concientizar y contribuir a afrontar este problema, el TMR\u00ae 2025 convoca de nueva cuenta al reto cl\u00e1sico de Robots Limpiadores de Playa, consistente en detectar, recolectar, transportar y depositar en un contenedor los \u201cresiduos\u201d dispersos en una \u201cisla\u201d tropical de 6 x 12 m. El robot debe tener cuidado de no avanzar m\u00e1s all\u00e1 de sus \u201ccostas\u201d y caer al \u201cmar\u201d. En la \u201cisla\u201d se encuentra un \u201chumano\u201d al que, por supuesto, el robot no deber\u00e1 lastimar.<\/p>\n\n\n\n<p>Desde el Primer Torneo Mexicano de Rob\u00f3tica\u00ae en 2008, esta categor\u00eda 100% mexicana se ha celebrado ininterrumpidamente buscando fomentar una conciencia ecol\u00f3gica en la sociedad, invitando a la comunidad roboticista a proponer soluciones concretas al grave problema de acumulaci\u00f3n de basura en las playas de M\u00e9xico y de todo el mundo.<\/p>\n\n\n\n<p>A trav\u00e9s de sus 17 a\u00f1os de vida, el Torneo de Robots Limpiadores de Playa ha sido testigo de los avances en el dise\u00f1o y desempe\u00f1o de las propuestas, estando convencidos de que ha tenido un impacto positivo en los participantes y en las instituciones de donde provienen, dando como resultado que en los \u00faltimos a\u00f1os se ha incrementado el n\u00famero de equipos que desean participar.<\/p>\n\n\n\n<figure class=\"wp-block-video\"><video height=\"360\" style=\"aspect-ratio: 720 \/ 360;\" width=\"720\" controls src=\"https:\/\/femexrobotica.org\/tmr2025\/wp-content\/uploads\/2023\/04\/10000000_177885594583631_6124117243694255165_n.mp4\"><\/video><figcaption class=\"wp-element-caption\">Equipo ganador del 1er lugar en <a href=\"https:\/\/www.facebook.com\/RobotsLimpiadoresDePlayaTMR?__cft__[0]=AZUa4NAG1ENXIqGArmvDsVmCEEgx342vfV3L5K-1qDQ8EaukYSVc7PJ6MUaxlGTzMtrzfpQqhuZzOdYnuIJJKm_UNl_IqTwbVxeKhEMmFZiTQ7Ac8t4FkC-sy2tlXvxxORdp9V6TKrVH-7lJ29rWgC6SCCA_qm8k_HpfDbZcyXzuVhsvGEiir1Vn7BIZJ4DrWzqU-_MCcLs1nNjx-WfNEETF&amp;__tn__=-]K-y-R\">Robots Limpia Playas TMR<\/a> 2022<\/figcaption><\/figure>\n\n\n\n<p><strong>MODALIDAD<\/strong><\/p>\n\n\n\n<p>Presencial.<\/p>\n\n\n\n<p><strong>REGLAS<\/strong><\/p>\n\n\n\n<div data-wp-interactive=\"core\/file\" class=\"wp-block-file\"><object data-wp-bind--hidden=\"!state.hasPdfPreview\" hidden class=\"wp-block-file__embed\" data=\"https:\/\/femexrobotica.org\/tmr2025\/wp-content\/uploads\/2025\/02\/Reglas_Robots-LimpiadoresV2.pdf\" type=\"application\/pdf\" style=\"width:100%;height:600px\" aria-label=\"Incrustado de Reglas_Robots-LimpiadoresV2.\"><\/object><a id=\"wp-block-file--media-b3b96958-d4df-4326-807e-a0e33da963ca\" href=\"https:\/\/femexrobotica.org\/tmr2025\/wp-content\/uploads\/2025\/02\/Reglas_Robots-LimpiadoresV2.pdf\">Reglas_Robots-LimpiadoresV2<\/a><a href=\"https:\/\/femexrobotica.org\/tmr2025\/wp-content\/uploads\/2025\/02\/Reglas_Robots-LimpiadoresV2.pdf\" class=\"wp-block-file__button wp-element-button\" download aria-describedby=\"wp-block-file--media-b3b96958-d4df-4326-807e-a0e33da963ca\">Descarga<\/a><\/div>\n\n\n\n<p>ESTE A\u00d1O LAS REGLAS CONTIENEN MODIFICACIONES RESPECTO A LAS EDICIONES ANTERIORES, EN BENEFICIO DEL DESARROLLO DE LA PRUEBA Y DE LA EXPERIENCIA Y APRENDIZAJE PARA LOS PARTICIPANTES. LAS REGLAS SE MANTIENEN B\u00c1SICAMENTE COMO LAS DEL A\u00d1O PASADO, con peque\u00f1as modificaciones en el puntaje para favorecer a los principiantes y la permanencia en la competencia. ADICIONALMENTE como respuesta al avance en el desempe\u00f1o destacado que han logrado algunos equipos, SE OFRECE LA OPCI\u00d3N DE SEPARACI\u00d3N DE RESIDUOS, como un reto que permita a los equipos que han alcanzado cierto nivel en sus robots continuar creciendo, pero sin obligar a todos los equipos a lograrlo. De esta manera se permite la convivencia de participantes de diferentes niveles, respetando el ritmo de evoluci\u00f3n de los robots, motivando a los m\u00e1s avanzados a resolver retos m\u00e1s complicados.<\/p>\n\n\n\n<p>Podr\u00e1n participar en el TMR 2025 &#8211; Categor\u00eda Robots Limpiadores de Playa &#8211; todos aquellos equipos que cumplan los requisitos de participaci\u00f3n y registro.&nbsp;&nbsp;<\/p>\n\n\n\n<p>Un equipo est\u00e1 conformado por un m\u00e1ximo de 6 participantes con espacio de trabajo y cada instituci\u00f3n puede registrar a m\u00e1ximo 2 equipos.&nbsp; Dentro de estos participantes, se debe nombrar a un capit\u00e1n quien ser\u00e1 el representante&nbsp; del equipo en las diferentes reuniones y otros eventos que solicite el jurado. Los profesores&nbsp; que acompa\u00f1an al equipo y que desean contar con un diploma que reconozca su&nbsp; participaci\u00f3n en el evento, pero que no requieren que se les asigne lugar en la mesa de&nbsp; trabajo del equipo, podr\u00e1n inscribirse como mentores, por lo cual no tendr\u00e1n acceso al \u00e1rea&nbsp; de trabajo.&nbsp;<\/p>\n\n\n\n<p><strong>Es requisito para participar presentar un cartel tanto en forma digital como&nbsp; impreso en tama\u00f1o doble carta durante la competencia y un reporte que resuma el dise\u00f1o, construcci\u00f3n y programaci\u00f3n del robot participante<\/strong>.&nbsp;<\/p>\n\n\n\n<p>Todos los equipos participantes recibir\u00e1n constancia de participaci\u00f3n en el TMR 2025 Categor\u00eda Robot Limpiador de Playa. Los equipos clasificados en los tres primeros lugares recibir\u00e1n adem\u00e1s diploma de ganadores.<\/p>\n\n\n\n<p>Los carteles digitales (formato png) de los equipos ser\u00e1n publicados en la p\u00e1gina https:\/\/www.facebook.com\/FeMexRobotica, donde participar\u00e1n en un concurso al mejor cartel a juicio de los seguidores de la p\u00e1gina.<\/p>\n\n\n\n<p><strong>Responsable de categor\u00eda:<\/strong><\/p>\n\n\n\n<p>Marcela Quiroz Castellanos<\/p>\n\n\n\n<p>email: <a href=\"mailto:maquiroz@uv.mx\">maquiroz@uv.mx<\/a><\/p>\n\n\n\n<p>Carlos Rub\u00e9n de la Mora<\/p>\n\n\n\n<p>email: <a href=\"mailto:carlosvub@hotmail.com\">carlosvub@hotmail.com<\/a><\/p>\n\n\n\n<p><strong>Responsable local:<\/strong><\/p>\n\n\n\n<p>Martha Guadalupe Rios Mereles<\/p>\n\n\n\n<p>email: <a href=\"aportilla@ipn.mx\">marg.riosmereles@gmail.com<\/a><\/p>\n\n\n\n<p><\/p>\n","protected":false},"excerpt":{"rendered":"<p>INFORMACI\u00d3N GENERAL Las playas se encuentran a la suerte de diversos fen\u00f3menos naturales, como las mareas y los huracanes, modificando y permitiendo diversos entornos biol\u00f3gicos. Esta manera natural de permitir la vida est\u00e1 cada vez m\u00e1s marcada por la acci\u00f3n humana, como la generaci\u00f3n y mal manejo de la basura, generaci\u00f3n de residuos reciclables que [&hellip;]<\/p>\n","protected":false},"author":1,"featured_media":0,"parent":0,"menu_order":0,"comment_status":"closed","ping_status":"closed","template":"","meta":{"footnotes":""},"class_list":["post-249","page","type-page","status-publish","hentry"],"yoast_head":"<!-- This site is optimized with the Yoast SEO plugin v25.0 - https:\/\/yoast.com\/wordpress\/plugins\/seo\/ -->\n<title>Robots Limpiadores de Playa -<\/title>\n<meta name=\"robots\" content=\"index, follow, max-snippet:-1, max-image-preview:large, max-video-preview:-1\" \/>\n<link rel=\"canonical\" href=\"https:\/\/femexrobotica.org\/tmr2025\/robots-limpiadores-de-playa\/\" \/>\n<meta property=\"og:locale\" content=\"es_MX\" \/>\n<meta property=\"og:type\" content=\"article\" \/>\n<meta property=\"og:title\" content=\"Robots Limpiadores de Playa -\" \/>\n<meta property=\"og:description\" content=\"INFORMACI\u00d3N GENERAL Las playas se encuentran a la suerte de diversos fen\u00f3menos naturales, como las mareas y los huracanes, modificando y permitiendo diversos entornos biol\u00f3gicos. Esta manera natural de permitir la vida est\u00e1 cada vez m\u00e1s marcada por la acci\u00f3n humana, como la generaci\u00f3n y mal manejo de la basura, generaci\u00f3n de residuos reciclables que [&hellip;]\" \/>\n<meta property=\"og:url\" content=\"https:\/\/femexrobotica.org\/tmr2025\/robots-limpiadores-de-playa\/\" \/>\n<meta property=\"article:modified_time\" content=\"2025-02-26T03:16:17+00:00\" \/>\n<meta property=\"og:image\" content=\"https:\/\/femexrobotica.org\/tmr2025\/wp-content\/uploads\/2025\/01\/WhatsApp-Image-2025-01-19-at-7.53.49-PM-1.jpeg\" \/>\n\t<meta property=\"og:image:width\" content=\"640\" \/>\n\t<meta property=\"og:image:height\" content=\"480\" \/>\n\t<meta property=\"og:image:type\" content=\"image\/jpeg\" \/>\n<meta name=\"twitter:card\" content=\"summary_large_image\" \/>\n<meta name=\"twitter:label1\" content=\"Tiempo de lectura\" \/>\n\t<meta name=\"twitter:data1\" content=\"4 minutos\" \/>\n<script type=\"application\/ld+json\" class=\"yoast-schema-graph\">{\"@context\":\"https:\/\/schema.org\",\"@graph\":[{\"@type\":\"WebPage\",\"@id\":\"https:\/\/femexrobotica.org\/tmr2025\/robots-limpiadores-de-playa\/\",\"url\":\"https:\/\/femexrobotica.org\/tmr2025\/robots-limpiadores-de-playa\/\",\"name\":\"Robots Limpiadores de Playa -\",\"isPartOf\":{\"@id\":\"https:\/\/femexrobotica.org\/tmr2025\/#website\"},\"primaryImageOfPage\":{\"@id\":\"https:\/\/femexrobotica.org\/tmr2025\/robots-limpiadores-de-playa\/#primaryimage\"},\"image\":{\"@id\":\"https:\/\/femexrobotica.org\/tmr2025\/robots-limpiadores-de-playa\/#primaryimage\"},\"thumbnailUrl\":\"https:\/\/femexrobotica.org\/tmr2025\/wp-content\/uploads\/2025\/01\/WhatsApp-Image-2025-01-19-at-7.53.49-PM-1.jpeg\",\"datePublished\":\"2022-12-04T00:23:14+00:00\",\"dateModified\":\"2025-02-26T03:16:17+00:00\",\"breadcrumb\":{\"@id\":\"https:\/\/femexrobotica.org\/tmr2025\/robots-limpiadores-de-playa\/#breadcrumb\"},\"inLanguage\":\"es\",\"potentialAction\":[{\"@type\":\"ReadAction\",\"target\":[\"https:\/\/femexrobotica.org\/tmr2025\/robots-limpiadores-de-playa\/\"]}]},{\"@type\":\"ImageObject\",\"inLanguage\":\"es\",\"@id\":\"https:\/\/femexrobotica.org\/tmr2025\/robots-limpiadores-de-playa\/#primaryimage\",\"url\":\"https:\/\/femexrobotica.org\/tmr2025\/wp-content\/uploads\/2025\/01\/WhatsApp-Image-2025-01-19-at-7.53.49-PM-1.jpeg\",\"contentUrl\":\"https:\/\/femexrobotica.org\/tmr2025\/wp-content\/uploads\/2025\/01\/WhatsApp-Image-2025-01-19-at-7.53.49-PM-1.jpeg\",\"width\":640,\"height\":480},{\"@type\":\"BreadcrumbList\",\"@id\":\"https:\/\/femexrobotica.org\/tmr2025\/robots-limpiadores-de-playa\/#breadcrumb\",\"itemListElement\":[{\"@type\":\"ListItem\",\"position\":1,\"name\":\"Inicio\",\"item\":\"https:\/\/femexrobotica.org\/tmr2025\/en\/torneo-mexicano-de-robotica\/\"},{\"@type\":\"ListItem\",\"position\":2,\"name\":\"Robots Limpiadores de Playa\"}]},{\"@type\":\"WebSite\",\"@id\":\"https:\/\/femexrobotica.org\/tmr2025\/#website\",\"url\":\"https:\/\/femexrobotica.org\/tmr2025\/\",\"name\":\"\",\"description\":\"\",\"potentialAction\":[{\"@type\":\"SearchAction\",\"target\":{\"@type\":\"EntryPoint\",\"urlTemplate\":\"https:\/\/femexrobotica.org\/tmr2025\/?s={search_term_string}\"},\"query-input\":{\"@type\":\"PropertyValueSpecification\",\"valueRequired\":true,\"valueName\":\"search_term_string\"}}],\"inLanguage\":\"es\"}]}<\/script>\n<!-- \/ Yoast SEO plugin. -->","yoast_head_json":{"title":"Robots Limpiadores de Playa -","robots":{"index":"index","follow":"follow","max-snippet":"max-snippet:-1","max-image-preview":"max-image-preview:large","max-video-preview":"max-video-preview:-1"},"canonical":"https:\/\/femexrobotica.org\/tmr2025\/robots-limpiadores-de-playa\/","og_locale":"es_MX","og_type":"article","og_title":"Robots Limpiadores de Playa -","og_description":"INFORMACI\u00d3N GENERAL Las playas se encuentran a la suerte de diversos fen\u00f3menos naturales, como las mareas y los huracanes, modificando y permitiendo diversos entornos biol\u00f3gicos. Esta manera natural de permitir la vida est\u00e1 cada vez m\u00e1s marcada por la acci\u00f3n humana, como la generaci\u00f3n y mal manejo de la basura, generaci\u00f3n de residuos reciclables que [&hellip;]","og_url":"https:\/\/femexrobotica.org\/tmr2025\/robots-limpiadores-de-playa\/","article_modified_time":"2025-02-26T03:16:17+00:00","og_image":[{"width":640,"height":480,"url":"https:\/\/femexrobotica.org\/tmr2025\/wp-content\/uploads\/2025\/01\/WhatsApp-Image-2025-01-19-at-7.53.49-PM-1.jpeg","type":"image\/jpeg"}],"twitter_card":"summary_large_image","twitter_misc":{"Tiempo de lectura":"4 minutos"},"schema":{"@context":"https:\/\/schema.org","@graph":[{"@type":"WebPage","@id":"https:\/\/femexrobotica.org\/tmr2025\/robots-limpiadores-de-playa\/","url":"https:\/\/femexrobotica.org\/tmr2025\/robots-limpiadores-de-playa\/","name":"Robots Limpiadores de Playa -","isPartOf":{"@id":"https:\/\/femexrobotica.org\/tmr2025\/#website"},"primaryImageOfPage":{"@id":"https:\/\/femexrobotica.org\/tmr2025\/robots-limpiadores-de-playa\/#primaryimage"},"image":{"@id":"https:\/\/femexrobotica.org\/tmr2025\/robots-limpiadores-de-playa\/#primaryimage"},"thumbnailUrl":"https:\/\/femexrobotica.org\/tmr2025\/wp-content\/uploads\/2025\/01\/WhatsApp-Image-2025-01-19-at-7.53.49-PM-1.jpeg","datePublished":"2022-12-04T00:23:14+00:00","dateModified":"2025-02-26T03:16:17+00:00","breadcrumb":{"@id":"https:\/\/femexrobotica.org\/tmr2025\/robots-limpiadores-de-playa\/#breadcrumb"},"inLanguage":"es","potentialAction":[{"@type":"ReadAction","target":["https:\/\/femexrobotica.org\/tmr2025\/robots-limpiadores-de-playa\/"]}]},{"@type":"ImageObject","inLanguage":"es","@id":"https:\/\/femexrobotica.org\/tmr2025\/robots-limpiadores-de-playa\/#primaryimage","url":"https:\/\/femexrobotica.org\/tmr2025\/wp-content\/uploads\/2025\/01\/WhatsApp-Image-2025-01-19-at-7.53.49-PM-1.jpeg","contentUrl":"https:\/\/femexrobotica.org\/tmr2025\/wp-content\/uploads\/2025\/01\/WhatsApp-Image-2025-01-19-at-7.53.49-PM-1.jpeg","width":640,"height":480},{"@type":"BreadcrumbList","@id":"https:\/\/femexrobotica.org\/tmr2025\/robots-limpiadores-de-playa\/#breadcrumb","itemListElement":[{"@type":"ListItem","position":1,"name":"Inicio","item":"https:\/\/femexrobotica.org\/tmr2025\/en\/torneo-mexicano-de-robotica\/"},{"@type":"ListItem","position":2,"name":"Robots Limpiadores de Playa"}]},{"@type":"WebSite","@id":"https:\/\/femexrobotica.org\/tmr2025\/#website","url":"https:\/\/femexrobotica.org\/tmr2025\/","name":"","description":"","potentialAction":[{"@type":"SearchAction","target":{"@type":"EntryPoint","urlTemplate":"https:\/\/femexrobotica.org\/tmr2025\/?s={search_term_string}"},"query-input":{"@type":"PropertyValueSpecification","valueRequired":true,"valueName":"search_term_string"}}],"inLanguage":"es"}]}},"_links":{"self":[{"href":"https:\/\/femexrobotica.org\/tmr2025\/wp-json\/wp\/v2\/pages\/249","targetHints":{"allow":["GET"]}}],"collection":[{"href":"https:\/\/femexrobotica.org\/tmr2025\/wp-json\/wp\/v2\/pages"}],"about":[{"href":"https:\/\/femexrobotica.org\/tmr2025\/wp-json\/wp\/v2\/types\/page"}],"author":[{"embeddable":true,"href":"https:\/\/femexrobotica.org\/tmr2025\/wp-json\/wp\/v2\/users\/1"}],"replies":[{"embeddable":true,"href":"https:\/\/femexrobotica.org\/tmr2025\/wp-json\/wp\/v2\/comments?post=249"}],"version-history":[{"count":23,"href":"https:\/\/femexrobotica.org\/tmr2025\/wp-json\/wp\/v2\/pages\/249\/revisions"}],"predecessor-version":[{"id":3831,"href":"https:\/\/femexrobotica.org\/tmr2025\/wp-json\/wp\/v2\/pages\/249\/revisions\/3831"}],"wp:attachment":[{"href":"https:\/\/femexrobotica.org\/tmr2025\/wp-json\/wp\/v2\/media?parent=249"}],"curies":[{"name":"wp","href":"https:\/\/api.w.org\/{rel}","templated":true}]}}