{"id":233,"date":"2022-12-04T00:19:09","date_gmt":"2022-12-04T00:19:09","guid":{"rendered":"https:\/\/femexrobotica.org\/tmr2023\/?page_id=233"},"modified":"2025-03-13T13:09:52","modified_gmt":"2025-03-13T19:09:52","slug":"humanoid-kidsize","status":"publish","type":"page","link":"https:\/\/femexrobotica.org\/tmr2025\/humanoid-kidsize\/","title":{"rendered":"Robocup Humanoid League Kid Size"},"content":{"rendered":"\n<p><figure class=\"wp-block-pullquote\"><blockquote><p> Las categor\u00edas Kid Size y SPL competir\u00e1n como una sola categor\u00eda y el Dr. Oscar Carbajal fungir\u00e1 como responsable t\u00e9cnico. En el sistema de registro la categor\u00eda aparecer\u00e1 como Robocup Humanoid Kid Size &#038; SPL <br>  <\/p><\/blockquote><\/figure><\/p>\n\n\n\n<figure class=\"wp-block-image size-full\"><img loading=\"lazy\" decoding=\"async\" width=\"1024\" height=\"403\" src=\"https:\/\/femexrobotica.org\/tmr2025\/wp-content\/uploads\/2022\/12\/image-45.png\" alt=\"\" class=\"wp-image-234\" srcset=\"https:\/\/femexrobotica.org\/tmr2025\/wp-content\/uploads\/2022\/12\/image-45.png 1024w, https:\/\/femexrobotica.org\/tmr2025\/wp-content\/uploads\/2022\/12\/image-45-300x118.png 300w, https:\/\/femexrobotica.org\/tmr2025\/wp-content\/uploads\/2022\/12\/image-45-768x302.png 768w\" sizes=\"auto, (max-width: 1024px) 100vw, 1024px\" \/><\/figure>\n\n\n\n<p class=\"textojustificado\"><strong>Descripci\u00f3n general<\/strong><\/p>\n\n\n\n<p class=\"textojustificado\">El objetivo de la iniciativa internacional RoboCup es desarrollar un equipo de robots humanoides que sea capaz de ganar contra el equipo humano oficial campe\u00f3n mundial de f\u00fatbol hasta 2050. En cierto sentido, el desaf\u00edo RoboCup es el sucesor del desaf\u00edo de ajedrez para la inteligencia artificial (una computadora vencer al Campe\u00f3n Mundial de Ajedrez humano) que se resolvi\u00f3 en 1997 cuando Deep Blue gan\u00f3 contra Garry Kasparow. Actualmente, existen varias ligas de f\u00fatbol RoboCup diferentes que se enfocan en diferentes aspectos de este desaf\u00edo. La Liga Humanoide es una de las ligas de progreso m\u00e1s din\u00e1micas y la m\u00e1s cercana a la meta de 2050.<\/p>\n\n\n\n<p class=\"textojustificado\"><strong>Acerca de Humanoid KidSize<\/strong><\/p>\n\n\n\n<p class=\"textojustificado\">En la Humanoid League, los robots aut\u00f3nomos con un cuerpo similar al humano y sentidos similares a los humanos juegan f\u00fatbol unos contra otros. A diferencia de los robots humanoides fuera de la Humanoid League, la tarea de percepci\u00f3n y modelado del mundo no se simplifica mediante el uso de sensores de rango no humanos. Adem\u00e1s de las competencias de f\u00fatbol se realizan desaf\u00edos t\u00e9cnicos. Caminar, correr y patear la pelota de forma din\u00e1mica mientras se mantiene el equilibrio, la percepci\u00f3n visual de la pelota, de otros jugadores y del campo, la auto localizaci\u00f3n y el juego en equipo son algunos de los muchos temas de investigaci\u00f3n investigados en Humanoid League. Varios de los mejores robots humanoides aut\u00f3nomos del mundo compiten en la RoboCup Humanoid League.<\/p>\n\n\n\n<p><\/p>\n\n\n\n<p><strong>Modalidad<\/strong><br>Presencial<\/p>\n\n\n\n<p><\/p>\n\n\n\n<p><strong>Reglas<\/strong><br><a href=\"https:\/\/humanoid.robocup.org\/materials\/rules\/\">https:\/\/humanoid.robocup.org\/materials\/rules\/<\/a><br>En caso de no contar con el n\u00famero suficiente de equipos participantes se realizar\u00e1 un partido de exhibici\u00f3n, el formato del partido ser\u00e1 establecido en acuerdo com\u00fan de los participantes.<\/p>\n\n\n\n<p><\/p>\n\n\n\n<p><strong>Restricciones<\/strong><br>Ninguna<\/p>\n\n\n\n<p><\/p>\n\n\n\n<p><strong>Responsable t\u00e9cnico:<\/strong><\/p>\n\n\n\n<p>Oscar Carbajal Espinosa<br>email: <a href=\"mailto:oscar.carbajal@tec.mx\">oscar.carbajal@tec.mx<\/a><\/p>\n\n\n\n<p><strong>Responsable local:<\/strong><\/p>\n\n\n\n<p>Jes\u00fas Santiago De La Cruz L\u00f3pez<br>email: <a href=\"Santiagodlcruz21@gmail.com\">Santiagodlcruz21@gmail.com<\/a><\/p>\n\n\n\n<p><\/p>\n\n\n\n<p><\/p>\n","protected":false},"excerpt":{"rendered":"<p>Las categor\u00edas Kid Size y SPL competir\u00e1n como una sola categor\u00eda y el Dr. Oscar Carbajal fungir\u00e1 como responsable t\u00e9cnico. En el sistema de registro la categor\u00eda aparecer\u00e1 como Robocup Humanoid Kid Size &#038; SPL Descripci\u00f3n general El objetivo de la iniciativa internacional RoboCup es desarrollar un equipo de robots humanoides que sea capaz de [&hellip;]<\/p>\n","protected":false},"author":1,"featured_media":0,"parent":0,"menu_order":0,"comment_status":"closed","ping_status":"closed","template":"","meta":{"footnotes":""},"class_list":["post-233","page","type-page","status-publish","hentry"],"yoast_head":"<!-- This site is optimized with the Yoast SEO plugin v25.0 - https:\/\/yoast.com\/wordpress\/plugins\/seo\/ -->\n<title>Robocup Humanoid League Kid Size -<\/title>\n<meta name=\"robots\" content=\"index, follow, max-snippet:-1, max-image-preview:large, max-video-preview:-1\" \/>\n<link rel=\"canonical\" href=\"https:\/\/femexrobotica.org\/tmr2025\/humanoid-kidsize\/\" \/>\n<meta property=\"og:locale\" content=\"es_MX\" \/>\n<meta property=\"og:type\" content=\"article\" \/>\n<meta property=\"og:title\" content=\"Robocup Humanoid League Kid Size -\" \/>\n<meta property=\"og:description\" content=\"Las categor\u00edas Kid Size y SPL competir\u00e1n como una sola categor\u00eda y el Dr. Oscar Carbajal fungir\u00e1 como responsable t\u00e9cnico. En el sistema de registro la categor\u00eda aparecer\u00e1 como Robocup Humanoid Kid Size &#038; SPL Descripci\u00f3n general El objetivo de la iniciativa internacional RoboCup es desarrollar un equipo de robots humanoides que sea capaz de [&hellip;]\" \/>\n<meta property=\"og:url\" content=\"https:\/\/femexrobotica.org\/tmr2025\/humanoid-kidsize\/\" \/>\n<meta property=\"article:modified_time\" content=\"2025-03-13T19:09:52+00:00\" \/>\n<meta property=\"og:image\" content=\"https:\/\/femexrobotica.org\/tmr2025\/wp-content\/uploads\/2022\/12\/image-45.png\" \/>\n\t<meta property=\"og:image:width\" content=\"1024\" \/>\n\t<meta property=\"og:image:height\" content=\"403\" \/>\n\t<meta property=\"og:image:type\" content=\"image\/png\" \/>\n<meta name=\"twitter:card\" content=\"summary_large_image\" \/>\n<meta name=\"twitter:label1\" content=\"Tiempo de lectura\" \/>\n\t<meta name=\"twitter:data1\" content=\"2 minutos\" \/>\n<script type=\"application\/ld+json\" class=\"yoast-schema-graph\">{\"@context\":\"https:\/\/schema.org\",\"@graph\":[{\"@type\":\"WebPage\",\"@id\":\"https:\/\/femexrobotica.org\/tmr2025\/humanoid-kidsize\/\",\"url\":\"https:\/\/femexrobotica.org\/tmr2025\/humanoid-kidsize\/\",\"name\":\"Robocup Humanoid League Kid Size -\",\"isPartOf\":{\"@id\":\"https:\/\/femexrobotica.org\/tmr2025\/#website\"},\"primaryImageOfPage\":{\"@id\":\"https:\/\/femexrobotica.org\/tmr2025\/humanoid-kidsize\/#primaryimage\"},\"image\":{\"@id\":\"https:\/\/femexrobotica.org\/tmr2025\/humanoid-kidsize\/#primaryimage\"},\"thumbnailUrl\":\"https:\/\/femexrobotica.org\/tmr2025\/wp-content\/uploads\/2022\/12\/image-45.png\",\"datePublished\":\"2022-12-04T00:19:09+00:00\",\"dateModified\":\"2025-03-13T19:09:52+00:00\",\"breadcrumb\":{\"@id\":\"https:\/\/femexrobotica.org\/tmr2025\/humanoid-kidsize\/#breadcrumb\"},\"inLanguage\":\"es\",\"potentialAction\":[{\"@type\":\"ReadAction\",\"target\":[\"https:\/\/femexrobotica.org\/tmr2025\/humanoid-kidsize\/\"]}]},{\"@type\":\"ImageObject\",\"inLanguage\":\"es\",\"@id\":\"https:\/\/femexrobotica.org\/tmr2025\/humanoid-kidsize\/#primaryimage\",\"url\":\"https:\/\/femexrobotica.org\/tmr2025\/wp-content\/uploads\/2022\/12\/image-45.png\",\"contentUrl\":\"https:\/\/femexrobotica.org\/tmr2025\/wp-content\/uploads\/2022\/12\/image-45.png\",\"width\":1024,\"height\":403},{\"@type\":\"BreadcrumbList\",\"@id\":\"https:\/\/femexrobotica.org\/tmr2025\/humanoid-kidsize\/#breadcrumb\",\"itemListElement\":[{\"@type\":\"ListItem\",\"position\":1,\"name\":\"Inicio\",\"item\":\"https:\/\/femexrobotica.org\/tmr2025\/en\/torneo-mexicano-de-robotica\/\"},{\"@type\":\"ListItem\",\"position\":2,\"name\":\"Robocup Humanoid League Kid Size\"}]},{\"@type\":\"WebSite\",\"@id\":\"https:\/\/femexrobotica.org\/tmr2025\/#website\",\"url\":\"https:\/\/femexrobotica.org\/tmr2025\/\",\"name\":\"\",\"description\":\"\",\"potentialAction\":[{\"@type\":\"SearchAction\",\"target\":{\"@type\":\"EntryPoint\",\"urlTemplate\":\"https:\/\/femexrobotica.org\/tmr2025\/?s={search_term_string}\"},\"query-input\":{\"@type\":\"PropertyValueSpecification\",\"valueRequired\":true,\"valueName\":\"search_term_string\"}}],\"inLanguage\":\"es\"}]}<\/script>\n<!-- \/ Yoast SEO plugin. -->","yoast_head_json":{"title":"Robocup Humanoid League Kid Size -","robots":{"index":"index","follow":"follow","max-snippet":"max-snippet:-1","max-image-preview":"max-image-preview:large","max-video-preview":"max-video-preview:-1"},"canonical":"https:\/\/femexrobotica.org\/tmr2025\/humanoid-kidsize\/","og_locale":"es_MX","og_type":"article","og_title":"Robocup Humanoid League Kid Size -","og_description":"Las categor\u00edas Kid Size y SPL competir\u00e1n como una sola categor\u00eda y el Dr. Oscar Carbajal fungir\u00e1 como responsable t\u00e9cnico. En el sistema de registro la categor\u00eda aparecer\u00e1 como Robocup Humanoid Kid Size &#038; SPL Descripci\u00f3n general El objetivo de la iniciativa internacional RoboCup es desarrollar un equipo de robots humanoides que sea capaz de [&hellip;]","og_url":"https:\/\/femexrobotica.org\/tmr2025\/humanoid-kidsize\/","article_modified_time":"2025-03-13T19:09:52+00:00","og_image":[{"width":1024,"height":403,"url":"https:\/\/femexrobotica.org\/tmr2025\/wp-content\/uploads\/2022\/12\/image-45.png","type":"image\/png"}],"twitter_card":"summary_large_image","twitter_misc":{"Tiempo de lectura":"2 minutos"},"schema":{"@context":"https:\/\/schema.org","@graph":[{"@type":"WebPage","@id":"https:\/\/femexrobotica.org\/tmr2025\/humanoid-kidsize\/","url":"https:\/\/femexrobotica.org\/tmr2025\/humanoid-kidsize\/","name":"Robocup Humanoid League Kid Size -","isPartOf":{"@id":"https:\/\/femexrobotica.org\/tmr2025\/#website"},"primaryImageOfPage":{"@id":"https:\/\/femexrobotica.org\/tmr2025\/humanoid-kidsize\/#primaryimage"},"image":{"@id":"https:\/\/femexrobotica.org\/tmr2025\/humanoid-kidsize\/#primaryimage"},"thumbnailUrl":"https:\/\/femexrobotica.org\/tmr2025\/wp-content\/uploads\/2022\/12\/image-45.png","datePublished":"2022-12-04T00:19:09+00:00","dateModified":"2025-03-13T19:09:52+00:00","breadcrumb":{"@id":"https:\/\/femexrobotica.org\/tmr2025\/humanoid-kidsize\/#breadcrumb"},"inLanguage":"es","potentialAction":[{"@type":"ReadAction","target":["https:\/\/femexrobotica.org\/tmr2025\/humanoid-kidsize\/"]}]},{"@type":"ImageObject","inLanguage":"es","@id":"https:\/\/femexrobotica.org\/tmr2025\/humanoid-kidsize\/#primaryimage","url":"https:\/\/femexrobotica.org\/tmr2025\/wp-content\/uploads\/2022\/12\/image-45.png","contentUrl":"https:\/\/femexrobotica.org\/tmr2025\/wp-content\/uploads\/2022\/12\/image-45.png","width":1024,"height":403},{"@type":"BreadcrumbList","@id":"https:\/\/femexrobotica.org\/tmr2025\/humanoid-kidsize\/#breadcrumb","itemListElement":[{"@type":"ListItem","position":1,"name":"Inicio","item":"https:\/\/femexrobotica.org\/tmr2025\/en\/torneo-mexicano-de-robotica\/"},{"@type":"ListItem","position":2,"name":"Robocup Humanoid League Kid Size"}]},{"@type":"WebSite","@id":"https:\/\/femexrobotica.org\/tmr2025\/#website","url":"https:\/\/femexrobotica.org\/tmr2025\/","name":"","description":"","potentialAction":[{"@type":"SearchAction","target":{"@type":"EntryPoint","urlTemplate":"https:\/\/femexrobotica.org\/tmr2025\/?s={search_term_string}"},"query-input":{"@type":"PropertyValueSpecification","valueRequired":true,"valueName":"search_term_string"}}],"inLanguage":"es"}]}},"_links":{"self":[{"href":"https:\/\/femexrobotica.org\/tmr2025\/wp-json\/wp\/v2\/pages\/233","targetHints":{"allow":["GET"]}}],"collection":[{"href":"https:\/\/femexrobotica.org\/tmr2025\/wp-json\/wp\/v2\/pages"}],"about":[{"href":"https:\/\/femexrobotica.org\/tmr2025\/wp-json\/wp\/v2\/types\/page"}],"author":[{"embeddable":true,"href":"https:\/\/femexrobotica.org\/tmr2025\/wp-json\/wp\/v2\/users\/1"}],"replies":[{"embeddable":true,"href":"https:\/\/femexrobotica.org\/tmr2025\/wp-json\/wp\/v2\/comments?post=233"}],"version-history":[{"count":15,"href":"https:\/\/femexrobotica.org\/tmr2025\/wp-json\/wp\/v2\/pages\/233\/revisions"}],"predecessor-version":[{"id":3964,"href":"https:\/\/femexrobotica.org\/tmr2025\/wp-json\/wp\/v2\/pages\/233\/revisions\/3964"}],"wp:attachment":[{"href":"https:\/\/femexrobotica.org\/tmr2025\/wp-json\/wp\/v2\/media?parent=233"}],"curies":[{"name":"wp","href":"https:\/\/api.w.org\/{rel}","templated":true}]}}