{"id":2300,"date":"2024-03-24T21:44:40","date_gmt":"2024-03-24T21:44:40","guid":{"rendered":"https:\/\/femexrobotica.org\/tmr2024\/?page_id=2300"},"modified":"2024-11-25T19:12:27","modified_gmt":"2024-11-26T01:12:27","slug":"distribucion-de-areas-tmr-2024","status":"publish","type":"page","link":"https:\/\/femexrobotica.org\/tmr2025\/distribucion-de-areas-tmr-2024\/","title":{"rendered":"Distribuci\u00f3n de \u00e1reas TMR 2025"},"content":{"rendered":"\n<p><strong>Universidad Aut\u00f3noma Metropolitana, Unidad Iztapalapa.<\/strong><\/p>\n\n\n\n<p>Av. San Rafael Atlixco 186, Leyes de Reforma 1ra Secc, Iztapalapa, 09340 Ciudad de M\u00e9xico, CDMX<\/p>\n\n\n\n<figure class=\"wp-block-image size-large is-resized\"><img loading=\"lazy\" decoding=\"async\" width=\"1024\" height=\"759\" src=\"https:\/\/femexrobotica.org\/tmr2025temp\/wp-content\/uploads\/2024\/11\/mapa_unidad-1024x759.webp\" alt=\"\" class=\"wp-image-2510\" style=\"aspect-ratio:1;width:840px;height:auto\" srcset=\"https:\/\/femexrobotica.org\/tmr2025\/wp-content\/uploads\/2024\/11\/mapa_unidad-1024x759.webp 1024w, https:\/\/femexrobotica.org\/tmr2025\/wp-content\/uploads\/2024\/11\/mapa_unidad-300x222.webp 300w, https:\/\/femexrobotica.org\/tmr2025\/wp-content\/uploads\/2024\/11\/mapa_unidad-768x569.webp 768w, https:\/\/femexrobotica.org\/tmr2025\/wp-content\/uploads\/2024\/11\/mapa_unidad-1536x1138.webp 1536w, https:\/\/femexrobotica.org\/tmr2025\/wp-content\/uploads\/2024\/11\/mapa_unidad-2048x1518.webp 2048w\" sizes=\"auto, (max-width: 1024px) 100vw, 1024px\" \/><\/figure>\n\n\n\n<h2 class=\"wp-block-heading\">Distribuci\u00f3n de \u00e1reas por categor\u00eda<\/h2>\n\n\n\n<p><\/p>\n\n\n\n<h2 class=\"wp-block-heading\">* <\/h2>\n\n\n\n<p>**<br>1.- RoboCupJunior Soccer Lightweight<br>2.- RoboCupJuniorSoccer Open<br>3.- RoboCupJunior Onstage Primary<br>4.- RoboCupJunior Onstage<br>5.- Kids Challenge<br>6.- Roboline Kids<\/p>\n\n\n\n<p>*<br>7.- Limpiadores de playa<br>8.- Robocup Rescue Robot<\/p>\n\n\n\n<p>**<br>9.- Robocup At Home<br>10.- Robocup At Home Beginners<\/p>\n\n\n\n<h2 class=\"wp-block-heading\">*<\/h2>\n\n\n\n<p>**<\/p>\n\n\n\n<p>11.- RoboCupJunior Rescue Line Primary<br>12.- RoboCupJunior Rescue Line<br>13.- RoboCupJunior Rescue Maze<br>14.- Robocup Rapidly Manufactured Robot Challenge<\/p>\n\n\n\n<h2 class=\"wp-block-heading\">*<\/h2>\n\n\n\n<p>**<\/p>\n\n\n\n<p>15.- Robocup Standard Platform League<br>16.- Robocup Humanoid kidsize<br>17.- Automodel car<\/p>\n\n\n\n<h2 class=\"wp-block-heading\">*<\/h2>\n\n\n\n<p>**<br>18.- Drones Aut\u00f3nomos<br>19.- LARC VSSS<br>20.- LARC Open<br>21.- LARC SEK<br>22.- Rovers Junior<br>23.- Rovers<\/p>\n\n\n\n<hr class=\"wp-block-separator has-alpha-channel-opacity\"\/>\n\n\n\n<p>* Edificio por definir<\/p>\n\n\n\n<p>** Espacios por definir<\/p>\n\n\n\n<p>La siguiente ventana muestra la ubicaci\u00f3n de la unidad en Google Maps.<\/p>\n\n\n\n<iframe src=\"https:\/\/www.google.com\/maps\/embed?pb=!1m18!1m12!1m3!1d3636.721518292497!2d-99.07532078200056!3d19.362491700000003!2m3!1f0!2f0!3f0!3m2!1i1024!2i768!4f13.1!3m3!1m2!1s0x85d1fd969aa63713%3A0x50f67709158ffdf4!2sUniversidad%20Aut%C3%B3noma%20Metropolitana%20Unidad%20Iztapalapa!5e1!3m2!1ses-419!2smx!4v1732582595740!5m2!1ses-419!2smx\" width=\"800\" height=\"600\" style=\"border:0;\" allowfullscreen=\"\" loading=\"lazy\" referrerpolicy=\"no-referrer-when-downgrade\"><\/iframe>\n","protected":false},"excerpt":{"rendered":"<p>Universidad Aut\u00f3noma Metropolitana, Unidad Iztapalapa. Av. San Rafael Atlixco 186, Leyes de Reforma 1ra Secc, Iztapalapa, 09340 Ciudad de M\u00e9xico, CDMX Distribuci\u00f3n de \u00e1reas por categor\u00eda * **1.- RoboCupJunior Soccer Lightweight2.- RoboCupJuniorSoccer Open3.- RoboCupJunior Onstage Primary4.- RoboCupJunior Onstage5.- Kids Challenge6.- Roboline Kids *7.- Limpiadores de playa8.- Robocup Rescue Robot **9.- Robocup At Home10.- Robocup At [&hellip;]<\/p>\n","protected":false},"author":4,"featured_media":0,"parent":0,"menu_order":0,"comment_status":"closed","ping_status":"closed","template":"","meta":{"footnotes":""},"class_list":["post-2300","page","type-page","status-publish","hentry"],"yoast_head":"<!-- This site is optimized with the Yoast SEO plugin v25.0 - https:\/\/yoast.com\/wordpress\/plugins\/seo\/ -->\n<title>Distribuci\u00f3n de \u00e1reas TMR 2025 -<\/title>\n<meta name=\"robots\" content=\"index, follow, max-snippet:-1, max-image-preview:large, max-video-preview:-1\" \/>\n<link rel=\"canonical\" href=\"https:\/\/femexrobotica.org\/tmr2025\/distribucion-de-areas-tmr-2024\/\" \/>\n<meta property=\"og:locale\" content=\"es_MX\" \/>\n<meta property=\"og:type\" content=\"article\" \/>\n<meta property=\"og:title\" content=\"Distribuci\u00f3n de \u00e1reas TMR 2025 -\" \/>\n<meta property=\"og:description\" content=\"Universidad Aut\u00f3noma Metropolitana, Unidad Iztapalapa. Av. San Rafael Atlixco 186, Leyes de Reforma 1ra Secc, Iztapalapa, 09340 Ciudad de M\u00e9xico, CDMX Distribuci\u00f3n de \u00e1reas por categor\u00eda * **1.- RoboCupJunior Soccer Lightweight2.- RoboCupJuniorSoccer Open3.- RoboCupJunior Onstage Primary4.- RoboCupJunior Onstage5.- Kids Challenge6.- Roboline Kids *7.- Limpiadores de playa8.- Robocup Rescue Robot **9.- Robocup At Home10.- Robocup At [&hellip;]\" \/>\n<meta property=\"og:url\" content=\"https:\/\/femexrobotica.org\/tmr2025\/distribucion-de-areas-tmr-2024\/\" \/>\n<meta property=\"article:modified_time\" content=\"2024-11-26T01:12:27+00:00\" \/>\n<meta property=\"og:image\" content=\"https:\/\/femexrobotica.org\/tmr2025\/wp-content\/uploads\/2024\/11\/mapa_unidad-scaled.webp\" \/>\n\t<meta property=\"og:image:width\" content=\"2560\" \/>\n\t<meta property=\"og:image:height\" content=\"1897\" \/>\n\t<meta property=\"og:image:type\" content=\"image\/webp\" \/>\n<meta name=\"twitter:card\" content=\"summary_large_image\" \/>\n<meta name=\"twitter:label1\" content=\"Tiempo de lectura\" \/>\n\t<meta name=\"twitter:data1\" content=\"1 minuto\" \/>\n<script type=\"application\/ld+json\" class=\"yoast-schema-graph\">{\"@context\":\"https:\/\/schema.org\",\"@graph\":[{\"@type\":\"WebPage\",\"@id\":\"https:\/\/femexrobotica.org\/tmr2025\/distribucion-de-areas-tmr-2024\/\",\"url\":\"https:\/\/femexrobotica.org\/tmr2025\/distribucion-de-areas-tmr-2024\/\",\"name\":\"Distribuci\u00f3n de \u00e1reas TMR 2025 -\",\"isPartOf\":{\"@id\":\"https:\/\/femexrobotica.org\/tmr2025\/#website\"},\"primaryImageOfPage\":{\"@id\":\"https:\/\/femexrobotica.org\/tmr2025\/distribucion-de-areas-tmr-2024\/#primaryimage\"},\"image\":{\"@id\":\"https:\/\/femexrobotica.org\/tmr2025\/distribucion-de-areas-tmr-2024\/#primaryimage\"},\"thumbnailUrl\":\"https:\/\/femexrobotica.org\/tmr2025temp\/wp-content\/uploads\/2024\/11\/mapa_unidad-1024x759.webp\",\"datePublished\":\"2024-03-24T21:44:40+00:00\",\"dateModified\":\"2024-11-26T01:12:27+00:00\",\"breadcrumb\":{\"@id\":\"https:\/\/femexrobotica.org\/tmr2025\/distribucion-de-areas-tmr-2024\/#breadcrumb\"},\"inLanguage\":\"es\",\"potentialAction\":[{\"@type\":\"ReadAction\",\"target\":[\"https:\/\/femexrobotica.org\/tmr2025\/distribucion-de-areas-tmr-2024\/\"]}]},{\"@type\":\"ImageObject\",\"inLanguage\":\"es\",\"@id\":\"https:\/\/femexrobotica.org\/tmr2025\/distribucion-de-areas-tmr-2024\/#primaryimage\",\"url\":\"https:\/\/femexrobotica.org\/tmr2025\/wp-content\/uploads\/2024\/11\/mapa_unidad-scaled.webp\",\"contentUrl\":\"https:\/\/femexrobotica.org\/tmr2025\/wp-content\/uploads\/2024\/11\/mapa_unidad-scaled.webp\",\"width\":2560,\"height\":1897},{\"@type\":\"BreadcrumbList\",\"@id\":\"https:\/\/femexrobotica.org\/tmr2025\/distribucion-de-areas-tmr-2024\/#breadcrumb\",\"itemListElement\":[{\"@type\":\"ListItem\",\"position\":1,\"name\":\"Inicio\",\"item\":\"https:\/\/femexrobotica.org\/tmr2025\/en\/torneo-mexicano-de-robotica\/\"},{\"@type\":\"ListItem\",\"position\":2,\"name\":\"Distribuci\u00f3n de \u00e1reas TMR 2025\"}]},{\"@type\":\"WebSite\",\"@id\":\"https:\/\/femexrobotica.org\/tmr2025\/#website\",\"url\":\"https:\/\/femexrobotica.org\/tmr2025\/\",\"name\":\"\",\"description\":\"\",\"potentialAction\":[{\"@type\":\"SearchAction\",\"target\":{\"@type\":\"EntryPoint\",\"urlTemplate\":\"https:\/\/femexrobotica.org\/tmr2025\/?s={search_term_string}\"},\"query-input\":{\"@type\":\"PropertyValueSpecification\",\"valueRequired\":true,\"valueName\":\"search_term_string\"}}],\"inLanguage\":\"es\"}]}<\/script>\n<!-- \/ Yoast SEO plugin. -->","yoast_head_json":{"title":"Distribuci\u00f3n de \u00e1reas TMR 2025 -","robots":{"index":"index","follow":"follow","max-snippet":"max-snippet:-1","max-image-preview":"max-image-preview:large","max-video-preview":"max-video-preview:-1"},"canonical":"https:\/\/femexrobotica.org\/tmr2025\/distribucion-de-areas-tmr-2024\/","og_locale":"es_MX","og_type":"article","og_title":"Distribuci\u00f3n de \u00e1reas TMR 2025 -","og_description":"Universidad Aut\u00f3noma Metropolitana, Unidad Iztapalapa. Av. San Rafael Atlixco 186, Leyes de Reforma 1ra Secc, Iztapalapa, 09340 Ciudad de M\u00e9xico, CDMX Distribuci\u00f3n de \u00e1reas por categor\u00eda * **1.- RoboCupJunior Soccer Lightweight2.- RoboCupJuniorSoccer Open3.- RoboCupJunior Onstage Primary4.- RoboCupJunior Onstage5.- Kids Challenge6.- Roboline Kids *7.- Limpiadores de playa8.- Robocup Rescue Robot **9.- Robocup At Home10.- Robocup At [&hellip;]","og_url":"https:\/\/femexrobotica.org\/tmr2025\/distribucion-de-areas-tmr-2024\/","article_modified_time":"2024-11-26T01:12:27+00:00","og_image":[{"width":2560,"height":1897,"url":"https:\/\/femexrobotica.org\/tmr2025\/wp-content\/uploads\/2024\/11\/mapa_unidad-scaled.webp","type":"image\/webp"}],"twitter_card":"summary_large_image","twitter_misc":{"Tiempo de lectura":"1 minuto"},"schema":{"@context":"https:\/\/schema.org","@graph":[{"@type":"WebPage","@id":"https:\/\/femexrobotica.org\/tmr2025\/distribucion-de-areas-tmr-2024\/","url":"https:\/\/femexrobotica.org\/tmr2025\/distribucion-de-areas-tmr-2024\/","name":"Distribuci\u00f3n de \u00e1reas TMR 2025 -","isPartOf":{"@id":"https:\/\/femexrobotica.org\/tmr2025\/#website"},"primaryImageOfPage":{"@id":"https:\/\/femexrobotica.org\/tmr2025\/distribucion-de-areas-tmr-2024\/#primaryimage"},"image":{"@id":"https:\/\/femexrobotica.org\/tmr2025\/distribucion-de-areas-tmr-2024\/#primaryimage"},"thumbnailUrl":"https:\/\/femexrobotica.org\/tmr2025temp\/wp-content\/uploads\/2024\/11\/mapa_unidad-1024x759.webp","datePublished":"2024-03-24T21:44:40+00:00","dateModified":"2024-11-26T01:12:27+00:00","breadcrumb":{"@id":"https:\/\/femexrobotica.org\/tmr2025\/distribucion-de-areas-tmr-2024\/#breadcrumb"},"inLanguage":"es","potentialAction":[{"@type":"ReadAction","target":["https:\/\/femexrobotica.org\/tmr2025\/distribucion-de-areas-tmr-2024\/"]}]},{"@type":"ImageObject","inLanguage":"es","@id":"https:\/\/femexrobotica.org\/tmr2025\/distribucion-de-areas-tmr-2024\/#primaryimage","url":"https:\/\/femexrobotica.org\/tmr2025\/wp-content\/uploads\/2024\/11\/mapa_unidad-scaled.webp","contentUrl":"https:\/\/femexrobotica.org\/tmr2025\/wp-content\/uploads\/2024\/11\/mapa_unidad-scaled.webp","width":2560,"height":1897},{"@type":"BreadcrumbList","@id":"https:\/\/femexrobotica.org\/tmr2025\/distribucion-de-areas-tmr-2024\/#breadcrumb","itemListElement":[{"@type":"ListItem","position":1,"name":"Inicio","item":"https:\/\/femexrobotica.org\/tmr2025\/en\/torneo-mexicano-de-robotica\/"},{"@type":"ListItem","position":2,"name":"Distribuci\u00f3n de \u00e1reas TMR 2025"}]},{"@type":"WebSite","@id":"https:\/\/femexrobotica.org\/tmr2025\/#website","url":"https:\/\/femexrobotica.org\/tmr2025\/","name":"","description":"","potentialAction":[{"@type":"SearchAction","target":{"@type":"EntryPoint","urlTemplate":"https:\/\/femexrobotica.org\/tmr2025\/?s={search_term_string}"},"query-input":{"@type":"PropertyValueSpecification","valueRequired":true,"valueName":"search_term_string"}}],"inLanguage":"es"}]}},"_links":{"self":[{"href":"https:\/\/femexrobotica.org\/tmr2025\/wp-json\/wp\/v2\/pages\/2300","targetHints":{"allow":["GET"]}}],"collection":[{"href":"https:\/\/femexrobotica.org\/tmr2025\/wp-json\/wp\/v2\/pages"}],"about":[{"href":"https:\/\/femexrobotica.org\/tmr2025\/wp-json\/wp\/v2\/types\/page"}],"author":[{"embeddable":true,"href":"https:\/\/femexrobotica.org\/tmr2025\/wp-json\/wp\/v2\/users\/4"}],"replies":[{"embeddable":true,"href":"https:\/\/femexrobotica.org\/tmr2025\/wp-json\/wp\/v2\/comments?post=2300"}],"version-history":[{"count":22,"href":"https:\/\/femexrobotica.org\/tmr2025\/wp-json\/wp\/v2\/pages\/2300\/revisions"}],"predecessor-version":[{"id":4135,"href":"https:\/\/femexrobotica.org\/tmr2025\/wp-json\/wp\/v2\/pages\/2300\/revisions\/4135"}],"wp:attachment":[{"href":"https:\/\/femexrobotica.org\/tmr2025\/wp-json\/wp\/v2\/media?parent=2300"}],"curies":[{"name":"wp","href":"https:\/\/api.w.org\/{rel}","templated":true}]}}