{"id":2261,"date":"2024-03-12T00:41:18","date_gmt":"2024-03-12T00:41:18","guid":{"rendered":"https:\/\/femexrobotica.org\/tmr2024\/?page_id=2261"},"modified":"2025-02-20T16:03:04","modified_gmt":"2025-02-20T22:03:04","slug":"roboline-kids-1","status":"publish","type":"page","link":"https:\/\/femexrobotica.org\/tmr2025\/roboline-kids-1\/","title":{"rendered":"RoboLine kids"},"content":{"rendered":"\n<figure class=\"wp-block-image size-large\"><img loading=\"lazy\" decoding=\"async\" width=\"1024\" height=\"768\" src=\"https:\/\/femexrobotica.org\/tmr2025\/wp-content\/uploads\/2024\/03\/SEGUIDOR-DE-LINEA-1024x768.jpeg\" alt=\"\" class=\"wp-image-2262\" srcset=\"https:\/\/femexrobotica.org\/tmr2025\/wp-content\/uploads\/2024\/03\/SEGUIDOR-DE-LINEA-1024x768.jpeg 1024w, https:\/\/femexrobotica.org\/tmr2025\/wp-content\/uploads\/2024\/03\/SEGUIDOR-DE-LINEA-300x225.jpeg 300w, https:\/\/femexrobotica.org\/tmr2025\/wp-content\/uploads\/2024\/03\/SEGUIDOR-DE-LINEA-768x576.jpeg 768w, https:\/\/femexrobotica.org\/tmr2025\/wp-content\/uploads\/2024\/03\/SEGUIDOR-DE-LINEA-1536x1152.jpeg 1536w, https:\/\/femexrobotica.org\/tmr2025\/wp-content\/uploads\/2024\/03\/SEGUIDOR-DE-LINEA.jpeg 1600w\" sizes=\"auto, (max-width: 1024px) 100vw, 1024px\" \/><\/figure>\n\n\n\n<p><strong>INFORMACI\u00d3N GENERAL<\/strong><\/p>\n\n\n\n<ul class=\"wp-block-list\">\n<li>Esta categor\u00eda se basa en los principios de un robot seguidor de l\u00edneas.<\/li>\n<\/ul>\n\n\n\n<ul class=\"wp-block-list\">\n<li>El objetivo es que el robot pueda seguir la l\u00ednea adecuadamente.<\/li>\n\n\n\n<li>Los participantes deber\u00e1n tener entre 6 y 11 a\u00f1os de edad.<\/li>\n\n\n\n<li>Para poder participar en el torneo y en esta categor\u00eda en particular debe ser acompa\u00f1ado por un padre de familia o bien un tutor responsable.<\/li>\n\n\n\n<li>Debe tener en cuenta que esta categor\u00eda no tiene trascendencia es \u00fanica participaci\u00f3n.<\/li>\n<\/ul>\n\n\n\n<p>&nbsp;&nbsp;&nbsp;&nbsp;&nbsp;&nbsp;&nbsp;&nbsp;&nbsp;&nbsp;&nbsp;&nbsp;&nbsp; El robot deber\u00e1 ser:<\/p>\n\n\n\n<ul class=\"wp-block-list\">\n<li><strong>Aut\u00f3nomo&nbsp; en todo momento<\/strong><\/li>\n<\/ul>\n\n\n\n<p><\/p>\n\n\n\n<p><strong>MODALIDAD<\/strong><\/p>\n\n\n\n<p>Presencial<\/p>\n\n\n\n<p><strong>RESTRICCIONES<\/strong><\/p>\n\n\n\n<p>Los participantes deber\u00e1n tener de 6 a 11 a\u00f1os<\/p>\n\n\n\n<p>M\u00e1ximo 15 equipos<\/p>\n\n\n\n<p>Cada equipo esta conformado por un m\u00e1ximo de 5 participantes con silla de trabajo y un mentor.<\/p>\n\n\n\n<p><strong>REGLAS<\/strong><\/p>\n\n\n\n<div data-wp-interactive=\"core\/file\" class=\"wp-block-file\"><object data-wp-bind--hidden=\"!state.hasPdfPreview\" hidden class=\"wp-block-file__embed\" data=\"https:\/\/femexrobotica.org\/tmr2025\/wp-content\/uploads\/2024\/03\/RoboLine-Kids-1.pdf\" type=\"application\/pdf\" style=\"width:100%;height:600px\" aria-label=\"Incrustado de RoboLine-Kids-1.\"><\/object><a id=\"wp-block-file--media-451cb8da-8c56-4045-bacd-fddf1b7616b0\" href=\"https:\/\/femexrobotica.org\/tmr2025\/wp-content\/uploads\/2024\/03\/RoboLine-Kids-1.pdf\">RoboLine-Kids-1<\/a><a href=\"https:\/\/femexrobotica.org\/tmr2025\/wp-content\/uploads\/2024\/03\/RoboLine-Kids-1.pdf\" class=\"wp-block-file__button wp-element-button\" download aria-describedby=\"wp-block-file--media-451cb8da-8c56-4045-bacd-fddf1b7616b0\">Descarga<\/a><\/div>\n\n\n\n<p><strong>Responsable de categor\u00eda:<\/strong><\/p>\n\n\n\n<p>Rub\u00e9n Anaya Garc\u00eda<\/p>\n\n\n\n<p>email: <a href=\"mailto:ranaya_garcia@hotmail.com\">ranaya_garcia@hotmail.com<\/a><\/p>\n\n\n\n<p><strong>Responsable local:<\/strong><\/p>\n\n\n\n<p>Clara Andrea Ixmatlahua Pineda<\/p>\n\n\n\n<p>email: <a href=\"mailto:clanix2004@gmail.com\">clanix2004@gmail.com<\/a><\/p>\n\n\n\n<p><\/p>\n","protected":false},"excerpt":{"rendered":"<p>INFORMACI\u00d3N GENERAL &nbsp;&nbsp;&nbsp;&nbsp;&nbsp;&nbsp;&nbsp;&nbsp;&nbsp;&nbsp;&nbsp;&nbsp;&nbsp; El robot deber\u00e1 ser: MODALIDAD Presencial RESTRICCIONES Los participantes deber\u00e1n tener de 6 a 11 a\u00f1os M\u00e1ximo 15 equipos Cada equipo esta conformado por un m\u00e1ximo de 5 participantes con silla de trabajo y un mentor. REGLAS Responsable de categor\u00eda: Rub\u00e9n Anaya Garc\u00eda email: ranaya_garcia@hotmail.com Responsable local: Clara Andrea Ixmatlahua Pineda email: [&hellip;]<\/p>\n","protected":false},"author":4,"featured_media":0,"parent":0,"menu_order":0,"comment_status":"closed","ping_status":"closed","template":"","meta":{"footnotes":""},"class_list":["post-2261","page","type-page","status-publish","hentry"],"yoast_head":"<!-- This site is optimized with the Yoast SEO plugin v25.0 - https:\/\/yoast.com\/wordpress\/plugins\/seo\/ -->\n<title>RoboLine kids -<\/title>\n<meta name=\"robots\" content=\"index, follow, max-snippet:-1, max-image-preview:large, max-video-preview:-1\" \/>\n<link rel=\"canonical\" href=\"https:\/\/femexrobotica.org\/tmr2025\/roboline-kids-1\/\" \/>\n<meta property=\"og:locale\" content=\"es_MX\" \/>\n<meta property=\"og:type\" content=\"article\" \/>\n<meta property=\"og:title\" content=\"RoboLine kids -\" \/>\n<meta property=\"og:description\" content=\"INFORMACI\u00d3N GENERAL &nbsp;&nbsp;&nbsp;&nbsp;&nbsp;&nbsp;&nbsp;&nbsp;&nbsp;&nbsp;&nbsp;&nbsp;&nbsp; El robot deber\u00e1 ser: MODALIDAD Presencial RESTRICCIONES Los participantes deber\u00e1n tener de 6 a 11 a\u00f1os M\u00e1ximo 15 equipos Cada equipo esta conformado por un m\u00e1ximo de 5 participantes con silla de trabajo y un mentor. REGLAS Responsable de categor\u00eda: Rub\u00e9n Anaya Garc\u00eda email: ranaya_garcia@hotmail.com Responsable local: Clara Andrea Ixmatlahua Pineda email: [&hellip;]\" \/>\n<meta property=\"og:url\" content=\"https:\/\/femexrobotica.org\/tmr2025\/roboline-kids-1\/\" \/>\n<meta property=\"article:modified_time\" content=\"2025-02-20T22:03:04+00:00\" \/>\n<meta property=\"og:image\" content=\"https:\/\/femexrobotica.org\/tmr2025\/wp-content\/uploads\/2024\/03\/SEGUIDOR-DE-LINEA.jpeg\" \/>\n\t<meta property=\"og:image:width\" content=\"1600\" \/>\n\t<meta property=\"og:image:height\" content=\"1200\" \/>\n\t<meta property=\"og:image:type\" content=\"image\/jpeg\" \/>\n<meta name=\"twitter:card\" content=\"summary_large_image\" \/>\n<meta name=\"twitter:label1\" content=\"Tiempo de lectura\" \/>\n\t<meta name=\"twitter:data1\" content=\"1 minuto\" \/>\n<script type=\"application\/ld+json\" class=\"yoast-schema-graph\">{\"@context\":\"https:\/\/schema.org\",\"@graph\":[{\"@type\":\"WebPage\",\"@id\":\"https:\/\/femexrobotica.org\/tmr2025\/roboline-kids-1\/\",\"url\":\"https:\/\/femexrobotica.org\/tmr2025\/roboline-kids-1\/\",\"name\":\"RoboLine kids -\",\"isPartOf\":{\"@id\":\"https:\/\/femexrobotica.org\/tmr2025\/#website\"},\"primaryImageOfPage\":{\"@id\":\"https:\/\/femexrobotica.org\/tmr2025\/roboline-kids-1\/#primaryimage\"},\"image\":{\"@id\":\"https:\/\/femexrobotica.org\/tmr2025\/roboline-kids-1\/#primaryimage\"},\"thumbnailUrl\":\"https:\/\/femexrobotica.org\/tmr2025\/wp-content\/uploads\/2024\/03\/SEGUIDOR-DE-LINEA-1024x768.jpeg\",\"datePublished\":\"2024-03-12T00:41:18+00:00\",\"dateModified\":\"2025-02-20T22:03:04+00:00\",\"breadcrumb\":{\"@id\":\"https:\/\/femexrobotica.org\/tmr2025\/roboline-kids-1\/#breadcrumb\"},\"inLanguage\":\"es\",\"potentialAction\":[{\"@type\":\"ReadAction\",\"target\":[\"https:\/\/femexrobotica.org\/tmr2025\/roboline-kids-1\/\"]}]},{\"@type\":\"ImageObject\",\"inLanguage\":\"es\",\"@id\":\"https:\/\/femexrobotica.org\/tmr2025\/roboline-kids-1\/#primaryimage\",\"url\":\"https:\/\/femexrobotica.org\/tmr2025\/wp-content\/uploads\/2024\/03\/SEGUIDOR-DE-LINEA.jpeg\",\"contentUrl\":\"https:\/\/femexrobotica.org\/tmr2025\/wp-content\/uploads\/2024\/03\/SEGUIDOR-DE-LINEA.jpeg\",\"width\":1600,\"height\":1200},{\"@type\":\"BreadcrumbList\",\"@id\":\"https:\/\/femexrobotica.org\/tmr2025\/roboline-kids-1\/#breadcrumb\",\"itemListElement\":[{\"@type\":\"ListItem\",\"position\":1,\"name\":\"Inicio\",\"item\":\"https:\/\/femexrobotica.org\/tmr2025\/en\/torneo-mexicano-de-robotica\/\"},{\"@type\":\"ListItem\",\"position\":2,\"name\":\"RoboLine kids\"}]},{\"@type\":\"WebSite\",\"@id\":\"https:\/\/femexrobotica.org\/tmr2025\/#website\",\"url\":\"https:\/\/femexrobotica.org\/tmr2025\/\",\"name\":\"\",\"description\":\"\",\"potentialAction\":[{\"@type\":\"SearchAction\",\"target\":{\"@type\":\"EntryPoint\",\"urlTemplate\":\"https:\/\/femexrobotica.org\/tmr2025\/?s={search_term_string}\"},\"query-input\":{\"@type\":\"PropertyValueSpecification\",\"valueRequired\":true,\"valueName\":\"search_term_string\"}}],\"inLanguage\":\"es\"}]}<\/script>\n<!-- \/ Yoast SEO plugin. -->","yoast_head_json":{"title":"RoboLine kids -","robots":{"index":"index","follow":"follow","max-snippet":"max-snippet:-1","max-image-preview":"max-image-preview:large","max-video-preview":"max-video-preview:-1"},"canonical":"https:\/\/femexrobotica.org\/tmr2025\/roboline-kids-1\/","og_locale":"es_MX","og_type":"article","og_title":"RoboLine kids -","og_description":"INFORMACI\u00d3N GENERAL &nbsp;&nbsp;&nbsp;&nbsp;&nbsp;&nbsp;&nbsp;&nbsp;&nbsp;&nbsp;&nbsp;&nbsp;&nbsp; El robot deber\u00e1 ser: MODALIDAD Presencial RESTRICCIONES Los participantes deber\u00e1n tener de 6 a 11 a\u00f1os M\u00e1ximo 15 equipos Cada equipo esta conformado por un m\u00e1ximo de 5 participantes con silla de trabajo y un mentor. REGLAS Responsable de categor\u00eda: Rub\u00e9n Anaya Garc\u00eda email: ranaya_garcia@hotmail.com Responsable local: Clara Andrea Ixmatlahua Pineda email: [&hellip;]","og_url":"https:\/\/femexrobotica.org\/tmr2025\/roboline-kids-1\/","article_modified_time":"2025-02-20T22:03:04+00:00","og_image":[{"width":1600,"height":1200,"url":"https:\/\/femexrobotica.org\/tmr2025\/wp-content\/uploads\/2024\/03\/SEGUIDOR-DE-LINEA.jpeg","type":"image\/jpeg"}],"twitter_card":"summary_large_image","twitter_misc":{"Tiempo de lectura":"1 minuto"},"schema":{"@context":"https:\/\/schema.org","@graph":[{"@type":"WebPage","@id":"https:\/\/femexrobotica.org\/tmr2025\/roboline-kids-1\/","url":"https:\/\/femexrobotica.org\/tmr2025\/roboline-kids-1\/","name":"RoboLine kids -","isPartOf":{"@id":"https:\/\/femexrobotica.org\/tmr2025\/#website"},"primaryImageOfPage":{"@id":"https:\/\/femexrobotica.org\/tmr2025\/roboline-kids-1\/#primaryimage"},"image":{"@id":"https:\/\/femexrobotica.org\/tmr2025\/roboline-kids-1\/#primaryimage"},"thumbnailUrl":"https:\/\/femexrobotica.org\/tmr2025\/wp-content\/uploads\/2024\/03\/SEGUIDOR-DE-LINEA-1024x768.jpeg","datePublished":"2024-03-12T00:41:18+00:00","dateModified":"2025-02-20T22:03:04+00:00","breadcrumb":{"@id":"https:\/\/femexrobotica.org\/tmr2025\/roboline-kids-1\/#breadcrumb"},"inLanguage":"es","potentialAction":[{"@type":"ReadAction","target":["https:\/\/femexrobotica.org\/tmr2025\/roboline-kids-1\/"]}]},{"@type":"ImageObject","inLanguage":"es","@id":"https:\/\/femexrobotica.org\/tmr2025\/roboline-kids-1\/#primaryimage","url":"https:\/\/femexrobotica.org\/tmr2025\/wp-content\/uploads\/2024\/03\/SEGUIDOR-DE-LINEA.jpeg","contentUrl":"https:\/\/femexrobotica.org\/tmr2025\/wp-content\/uploads\/2024\/03\/SEGUIDOR-DE-LINEA.jpeg","width":1600,"height":1200},{"@type":"BreadcrumbList","@id":"https:\/\/femexrobotica.org\/tmr2025\/roboline-kids-1\/#breadcrumb","itemListElement":[{"@type":"ListItem","position":1,"name":"Inicio","item":"https:\/\/femexrobotica.org\/tmr2025\/en\/torneo-mexicano-de-robotica\/"},{"@type":"ListItem","position":2,"name":"RoboLine kids"}]},{"@type":"WebSite","@id":"https:\/\/femexrobotica.org\/tmr2025\/#website","url":"https:\/\/femexrobotica.org\/tmr2025\/","name":"","description":"","potentialAction":[{"@type":"SearchAction","target":{"@type":"EntryPoint","urlTemplate":"https:\/\/femexrobotica.org\/tmr2025\/?s={search_term_string}"},"query-input":{"@type":"PropertyValueSpecification","valueRequired":true,"valueName":"search_term_string"}}],"inLanguage":"es"}]}},"_links":{"self":[{"href":"https:\/\/femexrobotica.org\/tmr2025\/wp-json\/wp\/v2\/pages\/2261","targetHints":{"allow":["GET"]}}],"collection":[{"href":"https:\/\/femexrobotica.org\/tmr2025\/wp-json\/wp\/v2\/pages"}],"about":[{"href":"https:\/\/femexrobotica.org\/tmr2025\/wp-json\/wp\/v2\/types\/page"}],"author":[{"embeddable":true,"href":"https:\/\/femexrobotica.org\/tmr2025\/wp-json\/wp\/v2\/users\/4"}],"replies":[{"embeddable":true,"href":"https:\/\/femexrobotica.org\/tmr2025\/wp-json\/wp\/v2\/comments?post=2261"}],"version-history":[{"count":9,"href":"https:\/\/femexrobotica.org\/tmr2025\/wp-json\/wp\/v2\/pages\/2261\/revisions"}],"predecessor-version":[{"id":3656,"href":"https:\/\/femexrobotica.org\/tmr2025\/wp-json\/wp\/v2\/pages\/2261\/revisions\/3656"}],"wp:attachment":[{"href":"https:\/\/femexrobotica.org\/tmr2025\/wp-json\/wp\/v2\/media?parent=2261"}],"curies":[{"name":"wp","href":"https:\/\/api.w.org\/{rel}","templated":true}]}}