{"id":225,"date":"2022-12-04T00:17:04","date_gmt":"2022-12-04T00:17:04","guid":{"rendered":"https:\/\/femexrobotica.org\/tmr2023\/?page_id=225"},"modified":"2025-03-13T13:11:35","modified_gmt":"2025-03-13T19:11:35","slug":"standard-platform-league","status":"publish","type":"page","link":"https:\/\/femexrobotica.org\/tmr2025\/standard-platform-league\/","title":{"rendered":"Standard Platform League"},"content":{"rendered":"\n<p><figure class=\"wp-block-pullquote\"><blockquote><p> Las categor\u00edas Kid Size y SPL competir\u00e1n como una sola categor\u00eda y el Dr. Oscar Carbajal fungir\u00e1 como responsable t\u00e9cnico. En el sistema de registro la categor\u00eda aparecer\u00e1 como Robocup Humanoid Kid Size &#038; SPL <br>  <\/p><\/blockquote><\/figure><\/p>\n\n\n\n<figure class=\"wp-block-image size-large\"><img loading=\"lazy\" decoding=\"async\" width=\"1024\" height=\"576\" src=\"https:\/\/femexrobotica.org\/tmr2025\/wp-content\/uploads\/2024\/03\/20180323_172213-1024x576.jpg\" alt=\"\" class=\"wp-image-2255\" srcset=\"https:\/\/femexrobotica.org\/tmr2025\/wp-content\/uploads\/2024\/03\/20180323_172213-1024x576.jpg 1024w, https:\/\/femexrobotica.org\/tmr2025\/wp-content\/uploads\/2024\/03\/20180323_172213-300x169.jpg 300w, https:\/\/femexrobotica.org\/tmr2025\/wp-content\/uploads\/2024\/03\/20180323_172213-768x432.jpg 768w, https:\/\/femexrobotica.org\/tmr2025\/wp-content\/uploads\/2024\/03\/20180323_172213-1536x864.jpg 1536w, https:\/\/femexrobotica.org\/tmr2025\/wp-content\/uploads\/2024\/03\/20180323_172213-2048x1152.jpg 2048w\" sizes=\"auto, (max-width: 1024px) 100vw, 1024px\" \/><\/figure>\n\n\n\n<p><\/p>\n\n\n\n<p><strong>Descripci\u00f3n general<\/strong><br>El objetivo de la iniciativa internacional RoboCup es desarrollar un equipo de robots humanoides que sea capaz de ganar contra el equipo humano oficial campe\u00f3n mundial de f\u00fatbol hasta 2050. En cierto sentido, el desaf\u00edo RoboCup es el sucesor del desaf\u00edo de ajedrez para la inteligencia artificial (una computadora vencer al Campe\u00f3n Mundial de Ajedrez humano) que se resolvi\u00f3 en 1997 cuando Deep Blue gan\u00f3 contra Garry Kasparow. Actualmente, existen varias ligas de f\u00fatbol RoboCup diferentes que se enfocan en diferentes aspectos de este desaf\u00edo. La Liga Humanoide es una de las ligas de progreso m\u00e1s din\u00e1mico y la m\u00e1s cercana a la meta de 2050.<\/p>\n\n\n\n<p><\/p>\n\n\n\n<p class=\"textojustificado\"><strong>Acerca de Humanoid Standard Platform League<\/strong><br>Standard Platform League es una liga de f\u00fatbol de robots RoboCup, en la que todos los equipos compiten con robots id\u00e9nticos. Los robots funcionan de forma totalmente aut\u00f3noma, es decir, no hay control externo, ni por parte de humanos ni de computadoras. La plataforma est\u00e1ndar actual utilizada es la NAO humanoide de Aldebaran.<\/p>\n\n\n\n<p class=\"textojustificado\"><strong>Modalidad<\/strong><br>Presencial<\/p>\n\n\n\n<p class=\"textojustificado\"><\/p>\n\n\n\n<p><strong>Reglas: <\/strong><br><a href=\"https:\/\/humanoid.robocup.org\/materials\/rules\/\">https:\/\/humanoid.robocup.org\/materials\/rules\/<\/a><br>En caso de no contar con el n\u00famero suficiente de equipos participantes se realizar\u00e1 un partido de exhibici\u00f3n, el formato del partido ser\u00e1 establecido en acuerdo com\u00fan de los participantes.<\/p>\n\n\n\n<p><strong>Restricciones<\/strong><br>Es preciso utilizar la plataforma establecida NAO de Aldebar\u00e1n Robotics.<\/p>\n\n\n\n<p><strong>Responsable t\u00e9cnico:<\/strong><\/p>\n\n\n\n<p>Marco Antonio Morales Aguirre<br>email: <a href=\"mailto:marco.morales@itam.mx\">marco.morales@itam.mx<\/a><\/p>\n\n\n\n<p>Oscar Eleno Carbajal Espinosa<br>email: <a href=\"mailto:oscar.carbajal@tec.mx\">oscar.carbajal@tec.mx<\/a><\/p>\n\n\n\n<p><strong>Responsable local:<\/strong><\/p>\n\n\n\n<p>Luis \u00c1ngel Garc\u00eda P\u00e9rez<br>email: <a href=\"mailto:cbi2193052883@izt.uam.mx\">cbi2193052883@izt.uam.mx<\/a><\/p>\n\n\n\n<p><\/p>\n","protected":false},"excerpt":{"rendered":"<p>Las categor\u00edas Kid Size y SPL competir\u00e1n como una sola categor\u00eda y el Dr. Oscar Carbajal fungir\u00e1 como responsable t\u00e9cnico. En el sistema de registro la categor\u00eda aparecer\u00e1 como Robocup Humanoid Kid Size &#038; SPL Descripci\u00f3n generalEl objetivo de la iniciativa internacional RoboCup es desarrollar un equipo de robots humanoides que sea capaz de ganar [&hellip;]<\/p>\n","protected":false},"author":1,"featured_media":0,"parent":0,"menu_order":0,"comment_status":"closed","ping_status":"closed","template":"","meta":{"footnotes":""},"class_list":["post-225","page","type-page","status-publish","hentry"],"yoast_head":"<!-- This site is optimized with the Yoast SEO plugin v25.0 - https:\/\/yoast.com\/wordpress\/plugins\/seo\/ -->\n<title>Standard Platform League -<\/title>\n<meta name=\"robots\" content=\"index, follow, max-snippet:-1, max-image-preview:large, max-video-preview:-1\" \/>\n<link rel=\"canonical\" href=\"https:\/\/femexrobotica.org\/tmr2025\/standard-platform-league\/\" \/>\n<meta property=\"og:locale\" content=\"es_MX\" \/>\n<meta property=\"og:type\" content=\"article\" \/>\n<meta property=\"og:title\" content=\"Standard Platform League -\" \/>\n<meta property=\"og:description\" content=\"Las categor\u00edas Kid Size y SPL competir\u00e1n como una sola categor\u00eda y el Dr. Oscar Carbajal fungir\u00e1 como responsable t\u00e9cnico. En el sistema de registro la categor\u00eda aparecer\u00e1 como Robocup Humanoid Kid Size &#038; SPL Descripci\u00f3n generalEl objetivo de la iniciativa internacional RoboCup es desarrollar un equipo de robots humanoides que sea capaz de ganar [&hellip;]\" \/>\n<meta property=\"og:url\" content=\"https:\/\/femexrobotica.org\/tmr2025\/standard-platform-league\/\" \/>\n<meta property=\"article:modified_time\" content=\"2025-03-13T19:11:35+00:00\" \/>\n<meta property=\"og:image\" content=\"https:\/\/femexrobotica.org\/tmr2025\/wp-content\/uploads\/2024\/03\/20180323_172213-scaled.jpg\" \/>\n\t<meta property=\"og:image:width\" content=\"2560\" \/>\n\t<meta property=\"og:image:height\" content=\"1440\" \/>\n\t<meta property=\"og:image:type\" content=\"image\/jpeg\" \/>\n<meta name=\"twitter:card\" content=\"summary_large_image\" \/>\n<meta name=\"twitter:label1\" content=\"Tiempo de lectura\" \/>\n\t<meta name=\"twitter:data1\" content=\"1 minuto\" \/>\n<script type=\"application\/ld+json\" class=\"yoast-schema-graph\">{\"@context\":\"https:\/\/schema.org\",\"@graph\":[{\"@type\":\"WebPage\",\"@id\":\"https:\/\/femexrobotica.org\/tmr2025\/standard-platform-league\/\",\"url\":\"https:\/\/femexrobotica.org\/tmr2025\/standard-platform-league\/\",\"name\":\"Standard Platform League -\",\"isPartOf\":{\"@id\":\"https:\/\/femexrobotica.org\/tmr2025\/#website\"},\"primaryImageOfPage\":{\"@id\":\"https:\/\/femexrobotica.org\/tmr2025\/standard-platform-league\/#primaryimage\"},\"image\":{\"@id\":\"https:\/\/femexrobotica.org\/tmr2025\/standard-platform-league\/#primaryimage\"},\"thumbnailUrl\":\"https:\/\/femexrobotica.org\/tmr2025\/wp-content\/uploads\/2024\/03\/20180323_172213-1024x576.jpg\",\"datePublished\":\"2022-12-04T00:17:04+00:00\",\"dateModified\":\"2025-03-13T19:11:35+00:00\",\"breadcrumb\":{\"@id\":\"https:\/\/femexrobotica.org\/tmr2025\/standard-platform-league\/#breadcrumb\"},\"inLanguage\":\"es\",\"potentialAction\":[{\"@type\":\"ReadAction\",\"target\":[\"https:\/\/femexrobotica.org\/tmr2025\/standard-platform-league\/\"]}]},{\"@type\":\"ImageObject\",\"inLanguage\":\"es\",\"@id\":\"https:\/\/femexrobotica.org\/tmr2025\/standard-platform-league\/#primaryimage\",\"url\":\"https:\/\/femexrobotica.org\/tmr2025\/wp-content\/uploads\/2024\/03\/20180323_172213-scaled.jpg\",\"contentUrl\":\"https:\/\/femexrobotica.org\/tmr2025\/wp-content\/uploads\/2024\/03\/20180323_172213-scaled.jpg\",\"width\":2560,\"height\":1440},{\"@type\":\"BreadcrumbList\",\"@id\":\"https:\/\/femexrobotica.org\/tmr2025\/standard-platform-league\/#breadcrumb\",\"itemListElement\":[{\"@type\":\"ListItem\",\"position\":1,\"name\":\"Inicio\",\"item\":\"https:\/\/femexrobotica.org\/tmr2025\/en\/torneo-mexicano-de-robotica\/\"},{\"@type\":\"ListItem\",\"position\":2,\"name\":\"Standard Platform League\"}]},{\"@type\":\"WebSite\",\"@id\":\"https:\/\/femexrobotica.org\/tmr2025\/#website\",\"url\":\"https:\/\/femexrobotica.org\/tmr2025\/\",\"name\":\"\",\"description\":\"\",\"potentialAction\":[{\"@type\":\"SearchAction\",\"target\":{\"@type\":\"EntryPoint\",\"urlTemplate\":\"https:\/\/femexrobotica.org\/tmr2025\/?s={search_term_string}\"},\"query-input\":{\"@type\":\"PropertyValueSpecification\",\"valueRequired\":true,\"valueName\":\"search_term_string\"}}],\"inLanguage\":\"es\"}]}<\/script>\n<!-- \/ Yoast SEO plugin. -->","yoast_head_json":{"title":"Standard Platform League -","robots":{"index":"index","follow":"follow","max-snippet":"max-snippet:-1","max-image-preview":"max-image-preview:large","max-video-preview":"max-video-preview:-1"},"canonical":"https:\/\/femexrobotica.org\/tmr2025\/standard-platform-league\/","og_locale":"es_MX","og_type":"article","og_title":"Standard Platform League -","og_description":"Las categor\u00edas Kid Size y SPL competir\u00e1n como una sola categor\u00eda y el Dr. Oscar Carbajal fungir\u00e1 como responsable t\u00e9cnico. En el sistema de registro la categor\u00eda aparecer\u00e1 como Robocup Humanoid Kid Size &#038; SPL Descripci\u00f3n generalEl objetivo de la iniciativa internacional RoboCup es desarrollar un equipo de robots humanoides que sea capaz de ganar [&hellip;]","og_url":"https:\/\/femexrobotica.org\/tmr2025\/standard-platform-league\/","article_modified_time":"2025-03-13T19:11:35+00:00","og_image":[{"width":2560,"height":1440,"url":"https:\/\/femexrobotica.org\/tmr2025\/wp-content\/uploads\/2024\/03\/20180323_172213-scaled.jpg","type":"image\/jpeg"}],"twitter_card":"summary_large_image","twitter_misc":{"Tiempo de lectura":"1 minuto"},"schema":{"@context":"https:\/\/schema.org","@graph":[{"@type":"WebPage","@id":"https:\/\/femexrobotica.org\/tmr2025\/standard-platform-league\/","url":"https:\/\/femexrobotica.org\/tmr2025\/standard-platform-league\/","name":"Standard Platform League -","isPartOf":{"@id":"https:\/\/femexrobotica.org\/tmr2025\/#website"},"primaryImageOfPage":{"@id":"https:\/\/femexrobotica.org\/tmr2025\/standard-platform-league\/#primaryimage"},"image":{"@id":"https:\/\/femexrobotica.org\/tmr2025\/standard-platform-league\/#primaryimage"},"thumbnailUrl":"https:\/\/femexrobotica.org\/tmr2025\/wp-content\/uploads\/2024\/03\/20180323_172213-1024x576.jpg","datePublished":"2022-12-04T00:17:04+00:00","dateModified":"2025-03-13T19:11:35+00:00","breadcrumb":{"@id":"https:\/\/femexrobotica.org\/tmr2025\/standard-platform-league\/#breadcrumb"},"inLanguage":"es","potentialAction":[{"@type":"ReadAction","target":["https:\/\/femexrobotica.org\/tmr2025\/standard-platform-league\/"]}]},{"@type":"ImageObject","inLanguage":"es","@id":"https:\/\/femexrobotica.org\/tmr2025\/standard-platform-league\/#primaryimage","url":"https:\/\/femexrobotica.org\/tmr2025\/wp-content\/uploads\/2024\/03\/20180323_172213-scaled.jpg","contentUrl":"https:\/\/femexrobotica.org\/tmr2025\/wp-content\/uploads\/2024\/03\/20180323_172213-scaled.jpg","width":2560,"height":1440},{"@type":"BreadcrumbList","@id":"https:\/\/femexrobotica.org\/tmr2025\/standard-platform-league\/#breadcrumb","itemListElement":[{"@type":"ListItem","position":1,"name":"Inicio","item":"https:\/\/femexrobotica.org\/tmr2025\/en\/torneo-mexicano-de-robotica\/"},{"@type":"ListItem","position":2,"name":"Standard Platform League"}]},{"@type":"WebSite","@id":"https:\/\/femexrobotica.org\/tmr2025\/#website","url":"https:\/\/femexrobotica.org\/tmr2025\/","name":"","description":"","potentialAction":[{"@type":"SearchAction","target":{"@type":"EntryPoint","urlTemplate":"https:\/\/femexrobotica.org\/tmr2025\/?s={search_term_string}"},"query-input":{"@type":"PropertyValueSpecification","valueRequired":true,"valueName":"search_term_string"}}],"inLanguage":"es"}]}},"_links":{"self":[{"href":"https:\/\/femexrobotica.org\/tmr2025\/wp-json\/wp\/v2\/pages\/225","targetHints":{"allow":["GET"]}}],"collection":[{"href":"https:\/\/femexrobotica.org\/tmr2025\/wp-json\/wp\/v2\/pages"}],"about":[{"href":"https:\/\/femexrobotica.org\/tmr2025\/wp-json\/wp\/v2\/types\/page"}],"author":[{"embeddable":true,"href":"https:\/\/femexrobotica.org\/tmr2025\/wp-json\/wp\/v2\/users\/1"}],"replies":[{"embeddable":true,"href":"https:\/\/femexrobotica.org\/tmr2025\/wp-json\/wp\/v2\/comments?post=225"}],"version-history":[{"count":16,"href":"https:\/\/femexrobotica.org\/tmr2025\/wp-json\/wp\/v2\/pages\/225\/revisions"}],"predecessor-version":[{"id":3965,"href":"https:\/\/femexrobotica.org\/tmr2025\/wp-json\/wp\/v2\/pages\/225\/revisions\/3965"}],"wp:attachment":[{"href":"https:\/\/femexrobotica.org\/tmr2025\/wp-json\/wp\/v2\/media?parent=225"}],"curies":[{"name":"wp","href":"https:\/\/api.w.org\/{rel}","templated":true}]}}