{"id":2204,"date":"2024-02-28T23:34:48","date_gmt":"2024-02-28T23:34:48","guid":{"rendered":"https:\/\/femexrobotica.org\/tmr2024\/?page_id=2204"},"modified":"2025-02-19T23:45:55","modified_gmt":"2025-02-20T05:45:55","slug":"standard-platform-league-2","status":"publish","type":"page","link":"https:\/\/femexrobotica.org\/tmr2025\/en\/standard-platform-league-2\/","title":{"rendered":"Standard Platform League"},"content":{"rendered":"\n<figure class=\"wp-block-image size-full is-resized\"><img loading=\"lazy\" decoding=\"async\" width=\"750\" height=\"330\" src=\"https:\/\/femexrobotica.org\/tmr2025\/wp-content\/uploads\/2022\/12\/image-43.png\" alt=\"\" class=\"wp-image-226\" style=\"width:768px;height:auto\" srcset=\"https:\/\/femexrobotica.org\/tmr2025\/wp-content\/uploads\/2022\/12\/image-43.png 750w, https:\/\/femexrobotica.org\/tmr2025\/wp-content\/uploads\/2022\/12\/image-43-300x132.png 300w\" sizes=\"auto, (max-width: 750px) 100vw, 750px\" \/><\/figure>\n\n\n\n<p><strong>Overview<\/strong><br>The goal of the international RoboCup initiative is to develop a team of humanoid robots that is capable of winning against the official human team that is the world champion of football until 2050. In a sense, the RoboCup challenge is the successor to the chess challenge for artificial intelligence (a computer beating the human World Chess Champion) that was solved in 1997 when Deep Blue won against Garry Kasparow. Currently, there are several different RoboCup soccer leagues that focus on different aspects of this challenge. The Humanoid League is one of the leagues with the most dynamic progress and the closest to the goal of 2050.<\/p>\n\n\n\n<p><strong>About Humanoid Standard Platform League<\/strong><br>Standard Platform League is a RoboCup robot football league, in which all teams compete with identical robots. Robots work completely autonomously, that is, there is no external control, neither by humans nor by computers. The current standard platform used is the humanoid NAO from Aldebaran.<\/p>\n\n\n\n<p><br><br><strong>Modality<\/strong><br>Face-to-face\u00a0<\/p>\n\n\n\n<p><br><br><strong>Rules:<\/strong><br><a href=\"https:\/\/humanoid.robocup.org\/materials\/rules\/\">https:\/\/humanoid.robocup.org\/materials\/rules\/<\/a><br>In case of not having a sufficient number of participating teams, an exhibition match will be held, the format of the match will be established by common agreement of the participants.<\/p>\n\n\n\n<p><br><br><strong>Restrictions<\/strong><br>It is necessary to use the established NAO platform of Aldebaran Robotics.<\/p>\n\n\n\n<p><br><br><strong>Technical Manager:<\/strong><\/p>\n\n\n\n<p>Marco Antonio Morales Aguirre<br>email:&nbsp;<a href=\"mailto:marco.morales@itam.mx\">marco.morales@itam.mx<\/a><\/p>\n\n\n\n<p>Oscar Eleno Carbajal Espinosa<br>email:&nbsp;<a href=\"mailto:oscar.carbajal@tec.mx\">oscar.carbajal@tec.mx<\/a><\/p>\n\n\n\n<p><br><br><strong>Local Leader:<\/strong><\/p>\n\n\n\n<p>Luis \u00c1ngel Garc\u00eda P\u00e9rez<br>email:&nbsp;<a href=\"mailto:cbi2193052883@izt.uam.mx\">cbi2193052883@izt.uam.mx<\/a><\/p>\n\n\n\n<p><\/p>\n","protected":false},"excerpt":{"rendered":"<p>OverviewThe goal of the international RoboCup initiative is to develop a team of humanoid robots that is capable of winning against the official human team that is the world champion of football until 2050. In a sense, the RoboCup challenge is the successor to the chess challenge for artificial intelligence (a computer beating the human [&hellip;]<\/p>\n","protected":false},"author":4,"featured_media":0,"parent":0,"menu_order":0,"comment_status":"closed","ping_status":"closed","template":"","meta":{"footnotes":""},"class_list":["post-2204","page","type-page","status-publish","hentry"],"yoast_head":"<!-- This site is optimized with the Yoast SEO plugin v25.0 - https:\/\/yoast.com\/wordpress\/plugins\/seo\/ -->\n<title>Standard Platform League -<\/title>\n<meta name=\"robots\" content=\"index, follow, max-snippet:-1, max-image-preview:large, max-video-preview:-1\" \/>\n<link rel=\"canonical\" href=\"https:\/\/femexrobotica.org\/tmr2025\/en\/standard-platform-league-2\/\" \/>\n<meta property=\"og:locale\" content=\"es_MX\" \/>\n<meta property=\"og:type\" content=\"article\" \/>\n<meta property=\"og:title\" content=\"Standard Platform League -\" \/>\n<meta property=\"og:description\" content=\"OverviewThe goal of the international RoboCup initiative is to develop a team of humanoid robots that is capable of winning against the official human team that is the world champion of football until 2050. In a sense, the RoboCup challenge is the successor to the chess challenge for artificial intelligence (a computer beating the human [&hellip;]\" \/>\n<meta property=\"og:url\" content=\"https:\/\/femexrobotica.org\/tmr2025\/en\/standard-platform-league-2\/\" \/>\n<meta property=\"article:modified_time\" content=\"2025-02-20T05:45:55+00:00\" \/>\n<meta property=\"og:image\" content=\"https:\/\/femexrobotica.org\/tmr2025\/wp-content\/uploads\/2022\/12\/image-43.png\" \/>\n\t<meta property=\"og:image:width\" content=\"750\" \/>\n\t<meta property=\"og:image:height\" content=\"330\" \/>\n\t<meta property=\"og:image:type\" content=\"image\/png\" \/>\n<meta name=\"twitter:card\" content=\"summary_large_image\" \/>\n<meta name=\"twitter:label1\" content=\"Tiempo de lectura\" \/>\n\t<meta name=\"twitter:data1\" content=\"1 minuto\" \/>\n<script type=\"application\/ld+json\" class=\"yoast-schema-graph\">{\"@context\":\"https:\/\/schema.org\",\"@graph\":[{\"@type\":\"WebPage\",\"@id\":\"https:\/\/femexrobotica.org\/tmr2025\/en\/standard-platform-league-2\/\",\"url\":\"https:\/\/femexrobotica.org\/tmr2025\/en\/standard-platform-league-2\/\",\"name\":\"Standard Platform League -\",\"isPartOf\":{\"@id\":\"https:\/\/femexrobotica.org\/tmr2025\/#website\"},\"primaryImageOfPage\":{\"@id\":\"https:\/\/femexrobotica.org\/tmr2025\/en\/standard-platform-league-2\/#primaryimage\"},\"image\":{\"@id\":\"https:\/\/femexrobotica.org\/tmr2025\/en\/standard-platform-league-2\/#primaryimage\"},\"thumbnailUrl\":\"https:\/\/femexrobotica.org\/tmr2025\/wp-content\/uploads\/2022\/12\/image-43.png\",\"datePublished\":\"2024-02-28T23:34:48+00:00\",\"dateModified\":\"2025-02-20T05:45:55+00:00\",\"breadcrumb\":{\"@id\":\"https:\/\/femexrobotica.org\/tmr2025\/en\/standard-platform-league-2\/#breadcrumb\"},\"inLanguage\":\"es\",\"potentialAction\":[{\"@type\":\"ReadAction\",\"target\":[\"https:\/\/femexrobotica.org\/tmr2025\/en\/standard-platform-league-2\/\"]}]},{\"@type\":\"ImageObject\",\"inLanguage\":\"es\",\"@id\":\"https:\/\/femexrobotica.org\/tmr2025\/en\/standard-platform-league-2\/#primaryimage\",\"url\":\"https:\/\/femexrobotica.org\/tmr2025\/wp-content\/uploads\/2022\/12\/image-43.png\",\"contentUrl\":\"https:\/\/femexrobotica.org\/tmr2025\/wp-content\/uploads\/2022\/12\/image-43.png\",\"width\":750,\"height\":330},{\"@type\":\"BreadcrumbList\",\"@id\":\"https:\/\/femexrobotica.org\/tmr2025\/en\/standard-platform-league-2\/#breadcrumb\",\"itemListElement\":[{\"@type\":\"ListItem\",\"position\":1,\"name\":\"Inicio\",\"item\":\"https:\/\/femexrobotica.org\/tmr2025\/en\/torneo-mexicano-de-robotica\/\"},{\"@type\":\"ListItem\",\"position\":2,\"name\":\"Standard Platform League\"}]},{\"@type\":\"WebSite\",\"@id\":\"https:\/\/femexrobotica.org\/tmr2025\/#website\",\"url\":\"https:\/\/femexrobotica.org\/tmr2025\/\",\"name\":\"\",\"description\":\"\",\"potentialAction\":[{\"@type\":\"SearchAction\",\"target\":{\"@type\":\"EntryPoint\",\"urlTemplate\":\"https:\/\/femexrobotica.org\/tmr2025\/?s={search_term_string}\"},\"query-input\":{\"@type\":\"PropertyValueSpecification\",\"valueRequired\":true,\"valueName\":\"search_term_string\"}}],\"inLanguage\":\"es\"}]}<\/script>\n<!-- \/ Yoast SEO plugin. -->","yoast_head_json":{"title":"Standard Platform League -","robots":{"index":"index","follow":"follow","max-snippet":"max-snippet:-1","max-image-preview":"max-image-preview:large","max-video-preview":"max-video-preview:-1"},"canonical":"https:\/\/femexrobotica.org\/tmr2025\/en\/standard-platform-league-2\/","og_locale":"es_MX","og_type":"article","og_title":"Standard Platform League -","og_description":"OverviewThe goal of the international RoboCup initiative is to develop a team of humanoid robots that is capable of winning against the official human team that is the world champion of football until 2050. In a sense, the RoboCup challenge is the successor to the chess challenge for artificial intelligence (a computer beating the human [&hellip;]","og_url":"https:\/\/femexrobotica.org\/tmr2025\/en\/standard-platform-league-2\/","article_modified_time":"2025-02-20T05:45:55+00:00","og_image":[{"width":750,"height":330,"url":"https:\/\/femexrobotica.org\/tmr2025\/wp-content\/uploads\/2022\/12\/image-43.png","type":"image\/png"}],"twitter_card":"summary_large_image","twitter_misc":{"Tiempo de lectura":"1 minuto"},"schema":{"@context":"https:\/\/schema.org","@graph":[{"@type":"WebPage","@id":"https:\/\/femexrobotica.org\/tmr2025\/en\/standard-platform-league-2\/","url":"https:\/\/femexrobotica.org\/tmr2025\/en\/standard-platform-league-2\/","name":"Standard Platform League -","isPartOf":{"@id":"https:\/\/femexrobotica.org\/tmr2025\/#website"},"primaryImageOfPage":{"@id":"https:\/\/femexrobotica.org\/tmr2025\/en\/standard-platform-league-2\/#primaryimage"},"image":{"@id":"https:\/\/femexrobotica.org\/tmr2025\/en\/standard-platform-league-2\/#primaryimage"},"thumbnailUrl":"https:\/\/femexrobotica.org\/tmr2025\/wp-content\/uploads\/2022\/12\/image-43.png","datePublished":"2024-02-28T23:34:48+00:00","dateModified":"2025-02-20T05:45:55+00:00","breadcrumb":{"@id":"https:\/\/femexrobotica.org\/tmr2025\/en\/standard-platform-league-2\/#breadcrumb"},"inLanguage":"es","potentialAction":[{"@type":"ReadAction","target":["https:\/\/femexrobotica.org\/tmr2025\/en\/standard-platform-league-2\/"]}]},{"@type":"ImageObject","inLanguage":"es","@id":"https:\/\/femexrobotica.org\/tmr2025\/en\/standard-platform-league-2\/#primaryimage","url":"https:\/\/femexrobotica.org\/tmr2025\/wp-content\/uploads\/2022\/12\/image-43.png","contentUrl":"https:\/\/femexrobotica.org\/tmr2025\/wp-content\/uploads\/2022\/12\/image-43.png","width":750,"height":330},{"@type":"BreadcrumbList","@id":"https:\/\/femexrobotica.org\/tmr2025\/en\/standard-platform-league-2\/#breadcrumb","itemListElement":[{"@type":"ListItem","position":1,"name":"Inicio","item":"https:\/\/femexrobotica.org\/tmr2025\/en\/torneo-mexicano-de-robotica\/"},{"@type":"ListItem","position":2,"name":"Standard Platform League"}]},{"@type":"WebSite","@id":"https:\/\/femexrobotica.org\/tmr2025\/#website","url":"https:\/\/femexrobotica.org\/tmr2025\/","name":"","description":"","potentialAction":[{"@type":"SearchAction","target":{"@type":"EntryPoint","urlTemplate":"https:\/\/femexrobotica.org\/tmr2025\/?s={search_term_string}"},"query-input":{"@type":"PropertyValueSpecification","valueRequired":true,"valueName":"search_term_string"}}],"inLanguage":"es"}]}},"_links":{"self":[{"href":"https:\/\/femexrobotica.org\/tmr2025\/wp-json\/wp\/v2\/pages\/2204","targetHints":{"allow":["GET"]}}],"collection":[{"href":"https:\/\/femexrobotica.org\/tmr2025\/wp-json\/wp\/v2\/pages"}],"about":[{"href":"https:\/\/femexrobotica.org\/tmr2025\/wp-json\/wp\/v2\/types\/page"}],"author":[{"embeddable":true,"href":"https:\/\/femexrobotica.org\/tmr2025\/wp-json\/wp\/v2\/users\/4"}],"replies":[{"embeddable":true,"href":"https:\/\/femexrobotica.org\/tmr2025\/wp-json\/wp\/v2\/comments?post=2204"}],"version-history":[{"count":6,"href":"https:\/\/femexrobotica.org\/tmr2025\/wp-json\/wp\/v2\/pages\/2204\/revisions"}],"predecessor-version":[{"id":3632,"href":"https:\/\/femexrobotica.org\/tmr2025\/wp-json\/wp\/v2\/pages\/2204\/revisions\/3632"}],"wp:attachment":[{"href":"https:\/\/femexrobotica.org\/tmr2025\/wp-json\/wp\/v2\/media?parent=2204"}],"curies":[{"name":"wp","href":"https:\/\/api.w.org\/{rel}","templated":true}]}}