{"id":2189,"date":"2024-02-28T23:02:05","date_gmt":"2024-02-28T23:02:05","guid":{"rendered":"https:\/\/femexrobotica.org\/tmr2024\/?page_id=2189"},"modified":"2025-05-10T10:39:31","modified_gmt":"2025-05-10T16:39:31","slug":"torneo-mexicano-de-robotica","status":"publish","type":"page","link":"https:\/\/femexrobotica.org\/tmr2025\/en\/torneo-mexicano-de-robotica\/","title":{"rendered":"May 07 to 09, 2025"},"content":{"rendered":"\n<figure class=\"wp-block-pullquote\">\n  <blockquote>\n    <p>\n      The Universidad Aut\u00f3noma Metropolitana, Iztapalapa Unit, and the Mexican Robotics Federation extend their sincere gratitude to the team that made the XVI Mexican Robotics Tournament possible. Your commitment, effort, and dedication were key to the success of the event and to continuing the advancement of robotics in our country. Thank you for making it happen!\n    <\/p>\n  <\/blockquote>\n<\/figure>\n\n\n\n<figure class=\"wp-block-image size-large\"><img loading=\"lazy\" decoding=\"async\" width=\"1024\" height=\"768\" src=\"https:\/\/femexrobotica.org\/tmr2025\/wp-content\/uploads\/2025\/05\/IMG-20250509-WA0061-1024x768.jpg\" alt=\"\" class=\"wp-image-4530\" srcset=\"https:\/\/femexrobotica.org\/tmr2025\/wp-content\/uploads\/2025\/05\/IMG-20250509-WA0061-1024x768.jpg 1024w, https:\/\/femexrobotica.org\/tmr2025\/wp-content\/uploads\/2025\/05\/IMG-20250509-WA0061-300x225.jpg 300w, https:\/\/femexrobotica.org\/tmr2025\/wp-content\/uploads\/2025\/05\/IMG-20250509-WA0061-768x576.jpg 768w, https:\/\/femexrobotica.org\/tmr2025\/wp-content\/uploads\/2025\/05\/IMG-20250509-WA0061-1536x1152.jpg 1536w, https:\/\/femexrobotica.org\/tmr2025\/wp-content\/uploads\/2025\/05\/IMG-20250509-WA0061-2048x1536.jpg 2048w\" sizes=\"auto, (max-width: 1024px) 100vw, 1024px\" \/><\/figure>\n\n\n\n<figure class=\"wp-block-image size-large\"><img loading=\"lazy\" decoding=\"async\" width=\"742\" height=\"1024\" src=\"https:\/\/femexrobotica.org\/tmr2025\/wp-content\/uploads\/2025\/05\/Screenshot_20250504-114516.Fotos2_-742x1024.png\" alt=\"\" class=\"wp-image-4436\" srcset=\"https:\/\/femexrobotica.org\/tmr2025\/wp-content\/uploads\/2025\/05\/Screenshot_20250504-114516.Fotos2_-742x1024.png 742w, https:\/\/femexrobotica.org\/tmr2025\/wp-content\/uploads\/2025\/05\/Screenshot_20250504-114516.Fotos2_-217x300.png 217w, https:\/\/femexrobotica.org\/tmr2025\/wp-content\/uploads\/2025\/05\/Screenshot_20250504-114516.Fotos2_-768x1060.png 768w, https:\/\/femexrobotica.org\/tmr2025\/wp-content\/uploads\/2025\/05\/Screenshot_20250504-114516.Fotos2_.png 1080w\" sizes=\"auto, (max-width: 742px) 100vw, 742px\" \/><\/figure>\n\n\n\n<div class=\"wp-block-file\"><a id=\"wp-block-file--media-540658e7-625d-4d51-9bb1-4447dce8c362\" href=\"https:\/\/femexrobotica.org\/tmr2025\/wp-content\/uploads\/2025\/05\/Screenshot_20250504-114516.Fotos2_.png\">Screenshot_20250504-114516.Fotos~2<\/a><a href=\"https:\/\/femexrobotica.org\/tmr2025\/wp-content\/uploads\/2025\/05\/Screenshot_20250504-114516.Fotos2_.png\" class=\"wp-block-file__button wp-element-button\" download aria-describedby=\"wp-block-file--media-540658e7-625d-4d51-9bb1-4447dce8c362\">Descarga<\/a><\/div>\n\n\n\n\n\n\n\n<p><\/p>\n","protected":false},"excerpt":{"rendered":"<p>The Universidad Aut\u00f3noma Metropolitana, Iztapalapa Unit, and the Mexican Robotics Federation extend their sincere gratitude to the team that made the XVI Mexican Robotics Tournament possible. Your commitment, effort, and dedication were key to the success of the event and to continuing the advancement of robotics in our country. Thank you for making it happen!<\/p>\n","protected":false},"author":4,"featured_media":0,"parent":0,"menu_order":0,"comment_status":"closed","ping_status":"closed","template":"","meta":{"footnotes":""},"class_list":["post-2189","page","type-page","status-publish","hentry"],"yoast_head":"<!-- This site is optimized with the Yoast SEO plugin v25.0 - https:\/\/yoast.com\/wordpress\/plugins\/seo\/ -->\n<title>May 07 to 09, 2025 - Torneo Mexicano de Rob\u00f3tica<\/title>\n<meta name=\"description\" content=\"Sitio oficial del Torneo Mexicano de Rob\u00f3tica 2025 en la UAM Iztapalapa. Informaci\u00f3n de inscripciones, categor\u00edas y fechas: 7 al 9 de mayo.\" \/>\n<meta name=\"robots\" content=\"index, follow, max-snippet:-1, max-image-preview:large, max-video-preview:-1\" \/>\n<link rel=\"canonical\" href=\"https:\/\/femexrobotica.org\/tmr2025\/en\/torneo-mexicano-de-robotica\/\" \/>\n<meta property=\"og:locale\" content=\"es_MX\" \/>\n<meta property=\"og:type\" content=\"article\" \/>\n<meta property=\"og:title\" content=\"May 07 to 09, 2025 - Torneo Mexicano de Rob\u00f3tica\" \/>\n<meta property=\"og:description\" content=\"Sitio oficial del Torneo Mexicano de Rob\u00f3tica 2025 en la UAM Iztapalapa. Informaci\u00f3n de inscripciones, categor\u00edas y fechas: 7 al 9 de mayo.\" \/>\n<meta property=\"og:url\" content=\"https:\/\/femexrobotica.org\/tmr2025\/en\/torneo-mexicano-de-robotica\/\" \/>\n<meta property=\"article:modified_time\" content=\"2025-05-10T16:39:31+00:00\" \/>\n<meta property=\"og:image\" content=\"https:\/\/femexrobotica.org\/tmr2025\/wp-content\/uploads\/2025\/05\/IMG-20250509-WA0061-scaled.jpg\" \/>\n\t<meta property=\"og:image:width\" content=\"2560\" \/>\n\t<meta property=\"og:image:height\" content=\"1920\" \/>\n\t<meta property=\"og:image:type\" content=\"image\/jpeg\" \/>\n<meta name=\"twitter:card\" content=\"summary_large_image\" \/>\n<meta name=\"twitter:label1\" content=\"Tiempo de lectura\" \/>\n\t<meta name=\"twitter:data1\" content=\"1 minuto\" \/>\n<script type=\"application\/ld+json\" class=\"yoast-schema-graph\">{\"@context\":\"https:\/\/schema.org\",\"@graph\":[{\"@type\":\"WebPage\",\"@id\":\"https:\/\/femexrobotica.org\/tmr2025\/en\/torneo-mexicano-de-robotica\/\",\"url\":\"https:\/\/femexrobotica.org\/tmr2025\/en\/torneo-mexicano-de-robotica\/\",\"name\":\"May 07 to 09, 2025 - Torneo Mexicano de Rob\u00f3tica\",\"isPartOf\":{\"@id\":\"https:\/\/femexrobotica.org\/tmr2025\/#website\"},\"primaryImageOfPage\":{\"@id\":\"https:\/\/femexrobotica.org\/tmr2025\/en\/torneo-mexicano-de-robotica\/#primaryimage\"},\"image\":{\"@id\":\"https:\/\/femexrobotica.org\/tmr2025\/en\/torneo-mexicano-de-robotica\/#primaryimage\"},\"thumbnailUrl\":\"https:\/\/femexrobotica.org\/tmr2025\/wp-content\/uploads\/2025\/05\/IMG-20250509-WA0061-1024x768.jpg\",\"datePublished\":\"2024-02-28T23:02:05+00:00\",\"dateModified\":\"2025-05-10T16:39:31+00:00\",\"description\":\"Sitio oficial del Torneo Mexicano de Rob\u00f3tica 2025 en la UAM Iztapalapa. Informaci\u00f3n de inscripciones, categor\u00edas y fechas: 7 al 9 de mayo.\",\"breadcrumb\":{\"@id\":\"https:\/\/femexrobotica.org\/tmr2025\/en\/torneo-mexicano-de-robotica\/#breadcrumb\"},\"inLanguage\":\"es\",\"potentialAction\":[{\"@type\":\"ReadAction\",\"target\":[\"https:\/\/femexrobotica.org\/tmr2025\/en\/torneo-mexicano-de-robotica\/\"]}]},{\"@type\":\"ImageObject\",\"inLanguage\":\"es\",\"@id\":\"https:\/\/femexrobotica.org\/tmr2025\/en\/torneo-mexicano-de-robotica\/#primaryimage\",\"url\":\"https:\/\/femexrobotica.org\/tmr2025\/wp-content\/uploads\/2025\/05\/IMG-20250509-WA0061-scaled.jpg\",\"contentUrl\":\"https:\/\/femexrobotica.org\/tmr2025\/wp-content\/uploads\/2025\/05\/IMG-20250509-WA0061-scaled.jpg\",\"width\":2560,\"height\":1920},{\"@type\":\"BreadcrumbList\",\"@id\":\"https:\/\/femexrobotica.org\/tmr2025\/en\/torneo-mexicano-de-robotica\/#breadcrumb\",\"itemListElement\":[{\"@type\":\"ListItem\",\"position\":1,\"name\":\"Inicio\",\"item\":\"https:\/\/femexrobotica.org\/tmr2025\/en\/torneo-mexicano-de-robotica\/\"},{\"@type\":\"ListItem\",\"position\":2,\"name\":\"May 07 to 09, 2025\"}]},{\"@type\":\"WebSite\",\"@id\":\"https:\/\/femexrobotica.org\/tmr2025\/#website\",\"url\":\"https:\/\/femexrobotica.org\/tmr2025\/\",\"name\":\"\",\"description\":\"\",\"potentialAction\":[{\"@type\":\"SearchAction\",\"target\":{\"@type\":\"EntryPoint\",\"urlTemplate\":\"https:\/\/femexrobotica.org\/tmr2025\/?s={search_term_string}\"},\"query-input\":{\"@type\":\"PropertyValueSpecification\",\"valueRequired\":true,\"valueName\":\"search_term_string\"}}],\"inLanguage\":\"es\"}]}<\/script>\n<!-- \/ Yoast SEO plugin. -->","yoast_head_json":{"title":"May 07 to 09, 2025 - Torneo Mexicano de Rob\u00f3tica","description":"Sitio oficial del Torneo Mexicano de Rob\u00f3tica 2025 en la UAM Iztapalapa. Informaci\u00f3n de inscripciones, categor\u00edas y fechas: 7 al 9 de mayo.","robots":{"index":"index","follow":"follow","max-snippet":"max-snippet:-1","max-image-preview":"max-image-preview:large","max-video-preview":"max-video-preview:-1"},"canonical":"https:\/\/femexrobotica.org\/tmr2025\/en\/torneo-mexicano-de-robotica\/","og_locale":"es_MX","og_type":"article","og_title":"May 07 to 09, 2025 - Torneo Mexicano de Rob\u00f3tica","og_description":"Sitio oficial del Torneo Mexicano de Rob\u00f3tica 2025 en la UAM Iztapalapa. Informaci\u00f3n de inscripciones, categor\u00edas y fechas: 7 al 9 de mayo.","og_url":"https:\/\/femexrobotica.org\/tmr2025\/en\/torneo-mexicano-de-robotica\/","article_modified_time":"2025-05-10T16:39:31+00:00","og_image":[{"width":2560,"height":1920,"url":"https:\/\/femexrobotica.org\/tmr2025\/wp-content\/uploads\/2025\/05\/IMG-20250509-WA0061-scaled.jpg","type":"image\/jpeg"}],"twitter_card":"summary_large_image","twitter_misc":{"Tiempo de lectura":"1 minuto"},"schema":{"@context":"https:\/\/schema.org","@graph":[{"@type":"WebPage","@id":"https:\/\/femexrobotica.org\/tmr2025\/en\/torneo-mexicano-de-robotica\/","url":"https:\/\/femexrobotica.org\/tmr2025\/en\/torneo-mexicano-de-robotica\/","name":"May 07 to 09, 2025 - Torneo Mexicano de Rob\u00f3tica","isPartOf":{"@id":"https:\/\/femexrobotica.org\/tmr2025\/#website"},"primaryImageOfPage":{"@id":"https:\/\/femexrobotica.org\/tmr2025\/en\/torneo-mexicano-de-robotica\/#primaryimage"},"image":{"@id":"https:\/\/femexrobotica.org\/tmr2025\/en\/torneo-mexicano-de-robotica\/#primaryimage"},"thumbnailUrl":"https:\/\/femexrobotica.org\/tmr2025\/wp-content\/uploads\/2025\/05\/IMG-20250509-WA0061-1024x768.jpg","datePublished":"2024-02-28T23:02:05+00:00","dateModified":"2025-05-10T16:39:31+00:00","description":"Sitio oficial del Torneo Mexicano de Rob\u00f3tica 2025 en la UAM Iztapalapa. Informaci\u00f3n de inscripciones, categor\u00edas y fechas: 7 al 9 de mayo.","breadcrumb":{"@id":"https:\/\/femexrobotica.org\/tmr2025\/en\/torneo-mexicano-de-robotica\/#breadcrumb"},"inLanguage":"es","potentialAction":[{"@type":"ReadAction","target":["https:\/\/femexrobotica.org\/tmr2025\/en\/torneo-mexicano-de-robotica\/"]}]},{"@type":"ImageObject","inLanguage":"es","@id":"https:\/\/femexrobotica.org\/tmr2025\/en\/torneo-mexicano-de-robotica\/#primaryimage","url":"https:\/\/femexrobotica.org\/tmr2025\/wp-content\/uploads\/2025\/05\/IMG-20250509-WA0061-scaled.jpg","contentUrl":"https:\/\/femexrobotica.org\/tmr2025\/wp-content\/uploads\/2025\/05\/IMG-20250509-WA0061-scaled.jpg","width":2560,"height":1920},{"@type":"BreadcrumbList","@id":"https:\/\/femexrobotica.org\/tmr2025\/en\/torneo-mexicano-de-robotica\/#breadcrumb","itemListElement":[{"@type":"ListItem","position":1,"name":"Inicio","item":"https:\/\/femexrobotica.org\/tmr2025\/en\/torneo-mexicano-de-robotica\/"},{"@type":"ListItem","position":2,"name":"May 07 to 09, 2025"}]},{"@type":"WebSite","@id":"https:\/\/femexrobotica.org\/tmr2025\/#website","url":"https:\/\/femexrobotica.org\/tmr2025\/","name":"","description":"","potentialAction":[{"@type":"SearchAction","target":{"@type":"EntryPoint","urlTemplate":"https:\/\/femexrobotica.org\/tmr2025\/?s={search_term_string}"},"query-input":{"@type":"PropertyValueSpecification","valueRequired":true,"valueName":"search_term_string"}}],"inLanguage":"es"}]}},"_links":{"self":[{"href":"https:\/\/femexrobotica.org\/tmr2025\/wp-json\/wp\/v2\/pages\/2189","targetHints":{"allow":["GET"]}}],"collection":[{"href":"https:\/\/femexrobotica.org\/tmr2025\/wp-json\/wp\/v2\/pages"}],"about":[{"href":"https:\/\/femexrobotica.org\/tmr2025\/wp-json\/wp\/v2\/types\/page"}],"author":[{"embeddable":true,"href":"https:\/\/femexrobotica.org\/tmr2025\/wp-json\/wp\/v2\/users\/4"}],"replies":[{"embeddable":true,"href":"https:\/\/femexrobotica.org\/tmr2025\/wp-json\/wp\/v2\/comments?post=2189"}],"version-history":[{"count":38,"href":"https:\/\/femexrobotica.org\/tmr2025\/wp-json\/wp\/v2\/pages\/2189\/revisions"}],"predecessor-version":[{"id":4553,"href":"https:\/\/femexrobotica.org\/tmr2025\/wp-json\/wp\/v2\/pages\/2189\/revisions\/4553"}],"wp:attachment":[{"href":"https:\/\/femexrobotica.org\/tmr2025\/wp-json\/wp\/v2\/media?parent=2189"}],"curies":[{"name":"wp","href":"https:\/\/api.w.org\/{rel}","templated":true}]}}