{"id":217,"date":"2022-12-04T00:14:22","date_gmt":"2022-12-04T00:14:22","guid":{"rendered":"https:\/\/femexrobotica.org\/tmr2023\/?page_id=217"},"modified":"2025-02-26T12:08:11","modified_gmt":"2025-02-26T18:08:11","slug":"rapidly-manufactured-robot-challenge","status":"publish","type":"page","link":"https:\/\/femexrobotica.org\/tmr2025\/rapidly-manufactured-robot-challenge\/","title":{"rendered":"Rapidly Manufactured Robot Challenge"},"content":{"rendered":"\n<figure class=\"wp-block-image size-full textojustificado\"><img loading=\"lazy\" decoding=\"async\" width=\"1024\" height=\"768\" src=\"https:\/\/femexrobotica.org\/tmr2025\/wp-content\/uploads\/2022\/12\/image-41.png\" alt=\"\" class=\"wp-image-218\" srcset=\"https:\/\/femexrobotica.org\/tmr2025\/wp-content\/uploads\/2022\/12\/image-41.png 1024w, https:\/\/femexrobotica.org\/tmr2025\/wp-content\/uploads\/2022\/12\/image-41-300x225.png 300w, https:\/\/femexrobotica.org\/tmr2025\/wp-content\/uploads\/2022\/12\/image-41-768x576.png 768w\" sizes=\"auto, (max-width: 1024px) 100vw, 1024px\" \/><figcaption class=\"wp-element-caption\"><strong>Informaci\u00f3n General<\/strong><br>Esta competencia&nbsp;impulsa a los&nbsp;equipos a desarrollar&nbsp;soluciones&nbsp;a problemas que incluyen: navegaci\u00f3n sobre&nbsp;terrenos irregulares, &#8220;sensar&#8221; el medio ambiente, recoger y entregar objetos, control intuitivo y comportamiento aut\u00f3nomo, y representa un paso intermedio entre&nbsp;<em>RoboCupJunior Rescue<\/em>&nbsp;y&nbsp;<em>RoboCup Rescue Robot<\/em>.<\/figcaption><\/figure>\n\n\n\n<p><\/p>\n\n\n\n<p><strong>Reglas<\/strong><\/p>\n\n\n\n<div class=\"wp-block-file\">\n    <object class=\"wp-block-file__embed\" data=\"https:\/\/femexrobotica.org\/tmr2025\/wp-content\/uploads\/2025\/02\/RapidlyManufactured_Rulebook.pdf\" type=\"application\/pdf\" style=\"width:100%;height:600px\" aria-label=\"RapidlyManufactured_Rulebook\"><\/object>\n    <a id=\"wp-block-file--media-b3b96958-d4df-4326-807e-a0e33da963ca\" href=\"https:\/\/femexrobotica.org\/tmr2025\/wp-content\/uploads\/2025\/02\/RapidlyManufactured_Rulebook.pdf\">RapidlyManufactured_Rulebook<\/a>\n    <a href=\"https:\/\/femexrobotica.org\/tmr2025\/wp-content\/uploads\/2025\/02\/RapidlyManufactured_Rulebook.pdf\" class=\"wp-block-file__button wp-element-button\" download aria-describedby=\"wp-block-file--media-b3b96958-d4df-4326-807e-a0e33da963ca\">Descarga<\/a>\n<\/div>\n\n\n\n\n<p>Toma en cuenta que en este momento el comit\u00e9 internacional se encuentra en el proceso de revisar las reglas, por lo que te recomendamos revisar peri\u00f3dicamente para ver si hay alguna actualizaci\u00f3n.<\/p>\n\n\n\n<p><\/p>\n\n\n\n<p><strong>Responsable de categor\u00eda Rapidly Manufactured Robot Challenge:<\/strong><\/p>\n\n\n\n<ol class=\"wp-block-list\">\n<li>Erick Federico S\u00e1nchez Flores <br>email: ericksanchezflores@hotmail.com <br><\/li>\n\n\n\n<li>Jos\u00e9 Celestino Gonz\u00e1lez Barrera <br>Email: josecgb@gmail.com <\/li>\n<\/ol>\n\n\n\n<p><strong>Responsable local:<\/strong><\/p>\n\n\n\n<p>David Emiliano Rodr\u00edguez Cruz<br>Email: emirodriguezcruz2004@gmail.com<\/p>\n\n\n\n<p><\/p>\n","protected":false},"excerpt":{"rendered":"<p>Reglas RapidlyManufactured_Rulebook Descarga Toma en cuenta que en este momento el comit\u00e9 internacional se encuentra en el proceso de revisar las reglas, por lo que te recomendamos revisar peri\u00f3dicamente para ver si hay alguna actualizaci\u00f3n. Responsable de categor\u00eda Rapidly Manufactured Robot Challenge: Responsable local: David Emiliano Rodr\u00edguez CruzEmail: emirodriguezcruz2004@gmail.com<\/p>\n","protected":false},"author":1,"featured_media":0,"parent":0,"menu_order":0,"comment_status":"closed","ping_status":"closed","template":"","meta":{"footnotes":""},"class_list":["post-217","page","type-page","status-publish","hentry"],"yoast_head":"<!-- This site is optimized with the Yoast SEO plugin v25.0 - https:\/\/yoast.com\/wordpress\/plugins\/seo\/ -->\n<title>Rapidly Manufactured Robot Challenge -<\/title>\n<meta name=\"robots\" content=\"index, follow, max-snippet:-1, max-image-preview:large, max-video-preview:-1\" \/>\n<link rel=\"canonical\" href=\"https:\/\/femexrobotica.org\/tmr2025\/rapidly-manufactured-robot-challenge\/\" \/>\n<meta property=\"og:locale\" content=\"es_MX\" \/>\n<meta property=\"og:type\" content=\"article\" \/>\n<meta property=\"og:title\" content=\"Rapidly Manufactured Robot Challenge -\" \/>\n<meta property=\"og:description\" content=\"Reglas RapidlyManufactured_Rulebook Descarga Toma en cuenta que en este momento el comit\u00e9 internacional se encuentra en el proceso de revisar las reglas, por lo que te recomendamos revisar peri\u00f3dicamente para ver si hay alguna actualizaci\u00f3n. Responsable de categor\u00eda Rapidly Manufactured Robot Challenge: Responsable local: David Emiliano Rodr\u00edguez CruzEmail: emirodriguezcruz2004@gmail.com\" \/>\n<meta property=\"og:url\" content=\"https:\/\/femexrobotica.org\/tmr2025\/rapidly-manufactured-robot-challenge\/\" \/>\n<meta property=\"article:modified_time\" content=\"2025-02-26T18:08:11+00:00\" \/>\n<meta property=\"og:image\" content=\"https:\/\/femexrobotica.org\/tmr2025\/wp-content\/uploads\/2022\/12\/image-41.png\" \/>\n\t<meta property=\"og:image:width\" content=\"1024\" \/>\n\t<meta property=\"og:image:height\" content=\"768\" \/>\n\t<meta property=\"og:image:type\" content=\"image\/png\" \/>\n<meta name=\"twitter:card\" content=\"summary_large_image\" \/>\n<meta name=\"twitter:label1\" content=\"Tiempo de lectura\" \/>\n\t<meta name=\"twitter:data1\" content=\"1 minuto\" \/>\n<script type=\"application\/ld+json\" class=\"yoast-schema-graph\">{\"@context\":\"https:\/\/schema.org\",\"@graph\":[{\"@type\":\"WebPage\",\"@id\":\"https:\/\/femexrobotica.org\/tmr2025\/rapidly-manufactured-robot-challenge\/\",\"url\":\"https:\/\/femexrobotica.org\/tmr2025\/rapidly-manufactured-robot-challenge\/\",\"name\":\"Rapidly Manufactured Robot Challenge -\",\"isPartOf\":{\"@id\":\"https:\/\/femexrobotica.org\/tmr2025\/#website\"},\"primaryImageOfPage\":{\"@id\":\"https:\/\/femexrobotica.org\/tmr2025\/rapidly-manufactured-robot-challenge\/#primaryimage\"},\"image\":{\"@id\":\"https:\/\/femexrobotica.org\/tmr2025\/rapidly-manufactured-robot-challenge\/#primaryimage\"},\"thumbnailUrl\":\"https:\/\/femexrobotica.org\/tmr2025\/wp-content\/uploads\/2022\/12\/image-41.png\",\"datePublished\":\"2022-12-04T00:14:22+00:00\",\"dateModified\":\"2025-02-26T18:08:11+00:00\",\"breadcrumb\":{\"@id\":\"https:\/\/femexrobotica.org\/tmr2025\/rapidly-manufactured-robot-challenge\/#breadcrumb\"},\"inLanguage\":\"es\",\"potentialAction\":[{\"@type\":\"ReadAction\",\"target\":[\"https:\/\/femexrobotica.org\/tmr2025\/rapidly-manufactured-robot-challenge\/\"]}]},{\"@type\":\"ImageObject\",\"inLanguage\":\"es\",\"@id\":\"https:\/\/femexrobotica.org\/tmr2025\/rapidly-manufactured-robot-challenge\/#primaryimage\",\"url\":\"https:\/\/femexrobotica.org\/tmr2025\/wp-content\/uploads\/2022\/12\/image-41.png\",\"contentUrl\":\"https:\/\/femexrobotica.org\/tmr2025\/wp-content\/uploads\/2022\/12\/image-41.png\",\"width\":1024,\"height\":768},{\"@type\":\"BreadcrumbList\",\"@id\":\"https:\/\/femexrobotica.org\/tmr2025\/rapidly-manufactured-robot-challenge\/#breadcrumb\",\"itemListElement\":[{\"@type\":\"ListItem\",\"position\":1,\"name\":\"Inicio\",\"item\":\"https:\/\/femexrobotica.org\/tmr2025\/en\/torneo-mexicano-de-robotica\/\"},{\"@type\":\"ListItem\",\"position\":2,\"name\":\"Rapidly Manufactured Robot Challenge\"}]},{\"@type\":\"WebSite\",\"@id\":\"https:\/\/femexrobotica.org\/tmr2025\/#website\",\"url\":\"https:\/\/femexrobotica.org\/tmr2025\/\",\"name\":\"\",\"description\":\"\",\"potentialAction\":[{\"@type\":\"SearchAction\",\"target\":{\"@type\":\"EntryPoint\",\"urlTemplate\":\"https:\/\/femexrobotica.org\/tmr2025\/?s={search_term_string}\"},\"query-input\":{\"@type\":\"PropertyValueSpecification\",\"valueRequired\":true,\"valueName\":\"search_term_string\"}}],\"inLanguage\":\"es\"}]}<\/script>\n<!-- \/ Yoast SEO plugin. -->","yoast_head_json":{"title":"Rapidly Manufactured Robot Challenge -","robots":{"index":"index","follow":"follow","max-snippet":"max-snippet:-1","max-image-preview":"max-image-preview:large","max-video-preview":"max-video-preview:-1"},"canonical":"https:\/\/femexrobotica.org\/tmr2025\/rapidly-manufactured-robot-challenge\/","og_locale":"es_MX","og_type":"article","og_title":"Rapidly Manufactured Robot Challenge -","og_description":"Reglas RapidlyManufactured_Rulebook Descarga Toma en cuenta que en este momento el comit\u00e9 internacional se encuentra en el proceso de revisar las reglas, por lo que te recomendamos revisar peri\u00f3dicamente para ver si hay alguna actualizaci\u00f3n. Responsable de categor\u00eda Rapidly Manufactured Robot Challenge: Responsable local: David Emiliano Rodr\u00edguez CruzEmail: emirodriguezcruz2004@gmail.com","og_url":"https:\/\/femexrobotica.org\/tmr2025\/rapidly-manufactured-robot-challenge\/","article_modified_time":"2025-02-26T18:08:11+00:00","og_image":[{"width":1024,"height":768,"url":"https:\/\/femexrobotica.org\/tmr2025\/wp-content\/uploads\/2022\/12\/image-41.png","type":"image\/png"}],"twitter_card":"summary_large_image","twitter_misc":{"Tiempo de lectura":"1 minuto"},"schema":{"@context":"https:\/\/schema.org","@graph":[{"@type":"WebPage","@id":"https:\/\/femexrobotica.org\/tmr2025\/rapidly-manufactured-robot-challenge\/","url":"https:\/\/femexrobotica.org\/tmr2025\/rapidly-manufactured-robot-challenge\/","name":"Rapidly Manufactured Robot Challenge -","isPartOf":{"@id":"https:\/\/femexrobotica.org\/tmr2025\/#website"},"primaryImageOfPage":{"@id":"https:\/\/femexrobotica.org\/tmr2025\/rapidly-manufactured-robot-challenge\/#primaryimage"},"image":{"@id":"https:\/\/femexrobotica.org\/tmr2025\/rapidly-manufactured-robot-challenge\/#primaryimage"},"thumbnailUrl":"https:\/\/femexrobotica.org\/tmr2025\/wp-content\/uploads\/2022\/12\/image-41.png","datePublished":"2022-12-04T00:14:22+00:00","dateModified":"2025-02-26T18:08:11+00:00","breadcrumb":{"@id":"https:\/\/femexrobotica.org\/tmr2025\/rapidly-manufactured-robot-challenge\/#breadcrumb"},"inLanguage":"es","potentialAction":[{"@type":"ReadAction","target":["https:\/\/femexrobotica.org\/tmr2025\/rapidly-manufactured-robot-challenge\/"]}]},{"@type":"ImageObject","inLanguage":"es","@id":"https:\/\/femexrobotica.org\/tmr2025\/rapidly-manufactured-robot-challenge\/#primaryimage","url":"https:\/\/femexrobotica.org\/tmr2025\/wp-content\/uploads\/2022\/12\/image-41.png","contentUrl":"https:\/\/femexrobotica.org\/tmr2025\/wp-content\/uploads\/2022\/12\/image-41.png","width":1024,"height":768},{"@type":"BreadcrumbList","@id":"https:\/\/femexrobotica.org\/tmr2025\/rapidly-manufactured-robot-challenge\/#breadcrumb","itemListElement":[{"@type":"ListItem","position":1,"name":"Inicio","item":"https:\/\/femexrobotica.org\/tmr2025\/en\/torneo-mexicano-de-robotica\/"},{"@type":"ListItem","position":2,"name":"Rapidly Manufactured Robot Challenge"}]},{"@type":"WebSite","@id":"https:\/\/femexrobotica.org\/tmr2025\/#website","url":"https:\/\/femexrobotica.org\/tmr2025\/","name":"","description":"","potentialAction":[{"@type":"SearchAction","target":{"@type":"EntryPoint","urlTemplate":"https:\/\/femexrobotica.org\/tmr2025\/?s={search_term_string}"},"query-input":{"@type":"PropertyValueSpecification","valueRequired":true,"valueName":"search_term_string"}}],"inLanguage":"es"}]}},"_links":{"self":[{"href":"https:\/\/femexrobotica.org\/tmr2025\/wp-json\/wp\/v2\/pages\/217","targetHints":{"allow":["GET"]}}],"collection":[{"href":"https:\/\/femexrobotica.org\/tmr2025\/wp-json\/wp\/v2\/pages"}],"about":[{"href":"https:\/\/femexrobotica.org\/tmr2025\/wp-json\/wp\/v2\/types\/page"}],"author":[{"embeddable":true,"href":"https:\/\/femexrobotica.org\/tmr2025\/wp-json\/wp\/v2\/users\/1"}],"replies":[{"embeddable":true,"href":"https:\/\/femexrobotica.org\/tmr2025\/wp-json\/wp\/v2\/comments?post=217"}],"version-history":[{"count":21,"href":"https:\/\/femexrobotica.org\/tmr2025\/wp-json\/wp\/v2\/pages\/217\/revisions"}],"predecessor-version":[{"id":3857,"href":"https:\/\/femexrobotica.org\/tmr2025\/wp-json\/wp\/v2\/pages\/217\/revisions\/3857"}],"wp:attachment":[{"href":"https:\/\/femexrobotica.org\/tmr2025\/wp-json\/wp\/v2\/media?parent=217"}],"curies":[{"name":"wp","href":"https:\/\/api.w.org\/{rel}","templated":true}]}}