{"id":131,"date":"2022-12-03T23:37:10","date_gmt":"2022-12-03T23:37:10","guid":{"rendered":"https:\/\/femexrobotica.org\/tmr2023\/?page_id=131"},"modified":"2025-04-08T16:34:42","modified_gmt":"2025-04-08T22:34:42","slug":"larc-vsss","status":"publish","type":"page","link":"https:\/\/femexrobotica.org\/tmr2025\/larc-vsss\/","title":{"rendered":"LARC VSSS"},"content":{"rendered":"\n<figure class=\"wp-block-image size-full\"><img loading=\"lazy\" decoding=\"async\" width=\"507\" height=\"484\" src=\"https:\/\/femexrobotica.org\/tmr2025\/wp-content\/uploads\/2022\/12\/image-15.png\" alt=\"\" class=\"wp-image-132\" srcset=\"https:\/\/femexrobotica.org\/tmr2025\/wp-content\/uploads\/2022\/12\/image-15.png 507w, https:\/\/femexrobotica.org\/tmr2025\/wp-content\/uploads\/2022\/12\/image-15-300x286.png 300w\" sizes=\"auto, (max-width: 507px) 100vw, 507px\" \/><\/figure>\n\n\n\n<p><strong>Descripci\u00f3n general<\/strong><\/p>\n\n\n\n<p class=\"textojustificado\">El IEEE Very Small Size Soccer es una competici\u00f3n donde dos equipos de 3 robots de hasta 7.5\u00d77.5\u00d77.5 cm juegan un partido de f\u00fatbol. Los robots son controlados remotamente por una computadora, pero sin intervenci\u00f3n humana. La computadora procesa la imagen de una c\u00e1mara de video colocada sobre el campo y comanda a los robots.<\/p>\n\n\n\n<p><strong>Restricciones<\/strong><\/p>\n\n\n\n<p>Para participar en el LARC VSSS, se pueden inscribir equipos de m\u00e1ximo 6 personas. Los miembros del equipo deben ser estudiantes de cualquier nivel o haber egresado de su programa de estudios hace no m\u00e1s de dos a\u00f1os.<\/p>\n\n\n\n<p>Los profesores que acompa\u00f1an al equipo y que desean contar con un diploma que reconozca su participaci\u00f3n en el evento podr\u00e1n inscribirse como mentores. El costo de inscripci\u00f3n de los mentores es el mismo que el de los concursantes.<\/p>\n\n\n\n<p>Reglas: <\/p>\n\n\n\n<div data-wp-interactive=\"core\/file\" class=\"wp-block-file\"><object data-wp-bind--hidden=\"!state.hasPdfPreview\" hidden class=\"wp-block-file__embed\" data=\"https:\/\/femexrobotica.org\/tmr2025\/wp-content\/uploads\/2024\/02\/regrasVSS23.pdf\" type=\"application\/pdf\" style=\"width:100%;height:600px\" aria-label=\"Incrustado de regrasVSS23.\"><\/object><a id=\"wp-block-file--media-0943c6fc-532b-4e0a-a1f0-fe854ae7083a\" href=\"https:\/\/femexrobotica.org\/tmr2025\/wp-content\/uploads\/2024\/02\/regrasVSS23.pdf\">regrasVSS23<\/a><a href=\"https:\/\/femexrobotica.org\/tmr2025\/wp-content\/uploads\/2024\/02\/regrasVSS23.pdf\" class=\"wp-block-file__button wp-element-button\" download aria-describedby=\"wp-block-file--media-0943c6fc-532b-4e0a-a1f0-fe854ae7083a\">Descargar<\/a><\/div>\n\n\n\n<p><strong>Responsable de categor\u00eda General:<\/strong><\/p>\n\n\n\n<p>Javier Enrique Delgado Moreno<\/p>\n\n\n\n<p>email: <a href=\"mailto:javier_687@outlook.com\">javier_687@outlook.com<\/a><\/p>\n\n\n\n<p><strong>Responsable de categor\u00eda VSSS:<\/strong><\/p>\n\n\n\n<p>Julio de la Torre Vanegas<\/p>\n\n\n\n<p>email: <a href=\"mailto:juliodltv@gmail.com\">juliodltv@gmail.com<\/a><\/p>\n\n\n\n<p><strong>Responsable local:<\/strong><\/p>\n\n\n\n<p>Grecia Abril Soler Adame<\/p>\n\n\n\n<p>email: <a href=\"mailto:abrilgrecia77@gmail.com\">abrilgrecia77@gmail.com<\/a><\/p>\n\n\n\n<p>Leo Miguel Flores Perez<\/p>\n\n\n\n<p>email: <a href=\"mailto:leopff@ieee.org\">leopff@ieee.org<\/a><\/p>\n\n\n\n<p><\/p>\n","protected":false},"excerpt":{"rendered":"<p>Descripci\u00f3n general El IEEE Very Small Size Soccer es una competici\u00f3n donde dos equipos de 3 robots de hasta 7.5\u00d77.5\u00d77.5 cm juegan un partido de f\u00fatbol. Los robots son controlados remotamente por una computadora, pero sin intervenci\u00f3n humana. La computadora procesa la imagen de una c\u00e1mara de video colocada sobre el campo y comanda a [&hellip;]<\/p>\n","protected":false},"author":1,"featured_media":0,"parent":0,"menu_order":0,"comment_status":"closed","ping_status":"closed","template":"","meta":{"footnotes":""},"class_list":["post-131","page","type-page","status-publish","hentry"],"yoast_head":"<!-- This site is optimized with the Yoast SEO plugin v25.0 - https:\/\/yoast.com\/wordpress\/plugins\/seo\/ -->\n<title>LARC VSSS -<\/title>\n<meta name=\"robots\" content=\"index, follow, max-snippet:-1, max-image-preview:large, max-video-preview:-1\" \/>\n<link rel=\"canonical\" href=\"https:\/\/femexrobotica.org\/tmr2025\/larc-vsss\/\" \/>\n<meta property=\"og:locale\" content=\"es_MX\" \/>\n<meta property=\"og:type\" content=\"article\" \/>\n<meta property=\"og:title\" content=\"LARC VSSS -\" \/>\n<meta property=\"og:description\" content=\"Descripci\u00f3n general El IEEE Very Small Size Soccer es una competici\u00f3n donde dos equipos de 3 robots de hasta 7.5\u00d77.5\u00d77.5 cm juegan un partido de f\u00fatbol. Los robots son controlados remotamente por una computadora, pero sin intervenci\u00f3n humana. La computadora procesa la imagen de una c\u00e1mara de video colocada sobre el campo y comanda a [&hellip;]\" \/>\n<meta property=\"og:url\" content=\"https:\/\/femexrobotica.org\/tmr2025\/larc-vsss\/\" \/>\n<meta property=\"article:modified_time\" content=\"2025-04-08T22:34:42+00:00\" \/>\n<meta property=\"og:image\" content=\"https:\/\/femexrobotica.org\/tmr2025\/wp-content\/uploads\/2022\/12\/image-15.png\" \/>\n\t<meta property=\"og:image:width\" content=\"507\" \/>\n\t<meta property=\"og:image:height\" content=\"484\" \/>\n\t<meta property=\"og:image:type\" content=\"image\/png\" \/>\n<meta name=\"twitter:card\" content=\"summary_large_image\" \/>\n<meta name=\"twitter:label1\" content=\"Tiempo de lectura\" \/>\n\t<meta name=\"twitter:data1\" content=\"1 minuto\" \/>\n<script type=\"application\/ld+json\" class=\"yoast-schema-graph\">{\"@context\":\"https:\/\/schema.org\",\"@graph\":[{\"@type\":\"WebPage\",\"@id\":\"https:\/\/femexrobotica.org\/tmr2025\/larc-vsss\/\",\"url\":\"https:\/\/femexrobotica.org\/tmr2025\/larc-vsss\/\",\"name\":\"LARC VSSS -\",\"isPartOf\":{\"@id\":\"https:\/\/femexrobotica.org\/tmr2025\/#website\"},\"primaryImageOfPage\":{\"@id\":\"https:\/\/femexrobotica.org\/tmr2025\/larc-vsss\/#primaryimage\"},\"image\":{\"@id\":\"https:\/\/femexrobotica.org\/tmr2025\/larc-vsss\/#primaryimage\"},\"thumbnailUrl\":\"https:\/\/femexrobotica.org\/tmr2025\/wp-content\/uploads\/2022\/12\/image-15.png\",\"datePublished\":\"2022-12-03T23:37:10+00:00\",\"dateModified\":\"2025-04-08T22:34:42+00:00\",\"breadcrumb\":{\"@id\":\"https:\/\/femexrobotica.org\/tmr2025\/larc-vsss\/#breadcrumb\"},\"inLanguage\":\"es\",\"potentialAction\":[{\"@type\":\"ReadAction\",\"target\":[\"https:\/\/femexrobotica.org\/tmr2025\/larc-vsss\/\"]}]},{\"@type\":\"ImageObject\",\"inLanguage\":\"es\",\"@id\":\"https:\/\/femexrobotica.org\/tmr2025\/larc-vsss\/#primaryimage\",\"url\":\"https:\/\/femexrobotica.org\/tmr2025\/wp-content\/uploads\/2022\/12\/image-15.png\",\"contentUrl\":\"https:\/\/femexrobotica.org\/tmr2025\/wp-content\/uploads\/2022\/12\/image-15.png\",\"width\":507,\"height\":484},{\"@type\":\"BreadcrumbList\",\"@id\":\"https:\/\/femexrobotica.org\/tmr2025\/larc-vsss\/#breadcrumb\",\"itemListElement\":[{\"@type\":\"ListItem\",\"position\":1,\"name\":\"Inicio\",\"item\":\"https:\/\/femexrobotica.org\/tmr2025\/en\/torneo-mexicano-de-robotica\/\"},{\"@type\":\"ListItem\",\"position\":2,\"name\":\"LARC VSSS\"}]},{\"@type\":\"WebSite\",\"@id\":\"https:\/\/femexrobotica.org\/tmr2025\/#website\",\"url\":\"https:\/\/femexrobotica.org\/tmr2025\/\",\"name\":\"\",\"description\":\"\",\"potentialAction\":[{\"@type\":\"SearchAction\",\"target\":{\"@type\":\"EntryPoint\",\"urlTemplate\":\"https:\/\/femexrobotica.org\/tmr2025\/?s={search_term_string}\"},\"query-input\":{\"@type\":\"PropertyValueSpecification\",\"valueRequired\":true,\"valueName\":\"search_term_string\"}}],\"inLanguage\":\"es\"}]}<\/script>\n<!-- \/ Yoast SEO plugin. -->","yoast_head_json":{"title":"LARC VSSS -","robots":{"index":"index","follow":"follow","max-snippet":"max-snippet:-1","max-image-preview":"max-image-preview:large","max-video-preview":"max-video-preview:-1"},"canonical":"https:\/\/femexrobotica.org\/tmr2025\/larc-vsss\/","og_locale":"es_MX","og_type":"article","og_title":"LARC VSSS -","og_description":"Descripci\u00f3n general El IEEE Very Small Size Soccer es una competici\u00f3n donde dos equipos de 3 robots de hasta 7.5\u00d77.5\u00d77.5 cm juegan un partido de f\u00fatbol. Los robots son controlados remotamente por una computadora, pero sin intervenci\u00f3n humana. La computadora procesa la imagen de una c\u00e1mara de video colocada sobre el campo y comanda a [&hellip;]","og_url":"https:\/\/femexrobotica.org\/tmr2025\/larc-vsss\/","article_modified_time":"2025-04-08T22:34:42+00:00","og_image":[{"width":507,"height":484,"url":"https:\/\/femexrobotica.org\/tmr2025\/wp-content\/uploads\/2022\/12\/image-15.png","type":"image\/png"}],"twitter_card":"summary_large_image","twitter_misc":{"Tiempo de lectura":"1 minuto"},"schema":{"@context":"https:\/\/schema.org","@graph":[{"@type":"WebPage","@id":"https:\/\/femexrobotica.org\/tmr2025\/larc-vsss\/","url":"https:\/\/femexrobotica.org\/tmr2025\/larc-vsss\/","name":"LARC VSSS -","isPartOf":{"@id":"https:\/\/femexrobotica.org\/tmr2025\/#website"},"primaryImageOfPage":{"@id":"https:\/\/femexrobotica.org\/tmr2025\/larc-vsss\/#primaryimage"},"image":{"@id":"https:\/\/femexrobotica.org\/tmr2025\/larc-vsss\/#primaryimage"},"thumbnailUrl":"https:\/\/femexrobotica.org\/tmr2025\/wp-content\/uploads\/2022\/12\/image-15.png","datePublished":"2022-12-03T23:37:10+00:00","dateModified":"2025-04-08T22:34:42+00:00","breadcrumb":{"@id":"https:\/\/femexrobotica.org\/tmr2025\/larc-vsss\/#breadcrumb"},"inLanguage":"es","potentialAction":[{"@type":"ReadAction","target":["https:\/\/femexrobotica.org\/tmr2025\/larc-vsss\/"]}]},{"@type":"ImageObject","inLanguage":"es","@id":"https:\/\/femexrobotica.org\/tmr2025\/larc-vsss\/#primaryimage","url":"https:\/\/femexrobotica.org\/tmr2025\/wp-content\/uploads\/2022\/12\/image-15.png","contentUrl":"https:\/\/femexrobotica.org\/tmr2025\/wp-content\/uploads\/2022\/12\/image-15.png","width":507,"height":484},{"@type":"BreadcrumbList","@id":"https:\/\/femexrobotica.org\/tmr2025\/larc-vsss\/#breadcrumb","itemListElement":[{"@type":"ListItem","position":1,"name":"Inicio","item":"https:\/\/femexrobotica.org\/tmr2025\/en\/torneo-mexicano-de-robotica\/"},{"@type":"ListItem","position":2,"name":"LARC VSSS"}]},{"@type":"WebSite","@id":"https:\/\/femexrobotica.org\/tmr2025\/#website","url":"https:\/\/femexrobotica.org\/tmr2025\/","name":"","description":"","potentialAction":[{"@type":"SearchAction","target":{"@type":"EntryPoint","urlTemplate":"https:\/\/femexrobotica.org\/tmr2025\/?s={search_term_string}"},"query-input":{"@type":"PropertyValueSpecification","valueRequired":true,"valueName":"search_term_string"}}],"inLanguage":"es"}]}},"_links":{"self":[{"href":"https:\/\/femexrobotica.org\/tmr2025\/wp-json\/wp\/v2\/pages\/131","targetHints":{"allow":["GET"]}}],"collection":[{"href":"https:\/\/femexrobotica.org\/tmr2025\/wp-json\/wp\/v2\/pages"}],"about":[{"href":"https:\/\/femexrobotica.org\/tmr2025\/wp-json\/wp\/v2\/types\/page"}],"author":[{"embeddable":true,"href":"https:\/\/femexrobotica.org\/tmr2025\/wp-json\/wp\/v2\/users\/1"}],"replies":[{"embeddable":true,"href":"https:\/\/femexrobotica.org\/tmr2025\/wp-json\/wp\/v2\/comments?post=131"}],"version-history":[{"count":26,"href":"https:\/\/femexrobotica.org\/tmr2025\/wp-json\/wp\/v2\/pages\/131\/revisions"}],"predecessor-version":[{"id":4214,"href":"https:\/\/femexrobotica.org\/tmr2025\/wp-json\/wp\/v2\/pages\/131\/revisions\/4214"}],"wp:attachment":[{"href":"https:\/\/femexrobotica.org\/tmr2025\/wp-json\/wp\/v2\/media?parent=131"}],"curies":[{"name":"wp","href":"https:\/\/api.w.org\/{rel}","templated":true}]}}