{"id":419,"date":"2022-12-08T00:56:38","date_gmt":"2022-12-08T00:56:38","guid":{"rendered":"https:\/\/femexrobotica.org\/tmr2023\/?page_id=419"},"modified":"2024-02-18T08:08:32","modified_gmt":"2024-02-18T08:08:32","slug":"utsv","status":"publish","type":"page","link":"https:\/\/femexrobotica.org\/tmr2024\/utsv\/","title":{"rendered":"UANL"},"content":{"rendered":"\n<h2 class=\"wp-block-heading\">Universidad Aut\u00f3noma de Nuevo Le\u00f3n<\/h2>\n\n\n\n<p><\/p>\n\n\n\n<p>La Universidad Aut\u00f3noma de Nuevo Le\u00f3n es una instituci\u00f3n de educaci\u00f3n superior con 90 a\u00f1os de historia, considerada como la tercera universidad p\u00fablica m\u00e1s grande de M\u00e9xico y que cuenta con la mayor oferta educativa del noreste del pa\u00eds.<\/p>\n\n\n\n<p>Su principal cobertura se da en Nuevo Le\u00f3n y los estados circunvecinos. Entre sus sedes se destacan seis campus universitarios:&nbsp;<a href=\"https:\/\/www.uanl.mx\/campus-ciudad-universitaria\/\">Ciudad Universitaria<\/a>,&nbsp;<a href=\"https:\/\/www.uanl.mx\/campus-ciencias-de-la-salud\/\">Ciencias de la Salud<\/a>,&nbsp;<a href=\"https:\/\/www.uanl.mx\/campus-mederos\/\">Mederos<\/a>,&nbsp;<a href=\"https:\/\/www.uanl.mx\/campus-ciencias-agropecuarias\/\">Ciencias Agropecuarias<\/a>,&nbsp;<a href=\"https:\/\/www.uanl.mx\/campus-de-sabinas-hidalgo\/\">Sabinas Hidalgo<\/a>&nbsp;y&nbsp;<a href=\"https:\/\/www.uanl.mx\/campus-linares\/\">Linares<\/a>, que integran en total&nbsp;<a href=\"https:\/\/www.uanl.mx\/escuelas-y-facultades\/\">26 facultades<\/a>&nbsp;y&nbsp;<a href=\"https:\/\/www.uanl.mx\/escuelas-y-facultades\/\">29 preparatorias<\/a>.<\/p>\n\n\n\n<p>Actualmente oferta 359&nbsp;<a href=\"https:\/\/www.uanl.mx\/oferta-educativa\/\">programas educativos<\/a>&nbsp;en los niveles medio superior, superior y posgrado, &nbsp;con estos programas son atendidos m\u00e1s de 216 mil estudiantes, bajo la asesor\u00eda de 6 mil 894 docentes.<\/p>\n\n\n\n<p>Su modelo educativo promueve la formaci\u00f3n integral de los estudiantes y se sustenta en dos ejes estructurales: educaci\u00f3n centrada en el aprendizaje y educaci\u00f3n basada en competencias; un eje operativo: la flexibilidad de los programas y procesos educativos; y tres ejes transversales: la innovaci\u00f3n acad\u00e9mica, la internacionalizaci\u00f3n y la responsabilidad social.<\/p>\n\n\n\n<p class=\"has-text-align-center\"><strong>TMR 2024 en la UANL<\/strong><\/p>\n\n\n\n<p>El Torneo Mexicano de Rob\u00f3tica 2024 ser\u00e1 realizado en el campus de Ciudad Universitaria. Las actividades ser\u00e1n distribuidas en las instalaciones de la Facultad de Ingenier\u00eda Mec\u00e1nica y El\u00e9ctrica y en la Facultad de Ciencias Qu\u00edmicas.<\/p>\n\n\n\n<p>Pr\u00f3ximamente podr\u00e1s consultar los mapas de las \u00e1reas en donde podr\u00e1s ubicar cada categor\u00eda de participaci\u00f3n.<\/p>\n\n\n\n<p class=\"has-text-align-center\"><strong>UANL<\/strong><\/p>\n\n\n\n<p>Si deseas consultar m\u00e1s informaci\u00f3n de la UANL puedes accesar a la siguiente liga: <a href=\"https:\/\/www.uanl.mx\/universidad-autonoma-de-nuevo-leon\/\" target=\"_blank\" rel=\"noreferrer noopener\">https:\/\/www.uanl.mx\/universidad-autonoma-de-nuevo-leon\/<\/a> <\/p>\n\n\n\n<figure class=\"wp-block-gallery has-nested-images columns-default is-cropped wp-block-gallery-1 is-layout-flex wp-block-gallery-is-layout-flex\">\n<figure class=\"wp-block-image size-large\"><img loading=\"lazy\" decoding=\"async\" width=\"1024\" height=\"681\" data-id=\"1999\" src=\"https:\/\/femexrobotica.org\/tmr2024\/wp-content\/uploads\/2024\/02\/IMG_4604-1024x681.jpeg\" alt=\"\" class=\"wp-image-1999\" srcset=\"https:\/\/femexrobotica.org\/tmr2024\/wp-content\/uploads\/2024\/02\/IMG_4604-1024x681.jpeg 1024w, https:\/\/femexrobotica.org\/tmr2024\/wp-content\/uploads\/2024\/02\/IMG_4604-300x200.jpeg 300w, https:\/\/femexrobotica.org\/tmr2024\/wp-content\/uploads\/2024\/02\/IMG_4604-768x511.jpeg 768w, https:\/\/femexrobotica.org\/tmr2024\/wp-content\/uploads\/2024\/02\/IMG_4604-1536x1021.jpeg 1536w, https:\/\/femexrobotica.org\/tmr2024\/wp-content\/uploads\/2024\/02\/IMG_4604-2048x1362.jpeg 2048w\" sizes=\"auto, (max-width: 1024px) 100vw, 1024px\" \/><\/figure>\n\n\n\n<figure class=\"wp-block-image size-large\"><img loading=\"lazy\" decoding=\"async\" width=\"1024\" height=\"697\" data-id=\"2001\" src=\"https:\/\/femexrobotica.org\/tmr2024\/wp-content\/uploads\/2024\/02\/sesion-facultad-arquitectura-66-1024x697.jpeg\" alt=\"\" class=\"wp-image-2001\" srcset=\"https:\/\/femexrobotica.org\/tmr2024\/wp-content\/uploads\/2024\/02\/sesion-facultad-arquitectura-66-1024x697.jpeg 1024w, https:\/\/femexrobotica.org\/tmr2024\/wp-content\/uploads\/2024\/02\/sesion-facultad-arquitectura-66-300x204.jpeg 300w, https:\/\/femexrobotica.org\/tmr2024\/wp-content\/uploads\/2024\/02\/sesion-facultad-arquitectura-66-768x522.jpeg 768w, https:\/\/femexrobotica.org\/tmr2024\/wp-content\/uploads\/2024\/02\/sesion-facultad-arquitectura-66-1536x1045.jpeg 1536w, https:\/\/femexrobotica.org\/tmr2024\/wp-content\/uploads\/2024\/02\/sesion-facultad-arquitectura-66-2048x1393.jpeg 2048w\" sizes=\"auto, (max-width: 1024px) 100vw, 1024px\" \/><\/figure>\n\n\n\n<figure class=\"wp-block-image size-large\"><img loading=\"lazy\" decoding=\"async\" width=\"1024\" height=\"625\" data-id=\"2006\" src=\"https:\/\/femexrobotica.org\/tmr2024\/wp-content\/uploads\/2024\/02\/facultad-arquitectura-34-1024x625.jpeg\" alt=\"\" class=\"wp-image-2006\" srcset=\"https:\/\/femexrobotica.org\/tmr2024\/wp-content\/uploads\/2024\/02\/facultad-arquitectura-34-1024x625.jpeg 1024w, https:\/\/femexrobotica.org\/tmr2024\/wp-content\/uploads\/2024\/02\/facultad-arquitectura-34-300x183.jpeg 300w, https:\/\/femexrobotica.org\/tmr2024\/wp-content\/uploads\/2024\/02\/facultad-arquitectura-34-768x469.jpeg 768w, https:\/\/femexrobotica.org\/tmr2024\/wp-content\/uploads\/2024\/02\/facultad-arquitectura-34-1536x938.jpeg 1536w, https:\/\/femexrobotica.org\/tmr2024\/wp-content\/uploads\/2024\/02\/facultad-arquitectura-34-2048x1250.jpeg 2048w\" sizes=\"auto, (max-width: 1024px) 100vw, 1024px\" \/><\/figure>\n\n\n\n<figure class=\"wp-block-image size-large\"><img loading=\"lazy\" decoding=\"async\" width=\"1024\" height=\"655\" data-id=\"2007\" src=\"https:\/\/femexrobotica.org\/tmr2024\/wp-content\/uploads\/2024\/02\/Robocup-2023-cideb-2-1-1024x655.jpg\" alt=\"\" class=\"wp-image-2007\" srcset=\"https:\/\/femexrobotica.org\/tmr2024\/wp-content\/uploads\/2024\/02\/Robocup-2023-cideb-2-1-1024x655.jpg 1024w, https:\/\/femexrobotica.org\/tmr2024\/wp-content\/uploads\/2024\/02\/Robocup-2023-cideb-2-1-300x192.jpg 300w, https:\/\/femexrobotica.org\/tmr2024\/wp-content\/uploads\/2024\/02\/Robocup-2023-cideb-2-1-768x491.jpg 768w, https:\/\/femexrobotica.org\/tmr2024\/wp-content\/uploads\/2024\/02\/Robocup-2023-cideb-2-1-1536x982.jpg 1536w, https:\/\/femexrobotica.org\/tmr2024\/wp-content\/uploads\/2024\/02\/Robocup-2023-cideb-2-1-2048x1310.jpg 2048w\" sizes=\"auto, (max-width: 1024px) 100vw, 1024px\" \/><\/figure>\n<\/figure>\n<div class=\"pvc_clear\"><\/div><p class=\"pvc_stats all \" data-element-id=\"419\" style=\"\"><i class=\"pvc-stats-icon small\" aria-hidden=\"true\"><svg xmlns=\"http:\/\/www.w3.org\/2000\/svg\" version=\"1.0\" viewBox=\"0 0 502 315\" preserveAspectRatio=\"xMidYMid meet\"><g transform=\"translate(0,332) scale(0.1,-0.1)\" fill=\"\" stroke=\"none\"><path d=\"M2394 3279 l-29 -30 -3 -207 c-2 -182 0 -211 15 -242 39 -76 157 -76 196 0 15 31 17 60 15 243 l-3 209 -33 29 c-26 23 -41 29 -80 29 -41 0 -53 -5 -78 -31z\"\/><path d=\"M3085 3251 c-45 -19 -58 -50 -96 -229 -47 -217 -49 -260 -13 -295 52 -53 146 -42 177 20 16 31 87 366 87 410 0 70 -86 122 -155 94z\"\/><path d=\"M1751 3234 c-13 -9 -29 -31 -37 -50 -12 -29 -10 -49 21 -204 19 -94 39 -189 45 -210 14 -50 54 -80 110 -80 34 0 48 6 76 34 21 21 34 44 34 59 0 14 -18 113 -40 219 -37 178 -43 195 -70 221 -36 32 -101 37 -139 11z\"\/><path d=\"M1163 3073 c-36 -7 -73 -59 -73 -102 0 -56 133 -378 171 -413 34 -32 83 -37 129 -13 70 36 67 87 -16 290 -86 209 -89 214 -129 231 -35 14 -42 15 -82 7z\"\/><path d=\"M3689 3066 c-15 -9 -33 -30 -42 -48 -48 -103 -147 -355 -147 -375 0 -98 131 -148 192 -74 13 15 57 108 97 206 80 196 84 226 37 273 -30 30 -99 39 -137 18z\"\/><path d=\"M583 2784 c-38 -19 -67 -74 -58 -113 9 -42 211 -354 242 -373 16 -10 45 -18 66 -18 51 0 107 52 107 100 0 39 -1 41 -124 234 -80 126 -108 162 -133 173 -41 17 -61 16 -100 -3z\"\/><path d=\"M4250 2784 c-14 -9 -74 -91 -133 -183 -95 -150 -107 -173 -107 -213 0 -55 33 -94 87 -104 67 -13 90 8 211 198 130 202 137 225 78 284 -27 27 -42 34 -72 34 -22 0 -50 -8 -64 -16z\"\/><path d=\"M2275 2693 c-553 -48 -1095 -270 -1585 -649 -135 -104 -459 -423 -483 -476 -23 -49 -22 -139 2 -186 73 -142 361 -457 571 -626 285 -228 642 -407 990 -497 242 -63 336 -73 660 -74 310 0 370 5 595 52 535 111 1045 392 1455 803 122 121 250 273 275 326 19 41 19 137 0 174 -41 79 -309 363 -465 492 -447 370 -946 591 -1479 653 -113 14 -422 18 -536 8z m395 -428 c171 -34 330 -124 456 -258 112 -119 167 -219 211 -378 27 -96 24 -300 -5 -401 -72 -255 -236 -447 -474 -557 -132 -62 -201 -76 -368 -76 -167 0 -236 14 -368 76 -213 98 -373 271 -451 485 -162 444 86 934 547 1084 153 49 292 57 452 25z m909 -232 c222 -123 408 -262 593 -441 76 -74 138 -139 138 -144 0 -16 -233 -242 -330 -319 -155 -123 -309 -223 -461 -299 l-81 -41 32 46 c18 26 49 83 70 128 143 306 141 649 -6 957 -25 52 -61 116 -79 142 l-34 47 45 -20 c26 -10 76 -36 113 -56z m-2057 25 c-40 -58 -105 -190 -130 -263 -110 -324 -59 -707 132 -981 25 -35 42 -64 37 -64 -19 0 -241 119 -326 174 -188 122 -406 314 -532 468 l-58 71 108 103 c185 178 428 349 672 473 66 33 121 60 123 61 2 0 -10 -19 -26 -42z\"\/><path d=\"M2375 1950 c-198 -44 -350 -190 -395 -379 -18 -76 -8 -221 19 -290 114 -284 457 -406 731 -260 98 52 188 154 231 260 27 69 37 214 19 290 -38 163 -166 304 -326 360 -67 23 -215 33 -279 19z\"\/><\/g><\/svg><\/i> \u2800&nbsp;140&nbsp;Visitas desde 14\/dic\/2022<\/p><div class=\"pvc_clear\"><\/div>","protected":false},"excerpt":{"rendered":"<p>Universidad Aut\u00f3noma de Nuevo Le\u00f3n La Universidad Aut\u00f3noma de Nuevo Le\u00f3n es una instituci\u00f3n de educaci\u00f3n superior con 90 a\u00f1os de historia, considerada como la tercera universidad p\u00fablica m\u00e1s grande de M\u00e9xico y que cuenta con la mayor oferta educativa del noreste del pa\u00eds. Su principal cobertura se da en Nuevo Le\u00f3n y los estados [&hellip;]<\/p>\n<div class=\"pvc_clear\"><\/div>\n<p class=\"pvc_stats all \" data-element-id=\"419\" style=\"\"><i class=\"pvc-stats-icon small\" aria-hidden=\"true\"><svg xmlns=\"http:\/\/www.w3.org\/2000\/svg\" version=\"1.0\" viewBox=\"0 0 502 315\" preserveAspectRatio=\"xMidYMid meet\"><g transform=\"translate(0,332) scale(0.1,-0.1)\" fill=\"\" stroke=\"none\"><path d=\"M2394 3279 l-29 -30 -3 -207 c-2 -182 0 -211 15 -242 39 -76 157 -76 196 0 15 31 17 60 15 243 l-3 209 -33 29 c-26 23 -41 29 -80 29 -41 0 -53 -5 -78 -31z\"\/><path d=\"M3085 3251 c-45 -19 -58 -50 -96 -229 -47 -217 -49 -260 -13 -295 52 -53 146 -42 177 20 16 31 87 366 87 410 0 70 -86 122 -155 94z\"\/><path d=\"M1751 3234 c-13 -9 -29 -31 -37 -50 -12 -29 -10 -49 21 -204 19 -94 39 -189 45 -210 14 -50 54 -80 110 -80 34 0 48 6 76 34 21 21 34 44 34 59 0 14 -18 113 -40 219 -37 178 -43 195 -70 221 -36 32 -101 37 -139 11z\"\/><path d=\"M1163 3073 c-36 -7 -73 -59 -73 -102 0 -56 133 -378 171 -413 34 -32 83 -37 129 -13 70 36 67 87 -16 290 -86 209 -89 214 -129 231 -35 14 -42 15 -82 7z\"\/><path d=\"M3689 3066 c-15 -9 -33 -30 -42 -48 -48 -103 -147 -355 -147 -375 0 -98 131 -148 192 -74 13 15 57 108 97 206 80 196 84 226 37 273 -30 30 -99 39 -137 18z\"\/><path d=\"M583 2784 c-38 -19 -67 -74 -58 -113 9 -42 211 -354 242 -373 16 -10 45 -18 66 -18 51 0 107 52 107 100 0 39 -1 41 -124 234 -80 126 -108 162 -133 173 -41 17 -61 16 -100 -3z\"\/><path d=\"M4250 2784 c-14 -9 -74 -91 -133 -183 -95 -150 -107 -173 -107 -213 0 -55 33 -94 87 -104 67 -13 90 8 211 198 130 202 137 225 78 284 -27 27 -42 34 -72 34 -22 0 -50 -8 -64 -16z\"\/><path d=\"M2275 2693 c-553 -48 -1095 -270 -1585 -649 -135 -104 -459 -423 -483 -476 -23 -49 -22 -139 2 -186 73 -142 361 -457 571 -626 285 -228 642 -407 990 -497 242 -63 336 -73 660 -74 310 0 370 5 595 52 535 111 1045 392 1455 803 122 121 250 273 275 326 19 41 19 137 0 174 -41 79 -309 363 -465 492 -447 370 -946 591 -1479 653 -113 14 -422 18 -536 8z m395 -428 c171 -34 330 -124 456 -258 112 -119 167 -219 211 -378 27 -96 24 -300 -5 -401 -72 -255 -236 -447 -474 -557 -132 -62 -201 -76 -368 -76 -167 0 -236 14 -368 76 -213 98 -373 271 -451 485 -162 444 86 934 547 1084 153 49 292 57 452 25z m909 -232 c222 -123 408 -262 593 -441 76 -74 138 -139 138 -144 0 -16 -233 -242 -330 -319 -155 -123 -309 -223 -461 -299 l-81 -41 32 46 c18 26 49 83 70 128 143 306 141 649 -6 957 -25 52 -61 116 -79 142 l-34 47 45 -20 c26 -10 76 -36 113 -56z m-2057 25 c-40 -58 -105 -190 -130 -263 -110 -324 -59 -707 132 -981 25 -35 42 -64 37 -64 -19 0 -241 119 -326 174 -188 122 -406 314 -532 468 l-58 71 108 103 c185 178 428 349 672 473 66 33 121 60 123 61 2 0 -10 -19 -26 -42z\"\/><path d=\"M2375 1950 c-198 -44 -350 -190 -395 -379 -18 -76 -8 -221 19 -290 114 -284 457 -406 731 -260 98 52 188 154 231 260 27 69 37 214 19 290 -38 163 -166 304 -326 360 -67 23 -215 33 -279 19z\"\/><\/g><\/svg><\/i> \u2800&nbsp;140&nbsp;Visitas desde 14\/dic\/2022<\/p>\n<div class=\"pvc_clear\"><\/div>\n","protected":false},"author":5,"featured_media":0,"parent":0,"menu_order":0,"comment_status":"closed","ping_status":"closed","template":"","meta":{"footnotes":""},"class_list":["post-419","page","type-page","status-publish","hentry"],"_links":{"self":[{"href":"https:\/\/femexrobotica.org\/tmr2024\/wp-json\/wp\/v2\/pages\/419","targetHints":{"allow":["GET"]}}],"collection":[{"href":"https:\/\/femexrobotica.org\/tmr2024\/wp-json\/wp\/v2\/pages"}],"about":[{"href":"https:\/\/femexrobotica.org\/tmr2024\/wp-json\/wp\/v2\/types\/page"}],"author":[{"embeddable":true,"href":"https:\/\/femexrobotica.org\/tmr2024\/wp-json\/wp\/v2\/users\/5"}],"replies":[{"embeddable":true,"href":"https:\/\/femexrobotica.org\/tmr2024\/wp-json\/wp\/v2\/comments?post=419"}],"version-history":[{"count":23,"href":"https:\/\/femexrobotica.org\/tmr2024\/wp-json\/wp\/v2\/pages\/419\/revisions"}],"predecessor-version":[{"id":2013,"href":"https:\/\/femexrobotica.org\/tmr2024\/wp-json\/wp\/v2\/pages\/419\/revisions\/2013"}],"wp:attachment":[{"href":"https:\/\/femexrobotica.org\/tmr2024\/wp-json\/wp\/v2\/media?parent=419"}],"curies":[{"name":"wp","href":"https:\/\/api.w.org\/{rel}","templated":true}]}}