{"id":249,"date":"2022-12-04T00:23:14","date_gmt":"2022-12-04T00:23:14","guid":{"rendered":"https:\/\/femexrobotica.org\/tmr2023\/?page_id=249"},"modified":"2024-02-17T02:56:11","modified_gmt":"2024-02-17T02:56:11","slug":"robots-limpiadores-de-playa","status":"publish","type":"page","link":"https:\/\/femexrobotica.org\/tmr2024\/robots-limpiadores-de-playa\/","title":{"rendered":"Robots Limpiadores de Playa"},"content":{"rendered":"\n<p><strong><img loading=\"lazy\" decoding=\"async\" src=\"https:\/\/lh6.googleusercontent.com\/65FvToF_2GxgnWQjF6qYzBgfpGQYyGUss8BP-escPmEZdYOKb-nwS1FChCO-e6AkcNeYKRVjIcOctH45Jjj1UwkIKWZbgDRDpeCBC4vV_idDhQegqfZ-E_OMxLBsyoaYFKDuGP9aGKZ2dkxcLROMuaU\" width=\"602\" height=\"451\"><\/strong><\/p>\n\n\n\n<p><strong>INFORMACI\u00d3N GENERAL<\/strong><\/p>\n\n\n\n<p>Las playas se encuentran a la suerte de diversos fen\u00f3menos naturales, como las mareas y los huracanes, modificando y permitiendo diversos entornos biol\u00f3gicos. Esta manera natural de permitir la vida est\u00e1 cada vez m\u00e1s marcada por la acci\u00f3n humana, como la generaci\u00f3n y mal manejo de la basura, generaci\u00f3n de residuos reciclables que no son tratados, descarga de aguas residuales, derrames de petr\u00f3leo, modificaci\u00f3n de ciclos biol\u00f3gicos y construcciones, entre otros.<\/p>\n\n\n\n<p>Ante esta situaci\u00f3n y como una manera de concientizar y contribuir a afrontar este problema, el TMR\u00ae 2024 convoca de nueva cuenta al reto cl\u00e1sico de Robots Limpiadores de Playa, consistente en detectar, recolectar, transportar y depositar en un contenedor los \u201cresiduos\u201d dispersos en una \u201cisla\u201d tropical de 6 x 12 m. El robot debe tener cuidado de no avanzar m\u00e1s all\u00e1 de sus \u201ccostas\u201d y caer al \u201cmar\u201d. En la \u201cisla\u201d se encuentra un \u201chumano\u201d al que, por supuesto, el robot no deber\u00e1 lastimar.<\/p>\n\n\n\n<p>Desde el Primer Torneo Mexicano de Rob\u00f3tica\u00ae en 2008, esta categor\u00eda 100% mexicana se ha celebrado ininterrumpidamente buscando fomentar una conciencia ecol\u00f3gica en la sociedad, invitando a la comunidad roboticista a proponer soluciones concretas al grave problema de acumulaci\u00f3n de basura en las playas de M\u00e9xico y de todo el mundo.<\/p>\n\n\n\n<p>A trav\u00e9s de sus 16 a\u00f1os de vida, el Torneo de Robots Limpiadores de Playa ha sido testigo de los avances en el dise\u00f1o y desempe\u00f1o de las propuestas, estando convencidos de que ha tenido un impacto positivo en los participantes y en las instituciones de donde provienen, dando como resultado que en los \u00faltimos a\u00f1os se ha incrementado el n\u00famero de equipos que desean participar.<\/p>\n\n\n\n<figure class=\"wp-block-video\"><video height=\"360\" style=\"aspect-ratio: 720 \/ 360;\" width=\"720\" controls src=\"https:\/\/femexrobotica.org\/tmr2024\/wp-content\/uploads\/2023\/04\/10000000_177885594583631_6124117243694255165_n.mp4\"><\/video><figcaption class=\"wp-element-caption\">Equipo ganador del 1er lugar en <a href=\"https:\/\/www.facebook.com\/RobotsLimpiadoresDePlayaTMR?__cft__[0]=AZUa4NAG1ENXIqGArmvDsVmCEEgx342vfV3L5K-1qDQ8EaukYSVc7PJ6MUaxlGTzMtrzfpQqhuZzOdYnuIJJKm_UNl_IqTwbVxeKhEMmFZiTQ7Ac8t4FkC-sy2tlXvxxORdp9V6TKrVH-7lJ29rWgC6SCCA_qm8k_HpfDbZcyXzuVhsvGEiir1Vn7BIZJ4DrWzqU-_MCcLs1nNjx-WfNEETF&amp;__tn__=-]K-y-R\">Robots Limpia Playas TMR<\/a> 2022<\/figcaption><\/figure>\n\n\n\n<p><strong>MODALIDAD<\/strong><\/p>\n\n\n\n<p>Presencial.<\/p>\n\n\n\n<p><strong>REGLAS<\/strong><\/p>\n\n\n\n<p>Consulte todas las consideraciones para participar en el siguiente documento:&nbsp;<\/p>\n\n\n\n<div data-wp-interactive=\"core\/file\" class=\"wp-block-file\"><object data-wp-bind--hidden=\"!state.hasPdfPreview\" hidden class=\"wp-block-file__embed\" data=\"https:\/\/femexrobotica.org\/tmr2024\/wp-content\/uploads\/2024\/02\/TMR-2024-Reglas-Robots-Limpiadores.pdf\" type=\"application\/pdf\" style=\"width:100%;height:600px\" aria-label=\"Incrustado de TMR-2024-Reglas-Robots-Limpiadores.\"><\/object><a id=\"wp-block-file--media-a7e499e7-ccc9-4002-9268-2a826a65751a\" href=\"https:\/\/femexrobotica.org\/tmr2024\/wp-content\/uploads\/2024\/02\/TMR-2024-Reglas-Robots-Limpiadores.pdf\">TMR-2024-Reglas-Robots-Limpiadores<\/a><a href=\"https:\/\/femexrobotica.org\/tmr2024\/wp-content\/uploads\/2024\/02\/TMR-2024-Reglas-Robots-Limpiadores.pdf\" class=\"wp-block-file__button wp-element-button\" download aria-describedby=\"wp-block-file--media-a7e499e7-ccc9-4002-9268-2a826a65751a\">Download<\/a><\/div>\n\n\n\n<p>ESTE A\u00d1O LAS REGLAS CONTIENEN MODIFICACIONES IMPORTANTES RESPECTO A LAS EDICIONES ANTERIORES, EN BENEFICIO DEL DESARROLLO DE LA PRUEBA Y DE LA EXPERIENCIA Y APRENDIZAJE PARA LOS PARTICIPANTES.<strong>&nbsp;<\/strong><\/p>\n\n\n\n<p>Consulte las reglas y todas las consideraciones para participar en el siguiente documento:&nbsp;<\/p>\n\n\n\n<p>Podr\u00e1n participar en el TMR 2024 &#8211; Categor\u00eda Robots Limpiadores de Playa &#8211; todos aquellos equipos que cumplan los requisitos de participaci\u00f3n y registro.&nbsp;&nbsp;<\/p>\n\n\n\n<p>Un equipo est\u00e1 conformado por un m\u00e1ximo de 6 participantes con espacio de trabajo y cada instituci\u00f3n puede registrar a m\u00e1ximo 2 equipos.&nbsp; Dentro de estos participantes, se debe nombrar a un capit\u00e1n quien ser\u00e1 el representante&nbsp; del equipo en las diferentes reuniones y otros eventos que solicite el jurado. Los profesores&nbsp; que acompa\u00f1an al equipo y que desean contar con un diploma que reconozca su&nbsp; participaci\u00f3n en el evento, pero que no requieren que se les asigne lugar en la mesa de&nbsp; trabajo del equipo, podr\u00e1n inscribirse como mentores, por lo cual no tendr\u00e1n acceso al \u00e1rea&nbsp; de trabajo.&nbsp;<\/p>\n\n\n\n<p><strong>Es requisito para participar presentar un cartel tanto en forma digital como&nbsp; impreso en tama\u00f1o doble carta durante la competencia y un reporte que resuma el dise\u00f1o, construcci\u00f3n y programaci\u00f3n del robot participante<\/strong>.&nbsp;<\/p>\n\n\n\n<p>Todos los equipos participantes recibir\u00e1n constancia de participaci\u00f3n en el TMR 2024 Categor\u00eda Robot Limpiador de Playa. Los equipos clasificados en los tres primeros lugares recibir\u00e1n adem\u00e1s diploma de ganadores.<\/p>\n\n\n\n<p>Los carteles digitales (formato png) de los equipos ser\u00e1n publicados en la p\u00e1gina https:\/\/www.facebook.com\/FeMexRobotica, donde participar\u00e1n en un concurso al mejor cartel a juicio de los seguidores de la p\u00e1gina.<\/p>\n\n\n\n<p><\/p>\n\n\n\n<p><strong>Coordinador FMR<\/strong>  <\/p>\n\n\n\n<p>Jos\u00e9 Mart\u00ednez Carranza<\/p>\n\n\n\n<p>email: <a href=\"mailto:josemcr0506@gmail.com\">josemcr0506@gmail.com<\/a><\/p>\n\n\n\n<p><strong>Responsable T\u00e9cnico FMR<\/strong><\/p>\n\n\n\n<p>Marcela Quiroz Castellanos<br>email: <a href=\"mailto:qc.marcela@gmail.com\">maquiroz@uv.mx<\/a><\/p>\n\n\n\n<p>Rub\u00e9n de la Mora<br>email: <strong>carlosvub@hotmail.com<\/strong><\/p>\n<div class=\"pvc_clear\"><\/div><p class=\"pvc_stats all \" data-element-id=\"249\" style=\"\"><i class=\"pvc-stats-icon small\" aria-hidden=\"true\"><svg xmlns=\"http:\/\/www.w3.org\/2000\/svg\" version=\"1.0\" viewBox=\"0 0 502 315\" preserveAspectRatio=\"xMidYMid meet\"><g transform=\"translate(0,332) scale(0.1,-0.1)\" fill=\"\" stroke=\"none\"><path d=\"M2394 3279 l-29 -30 -3 -207 c-2 -182 0 -211 15 -242 39 -76 157 -76 196 0 15 31 17 60 15 243 l-3 209 -33 29 c-26 23 -41 29 -80 29 -41 0 -53 -5 -78 -31z\"\/><path d=\"M3085 3251 c-45 -19 -58 -50 -96 -229 -47 -217 -49 -260 -13 -295 52 -53 146 -42 177 20 16 31 87 366 87 410 0 70 -86 122 -155 94z\"\/><path d=\"M1751 3234 c-13 -9 -29 -31 -37 -50 -12 -29 -10 -49 21 -204 19 -94 39 -189 45 -210 14 -50 54 -80 110 -80 34 0 48 6 76 34 21 21 34 44 34 59 0 14 -18 113 -40 219 -37 178 -43 195 -70 221 -36 32 -101 37 -139 11z\"\/><path d=\"M1163 3073 c-36 -7 -73 -59 -73 -102 0 -56 133 -378 171 -413 34 -32 83 -37 129 -13 70 36 67 87 -16 290 -86 209 -89 214 -129 231 -35 14 -42 15 -82 7z\"\/><path d=\"M3689 3066 c-15 -9 -33 -30 -42 -48 -48 -103 -147 -355 -147 -375 0 -98 131 -148 192 -74 13 15 57 108 97 206 80 196 84 226 37 273 -30 30 -99 39 -137 18z\"\/><path d=\"M583 2784 c-38 -19 -67 -74 -58 -113 9 -42 211 -354 242 -373 16 -10 45 -18 66 -18 51 0 107 52 107 100 0 39 -1 41 -124 234 -80 126 -108 162 -133 173 -41 17 -61 16 -100 -3z\"\/><path d=\"M4250 2784 c-14 -9 -74 -91 -133 -183 -95 -150 -107 -173 -107 -213 0 -55 33 -94 87 -104 67 -13 90 8 211 198 130 202 137 225 78 284 -27 27 -42 34 -72 34 -22 0 -50 -8 -64 -16z\"\/><path d=\"M2275 2693 c-553 -48 -1095 -270 -1585 -649 -135 -104 -459 -423 -483 -476 -23 -49 -22 -139 2 -186 73 -142 361 -457 571 -626 285 -228 642 -407 990 -497 242 -63 336 -73 660 -74 310 0 370 5 595 52 535 111 1045 392 1455 803 122 121 250 273 275 326 19 41 19 137 0 174 -41 79 -309 363 -465 492 -447 370 -946 591 -1479 653 -113 14 -422 18 -536 8z m395 -428 c171 -34 330 -124 456 -258 112 -119 167 -219 211 -378 27 -96 24 -300 -5 -401 -72 -255 -236 -447 -474 -557 -132 -62 -201 -76 -368 -76 -167 0 -236 14 -368 76 -213 98 -373 271 -451 485 -162 444 86 934 547 1084 153 49 292 57 452 25z m909 -232 c222 -123 408 -262 593 -441 76 -74 138 -139 138 -144 0 -16 -233 -242 -330 -319 -155 -123 -309 -223 -461 -299 l-81 -41 32 46 c18 26 49 83 70 128 143 306 141 649 -6 957 -25 52 -61 116 -79 142 l-34 47 45 -20 c26 -10 76 -36 113 -56z m-2057 25 c-40 -58 -105 -190 -130 -263 -110 -324 -59 -707 132 -981 25 -35 42 -64 37 -64 -19 0 -241 119 -326 174 -188 122 -406 314 -532 468 l-58 71 108 103 c185 178 428 349 672 473 66 33 121 60 123 61 2 0 -10 -19 -26 -42z\"\/><path d=\"M2375 1950 c-198 -44 -350 -190 -395 -379 -18 -76 -8 -221 19 -290 114 -284 457 -406 731 -260 98 52 188 154 231 260 27 69 37 214 19 290 -38 163 -166 304 -326 360 -67 23 -215 33 -279 19z\"\/><\/g><\/svg><\/i> \u2800&nbsp;234&nbsp;Visitas desde 14\/dic\/2022, \u2800&nbsp;2&nbsp;Visitas el dia de hoy<\/p><div class=\"pvc_clear\"><\/div>","protected":false},"excerpt":{"rendered":"<p>INFORMACI\u00d3N GENERAL Las playas se encuentran a la suerte de diversos fen\u00f3menos naturales, como las mareas y los huracanes, modificando y permitiendo diversos entornos biol\u00f3gicos. Esta manera natural de permitir la vida est\u00e1 cada vez m\u00e1s marcada por la acci\u00f3n humana, como la generaci\u00f3n y mal manejo de la basura, generaci\u00f3n de residuos reciclables que [&hellip;]<\/p>\n<div class=\"pvc_clear\"><\/div>\n<p class=\"pvc_stats all \" data-element-id=\"249\" style=\"\"><i class=\"pvc-stats-icon small\" aria-hidden=\"true\"><svg xmlns=\"http:\/\/www.w3.org\/2000\/svg\" version=\"1.0\" viewBox=\"0 0 502 315\" preserveAspectRatio=\"xMidYMid meet\"><g transform=\"translate(0,332) scale(0.1,-0.1)\" fill=\"\" stroke=\"none\"><path d=\"M2394 3279 l-29 -30 -3 -207 c-2 -182 0 -211 15 -242 39 -76 157 -76 196 0 15 31 17 60 15 243 l-3 209 -33 29 c-26 23 -41 29 -80 29 -41 0 -53 -5 -78 -31z\"\/><path d=\"M3085 3251 c-45 -19 -58 -50 -96 -229 -47 -217 -49 -260 -13 -295 52 -53 146 -42 177 20 16 31 87 366 87 410 0 70 -86 122 -155 94z\"\/><path d=\"M1751 3234 c-13 -9 -29 -31 -37 -50 -12 -29 -10 -49 21 -204 19 -94 39 -189 45 -210 14 -50 54 -80 110 -80 34 0 48 6 76 34 21 21 34 44 34 59 0 14 -18 113 -40 219 -37 178 -43 195 -70 221 -36 32 -101 37 -139 11z\"\/><path d=\"M1163 3073 c-36 -7 -73 -59 -73 -102 0 -56 133 -378 171 -413 34 -32 83 -37 129 -13 70 36 67 87 -16 290 -86 209 -89 214 -129 231 -35 14 -42 15 -82 7z\"\/><path d=\"M3689 3066 c-15 -9 -33 -30 -42 -48 -48 -103 -147 -355 -147 -375 0 -98 131 -148 192 -74 13 15 57 108 97 206 80 196 84 226 37 273 -30 30 -99 39 -137 18z\"\/><path d=\"M583 2784 c-38 -19 -67 -74 -58 -113 9 -42 211 -354 242 -373 16 -10 45 -18 66 -18 51 0 107 52 107 100 0 39 -1 41 -124 234 -80 126 -108 162 -133 173 -41 17 -61 16 -100 -3z\"\/><path d=\"M4250 2784 c-14 -9 -74 -91 -133 -183 -95 -150 -107 -173 -107 -213 0 -55 33 -94 87 -104 67 -13 90 8 211 198 130 202 137 225 78 284 -27 27 -42 34 -72 34 -22 0 -50 -8 -64 -16z\"\/><path d=\"M2275 2693 c-553 -48 -1095 -270 -1585 -649 -135 -104 -459 -423 -483 -476 -23 -49 -22 -139 2 -186 73 -142 361 -457 571 -626 285 -228 642 -407 990 -497 242 -63 336 -73 660 -74 310 0 370 5 595 52 535 111 1045 392 1455 803 122 121 250 273 275 326 19 41 19 137 0 174 -41 79 -309 363 -465 492 -447 370 -946 591 -1479 653 -113 14 -422 18 -536 8z m395 -428 c171 -34 330 -124 456 -258 112 -119 167 -219 211 -378 27 -96 24 -300 -5 -401 -72 -255 -236 -447 -474 -557 -132 -62 -201 -76 -368 -76 -167 0 -236 14 -368 76 -213 98 -373 271 -451 485 -162 444 86 934 547 1084 153 49 292 57 452 25z m909 -232 c222 -123 408 -262 593 -441 76 -74 138 -139 138 -144 0 -16 -233 -242 -330 -319 -155 -123 -309 -223 -461 -299 l-81 -41 32 46 c18 26 49 83 70 128 143 306 141 649 -6 957 -25 52 -61 116 -79 142 l-34 47 45 -20 c26 -10 76 -36 113 -56z m-2057 25 c-40 -58 -105 -190 -130 -263 -110 -324 -59 -707 132 -981 25 -35 42 -64 37 -64 -19 0 -241 119 -326 174 -188 122 -406 314 -532 468 l-58 71 108 103 c185 178 428 349 672 473 66 33 121 60 123 61 2 0 -10 -19 -26 -42z\"\/><path d=\"M2375 1950 c-198 -44 -350 -190 -395 -379 -18 -76 -8 -221 19 -290 114 -284 457 -406 731 -260 98 52 188 154 231 260 27 69 37 214 19 290 -38 163 -166 304 -326 360 -67 23 -215 33 -279 19z\"\/><\/g><\/svg><\/i> \u2800&nbsp;234&nbsp;Visitas desde 14\/dic\/2022, \u2800&nbsp;2&nbsp;Visitas el dia de hoy<\/p>\n<div class=\"pvc_clear\"><\/div>\n","protected":false},"author":5,"featured_media":0,"parent":0,"menu_order":0,"comment_status":"closed","ping_status":"closed","template":"","meta":{"footnotes":""},"class_list":["post-249","page","type-page","status-publish","hentry"],"_links":{"self":[{"href":"https:\/\/femexrobotica.org\/tmr2024\/wp-json\/wp\/v2\/pages\/249","targetHints":{"allow":["GET"]}}],"collection":[{"href":"https:\/\/femexrobotica.org\/tmr2024\/wp-json\/wp\/v2\/pages"}],"about":[{"href":"https:\/\/femexrobotica.org\/tmr2024\/wp-json\/wp\/v2\/types\/page"}],"author":[{"embeddable":true,"href":"https:\/\/femexrobotica.org\/tmr2024\/wp-json\/wp\/v2\/users\/5"}],"replies":[{"embeddable":true,"href":"https:\/\/femexrobotica.org\/tmr2024\/wp-json\/wp\/v2\/comments?post=249"}],"version-history":[{"count":12,"href":"https:\/\/femexrobotica.org\/tmr2024\/wp-json\/wp\/v2\/pages\/249\/revisions"}],"predecessor-version":[{"id":1944,"href":"https:\/\/femexrobotica.org\/tmr2024\/wp-json\/wp\/v2\/pages\/249\/revisions\/1944"}],"wp:attachment":[{"href":"https:\/\/femexrobotica.org\/tmr2024\/wp-json\/wp\/v2\/media?parent=249"}],"curies":[{"name":"wp","href":"https:\/\/api.w.org\/{rel}","templated":true}]}}