{"id":233,"date":"2022-12-04T00:19:09","date_gmt":"2022-12-04T00:19:09","guid":{"rendered":"https:\/\/femexrobotica.org\/tmr2023\/?page_id=233"},"modified":"2024-03-11T18:06:49","modified_gmt":"2024-03-11T18:06:49","slug":"humanoid-kidsize","status":"publish","type":"page","link":"https:\/\/femexrobotica.org\/tmr2024\/humanoid-kidsize\/","title":{"rendered":"Humanoid KidSize"},"content":{"rendered":"\n<figure class=\"wp-block-image size-full\"><img loading=\"lazy\" decoding=\"async\" width=\"1024\" height=\"403\" src=\"https:\/\/femexrobotica.org\/tmr2024\/wp-content\/uploads\/2022\/12\/image-45.png\" alt=\"\" class=\"wp-image-234\" srcset=\"https:\/\/femexrobotica.org\/tmr2024\/wp-content\/uploads\/2022\/12\/image-45.png 1024w, https:\/\/femexrobotica.org\/tmr2024\/wp-content\/uploads\/2022\/12\/image-45-300x118.png 300w, https:\/\/femexrobotica.org\/tmr2024\/wp-content\/uploads\/2022\/12\/image-45-768x302.png 768w\" sizes=\"auto, (max-width: 1024px) 100vw, 1024px\" \/><\/figure>\n\n\n\n<p class=\"textojustificado\"><strong>Descripci\u00f3n general<\/strong><\/p>\n\n\n\n<p class=\"textojustificado\">El objetivo de la iniciativa internacional RoboCup es desarrollar un equipo de robots humanoides que sea capaz de ganar contra el equipo humano oficial campe\u00f3n mundial de f\u00fatbol hasta 2050. En cierto sentido, el desaf\u00edo RoboCup es el sucesor del desaf\u00edo de ajedrez para la inteligencia artificial (una computadora vencer al Campe\u00f3n Mundial de Ajedrez humano) que se resolvi\u00f3 en 1997 cuando Deep Blue gan\u00f3 contra Garry Kasparow. Actualmente, existen varias ligas de f\u00fatbol RoboCup diferentes que se enfocan en diferentes aspectos de este desaf\u00edo. La Liga Humanoide es una de las ligas de progreso m\u00e1s din\u00e1mico y la m\u00e1s cercana a la meta de 2050.<\/p>\n\n\n\n<p class=\"textojustificado\"><strong>Acerca de Humanoid KidSize<\/strong><\/p>\n\n\n\n<p class=\"textojustificado\">En la Humanoid League, los robots aut\u00f3nomos con un cuerpo similar al humano y sentidos similares a los humanos juegan f\u00fatbol unos contra otros. A diferencia de los robots humanoides fuera de la Humanoid League, la tarea de percepci\u00f3n y modelado del mundo no se simplifica mediante el uso de sensores de rango no humanos. Adem\u00e1s de las competencias de f\u00fatbol se realizan desaf\u00edos t\u00e9cnicos. Caminar, correr y patear la pelota de forma din\u00e1mica mientras se mantiene el equilibrio, la percepci\u00f3n visual de la pelota, de otros jugadores y del campo, la auto localizaci\u00f3n y el juego en equipo son algunos de los muchos temas de investigaci\u00f3n investigados en Humanoid League. Varios de los mejores robots humanoides aut\u00f3nomos del mundo compiten en la RoboCup Humanoid League.<\/p>\n\n\n\n<p><strong>Reglas: <\/strong><\/p>\n\n\n\n<div data-wp-interactive=\"core\/file\" class=\"wp-block-file\"><object data-wp-bind--hidden=\"!state.hasPdfPreview\" hidden class=\"wp-block-file__embed\" data=\"https:\/\/femexrobotica.org\/tmr2024\/wp-content\/uploads\/2024\/03\/RC-HL-2023-Rules-Changes-Marked.pdf\" type=\"application\/pdf\" style=\"width:100%;height:600px\" aria-label=\"Incrustado de RC-HL-2023-Rules-Changes-Marked.\"><\/object><a id=\"wp-block-file--media-475f837e-23dc-45fb-9c59-91ff2ce84428\" href=\"https:\/\/femexrobotica.org\/tmr2024\/wp-content\/uploads\/2024\/03\/RC-HL-2023-Rules-Changes-Marked.pdf\">RC-HL-2023-Rules-Changes-Marked<\/a><a href=\"https:\/\/femexrobotica.org\/tmr2024\/wp-content\/uploads\/2024\/03\/RC-HL-2023-Rules-Changes-Marked.pdf\" class=\"wp-block-file__button wp-element-button\" download aria-describedby=\"wp-block-file--media-475f837e-23dc-45fb-9c59-91ff2ce84428\">Descarga<\/a><\/div>\n\n\n\n<p><strong>Coordinador<\/strong><br>&#8211;<\/p>\n\n\n\n<p><strong>Responsable(s)<\/strong><\/p>\n\n\n\n<p>Oscar Carbajal Espinosa<\/p>\n\n\n\n<p>email: <a href=\"mailto:oscar.carbajal@tec.mx\">oscar.carbajal@tec.mx<\/a><\/p>\n<div class=\"pvc_clear\"><\/div><p class=\"pvc_stats all \" data-element-id=\"233\" style=\"\"><i class=\"pvc-stats-icon small\" aria-hidden=\"true\"><svg xmlns=\"http:\/\/www.w3.org\/2000\/svg\" version=\"1.0\" viewBox=\"0 0 502 315\" preserveAspectRatio=\"xMidYMid meet\"><g transform=\"translate(0,332) scale(0.1,-0.1)\" fill=\"\" stroke=\"none\"><path d=\"M2394 3279 l-29 -30 -3 -207 c-2 -182 0 -211 15 -242 39 -76 157 -76 196 0 15 31 17 60 15 243 l-3 209 -33 29 c-26 23 -41 29 -80 29 -41 0 -53 -5 -78 -31z\"\/><path d=\"M3085 3251 c-45 -19 -58 -50 -96 -229 -47 -217 -49 -260 -13 -295 52 -53 146 -42 177 20 16 31 87 366 87 410 0 70 -86 122 -155 94z\"\/><path d=\"M1751 3234 c-13 -9 -29 -31 -37 -50 -12 -29 -10 -49 21 -204 19 -94 39 -189 45 -210 14 -50 54 -80 110 -80 34 0 48 6 76 34 21 21 34 44 34 59 0 14 -18 113 -40 219 -37 178 -43 195 -70 221 -36 32 -101 37 -139 11z\"\/><path d=\"M1163 3073 c-36 -7 -73 -59 -73 -102 0 -56 133 -378 171 -413 34 -32 83 -37 129 -13 70 36 67 87 -16 290 -86 209 -89 214 -129 231 -35 14 -42 15 -82 7z\"\/><path d=\"M3689 3066 c-15 -9 -33 -30 -42 -48 -48 -103 -147 -355 -147 -375 0 -98 131 -148 192 -74 13 15 57 108 97 206 80 196 84 226 37 273 -30 30 -99 39 -137 18z\"\/><path d=\"M583 2784 c-38 -19 -67 -74 -58 -113 9 -42 211 -354 242 -373 16 -10 45 -18 66 -18 51 0 107 52 107 100 0 39 -1 41 -124 234 -80 126 -108 162 -133 173 -41 17 -61 16 -100 -3z\"\/><path d=\"M4250 2784 c-14 -9 -74 -91 -133 -183 -95 -150 -107 -173 -107 -213 0 -55 33 -94 87 -104 67 -13 90 8 211 198 130 202 137 225 78 284 -27 27 -42 34 -72 34 -22 0 -50 -8 -64 -16z\"\/><path d=\"M2275 2693 c-553 -48 -1095 -270 -1585 -649 -135 -104 -459 -423 -483 -476 -23 -49 -22 -139 2 -186 73 -142 361 -457 571 -626 285 -228 642 -407 990 -497 242 -63 336 -73 660 -74 310 0 370 5 595 52 535 111 1045 392 1455 803 122 121 250 273 275 326 19 41 19 137 0 174 -41 79 -309 363 -465 492 -447 370 -946 591 -1479 653 -113 14 -422 18 -536 8z m395 -428 c171 -34 330 -124 456 -258 112 -119 167 -219 211 -378 27 -96 24 -300 -5 -401 -72 -255 -236 -447 -474 -557 -132 -62 -201 -76 -368 -76 -167 0 -236 14 -368 76 -213 98 -373 271 -451 485 -162 444 86 934 547 1084 153 49 292 57 452 25z m909 -232 c222 -123 408 -262 593 -441 76 -74 138 -139 138 -144 0 -16 -233 -242 -330 -319 -155 -123 -309 -223 -461 -299 l-81 -41 32 46 c18 26 49 83 70 128 143 306 141 649 -6 957 -25 52 -61 116 -79 142 l-34 47 45 -20 c26 -10 76 -36 113 -56z m-2057 25 c-40 -58 -105 -190 -130 -263 -110 -324 -59 -707 132 -981 25 -35 42 -64 37 -64 -19 0 -241 119 -326 174 -188 122 -406 314 -532 468 l-58 71 108 103 c185 178 428 349 672 473 66 33 121 60 123 61 2 0 -10 -19 -26 -42z\"\/><path d=\"M2375 1950 c-198 -44 -350 -190 -395 -379 -18 -76 -8 -221 19 -290 114 -284 457 -406 731 -260 98 52 188 154 231 260 27 69 37 214 19 290 -38 163 -166 304 -326 360 -67 23 -215 33 -279 19z\"\/><\/g><\/svg><\/i> \u2800&nbsp;152&nbsp;Visitas desde 14\/dic\/2022, \u2800&nbsp;1&nbsp;Visitas el dia de hoy<\/p><div class=\"pvc_clear\"><\/div>","protected":false},"excerpt":{"rendered":"<p>Descripci\u00f3n general El objetivo de la iniciativa internacional RoboCup es desarrollar un equipo de robots humanoides que sea capaz de ganar contra el equipo humano oficial campe\u00f3n mundial de f\u00fatbol hasta 2050. En cierto sentido, el desaf\u00edo RoboCup es el sucesor del desaf\u00edo de ajedrez para la inteligencia artificial (una computadora vencer al Campe\u00f3n Mundial [&hellip;]<\/p>\n<div class=\"pvc_clear\"><\/div>\n<p class=\"pvc_stats all \" data-element-id=\"233\" style=\"\"><i class=\"pvc-stats-icon small\" aria-hidden=\"true\"><svg xmlns=\"http:\/\/www.w3.org\/2000\/svg\" version=\"1.0\" viewBox=\"0 0 502 315\" preserveAspectRatio=\"xMidYMid meet\"><g transform=\"translate(0,332) scale(0.1,-0.1)\" fill=\"\" stroke=\"none\"><path d=\"M2394 3279 l-29 -30 -3 -207 c-2 -182 0 -211 15 -242 39 -76 157 -76 196 0 15 31 17 60 15 243 l-3 209 -33 29 c-26 23 -41 29 -80 29 -41 0 -53 -5 -78 -31z\"\/><path d=\"M3085 3251 c-45 -19 -58 -50 -96 -229 -47 -217 -49 -260 -13 -295 52 -53 146 -42 177 20 16 31 87 366 87 410 0 70 -86 122 -155 94z\"\/><path d=\"M1751 3234 c-13 -9 -29 -31 -37 -50 -12 -29 -10 -49 21 -204 19 -94 39 -189 45 -210 14 -50 54 -80 110 -80 34 0 48 6 76 34 21 21 34 44 34 59 0 14 -18 113 -40 219 -37 178 -43 195 -70 221 -36 32 -101 37 -139 11z\"\/><path d=\"M1163 3073 c-36 -7 -73 -59 -73 -102 0 -56 133 -378 171 -413 34 -32 83 -37 129 -13 70 36 67 87 -16 290 -86 209 -89 214 -129 231 -35 14 -42 15 -82 7z\"\/><path d=\"M3689 3066 c-15 -9 -33 -30 -42 -48 -48 -103 -147 -355 -147 -375 0 -98 131 -148 192 -74 13 15 57 108 97 206 80 196 84 226 37 273 -30 30 -99 39 -137 18z\"\/><path d=\"M583 2784 c-38 -19 -67 -74 -58 -113 9 -42 211 -354 242 -373 16 -10 45 -18 66 -18 51 0 107 52 107 100 0 39 -1 41 -124 234 -80 126 -108 162 -133 173 -41 17 -61 16 -100 -3z\"\/><path d=\"M4250 2784 c-14 -9 -74 -91 -133 -183 -95 -150 -107 -173 -107 -213 0 -55 33 -94 87 -104 67 -13 90 8 211 198 130 202 137 225 78 284 -27 27 -42 34 -72 34 -22 0 -50 -8 -64 -16z\"\/><path d=\"M2275 2693 c-553 -48 -1095 -270 -1585 -649 -135 -104 -459 -423 -483 -476 -23 -49 -22 -139 2 -186 73 -142 361 -457 571 -626 285 -228 642 -407 990 -497 242 -63 336 -73 660 -74 310 0 370 5 595 52 535 111 1045 392 1455 803 122 121 250 273 275 326 19 41 19 137 0 174 -41 79 -309 363 -465 492 -447 370 -946 591 -1479 653 -113 14 -422 18 -536 8z m395 -428 c171 -34 330 -124 456 -258 112 -119 167 -219 211 -378 27 -96 24 -300 -5 -401 -72 -255 -236 -447 -474 -557 -132 -62 -201 -76 -368 -76 -167 0 -236 14 -368 76 -213 98 -373 271 -451 485 -162 444 86 934 547 1084 153 49 292 57 452 25z m909 -232 c222 -123 408 -262 593 -441 76 -74 138 -139 138 -144 0 -16 -233 -242 -330 -319 -155 -123 -309 -223 -461 -299 l-81 -41 32 46 c18 26 49 83 70 128 143 306 141 649 -6 957 -25 52 -61 116 -79 142 l-34 47 45 -20 c26 -10 76 -36 113 -56z m-2057 25 c-40 -58 -105 -190 -130 -263 -110 -324 -59 -707 132 -981 25 -35 42 -64 37 -64 -19 0 -241 119 -326 174 -188 122 -406 314 -532 468 l-58 71 108 103 c185 178 428 349 672 473 66 33 121 60 123 61 2 0 -10 -19 -26 -42z\"\/><path d=\"M2375 1950 c-198 -44 -350 -190 -395 -379 -18 -76 -8 -221 19 -290 114 -284 457 -406 731 -260 98 52 188 154 231 260 27 69 37 214 19 290 -38 163 -166 304 -326 360 -67 23 -215 33 -279 19z\"\/><\/g><\/svg><\/i> \u2800&nbsp;152&nbsp;Visitas desde 14\/dic\/2022, \u2800&nbsp;1&nbsp;Visitas el dia de hoy<\/p>\n<div class=\"pvc_clear\"><\/div>\n","protected":false},"author":5,"featured_media":0,"parent":0,"menu_order":0,"comment_status":"closed","ping_status":"closed","template":"","meta":{"footnotes":""},"class_list":["post-233","page","type-page","status-publish","hentry"],"_links":{"self":[{"href":"https:\/\/femexrobotica.org\/tmr2024\/wp-json\/wp\/v2\/pages\/233","targetHints":{"allow":["GET"]}}],"collection":[{"href":"https:\/\/femexrobotica.org\/tmr2024\/wp-json\/wp\/v2\/pages"}],"about":[{"href":"https:\/\/femexrobotica.org\/tmr2024\/wp-json\/wp\/v2\/types\/page"}],"author":[{"embeddable":true,"href":"https:\/\/femexrobotica.org\/tmr2024\/wp-json\/wp\/v2\/users\/5"}],"replies":[{"embeddable":true,"href":"https:\/\/femexrobotica.org\/tmr2024\/wp-json\/wp\/v2\/comments?post=233"}],"version-history":[{"count":8,"href":"https:\/\/femexrobotica.org\/tmr2024\/wp-json\/wp\/v2\/pages\/233\/revisions"}],"predecessor-version":[{"id":2252,"href":"https:\/\/femexrobotica.org\/tmr2024\/wp-json\/wp\/v2\/pages\/233\/revisions\/2252"}],"wp:attachment":[{"href":"https:\/\/femexrobotica.org\/tmr2024\/wp-json\/wp\/v2\/media?parent=233"}],"curies":[{"name":"wp","href":"https:\/\/api.w.org\/{rel}","templated":true}]}}