{"id":175,"date":"2022-12-03T23:58:58","date_gmt":"2022-12-03T23:58:58","guid":{"rendered":"https:\/\/femexrobotica.org\/tmr2023\/?page_id=175"},"modified":"2024-02-27T21:44:41","modified_gmt":"2024-02-27T21:44:41","slug":"robocup-junior-soccer","status":"publish","type":"page","link":"https:\/\/femexrobotica.org\/tmr2024\/robocup-junior-soccer\/","title":{"rendered":"RoboCupJunior Soccer"},"content":{"rendered":"\n<figure class=\"wp-block-image size-full\"><img loading=\"lazy\" decoding=\"async\" width=\"1024\" height=\"683\" src=\"https:\/\/femexrobotica.org\/tmr2024\/wp-content\/uploads\/2022\/12\/image-28.png\" alt=\"\" class=\"wp-image-176\" srcset=\"https:\/\/femexrobotica.org\/tmr2024\/wp-content\/uploads\/2022\/12\/image-28.png 1024w, https:\/\/femexrobotica.org\/tmr2024\/wp-content\/uploads\/2022\/12\/image-28-300x200.png 300w, https:\/\/femexrobotica.org\/tmr2024\/wp-content\/uploads\/2022\/12\/image-28-768x512.png 768w\" sizes=\"auto, (max-width: 1024px) 100vw, 1024px\" \/><\/figure>\n\n\n\n<p><strong>INFORMACI\u00d3N GENERAL<\/strong><\/p>\n\n\n\n<p class=\"textojustificado\">RoboCupJunior Soccer es una iniciativa educativa enfocada a estudiantes de primaria, secundaria y preparatoria, as\u00ed como a estudiantes universitarios iniciales. En \u00e9sta, equipos de 2 contra 2 robots m\u00f3viles aut\u00f3nomos juegan partidos en una cancha cerrada de minifutbol, buscando una pelota y tratando de enviarla a la porter\u00eda que les corresponda, o bien defendiendo de la ofensiva contraria.<\/p>\n\n\n\n<p class=\"textojustificado\">Los robots construidos exclusivamente por los participantes deben ser completamente aut\u00f3nomos; adem\u00e1s de observarlos en juego, ser\u00e1n examinados en su construcci\u00f3n, dise\u00f1o t\u00e9cnico y programaci\u00f3n, buscando que el campe\u00f3n del torneo sea el que cuente con el mejor equilibrio entre todos estos elementos. Los participantes deben poder dar lo mejor de sus habilidades de programaci\u00f3n, rob\u00f3tica, electr\u00f3nica y mecatr\u00f3nica, pero tambi\u00e9n deben contribuir al trabajo en equipo y a compartir sus conocimientos con otros participantes, sin importar su edad o el resultado en la competencia. Se espera que todos compitan, aprendan, se diviertan y crezcan.<\/p>\n\n\n\n<p>Dentro de esta categor\u00eda tiene dos subligas f\u00edsicas<\/p>\n\n\n\n<p><a href=\"https:\/\/junior.robocup.org\/rcj-soccer-lightweight\/\">Soccer lightweight<\/a>:  Subliga para todos los integrantes entre 14 y 19 a\u00f1os el 1 de julio. Se juegan con una pelota electr\u00f3nica bien balanceada. La pelota emite luz infrarroja (IR) en el llamado &#8220;modo pulsado&#8221;.<\/p>\n\n\n\n<p><a href=\"https:\/\/junior.robocup.org\/rcj-soccer-open\/\">Soccer open<\/a>: Para todos los integrantes del equipo entre 14 y 19 a\u00f1os el 1 de julio. Se juegan con una pelota de golf naranja.<\/p>\n\n\n\n<p><strong>Restricciones<\/strong><\/p>\n\n\n\n<p>Los equipos de RCJ Soccer deber\u00e1n conformarse con al menos 2 miembros y hasta un m\u00e1ximo de 4.<\/p>\n\n\n\n<p>La edad se considera al 1ro de julio de cada a\u00f1o para el mundial RoboCup, y por lo tanto tambi\u00e9n para el Torneo Mexicano de Rob\u00f3tica.<\/p>\n\n\n\n<p>Cada concursante s\u00f3lo puede estar inscrito en 1 \u00fanico equipo, sub-liga y liga en todo RoboCupJunior.<\/p>\n\n\n\n<p><strong>L\u00edmites de equipos por instituci\u00f3n<\/strong><\/p>\n\n\n\n<p>Cada instituci\u00f3n puede registrar el siguiente n\u00famero de equipos por cada sub-liga Junior:<\/p>\n\n\n\n<ul class=\"wp-block-list\">\n<li>M\u00e1ximo 1 equipo por sub-liga en Rescue Line y Rescue Maze<\/li>\n\n\n\n<li>M\u00e1ximo 2 equipos por sub-liga en todas las sub-ligas de Soccer y OnStage<\/li>\n\n\n\n<li>No se limitar\u00e1 el n\u00famero de equipos en Rescue Simulation (antes CoSpace)<\/li>\n\n\n\n<li>La instituci\u00f3n que haya obtenido el primer lugar en cada sub-liga del torneo pasado (TMR2023) y haya enviado su reporte de participaci\u00f3n en RoboCup obtiene el derecho a registrar un equipo m\u00e1s en esa misma sub-liga. Debe dar de alta el equipo adicional y sus miembros, y antes de concluir el pre-registro enviar un correo a <em>regtmr@femexrobotica.org<\/em> indicando el nombre del equipo que desea que se le aplique este derecho.<\/li>\n<\/ul>\n\n\n\n<p><strong>Reglas<\/strong><\/p>\n\n\n\n<p>Las reglas para la competencia de RoboCupJunior Soccer 2024 se encuentran publicadas en el sitio internacional de RoboCupJunior.<\/p>\n\n\n\n<p>Estas reglas se pueden consultar en&nbsp;<a href=\"https:\/\/junior.robocup.org\/soccer\/\">https:\/\/junior.robocup.org\/soccer\/<\/a>.&nbsp;Toma en cuenta que los comit\u00e9s internacionales se encuentran en el proceso de revisi\u00f3n de las reglas, por lo que conviene que revises peri\u00f3dicamente para enterarte si hubo alguna actualizaci\u00f3n.<\/p>\n\n\n\n<p>La competencia de RoboCupJunior Soccer se realizar\u00e1 con los siguientes aspectos:<\/p>\n\n\n\n<ul class=\"wp-block-list\">\n<li>entrevista virtual (previo al d\u00eda de registro en sitio)<\/li>\n\n\n\n<li>verificaci\u00f3n de cumplimiento f\u00edsico de los robots y presentaci\u00f3n con poster del equipo (el d\u00eda de registro en sitio)<\/li>\n\n\n\n<li>enfrentamientos contra otros equipos en sistema suizo<\/li>\n\n\n\n<li>finales (solo para los equipos m\u00e1s altos de la tabla clasificatoria)<\/li>\n\n\n\n<li>y retos t\u00e9cnicos<\/li>\n<\/ul>\n\n\n\n<p><strong>Coordinador <\/strong><\/p>\n\n\n\n<p><em>RCJ Soccer Lightweight \/ RCJ Soccer Open<\/em><\/p>\n\n\n\n<p>Luis Jos\u00e9 L\u00f3pez Lora <br>email: <a href=\"mailto:llopez@femexrobotica.org\">llopez@femexrobotica.org<\/a><\/p>\n\n\n\n<p><strong>Responsables T\u00e9cnicos<\/strong><\/p>\n\n\n\n<p>Javier Enrique Delgado Moreno<br>email: <a href=\"mailto:javier_687@outlook.com\">javier_687@outlook.com<\/a><\/p>\n\n\n\n<p>Patricio Mart\u00ednez Escobedo<br>email: <a href=\"mailto:patricio.mtz3@gmail.com\">patricio.mtz3@gmail.com<\/a><\/p>\n<div class=\"pvc_clear\"><\/div><p class=\"pvc_stats all \" data-element-id=\"175\" style=\"\"><i class=\"pvc-stats-icon small\" aria-hidden=\"true\"><svg xmlns=\"http:\/\/www.w3.org\/2000\/svg\" version=\"1.0\" viewBox=\"0 0 502 315\" preserveAspectRatio=\"xMidYMid meet\"><g transform=\"translate(0,332) scale(0.1,-0.1)\" fill=\"\" stroke=\"none\"><path d=\"M2394 3279 l-29 -30 -3 -207 c-2 -182 0 -211 15 -242 39 -76 157 -76 196 0 15 31 17 60 15 243 l-3 209 -33 29 c-26 23 -41 29 -80 29 -41 0 -53 -5 -78 -31z\"\/><path d=\"M3085 3251 c-45 -19 -58 -50 -96 -229 -47 -217 -49 -260 -13 -295 52 -53 146 -42 177 20 16 31 87 366 87 410 0 70 -86 122 -155 94z\"\/><path d=\"M1751 3234 c-13 -9 -29 -31 -37 -50 -12 -29 -10 -49 21 -204 19 -94 39 -189 45 -210 14 -50 54 -80 110 -80 34 0 48 6 76 34 21 21 34 44 34 59 0 14 -18 113 -40 219 -37 178 -43 195 -70 221 -36 32 -101 37 -139 11z\"\/><path d=\"M1163 3073 c-36 -7 -73 -59 -73 -102 0 -56 133 -378 171 -413 34 -32 83 -37 129 -13 70 36 67 87 -16 290 -86 209 -89 214 -129 231 -35 14 -42 15 -82 7z\"\/><path d=\"M3689 3066 c-15 -9 -33 -30 -42 -48 -48 -103 -147 -355 -147 -375 0 -98 131 -148 192 -74 13 15 57 108 97 206 80 196 84 226 37 273 -30 30 -99 39 -137 18z\"\/><path d=\"M583 2784 c-38 -19 -67 -74 -58 -113 9 -42 211 -354 242 -373 16 -10 45 -18 66 -18 51 0 107 52 107 100 0 39 -1 41 -124 234 -80 126 -108 162 -133 173 -41 17 -61 16 -100 -3z\"\/><path d=\"M4250 2784 c-14 -9 -74 -91 -133 -183 -95 -150 -107 -173 -107 -213 0 -55 33 -94 87 -104 67 -13 90 8 211 198 130 202 137 225 78 284 -27 27 -42 34 -72 34 -22 0 -50 -8 -64 -16z\"\/><path d=\"M2275 2693 c-553 -48 -1095 -270 -1585 -649 -135 -104 -459 -423 -483 -476 -23 -49 -22 -139 2 -186 73 -142 361 -457 571 -626 285 -228 642 -407 990 -497 242 -63 336 -73 660 -74 310 0 370 5 595 52 535 111 1045 392 1455 803 122 121 250 273 275 326 19 41 19 137 0 174 -41 79 -309 363 -465 492 -447 370 -946 591 -1479 653 -113 14 -422 18 -536 8z m395 -428 c171 -34 330 -124 456 -258 112 -119 167 -219 211 -378 27 -96 24 -300 -5 -401 -72 -255 -236 -447 -474 -557 -132 -62 -201 -76 -368 -76 -167 0 -236 14 -368 76 -213 98 -373 271 -451 485 -162 444 86 934 547 1084 153 49 292 57 452 25z m909 -232 c222 -123 408 -262 593 -441 76 -74 138 -139 138 -144 0 -16 -233 -242 -330 -319 -155 -123 -309 -223 -461 -299 l-81 -41 32 46 c18 26 49 83 70 128 143 306 141 649 -6 957 -25 52 -61 116 -79 142 l-34 47 45 -20 c26 -10 76 -36 113 -56z m-2057 25 c-40 -58 -105 -190 -130 -263 -110 -324 -59 -707 132 -981 25 -35 42 -64 37 -64 -19 0 -241 119 -326 174 -188 122 -406 314 -532 468 l-58 71 108 103 c185 178 428 349 672 473 66 33 121 60 123 61 2 0 -10 -19 -26 -42z\"\/><path d=\"M2375 1950 c-198 -44 -350 -190 -395 -379 -18 -76 -8 -221 19 -290 114 -284 457 -406 731 -260 98 52 188 154 231 260 27 69 37 214 19 290 -38 163 -166 304 -326 360 -67 23 -215 33 -279 19z\"\/><\/g><\/svg><\/i> \u2800&nbsp;185&nbsp;Visitas desde 14\/dic\/2022, \u2800&nbsp;2&nbsp;Visitas el dia de hoy<\/p><div class=\"pvc_clear\"><\/div>","protected":false},"excerpt":{"rendered":"<p>INFORMACI\u00d3N GENERAL RoboCupJunior Soccer es una iniciativa educativa enfocada a estudiantes de primaria, secundaria y preparatoria, as\u00ed como a estudiantes universitarios iniciales. En \u00e9sta, equipos de 2 contra 2 robots m\u00f3viles aut\u00f3nomos juegan partidos en una cancha cerrada de minifutbol, buscando una pelota y tratando de enviarla a la porter\u00eda que les corresponda, o bien [&hellip;]<\/p>\n<div class=\"pvc_clear\"><\/div>\n<p class=\"pvc_stats all \" data-element-id=\"175\" style=\"\"><i class=\"pvc-stats-icon small\" aria-hidden=\"true\"><svg xmlns=\"http:\/\/www.w3.org\/2000\/svg\" version=\"1.0\" viewBox=\"0 0 502 315\" preserveAspectRatio=\"xMidYMid meet\"><g transform=\"translate(0,332) scale(0.1,-0.1)\" fill=\"\" stroke=\"none\"><path d=\"M2394 3279 l-29 -30 -3 -207 c-2 -182 0 -211 15 -242 39 -76 157 -76 196 0 15 31 17 60 15 243 l-3 209 -33 29 c-26 23 -41 29 -80 29 -41 0 -53 -5 -78 -31z\"\/><path d=\"M3085 3251 c-45 -19 -58 -50 -96 -229 -47 -217 -49 -260 -13 -295 52 -53 146 -42 177 20 16 31 87 366 87 410 0 70 -86 122 -155 94z\"\/><path d=\"M1751 3234 c-13 -9 -29 -31 -37 -50 -12 -29 -10 -49 21 -204 19 -94 39 -189 45 -210 14 -50 54 -80 110 -80 34 0 48 6 76 34 21 21 34 44 34 59 0 14 -18 113 -40 219 -37 178 -43 195 -70 221 -36 32 -101 37 -139 11z\"\/><path d=\"M1163 3073 c-36 -7 -73 -59 -73 -102 0 -56 133 -378 171 -413 34 -32 83 -37 129 -13 70 36 67 87 -16 290 -86 209 -89 214 -129 231 -35 14 -42 15 -82 7z\"\/><path d=\"M3689 3066 c-15 -9 -33 -30 -42 -48 -48 -103 -147 -355 -147 -375 0 -98 131 -148 192 -74 13 15 57 108 97 206 80 196 84 226 37 273 -30 30 -99 39 -137 18z\"\/><path d=\"M583 2784 c-38 -19 -67 -74 -58 -113 9 -42 211 -354 242 -373 16 -10 45 -18 66 -18 51 0 107 52 107 100 0 39 -1 41 -124 234 -80 126 -108 162 -133 173 -41 17 -61 16 -100 -3z\"\/><path d=\"M4250 2784 c-14 -9 -74 -91 -133 -183 -95 -150 -107 -173 -107 -213 0 -55 33 -94 87 -104 67 -13 90 8 211 198 130 202 137 225 78 284 -27 27 -42 34 -72 34 -22 0 -50 -8 -64 -16z\"\/><path d=\"M2275 2693 c-553 -48 -1095 -270 -1585 -649 -135 -104 -459 -423 -483 -476 -23 -49 -22 -139 2 -186 73 -142 361 -457 571 -626 285 -228 642 -407 990 -497 242 -63 336 -73 660 -74 310 0 370 5 595 52 535 111 1045 392 1455 803 122 121 250 273 275 326 19 41 19 137 0 174 -41 79 -309 363 -465 492 -447 370 -946 591 -1479 653 -113 14 -422 18 -536 8z m395 -428 c171 -34 330 -124 456 -258 112 -119 167 -219 211 -378 27 -96 24 -300 -5 -401 -72 -255 -236 -447 -474 -557 -132 -62 -201 -76 -368 -76 -167 0 -236 14 -368 76 -213 98 -373 271 -451 485 -162 444 86 934 547 1084 153 49 292 57 452 25z m909 -232 c222 -123 408 -262 593 -441 76 -74 138 -139 138 -144 0 -16 -233 -242 -330 -319 -155 -123 -309 -223 -461 -299 l-81 -41 32 46 c18 26 49 83 70 128 143 306 141 649 -6 957 -25 52 -61 116 -79 142 l-34 47 45 -20 c26 -10 76 -36 113 -56z m-2057 25 c-40 -58 -105 -190 -130 -263 -110 -324 -59 -707 132 -981 25 -35 42 -64 37 -64 -19 0 -241 119 -326 174 -188 122 -406 314 -532 468 l-58 71 108 103 c185 178 428 349 672 473 66 33 121 60 123 61 2 0 -10 -19 -26 -42z\"\/><path d=\"M2375 1950 c-198 -44 -350 -190 -395 -379 -18 -76 -8 -221 19 -290 114 -284 457 -406 731 -260 98 52 188 154 231 260 27 69 37 214 19 290 -38 163 -166 304 -326 360 -67 23 -215 33 -279 19z\"\/><\/g><\/svg><\/i> \u2800&nbsp;185&nbsp;Visitas desde 14\/dic\/2022, \u2800&nbsp;2&nbsp;Visitas el dia de hoy<\/p>\n<div class=\"pvc_clear\"><\/div>\n","protected":false},"author":5,"featured_media":0,"parent":0,"menu_order":0,"comment_status":"closed","ping_status":"closed","template":"","meta":{"footnotes":""},"class_list":["post-175","page","type-page","status-publish","hentry"],"_links":{"self":[{"href":"https:\/\/femexrobotica.org\/tmr2024\/wp-json\/wp\/v2\/pages\/175","targetHints":{"allow":["GET"]}}],"collection":[{"href":"https:\/\/femexrobotica.org\/tmr2024\/wp-json\/wp\/v2\/pages"}],"about":[{"href":"https:\/\/femexrobotica.org\/tmr2024\/wp-json\/wp\/v2\/types\/page"}],"author":[{"embeddable":true,"href":"https:\/\/femexrobotica.org\/tmr2024\/wp-json\/wp\/v2\/users\/5"}],"replies":[{"embeddable":true,"href":"https:\/\/femexrobotica.org\/tmr2024\/wp-json\/wp\/v2\/comments?post=175"}],"version-history":[{"count":16,"href":"https:\/\/femexrobotica.org\/tmr2024\/wp-json\/wp\/v2\/pages\/175\/revisions"}],"predecessor-version":[{"id":2186,"href":"https:\/\/femexrobotica.org\/tmr2024\/wp-json\/wp\/v2\/pages\/175\/revisions\/2186"}],"wp:attachment":[{"href":"https:\/\/femexrobotica.org\/tmr2024\/wp-json\/wp\/v2\/media?parent=175"}],"curies":[{"name":"wp","href":"https:\/\/api.w.org\/{rel}","templated":true}]}}