{"id":1552,"date":"2024-02-06T23:57:57","date_gmt":"2024-02-06T23:57:57","guid":{"rendered":"https:\/\/femexrobotica.org\/tmr2024\/?page_id=1552"},"modified":"2024-02-27T00:36:02","modified_gmt":"2024-02-27T00:36:02","slug":"rover-lunar-2","status":"publish","type":"page","link":"https:\/\/femexrobotica.org\/tmr2024\/rover-lunar-2\/","title":{"rendered":"Rover Lunar"},"content":{"rendered":"\n<h2 class=\"wp-block-heading has-text-align-center\">Rover Lunar<\/h2>\n\n\n\n<p><\/p>\n\n\n\n<p class=\"has-text-align-center\">\u00a1Lleva tu talento a nuevos horizontes y vive un<br>emocionante desaf\u00edo en la exploraci\u00f3n espacial!<\/p>\n\n\n\n<figure class=\"wp-block-image size-large\"><img loading=\"lazy\" decoding=\"async\" width=\"1024\" height=\"768\" src=\"https:\/\/femexrobotica.org\/tmr2024\/wp-content\/uploads\/2024\/02\/Rover-Lunar-1024x768.jpg\" alt=\"\" class=\"wp-image-1555\" srcset=\"https:\/\/femexrobotica.org\/tmr2024\/wp-content\/uploads\/2024\/02\/Rover-Lunar-1024x768.jpg 1024w, https:\/\/femexrobotica.org\/tmr2024\/wp-content\/uploads\/2024\/02\/Rover-Lunar-300x225.jpg 300w, https:\/\/femexrobotica.org\/tmr2024\/wp-content\/uploads\/2024\/02\/Rover-Lunar-768x576.jpg 768w, https:\/\/femexrobotica.org\/tmr2024\/wp-content\/uploads\/2024\/02\/Rover-Lunar-1536x1152.jpg 1536w, https:\/\/femexrobotica.org\/tmr2024\/wp-content\/uploads\/2024\/02\/Rover-Lunar-2048x1536.jpg 2048w\" sizes=\"auto, (max-width: 1024px) 100vw, 1024px\" \/><\/figure>\n\n\n\n<p><strong>Informaci\u00f3n General<br><\/strong>Los rovers lunares juegan un papel importante en la preparaci\u00f3n para futuras misiones humanas a la Luna. Al estudiar la superficie lunar, los cient\u00edficos pueden identificar posibles recursos, evaluar las condiciones del terreno y comprender mejor los desaf\u00edos que podr\u00edan enfrentar los astronautas en futuras misiones.<br>La construcci\u00f3n y operaci\u00f3n de rovers lunares implican el desarrollo y la prueba de tecnolog\u00edas avanzadas que luego se pueden aplicar en misiones futuras, ya sea en la Luna, en otros planetas o en asteroides. esto impulsa la innovaci\u00f3n y avanza en la tecnolog\u00eda espacial.<\/p>\n\n\n\n<p><br>El Torneo Mexicano de Rob\u00f3tica se complace en invitar a todos los entusiastas roboticistas de la exploraci\u00f3n espacial de cuerpos celestes a participar en la primera versi\u00f3n de la categor\u00eda: \u201cRover Lunar\u201d;  donde tendr\u00e1n la oportunidad de demostrar sus habilidades en la construcci\u00f3n y operaci\u00f3n de robots m\u00f3viles aut\u00f3nomos y teledirigidos.<\/p>\n\n\n\n<p>Los participantes tendr\u00e1n la tarea de dise\u00f1ar y construir un rover capaz de navegar, recoger muestras y llevar a cabo diversas tareas en un entorno emulado de la Luna. <\/p>\n\n\n\n<p>Al competir los equipos podr\u00e1n demostrar sus habilidades ante una audiencia de expertos y entusiastas del espacio. Tambi\u00e9n tendr\u00e1n la oportunidad de aprender sobre la exploraci\u00f3n aeroespacial, interactuar con otros equipos y establecer contactos con profesionales del \u00e1rea.<\/p>\n\n\n\n<p><\/p>\n\n\n<div class=\"wp-block-image\">\n<figure class=\"aligncenter size-full\"><img loading=\"lazy\" decoding=\"async\" width=\"754\" height=\"554\" src=\"https:\/\/femexrobotica.org\/tmr2024\/wp-content\/uploads\/2024\/02\/Rovers1.jpg\" alt=\"\" class=\"wp-image-1562\" srcset=\"https:\/\/femexrobotica.org\/tmr2024\/wp-content\/uploads\/2024\/02\/Rovers1.jpg 754w, https:\/\/femexrobotica.org\/tmr2024\/wp-content\/uploads\/2024\/02\/Rovers1-300x220.jpg 300w\" sizes=\"auto, (max-width: 754px) 100vw, 754px\" \/><\/figure>\n<\/div>\n\n\n<p><\/p>\n\n\n\n<p><\/p>\n\n\n\n<p><strong>MODALIDAD<\/strong><br>Presencial<br><strong>RESTRICCIONES<\/strong><br>M\u00e1ximo 10 equipos por Categor\u00eda (Junior y Major)<br>Cada equipo debe estar conformado por un m\u00e1ximo de 4 participantes con silla de trabajo y un mentor.<br><strong>REGLAS<\/strong><\/p>\n\n\n\n<div data-wp-interactive=\"core\/file\" class=\"wp-block-file\"><object data-wp-bind--hidden=\"!state.hasPdfPreview\" hidden class=\"wp-block-file__embed\" data=\"https:\/\/femexrobotica.org\/tmr2024\/wp-content\/uploads\/2024\/02\/ROVER_LUNAR_convocatoria-TMR2024.pdf\" type=\"application\/pdf\" style=\"width:100%;height:600px\" aria-label=\"Incrustado de ROVER_LUNAR_convocatoria-TMR2024.\"><\/object><a id=\"wp-block-file--media-6b38a836-aa27-4c56-a858-dd9f35a79337\" href=\"https:\/\/femexrobotica.org\/tmr2024\/wp-content\/uploads\/2024\/02\/ROVER_LUNAR_convocatoria-TMR2024.pdf\">ROVER_LUNAR_convocatoria-TMR2024<\/a><a href=\"https:\/\/femexrobotica.org\/tmr2024\/wp-content\/uploads\/2024\/02\/ROVER_LUNAR_convocatoria-TMR2024.pdf\" class=\"wp-block-file__button wp-element-button\" download aria-describedby=\"wp-block-file--media-6b38a836-aa27-4c56-a858-dd9f35a79337\">Descarga<\/a><\/div>\n\n\n\n<p><strong>Coordinador<\/strong><\/p>\n\n\n\n<p>Jos\u00e9 Mart\u00ednez Carranza<\/p>\n\n\n\n<p>email: <a href=\"mailto:josemcr0506@gmail.com\">josemcr0506@gmail.com<\/a><\/p>\n\n\n\n<p><strong>Responsable(s)<br><\/strong>H\u00e9ctor Sim\u00f3n Vargas Mart\u00ednez<br>email: <a href=\"mailto:hectorsimon.vargas@upaep.mx\">hectorsimon.vargas@upaep.mx<\/a><\/p>\n<div class=\"pvc_clear\"><\/div><p class=\"pvc_stats all \" data-element-id=\"1552\" style=\"\"><i class=\"pvc-stats-icon small\" aria-hidden=\"true\"><svg xmlns=\"http:\/\/www.w3.org\/2000\/svg\" version=\"1.0\" viewBox=\"0 0 502 315\" preserveAspectRatio=\"xMidYMid meet\"><g transform=\"translate(0,332) scale(0.1,-0.1)\" fill=\"\" stroke=\"none\"><path d=\"M2394 3279 l-29 -30 -3 -207 c-2 -182 0 -211 15 -242 39 -76 157 -76 196 0 15 31 17 60 15 243 l-3 209 -33 29 c-26 23 -41 29 -80 29 -41 0 -53 -5 -78 -31z\"\/><path d=\"M3085 3251 c-45 -19 -58 -50 -96 -229 -47 -217 -49 -260 -13 -295 52 -53 146 -42 177 20 16 31 87 366 87 410 0 70 -86 122 -155 94z\"\/><path d=\"M1751 3234 c-13 -9 -29 -31 -37 -50 -12 -29 -10 -49 21 -204 19 -94 39 -189 45 -210 14 -50 54 -80 110 -80 34 0 48 6 76 34 21 21 34 44 34 59 0 14 -18 113 -40 219 -37 178 -43 195 -70 221 -36 32 -101 37 -139 11z\"\/><path d=\"M1163 3073 c-36 -7 -73 -59 -73 -102 0 -56 133 -378 171 -413 34 -32 83 -37 129 -13 70 36 67 87 -16 290 -86 209 -89 214 -129 231 -35 14 -42 15 -82 7z\"\/><path d=\"M3689 3066 c-15 -9 -33 -30 -42 -48 -48 -103 -147 -355 -147 -375 0 -98 131 -148 192 -74 13 15 57 108 97 206 80 196 84 226 37 273 -30 30 -99 39 -137 18z\"\/><path d=\"M583 2784 c-38 -19 -67 -74 -58 -113 9 -42 211 -354 242 -373 16 -10 45 -18 66 -18 51 0 107 52 107 100 0 39 -1 41 -124 234 -80 126 -108 162 -133 173 -41 17 -61 16 -100 -3z\"\/><path d=\"M4250 2784 c-14 -9 -74 -91 -133 -183 -95 -150 -107 -173 -107 -213 0 -55 33 -94 87 -104 67 -13 90 8 211 198 130 202 137 225 78 284 -27 27 -42 34 -72 34 -22 0 -50 -8 -64 -16z\"\/><path d=\"M2275 2693 c-553 -48 -1095 -270 -1585 -649 -135 -104 -459 -423 -483 -476 -23 -49 -22 -139 2 -186 73 -142 361 -457 571 -626 285 -228 642 -407 990 -497 242 -63 336 -73 660 -74 310 0 370 5 595 52 535 111 1045 392 1455 803 122 121 250 273 275 326 19 41 19 137 0 174 -41 79 -309 363 -465 492 -447 370 -946 591 -1479 653 -113 14 -422 18 -536 8z m395 -428 c171 -34 330 -124 456 -258 112 -119 167 -219 211 -378 27 -96 24 -300 -5 -401 -72 -255 -236 -447 -474 -557 -132 -62 -201 -76 -368 -76 -167 0 -236 14 -368 76 -213 98 -373 271 -451 485 -162 444 86 934 547 1084 153 49 292 57 452 25z m909 -232 c222 -123 408 -262 593 -441 76 -74 138 -139 138 -144 0 -16 -233 -242 -330 -319 -155 -123 -309 -223 -461 -299 l-81 -41 32 46 c18 26 49 83 70 128 143 306 141 649 -6 957 -25 52 -61 116 -79 142 l-34 47 45 -20 c26 -10 76 -36 113 -56z m-2057 25 c-40 -58 -105 -190 -130 -263 -110 -324 -59 -707 132 -981 25 -35 42 -64 37 -64 -19 0 -241 119 -326 174 -188 122 -406 314 -532 468 l-58 71 108 103 c185 178 428 349 672 473 66 33 121 60 123 61 2 0 -10 -19 -26 -42z\"\/><path d=\"M2375 1950 c-198 -44 -350 -190 -395 -379 -18 -76 -8 -221 19 -290 114 -284 457 -406 731 -260 98 52 188 154 231 260 27 69 37 214 19 290 -38 163 -166 304 -326 360 -67 23 -215 33 -279 19z\"\/><\/g><\/svg><\/i> \u2800&nbsp;151&nbsp;Visitas desde 14\/dic\/2022, \u2800&nbsp;1&nbsp;Visitas el dia de hoy<\/p><div class=\"pvc_clear\"><\/div>","protected":false},"excerpt":{"rendered":"<p>Rover Lunar \u00a1Lleva tu talento a nuevos horizontes y vive unemocionante desaf\u00edo en la exploraci\u00f3n espacial! Informaci\u00f3n GeneralLos rovers lunares juegan un papel importante en la preparaci\u00f3n para futuras misiones humanas a la Luna. Al estudiar la superficie lunar, los cient\u00edficos pueden identificar posibles recursos, evaluar las condiciones del terreno y comprender mejor los desaf\u00edos [&hellip;]<\/p>\n<div class=\"pvc_clear\"><\/div>\n<p class=\"pvc_stats all \" data-element-id=\"1552\" style=\"\"><i class=\"pvc-stats-icon small\" aria-hidden=\"true\"><svg xmlns=\"http:\/\/www.w3.org\/2000\/svg\" version=\"1.0\" viewBox=\"0 0 502 315\" preserveAspectRatio=\"xMidYMid meet\"><g transform=\"translate(0,332) scale(0.1,-0.1)\" fill=\"\" stroke=\"none\"><path d=\"M2394 3279 l-29 -30 -3 -207 c-2 -182 0 -211 15 -242 39 -76 157 -76 196 0 15 31 17 60 15 243 l-3 209 -33 29 c-26 23 -41 29 -80 29 -41 0 -53 -5 -78 -31z\"\/><path d=\"M3085 3251 c-45 -19 -58 -50 -96 -229 -47 -217 -49 -260 -13 -295 52 -53 146 -42 177 20 16 31 87 366 87 410 0 70 -86 122 -155 94z\"\/><path d=\"M1751 3234 c-13 -9 -29 -31 -37 -50 -12 -29 -10 -49 21 -204 19 -94 39 -189 45 -210 14 -50 54 -80 110 -80 34 0 48 6 76 34 21 21 34 44 34 59 0 14 -18 113 -40 219 -37 178 -43 195 -70 221 -36 32 -101 37 -139 11z\"\/><path d=\"M1163 3073 c-36 -7 -73 -59 -73 -102 0 -56 133 -378 171 -413 34 -32 83 -37 129 -13 70 36 67 87 -16 290 -86 209 -89 214 -129 231 -35 14 -42 15 -82 7z\"\/><path d=\"M3689 3066 c-15 -9 -33 -30 -42 -48 -48 -103 -147 -355 -147 -375 0 -98 131 -148 192 -74 13 15 57 108 97 206 80 196 84 226 37 273 -30 30 -99 39 -137 18z\"\/><path d=\"M583 2784 c-38 -19 -67 -74 -58 -113 9 -42 211 -354 242 -373 16 -10 45 -18 66 -18 51 0 107 52 107 100 0 39 -1 41 -124 234 -80 126 -108 162 -133 173 -41 17 -61 16 -100 -3z\"\/><path d=\"M4250 2784 c-14 -9 -74 -91 -133 -183 -95 -150 -107 -173 -107 -213 0 -55 33 -94 87 -104 67 -13 90 8 211 198 130 202 137 225 78 284 -27 27 -42 34 -72 34 -22 0 -50 -8 -64 -16z\"\/><path d=\"M2275 2693 c-553 -48 -1095 -270 -1585 -649 -135 -104 -459 -423 -483 -476 -23 -49 -22 -139 2 -186 73 -142 361 -457 571 -626 285 -228 642 -407 990 -497 242 -63 336 -73 660 -74 310 0 370 5 595 52 535 111 1045 392 1455 803 122 121 250 273 275 326 19 41 19 137 0 174 -41 79 -309 363 -465 492 -447 370 -946 591 -1479 653 -113 14 -422 18 -536 8z m395 -428 c171 -34 330 -124 456 -258 112 -119 167 -219 211 -378 27 -96 24 -300 -5 -401 -72 -255 -236 -447 -474 -557 -132 -62 -201 -76 -368 -76 -167 0 -236 14 -368 76 -213 98 -373 271 -451 485 -162 444 86 934 547 1084 153 49 292 57 452 25z m909 -232 c222 -123 408 -262 593 -441 76 -74 138 -139 138 -144 0 -16 -233 -242 -330 -319 -155 -123 -309 -223 -461 -299 l-81 -41 32 46 c18 26 49 83 70 128 143 306 141 649 -6 957 -25 52 -61 116 -79 142 l-34 47 45 -20 c26 -10 76 -36 113 -56z m-2057 25 c-40 -58 -105 -190 -130 -263 -110 -324 -59 -707 132 -981 25 -35 42 -64 37 -64 -19 0 -241 119 -326 174 -188 122 -406 314 -532 468 l-58 71 108 103 c185 178 428 349 672 473 66 33 121 60 123 61 2 0 -10 -19 -26 -42z\"\/><path d=\"M2375 1950 c-198 -44 -350 -190 -395 -379 -18 -76 -8 -221 19 -290 114 -284 457 -406 731 -260 98 52 188 154 231 260 27 69 37 214 19 290 -38 163 -166 304 -326 360 -67 23 -215 33 -279 19z\"\/><\/g><\/svg><\/i> \u2800&nbsp;151&nbsp;Visitas desde 14\/dic\/2022, \u2800&nbsp;1&nbsp;Visitas el dia de hoy<\/p>\n<div class=\"pvc_clear\"><\/div>\n","protected":false},"author":4,"featured_media":0,"parent":0,"menu_order":0,"comment_status":"closed","ping_status":"closed","template":"","meta":{"footnotes":""},"class_list":["post-1552","page","type-page","status-publish","hentry"],"_links":{"self":[{"href":"https:\/\/femexrobotica.org\/tmr2024\/wp-json\/wp\/v2\/pages\/1552","targetHints":{"allow":["GET"]}}],"collection":[{"href":"https:\/\/femexrobotica.org\/tmr2024\/wp-json\/wp\/v2\/pages"}],"about":[{"href":"https:\/\/femexrobotica.org\/tmr2024\/wp-json\/wp\/v2\/types\/page"}],"author":[{"embeddable":true,"href":"https:\/\/femexrobotica.org\/tmr2024\/wp-json\/wp\/v2\/users\/4"}],"replies":[{"embeddable":true,"href":"https:\/\/femexrobotica.org\/tmr2024\/wp-json\/wp\/v2\/comments?post=1552"}],"version-history":[{"count":9,"href":"https:\/\/femexrobotica.org\/tmr2024\/wp-json\/wp\/v2\/pages\/1552\/revisions"}],"predecessor-version":[{"id":1947,"href":"https:\/\/femexrobotica.org\/tmr2024\/wp-json\/wp\/v2\/pages\/1552\/revisions\/1947"}],"wp:attachment":[{"href":"https:\/\/femexrobotica.org\/tmr2024\/wp-json\/wp\/v2\/media?parent=1552"}],"curies":[{"name":"wp","href":"https:\/\/api.w.org\/{rel}","templated":true}]}}