{"id":89,"date":"2022-12-03T23:18:24","date_gmt":"2022-12-03T23:18:24","guid":{"rendered":"https:\/\/femexrobotica.org\/tmr2023\/?page_id=89"},"modified":"2022-12-09T21:44:29","modified_gmt":"2022-12-09T21:44:29","slug":"call-for-tmr-2023","status":"publish","type":"page","link":"https:\/\/femexrobotica.org\/tmr2023\/?page_id=89&lang=en","title":{"rendered":"Call for TMR 2023"},"content":{"rendered":"\n<p>The Federaci\u00f3n Mexicana de Rob\u00f3tica , A.C. and Universidad Tecnol\u00f3gica del Sureste de Veracruz.<\/p>\n\n\n\n<p>You are invited to the XlV Torneo Mexicano de Rob\u00f3tica<\/p>\n\n\n\n<ul class=\"wp-block-list\">\n<li>This April 27 to 29, 2023<\/li>\n\n\n\n<li>In the facilities of the Omega Sports Complex and Xalapa International Velodrome<\/li>\n\n\n\n<li>In the city of Xalapa, Veracruz<\/li>\n<\/ul>\n\n\n\n<p>This great event that takes place annually since 2008 organized by the Federaci\u00f3n Mexicana de Rob\u00f3tica A.C. (FMR) and several prestigious institutions, on this occasion, the Universidad Tecnol\u00f3gica del Sureste de Veracruz. They will be responsible for receiving the participants to TMR 2023, hoping that it will be an unforgettable experience.<\/p>\n","protected":false},"excerpt":{"rendered":"<p>The Federaci\u00f3n Mexicana de Rob\u00f3tica , A.C. and Universidad Tecnol\u00f3gica del Sureste de Veracruz. You are invited to the XlV Torneo Mexicano de Rob\u00f3tica This great event that takes place annually since 2008 organized by the Federaci\u00f3n Mexicana de Rob\u00f3tica A.C. (FMR) and several prestigious institutions, on this occasion, the Universidad Tecnol\u00f3gica del Sureste de [&hellip;]<\/p>\n","protected":false},"author":5,"featured_media":0,"parent":0,"menu_order":0,"comment_status":"closed","ping_status":"closed","template":"","meta":{"footnotes":""},"class_list":["post-89","page","type-page","status-publish","hentry"],"_links":{"self":[{"href":"https:\/\/femexrobotica.org\/tmr2023\/index.php?rest_route=\/wp\/v2\/pages\/89","targetHints":{"allow":["GET"]}}],"collection":[{"href":"https:\/\/femexrobotica.org\/tmr2023\/index.php?rest_route=\/wp\/v2\/pages"}],"about":[{"href":"https:\/\/femexrobotica.org\/tmr2023\/index.php?rest_route=\/wp\/v2\/types\/page"}],"author":[{"embeddable":true,"href":"https:\/\/femexrobotica.org\/tmr2023\/index.php?rest_route=\/wp\/v2\/users\/5"}],"replies":[{"embeddable":true,"href":"https:\/\/femexrobotica.org\/tmr2023\/index.php?rest_route=%2Fwp%2Fv2%2Fcomments&post=89"}],"version-history":[{"count":3,"href":"https:\/\/femexrobotica.org\/tmr2023\/index.php?rest_route=\/wp\/v2\/pages\/89\/revisions"}],"predecessor-version":[{"id":484,"href":"https:\/\/femexrobotica.org\/tmr2023\/index.php?rest_route=\/wp\/v2\/pages\/89\/revisions\/484"}],"wp:attachment":[{"href":"https:\/\/femexrobotica.org\/tmr2023\/index.php?rest_route=%2Fwp%2Fv2%2Fmedia&parent=89"}],"curies":[{"name":"wp","href":"https:\/\/api.w.org\/{rel}","templated":true}]}}