{"id":87,"date":"2022-12-03T23:17:58","date_gmt":"2022-12-03T23:17:58","guid":{"rendered":"https:\/\/femexrobotica.org\/tmr2023\/?page_id=87"},"modified":"2022-12-18T04:38:48","modified_gmt":"2022-12-18T04:38:48","slug":"convocatoria-al-tmr-2023","status":"publish","type":"page","link":"https:\/\/femexrobotica.org\/tmr2023\/?page_id=87","title":{"rendered":"Convocatoria al TMR 2023"},"content":{"rendered":"\n<p><strong>La Federaci\u00f3n Mexicana de Rob\u00f3tica , A.C. y la Universidad Tecnol\u00f3gica del Sureste de Veracruz.<\/strong><\/p>\n\n\n\n<p><strong>Te invitan al XlV Torneo Mexicano de Rob\u00f3tica<\/strong><\/p>\n\n\n\n<ul class=\"wp-block-list\">\n<li>Este 27 al 29 de abril del 2023<\/li>\n\n\n\n<li>En las instalaciones del complejo Deportivo Omega y Vel\u00f3dromo internacional Xalapa<\/li>\n\n\n\n<li>En la ciudad de Xalapa, Veracruz<\/li>\n<\/ul>\n\n\n\n<p class=\"textojustificado\">Este magno evento que se lleva a cabo anualmente desde el 2008 organizado por la&nbsp;<strong>Federaci\u00f3n Mexicana de Rob\u00f3tica A.C. (FMR)<\/strong>&nbsp;y varias instituciones de prestigio, en esta ocasi\u00f3n, la&nbsp;<strong>Universidad Tecnol\u00f3gica del Sureste de Veracruz.<\/strong>&nbsp;Ser\u00e1n los responsables de recibir a los participantes al TMR 2023 esperando que sea una experiencia inolvidable.<\/p>\n\n\n\n<figure class=\"wp-block-image size-full\"><img loading=\"lazy\" decoding=\"async\" width=\"408\" height=\"600\" src=\"https:\/\/femexrobotica.org\/tmr2023\/wp-content\/uploads\/2022\/12\/image-98.png\" alt=\"\" class=\"wp-image-480\" srcset=\"https:\/\/femexrobotica.org\/tmr2023\/wp-content\/uploads\/2022\/12\/image-98.png 408w, https:\/\/femexrobotica.org\/tmr2023\/wp-content\/uploads\/2022\/12\/image-98-204x300.png 204w\" sizes=\"auto, (max-width: 408px) 100vw, 408px\" \/><\/figure>\n","protected":false},"excerpt":{"rendered":"<p>La Federaci\u00f3n Mexicana de Rob\u00f3tica , A.C. y la Universidad Tecnol\u00f3gica del Sureste de Veracruz. Te invitan al XlV Torneo Mexicano de Rob\u00f3tica Este magno evento que se lleva a cabo anualmente desde el 2008 organizado por la&nbsp;Federaci\u00f3n Mexicana de Rob\u00f3tica A.C. (FMR)&nbsp;y varias instituciones de prestigio, en esta ocasi\u00f3n, la&nbsp;Universidad Tecnol\u00f3gica del Sureste de [&hellip;]<\/p>\n","protected":false},"author":5,"featured_media":0,"parent":0,"menu_order":0,"comment_status":"closed","ping_status":"closed","template":"","meta":{"footnotes":""},"class_list":["post-87","page","type-page","status-publish","hentry"],"_links":{"self":[{"href":"https:\/\/femexrobotica.org\/tmr2023\/index.php?rest_route=\/wp\/v2\/pages\/87","targetHints":{"allow":["GET"]}}],"collection":[{"href":"https:\/\/femexrobotica.org\/tmr2023\/index.php?rest_route=\/wp\/v2\/pages"}],"about":[{"href":"https:\/\/femexrobotica.org\/tmr2023\/index.php?rest_route=\/wp\/v2\/types\/page"}],"author":[{"embeddable":true,"href":"https:\/\/femexrobotica.org\/tmr2023\/index.php?rest_route=\/wp\/v2\/users\/5"}],"replies":[{"embeddable":true,"href":"https:\/\/femexrobotica.org\/tmr2023\/index.php?rest_route=%2Fwp%2Fv2%2Fcomments&post=87"}],"version-history":[{"count":3,"href":"https:\/\/femexrobotica.org\/tmr2023\/index.php?rest_route=\/wp\/v2\/pages\/87\/revisions"}],"predecessor-version":[{"id":551,"href":"https:\/\/femexrobotica.org\/tmr2023\/index.php?rest_route=\/wp\/v2\/pages\/87\/revisions\/551"}],"wp:attachment":[{"href":"https:\/\/femexrobotica.org\/tmr2023\/index.php?rest_route=%2Fwp%2Fv2%2Fmedia&parent=87"}],"curies":[{"name":"wp","href":"https:\/\/api.w.org\/{rel}","templated":true}]}}