{"id":83,"date":"2022-12-03T23:15:46","date_gmt":"2022-12-03T23:15:46","guid":{"rendered":"https:\/\/femexrobotica.org\/tmr2023\/?page_id=83"},"modified":"2023-02-12T16:04:57","modified_gmt":"2023-02-12T16:04:57","slug":"category-managers","status":"publish","type":"page","link":"https:\/\/femexrobotica.org\/tmr2023\/?page_id=83&lang=en","title":{"rendered":"Category managers"},"content":{"rendered":"\n<figure class=\"wp-block-table\"><table><tbody><tr><td>Categories<\/td><td>Local responsible<\/td><\/tr><tr><td>LARC Standar Education kits<\/td><td>Angel Luis Morales Suarez<\/td><\/tr><tr><td>LARC Open Challenge<\/td><td>Wendy Vianey Ventura Arag\u00f3n <\/td><\/tr><tr><td>Robocup JuniorSoccer<\/td><td>Perla Mar\u00eda Almeyda Mancisidor<\/td><\/tr><tr><td>Robocup JuniorRescue<\/td><td>Margarita Romero Ch\u00e1vez<\/td><\/tr><tr><td>Robocup JuniorOnStage<\/td><td>Petra Pacheco Santos<\/td><\/tr><tr><td>Robocup Humanoid KidSize<\/td><td>Isai Pacheco Tejeda<\/td><\/tr><tr><td>RoboCup Rescue Robot<\/td><td>Leonardo Miguel de Antonio Zarate<\/td><\/tr><tr><td>RoboCup@Home<\/td><td>Sergio Hern\u00e1ndez M\u00e9ndez<\/td><\/tr><tr><td>Rapidly Manufactured Robot Challenge<\/td><td>Hugo Amores P\u00e9rez<\/td><\/tr><tr><td>Beach Cleaning Robots<\/td><td>Patricia Gonzales Gaspar<\/td><\/tr><tr><td>AutoModelCar<\/td><td>Lizbeth Ang\u00e9lica Casta\u00f1eda Escobar<\/td><\/tr><\/tbody><\/table><\/figure>\n","protected":false},"excerpt":{"rendered":"<p>Categories Local responsible LARC Standar Education kits Angel Luis Morales Suarez LARC Open Challenge Wendy Vianey Ventura Arag\u00f3n Robocup JuniorSoccer Perla Mar\u00eda Almeyda Mancisidor Robocup JuniorRescue Margarita Romero Ch\u00e1vez Robocup JuniorOnStage Petra Pacheco Santos Robocup Humanoid KidSize Isai Pacheco Tejeda RoboCup Rescue Robot Leonardo Miguel de Antonio Zarate RoboCup@Home Sergio Hern\u00e1ndez M\u00e9ndez Rapidly Manufactured Robot [&hellip;]<\/p>\n","protected":false},"author":5,"featured_media":0,"parent":0,"menu_order":0,"comment_status":"closed","ping_status":"closed","template":"","meta":{"footnotes":""},"class_list":["post-83","page","type-page","status-publish","hentry"],"_links":{"self":[{"href":"https:\/\/femexrobotica.org\/tmr2023\/index.php?rest_route=\/wp\/v2\/pages\/83","targetHints":{"allow":["GET"]}}],"collection":[{"href":"https:\/\/femexrobotica.org\/tmr2023\/index.php?rest_route=\/wp\/v2\/pages"}],"about":[{"href":"https:\/\/femexrobotica.org\/tmr2023\/index.php?rest_route=\/wp\/v2\/types\/page"}],"author":[{"embeddable":true,"href":"https:\/\/femexrobotica.org\/tmr2023\/index.php?rest_route=\/wp\/v2\/users\/5"}],"replies":[{"embeddable":true,"href":"https:\/\/femexrobotica.org\/tmr2023\/index.php?rest_route=%2Fwp%2Fv2%2Fcomments&post=83"}],"version-history":[{"count":12,"href":"https:\/\/femexrobotica.org\/tmr2023\/index.php?rest_route=\/wp\/v2\/pages\/83\/revisions"}],"predecessor-version":[{"id":806,"href":"https:\/\/femexrobotica.org\/tmr2023\/index.php?rest_route=\/wp\/v2\/pages\/83\/revisions\/806"}],"wp:attachment":[{"href":"https:\/\/femexrobotica.org\/tmr2023\/index.php?rest_route=%2Fwp%2Fv2%2Fmedia&parent=83"}],"curies":[{"name":"wp","href":"https:\/\/api.w.org\/{rel}","templated":true}]}}