{"id":77,"date":"2022-12-03T23:13:25","date_gmt":"2022-12-03T23:13:25","guid":{"rendered":"https:\/\/femexrobotica.org\/tmr2023\/?page_id=77"},"modified":"2023-04-18T02:03:22","modified_gmt":"2023-04-18T02:03:22","slug":"local-organizing-committee","status":"publish","type":"page","link":"https:\/\/femexrobotica.org\/tmr2023\/?page_id=77&lang=en","title":{"rendered":"Local Organizing Committee"},"content":{"rendered":"\n<p><strong>President<\/strong><br>Julio Cesar Sandria Reynoso<\/p>\n\n\n\n<p><strong>Secretary of the TMR Organizing Committee<\/strong><br>Eduardo Josu\u00e9 Cort\u00e9s G\u00f3mez<\/p>\n\n\n\n<p><strong>General coordination<\/strong><br>Araceli Torres Medina<\/p>\n\n\n\n<p><strong>Logistics Coordination<\/strong><br>Elizabeth Gomez Arreola<\/p>\n\n\n\n<p><strong>Staff and Volunteer Coordination<\/strong><br>Hector David Kennedy Cabrera<\/p>\n\n\n\n<p><strong>Coordination of Local Category Managers<\/strong><br>Adolfo de Jesus Pedraza Monge<\/p>\n\n\n\n<p><strong>Inauguration Program Coordination<\/strong><br>Guadalupe Martinez Caiseros<\/p>\n\n\n\n<p><strong>Press and Information Coordination<\/strong><br>Lydia Virginia Alvarado De Fuente<\/p>\n\n\n\n<p><strong>Linkage Coordination and Government Management<\/strong><br>Silvia Elena Lopez Vallejo<\/p>\n\n\n\n<p><strong>Computer Services<\/strong><br>Eblin Feather Lara<\/p>\n","protected":false},"excerpt":{"rendered":"<p>PresidentJulio Cesar Sandria Reynoso Secretary of the TMR Organizing CommitteeEduardo Josu\u00e9 Cort\u00e9s G\u00f3mez General coordinationAraceli Torres Medina Logistics CoordinationElizabeth Gomez Arreola Staff and Volunteer CoordinationHector David Kennedy Cabrera Coordination of Local Category ManagersAdolfo de Jesus Pedraza Monge Inauguration Program CoordinationGuadalupe Martinez Caiseros Press and Information CoordinationLydia Virginia Alvarado De Fuente Linkage Coordination and Government ManagementSilvia [&hellip;]<\/p>\n","protected":false},"author":5,"featured_media":0,"parent":0,"menu_order":0,"comment_status":"closed","ping_status":"closed","template":"","meta":{"footnotes":""},"class_list":["post-77","page","type-page","status-publish","hentry"],"_links":{"self":[{"href":"https:\/\/femexrobotica.org\/tmr2023\/index.php?rest_route=\/wp\/v2\/pages\/77","targetHints":{"allow":["GET"]}}],"collection":[{"href":"https:\/\/femexrobotica.org\/tmr2023\/index.php?rest_route=\/wp\/v2\/pages"}],"about":[{"href":"https:\/\/femexrobotica.org\/tmr2023\/index.php?rest_route=\/wp\/v2\/types\/page"}],"author":[{"embeddable":true,"href":"https:\/\/femexrobotica.org\/tmr2023\/index.php?rest_route=\/wp\/v2\/users\/5"}],"replies":[{"embeddable":true,"href":"https:\/\/femexrobotica.org\/tmr2023\/index.php?rest_route=%2Fwp%2Fv2%2Fcomments&post=77"}],"version-history":[{"count":5,"href":"https:\/\/femexrobotica.org\/tmr2023\/index.php?rest_route=\/wp\/v2\/pages\/77\/revisions"}],"predecessor-version":[{"id":1199,"href":"https:\/\/femexrobotica.org\/tmr2023\/index.php?rest_route=\/wp\/v2\/pages\/77\/revisions\/1199"}],"wp:attachment":[{"href":"https:\/\/femexrobotica.org\/tmr2023\/index.php?rest_route=%2Fwp%2Fv2%2Fmedia&parent=77"}],"curies":[{"name":"wp","href":"https:\/\/api.w.org\/{rel}","templated":true}]}}