{"id":75,"date":"2022-12-03T23:12:35","date_gmt":"2022-12-03T23:12:35","guid":{"rendered":"https:\/\/femexrobotica.org\/tmr2023\/?page_id=75"},"modified":"2023-04-18T01:32:27","modified_gmt":"2023-04-18T01:32:27","slug":"comite-organizador-local","status":"publish","type":"page","link":"https:\/\/femexrobotica.org\/tmr2023\/?page_id=75","title":{"rendered":"Comit\u00e9 Organizador Local"},"content":{"rendered":"\n<p><strong>Presidente<\/strong><br>Julio C\u00e9sar Sandria Reynoso<\/p>\n\n\n\n<p><strong><strong>Secretario del comit\u00e9 organizador del TMR<\/strong><\/strong><br>Eduardo Josu\u00e9 Cort\u00e9s G\u00f3mez<\/p>\n\n\n\n<p><strong>Coordinaci\u00f3n General<\/strong><br>Araceli Torres Medina<\/p>\n\n\n\n<p><strong>Coordinaci\u00f3n de Log\u00edstica<\/strong><br>Elizabeth Gomez Arreola<\/p>\n\n\n\n<p><strong>Coordinaci\u00f3n de Staff y Voluntarios<\/strong><br>H\u00e9ctor David Kennedy Cabrera<\/p>\n\n\n\n<p><strong>Coordinaci\u00f3n de Responsables Locales de Categor\u00edas<\/strong><br>Adolfo de Jes\u00fas Pedraza Monge<\/p>\n\n\n\n<p><strong>Coordinaci\u00f3n de Programa Inauguraci\u00f3n<\/strong><br>Guadalupe Mart\u00ednez Caiseros<\/p>\n\n\n\n<p><strong>Coordinaci\u00f3n de Prensa e Informaci\u00f3n<\/strong><br>Lidia Virginia Alvarado De la Fuente<\/p>\n\n\n\n<p><strong>Coordinaci\u00f3n de vinculaci\u00f3n y Gesti\u00f3n Gubernamental<\/strong><br>Silvia Elena L\u00f3pez Vallejo<\/p>\n\n\n\n<p><strong>Servicios Inform\u00e1ticos<\/strong><br>Eblin Pluma Lara<\/p>\n","protected":false},"excerpt":{"rendered":"<p>PresidenteJulio C\u00e9sar Sandria Reynoso Secretario del comit\u00e9 organizador del TMREduardo Josu\u00e9 Cort\u00e9s G\u00f3mez Coordinaci\u00f3n GeneralAraceli Torres Medina Coordinaci\u00f3n de Log\u00edsticaElizabeth Gomez Arreola Coordinaci\u00f3n de Staff y VoluntariosH\u00e9ctor David Kennedy Cabrera Coordinaci\u00f3n de Responsables Locales de Categor\u00edasAdolfo de Jes\u00fas Pedraza Monge Coordinaci\u00f3n de Programa Inauguraci\u00f3nGuadalupe Mart\u00ednez Caiseros Coordinaci\u00f3n de Prensa e Informaci\u00f3nLidia Virginia Alvarado De la [&hellip;]<\/p>\n","protected":false},"author":5,"featured_media":0,"parent":0,"menu_order":0,"comment_status":"closed","ping_status":"closed","template":"","meta":{"footnotes":""},"class_list":["post-75","page","type-page","status-publish","hentry"],"_links":{"self":[{"href":"https:\/\/femexrobotica.org\/tmr2023\/index.php?rest_route=\/wp\/v2\/pages\/75","targetHints":{"allow":["GET"]}}],"collection":[{"href":"https:\/\/femexrobotica.org\/tmr2023\/index.php?rest_route=\/wp\/v2\/pages"}],"about":[{"href":"https:\/\/femexrobotica.org\/tmr2023\/index.php?rest_route=\/wp\/v2\/types\/page"}],"author":[{"embeddable":true,"href":"https:\/\/femexrobotica.org\/tmr2023\/index.php?rest_route=\/wp\/v2\/users\/5"}],"replies":[{"embeddable":true,"href":"https:\/\/femexrobotica.org\/tmr2023\/index.php?rest_route=%2Fwp%2Fv2%2Fcomments&post=75"}],"version-history":[{"count":5,"href":"https:\/\/femexrobotica.org\/tmr2023\/index.php?rest_route=\/wp\/v2\/pages\/75\/revisions"}],"predecessor-version":[{"id":1194,"href":"https:\/\/femexrobotica.org\/tmr2023\/index.php?rest_route=\/wp\/v2\/pages\/75\/revisions\/1194"}],"wp:attachment":[{"href":"https:\/\/femexrobotica.org\/tmr2023\/index.php?rest_route=%2Fwp%2Fv2%2Fmedia&parent=75"}],"curies":[{"name":"wp","href":"https:\/\/api.w.org\/{rel}","templated":true}]}}