{"id":70,"date":"2022-12-03T23:10:00","date_gmt":"2022-12-03T23:10:00","guid":{"rendered":"https:\/\/femexrobotica.org\/tmr2023\/?page_id=70"},"modified":"2022-12-08T00:44:59","modified_gmt":"2022-12-08T00:44:59","slug":"fmr-organizing-committee","status":"publish","type":"page","link":"https:\/\/femexrobotica.org\/tmr2023\/?page_id=70&lang=en","title":{"rendered":"FMR Organizing Committee"},"content":{"rendered":"\n<p>President<br>Dr. Alberto El\u00edas Petrill\u00ed Barcel\u00f3<\/p>\n\n\n\n<p>Secretary<br>Dr. Norma Ang\u00e9lica Gonz\u00e1lez Sandoval<\/p>\n\n\n\n<p>First vocal<br>mtro. Javier Enrique Delgado Moreno<\/p>\n\n\n\n<p>Third vocal<br>Dr. Marcela Quiroz Castellanos<\/p>\n","protected":false},"excerpt":{"rendered":"<p>PresidentDr. Alberto El\u00edas Petrill\u00ed Barcel\u00f3 SecretaryDr. Norma Ang\u00e9lica Gonz\u00e1lez Sandoval First vocalmtro. Javier Enrique Delgado Moreno Third vocalDr. Marcela Quiroz Castellanos<\/p>\n","protected":false},"author":5,"featured_media":0,"parent":0,"menu_order":0,"comment_status":"closed","ping_status":"closed","template":"","meta":{"footnotes":""},"class_list":["post-70","page","type-page","status-publish","hentry"],"_links":{"self":[{"href":"https:\/\/femexrobotica.org\/tmr2023\/index.php?rest_route=\/wp\/v2\/pages\/70","targetHints":{"allow":["GET"]}}],"collection":[{"href":"https:\/\/femexrobotica.org\/tmr2023\/index.php?rest_route=\/wp\/v2\/pages"}],"about":[{"href":"https:\/\/femexrobotica.org\/tmr2023\/index.php?rest_route=\/wp\/v2\/types\/page"}],"author":[{"embeddable":true,"href":"https:\/\/femexrobotica.org\/tmr2023\/index.php?rest_route=\/wp\/v2\/users\/5"}],"replies":[{"embeddable":true,"href":"https:\/\/femexrobotica.org\/tmr2023\/index.php?rest_route=%2Fwp%2Fv2%2Fcomments&post=70"}],"version-history":[{"count":2,"href":"https:\/\/femexrobotica.org\/tmr2023\/index.php?rest_route=\/wp\/v2\/pages\/70\/revisions"}],"predecessor-version":[{"id":418,"href":"https:\/\/femexrobotica.org\/tmr2023\/index.php?rest_route=\/wp\/v2\/pages\/70\/revisions\/418"}],"wp:attachment":[{"href":"https:\/\/femexrobotica.org\/tmr2023\/index.php?rest_route=%2Fwp%2Fv2%2Fmedia&parent=70"}],"curies":[{"name":"wp","href":"https:\/\/api.w.org\/{rel}","templated":true}]}}