{"id":68,"date":"2022-12-03T23:09:29","date_gmt":"2022-12-03T23:09:29","guid":{"rendered":"https:\/\/femexrobotica.org\/tmr2023\/?page_id=68"},"modified":"2023-04-24T02:29:28","modified_gmt":"2023-04-24T02:29:28","slug":"comite-organizador-fmr","status":"publish","type":"page","link":"https:\/\/femexrobotica.org\/tmr2023\/?page_id=68","title":{"rendered":"Comit\u00e9 Organizador FMR"},"content":{"rendered":"\n<p><strong>Presidente <\/strong><br>Dr. Alberto El\u00edas Petrilli Barcel\u00f3<\/p>\n\n\n\n<p><strong>Secretar\u00eda<\/strong><br>Dra. Norma Ang\u00e9lica Gonz\u00e1lez Sandoval <\/p>\n\n\n\n<p><strong>Primer Vocal<\/strong><br>Mtro. Javier Enrique Delgado Moreno<\/p>\n\n\n\n<p><strong>Tercer Vocal<\/strong><br>Dra. Marcela Quiroz Castellanos<br> <br><\/p>\n","protected":false},"excerpt":{"rendered":"<p>Presidente Dr. Alberto El\u00edas Petrilli Barcel\u00f3 Secretar\u00edaDra. Norma Ang\u00e9lica Gonz\u00e1lez Sandoval Primer VocalMtro. Javier Enrique Delgado Moreno Tercer VocalDra. Marcela Quiroz Castellanos<\/p>\n","protected":false},"author":5,"featured_media":0,"parent":0,"menu_order":0,"comment_status":"closed","ping_status":"closed","template":"","meta":{"footnotes":""},"class_list":["post-68","page","type-page","status-publish","hentry"],"_links":{"self":[{"href":"https:\/\/femexrobotica.org\/tmr2023\/index.php?rest_route=\/wp\/v2\/pages\/68","targetHints":{"allow":["GET"]}}],"collection":[{"href":"https:\/\/femexrobotica.org\/tmr2023\/index.php?rest_route=\/wp\/v2\/pages"}],"about":[{"href":"https:\/\/femexrobotica.org\/tmr2023\/index.php?rest_route=\/wp\/v2\/types\/page"}],"author":[{"embeddable":true,"href":"https:\/\/femexrobotica.org\/tmr2023\/index.php?rest_route=\/wp\/v2\/users\/5"}],"replies":[{"embeddable":true,"href":"https:\/\/femexrobotica.org\/tmr2023\/index.php?rest_route=%2Fwp%2Fv2%2Fcomments&post=68"}],"version-history":[{"count":4,"href":"https:\/\/femexrobotica.org\/tmr2023\/index.php?rest_route=\/wp\/v2\/pages\/68\/revisions"}],"predecessor-version":[{"id":1303,"href":"https:\/\/femexrobotica.org\/tmr2023\/index.php?rest_route=\/wp\/v2\/pages\/68\/revisions\/1303"}],"wp:attachment":[{"href":"https:\/\/femexrobotica.org\/tmr2023\/index.php?rest_route=%2Fwp%2Fv2%2Fmedia&parent=68"}],"curies":[{"name":"wp","href":"https:\/\/api.w.org\/{rel}","templated":true}]}}