{"id":606,"date":"2022-12-18T05:19:05","date_gmt":"2022-12-18T05:19:05","guid":{"rendered":"https:\/\/femexrobotica.org\/tmr2023\/?page_id=606"},"modified":"2022-12-18T05:19:47","modified_gmt":"2022-12-18T05:19:47","slug":"categorias","status":"publish","type":"page","link":"https:\/\/femexrobotica.org\/tmr2023\/?page_id=606","title":{"rendered":"Categor\u00edas"},"content":{"rendered":"\n<figure class=\"wp-block-image size-large\"><img loading=\"lazy\" decoding=\"async\" width=\"1024\" height=\"128\" src=\"https:\/\/femexrobotica.org\/tmr2023\/wp-content\/uploads\/2022\/12\/TMR-banner-Principal-1600-x-200-px-01-1024x128.jpg\" alt=\"\" class=\"wp-image-15\" srcset=\"https:\/\/femexrobotica.org\/tmr2023\/wp-content\/uploads\/2022\/12\/TMR-banner-Principal-1600-x-200-px-01-1024x128.jpg 1024w, https:\/\/femexrobotica.org\/tmr2023\/wp-content\/uploads\/2022\/12\/TMR-banner-Principal-1600-x-200-px-01-300x38.jpg 300w, https:\/\/femexrobotica.org\/tmr2023\/wp-content\/uploads\/2022\/12\/TMR-banner-Principal-1600-x-200-px-01-768x96.jpg 768w, https:\/\/femexrobotica.org\/tmr2023\/wp-content\/uploads\/2022\/12\/TMR-banner-Principal-1600-x-200-px-01-1536x192.jpg 1536w, https:\/\/femexrobotica.org\/tmr2023\/wp-content\/uploads\/2022\/12\/TMR-banner-Principal-1600-x-200-px-01.jpg 1600w\" sizes=\"auto, (max-width: 1024px) 100vw, 1024px\" \/><\/figure>\n\n\n\n<p>Presentamos las categor\u00edas que estar\u00e1n presentes para el Torneo Mexicano de Rob\u00f3tica: <\/p>\n\n\n\n<figure class=\"wp-block-table\"><table><tbody><tr><td><a href=\"https:\/\/femexrobotica.org\/tmr2023\/larc\/\">LARC<\/a><\/td><\/tr><tr><td><a href=\"https:\/\/femexrobotica.org\/tmr2023\/robocup-junior\/\">RoboCup Junior<\/a><\/td><\/tr><tr><td><a href=\"https:\/\/femexrobotica.org\/tmr2023\/robocup-major\/\">RoboCup Major<\/a><\/td><\/tr><tr><td><a href=\"https:\/\/femexrobotica.org\/tmr2023\/drones-autonomos\/\">Drones Aut\u00f3nomos<\/a><\/td><\/tr><tr><td><a href=\"https:\/\/femexrobotica.org\/tmr2023\/robots-limpiadores-de-playa\/\">Robots Limpiadores de Playa<\/a><\/td><\/tr><tr><td><a href=\"https:\/\/femexrobotica.org\/tmr2023\/automodelcar\/\">AutoModelCar<\/a><\/td><\/tr><\/tbody><\/table><\/figure>\n","protected":false},"excerpt":{"rendered":"<p>Presentamos las categor\u00edas que estar\u00e1n presentes para el Torneo Mexicano de Rob\u00f3tica: LARC RoboCup Junior RoboCup Major Drones Aut\u00f3nomos Robots Limpiadores de Playa AutoModelCar<\/p>\n","protected":false},"author":5,"featured_media":0,"parent":0,"menu_order":0,"comment_status":"closed","ping_status":"closed","template":"","meta":{"footnotes":""},"class_list":["post-606","page","type-page","status-publish","hentry"],"_links":{"self":[{"href":"https:\/\/femexrobotica.org\/tmr2023\/index.php?rest_route=\/wp\/v2\/pages\/606","targetHints":{"allow":["GET"]}}],"collection":[{"href":"https:\/\/femexrobotica.org\/tmr2023\/index.php?rest_route=\/wp\/v2\/pages"}],"about":[{"href":"https:\/\/femexrobotica.org\/tmr2023\/index.php?rest_route=\/wp\/v2\/types\/page"}],"author":[{"embeddable":true,"href":"https:\/\/femexrobotica.org\/tmr2023\/index.php?rest_route=\/wp\/v2\/users\/5"}],"replies":[{"embeddable":true,"href":"https:\/\/femexrobotica.org\/tmr2023\/index.php?rest_route=%2Fwp%2Fv2%2Fcomments&post=606"}],"version-history":[{"count":2,"href":"https:\/\/femexrobotica.org\/tmr2023\/index.php?rest_route=\/wp\/v2\/pages\/606\/revisions"}],"predecessor-version":[{"id":613,"href":"https:\/\/femexrobotica.org\/tmr2023\/index.php?rest_route=\/wp\/v2\/pages\/606\/revisions\/613"}],"wp:attachment":[{"href":"https:\/\/femexrobotica.org\/tmr2023\/index.php?rest_route=%2Fwp%2Fv2%2Fmedia&parent=606"}],"curies":[{"name":"wp","href":"https:\/\/api.w.org\/{rel}","templated":true}]}}