{"id":419,"date":"2022-12-08T00:56:38","date_gmt":"2022-12-08T00:56:38","guid":{"rendered":"https:\/\/femexrobotica.org\/tmr2023\/?page_id=419"},"modified":"2023-01-20T23:30:24","modified_gmt":"2023-01-20T23:30:24","slug":"utsv","status":"publish","type":"page","link":"https:\/\/femexrobotica.org\/tmr2023\/?page_id=419","title":{"rendered":"UTSV"},"content":{"rendered":"\n<figure class=\"wp-block-image size-full\"><img loading=\"lazy\" decoding=\"async\" width=\"768\" height=\"438\" src=\"https:\/\/femexrobotica.org\/tmr2023\/wp-content\/uploads\/2022\/12\/image-79.png\" alt=\"\" class=\"wp-image-420\" srcset=\"https:\/\/femexrobotica.org\/tmr2023\/wp-content\/uploads\/2022\/12\/image-79.png 768w, https:\/\/femexrobotica.org\/tmr2023\/wp-content\/uploads\/2022\/12\/image-79-300x171.png 300w\" sizes=\"auto, (max-width: 768px) 100vw, 768px\" \/><\/figure>\n\n\n\n<p class=\"textojustificado\"><em>La UTSV<\/em>&nbsp;en el 2023 es la responsable de recibir a los participantes del TMR 2023 y AMR 2023 en la ciudad de Xalapa, Ver. Contaremos con las categor\u00edas AutomodelCar, Drones Aut\u00f3nomos, LARC Standard Educational Kit, Rapidly Manufactured Robot Challenge, RoboCupJunior OnStage, RoboCupJunior Soccer Lightweight, RoboCupJunior Soccer Open, RoboCupJunior Rescue Line, RoboCupJunior Rescue Maze, RoboCupJunior Rescue Simulation, RoboCup Major Humanoid, RoboCup Rescue Major, RoboCup@Home, RoboCup@Home Beginners, y Robots Limpiadores de Playa.<br>Como es bien sabido, algunas de estas categor\u00edas corresponden a eliminatorias nacionales obligatorias para asistir al Concurso Latinoamericano de Rob\u00f3tica y al Mundial RoboCup.<\/p>\n\n\n\n<p><\/p>\n\n\n\n<figure class=\"wp-block-image size-full\"><img loading=\"lazy\" decoding=\"async\" width=\"380\" height=\"294\" src=\"https:\/\/femexrobotica.org\/tmr2023\/wp-content\/uploads\/2022\/12\/image-80.png\" alt=\"\" class=\"wp-image-421\" srcset=\"https:\/\/femexrobotica.org\/tmr2023\/wp-content\/uploads\/2022\/12\/image-80.png 380w, https:\/\/femexrobotica.org\/tmr2023\/wp-content\/uploads\/2022\/12\/image-80-300x232.png 300w\" sizes=\"auto, (max-width: 380px) 100vw, 380px\" \/><\/figure>\n\n\n\n<p class=\"textojustificado\">Estudiando en la UTSV se pueden lograr 2 t\u00edtulos profesionales en menos de 4 a\u00f1os. Debido a la formaci\u00f3n intensiva en los primeros 2 a\u00f1os se obtiene t\u00edtulo y cedula profesional como T\u00e9cnico Superior Universitario (TSU) y continuando los estudios por 1 a\u00f1o 8 meses m\u00e1s, se consigue un segundo t\u00edtulo como Ingeniero. La Universidad Tecnol\u00f3gica del Sureste de Veracruz (UTSV) forma parte del Sistema Nacional de Universidades Tecnol\u00f3gicas, integrado por m\u00e1s de 104 planteles en la Rep\u00fablica Mexicana. Nuestro modelo ofrece planes de estudio innovadores y pr\u00e1cticos para formar a los profesionales que m\u00e1s falta hacen en los sectores productivos y sociales de la regi\u00f3n.<\/p>\n\n\n\n<p><strong><em>Misi\u00f3n<\/em><\/strong><\/p>\n\n\n\n<p class=\"textojustificado\">Formar profesionistas que respondan oportunamente a las necesidades del sector productivo y social, mediante programas educativos pertinentes impartidos por docentes con perfil deseable, con servicios de calidad y la administraci\u00f3n eficiente de los recursos, basados en est\u00e1ndares nacionales e internacionales de calidad.<\/p>\n\n\n\n<p><strong><em>Visi\u00f3n<\/em><\/strong><\/p>\n\n\n\n<p class=\"textojustificado\">Ser una Instituci\u00f3n sustentable, reconocida nacional e internacionalmente por la calidad de sus programas educativos y su fuerte vinculaci\u00f3n con el sector productivo, as\u00ed como el alto grado de responsabilidad social.<\/p>\n\n\n\n<p><strong><em>Valores<\/em><\/strong><\/p>\n\n\n\n<p>Trabajo en equipo<\/p>\n\n\n\n<p>Liderazgo<\/p>\n\n\n\n<p>\u00c9tica profesional<\/p>\n\n\n\n<p>Compromiso<\/p>\n\n\n\n<p>Responsabilidad<\/p>\n\n\n\n<figure class=\"wp-block-gallery has-nested-images columns-default is-cropped wp-block-gallery-1 is-layout-flex wp-block-gallery-is-layout-flex\">\n<figure class=\"wp-block-image size-large\"><img loading=\"lazy\" decoding=\"async\" width=\"670\" height=\"401\" data-id=\"429\" src=\"https:\/\/femexrobotica.org\/tmr2023\/wp-content\/uploads\/2022\/12\/image-88.png\" alt=\"\" class=\"wp-image-429\" srcset=\"https:\/\/femexrobotica.org\/tmr2023\/wp-content\/uploads\/2022\/12\/image-88.png 670w, https:\/\/femexrobotica.org\/tmr2023\/wp-content\/uploads\/2022\/12\/image-88-300x180.png 300w\" sizes=\"auto, (max-width: 670px) 100vw, 670px\" \/><\/figure>\n\n\n\n<figure class=\"wp-block-image size-large\"><img loading=\"lazy\" decoding=\"async\" width=\"670\" height=\"401\" data-id=\"428\" src=\"https:\/\/femexrobotica.org\/tmr2023\/wp-content\/uploads\/2022\/12\/image-87.png\" alt=\"\" class=\"wp-image-428\" srcset=\"https:\/\/femexrobotica.org\/tmr2023\/wp-content\/uploads\/2022\/12\/image-87.png 670w, https:\/\/femexrobotica.org\/tmr2023\/wp-content\/uploads\/2022\/12\/image-87-300x180.png 300w\" sizes=\"auto, (max-width: 670px) 100vw, 670px\" \/><\/figure>\n<\/figure>\n\n\n\n<p><strong><em>Pol\u00edtica de Calidad<\/em><\/strong><\/p>\n\n\n\n<p class=\"textojustificado\">En la Universidad Tecnol\u00f3gica del Sureste de Veracruz asumimos el compromiso de formar T\u00e9cnicos (as) Superiores&nbsp; Universitarios (as) e Ingenieros (as) mediante de nuestro modelo educativo, con la finalidad de satisfacer las necesidades y expectativas de nuestros clientes, a trav\u00e9s de un enfoque basado en procesos, en un contexto de igualdad laboral y de mejora continua que contribuya a la construcci\u00f3n de s\u00f3lidas relaciones con las partes interesadas; as\u00ed como, a la preservaci\u00f3n del medio ambiente en el \u00e1mbito de competencia, en apego a la legislaci\u00f3n aplicable.<\/p>\n\n\n\n<p><strong><em>Objetivos de Calidad<\/em><\/strong><\/p>\n\n\n\n<p class=\"textojustificado\">Ser reconocidos por la competitividad acad\u00e9mica ante la sociedad, mediante la formaci\u00f3n de nuestros alumnos y alumnas, conforme al modelo educativo para consolidar la excelencia.<\/p>\n\n\n\n<p class=\"textojustificado\">Influir en el \u00e1mbito social mediante programas que contribuyan al desarrollo de la sociedad, para fortalecer la presencia de la universidad.<\/p>\n\n\n\n<p class=\"textojustificado\">Mantener una administraci\u00f3n eficiente y eficaz de los recursos de la universidad para la mejora continua de los servicios brindados nuestros clientes.<\/p>\n\n\n\n<p><strong><em>Alcance del Sistema de Gesti\u00f3n de la UTSV y Campo de Aplicaci\u00f3n<\/em><\/strong><\/p>\n\n\n\n<p class=\"textojustificado\">El Alcance del Sistema de Gesti\u00f3n de la Calidad (SGC) est\u00e1 basado en la naturaleza que oferta la UTSV y sus Procesos Estrat\u00e9gicos y de Soporte del mismo; y son aplicable a Servicios de Educaci\u00f3n Superior Tecnol\u00f3gica, de Educaci\u00f3n Continua y de Servicios Tecnol\u00f3gicos, en base al contexto de la organizaci\u00f3n y en cumplimiento de las partes interesadas como son las de Gobierno, Sociedad, UTSV y Proveedores.<\/p>\n\n\n\n<figure class=\"wp-block-gallery has-nested-images columns-default is-cropped wp-block-gallery-2 is-layout-flex wp-block-gallery-is-layout-flex\">\n<figure class=\"wp-block-image size-large\"><img loading=\"lazy\" decoding=\"async\" width=\"670\" height=\"401\" data-id=\"423\" src=\"https:\/\/femexrobotica.org\/tmr2023\/wp-content\/uploads\/2022\/12\/image-82.png\" alt=\"\" class=\"wp-image-423\" srcset=\"https:\/\/femexrobotica.org\/tmr2023\/wp-content\/uploads\/2022\/12\/image-82.png 670w, https:\/\/femexrobotica.org\/tmr2023\/wp-content\/uploads\/2022\/12\/image-82-300x180.png 300w\" sizes=\"auto, (max-width: 670px) 100vw, 670px\" \/><\/figure>\n\n\n\n<figure class=\"wp-block-image size-large\"><img loading=\"lazy\" decoding=\"async\" width=\"670\" height=\"401\" data-id=\"424\" src=\"https:\/\/femexrobotica.org\/tmr2023\/wp-content\/uploads\/2022\/12\/image-83.png\" alt=\"\" class=\"wp-image-424\" srcset=\"https:\/\/femexrobotica.org\/tmr2023\/wp-content\/uploads\/2022\/12\/image-83.png 670w, https:\/\/femexrobotica.org\/tmr2023\/wp-content\/uploads\/2022\/12\/image-83-300x180.png 300w\" sizes=\"auto, (max-width: 670px) 100vw, 670px\" \/><\/figure>\n\n\n\n<figure class=\"wp-block-image size-large\"><img loading=\"lazy\" decoding=\"async\" width=\"768\" height=\"200\" data-id=\"425\" src=\"https:\/\/femexrobotica.org\/tmr2023\/wp-content\/uploads\/2022\/12\/image-84.png\" alt=\"\" class=\"wp-image-425\" srcset=\"https:\/\/femexrobotica.org\/tmr2023\/wp-content\/uploads\/2022\/12\/image-84.png 768w, https:\/\/femexrobotica.org\/tmr2023\/wp-content\/uploads\/2022\/12\/image-84-300x78.png 300w\" sizes=\"auto, (max-width: 768px) 100vw, 768px\" \/><\/figure>\n\n\n\n<figure class=\"wp-block-image size-large\"><img loading=\"lazy\" decoding=\"async\" width=\"500\" height=\"333\" data-id=\"426\" src=\"https:\/\/femexrobotica.org\/tmr2023\/wp-content\/uploads\/2022\/12\/image-85.png\" alt=\"\" class=\"wp-image-426\" srcset=\"https:\/\/femexrobotica.org\/tmr2023\/wp-content\/uploads\/2022\/12\/image-85.png 500w, https:\/\/femexrobotica.org\/tmr2023\/wp-content\/uploads\/2022\/12\/image-85-300x200.png 300w\" sizes=\"auto, (max-width: 500px) 100vw, 500px\" \/><\/figure>\n\n\n\n<figure class=\"wp-block-image size-large\"><img loading=\"lazy\" decoding=\"async\" width=\"500\" height=\"333\" data-id=\"427\" src=\"https:\/\/femexrobotica.org\/tmr2023\/wp-content\/uploads\/2022\/12\/image-86.png\" alt=\"\" class=\"wp-image-427\" srcset=\"https:\/\/femexrobotica.org\/tmr2023\/wp-content\/uploads\/2022\/12\/image-86.png 500w, https:\/\/femexrobotica.org\/tmr2023\/wp-content\/uploads\/2022\/12\/image-86-300x200.png 300w\" sizes=\"auto, (max-width: 500px) 100vw, 500px\" \/><\/figure>\n\n\n\n<figure class=\"wp-block-image size-large\"><img loading=\"lazy\" decoding=\"async\" width=\"333\" height=\"500\" data-id=\"432\" src=\"https:\/\/femexrobotica.org\/tmr2023\/wp-content\/uploads\/2022\/12\/image-91.png\" alt=\"\" class=\"wp-image-432\" srcset=\"https:\/\/femexrobotica.org\/tmr2023\/wp-content\/uploads\/2022\/12\/image-91.png 333w, https:\/\/femexrobotica.org\/tmr2023\/wp-content\/uploads\/2022\/12\/image-91-200x300.png 200w\" sizes=\"auto, (max-width: 333px) 100vw, 333px\" \/><\/figure>\n<\/figure>\n\n\n\n<p><strong>Ubicaci\u00f3n <\/strong><\/p>\n\n\n\n<figure class=\"wp-block-image size-full\"><img loading=\"lazy\" decoding=\"async\" width=\"768\" height=\"288\" src=\"https:\/\/femexrobotica.org\/tmr2023\/wp-content\/uploads\/2022\/12\/image-95.png\" alt=\"\" class=\"wp-image-443\" srcset=\"https:\/\/femexrobotica.org\/tmr2023\/wp-content\/uploads\/2022\/12\/image-95.png 768w, https:\/\/femexrobotica.org\/tmr2023\/wp-content\/uploads\/2022\/12\/image-95-300x113.png 300w\" sizes=\"auto, (max-width: 768px) 100vw, 768px\" \/><\/figure>\n\n\n\n<p class=\"textojustificado\">La Universidad Tecnol\u00f3gica del Sureste de Veracruz tiene su sede principal en Nanchital y tres extensiones acad\u00e9micas en los municipios de Angel R. Cabada, Hidalgotitl\u00e1n y Agua Dulce, todos en el estado de Veracruz, M\u00e9xico<\/p>\n\n\n\n<p><strong>Sede Nanchital<\/strong><\/p>\n\n\n\n<p class=\"textojustificado\">Av. Universidad Tecnol\u00f3gica Lote Grande No. 1, Sin Colonia, C.P. 96360, Nanchital, Veracruz, M\u00e9xico<\/p>\n\n\n\n<iframe src=\"https:\/\/www.google.com\/maps\/embed?pb=!1m14!1m8!1m3!1d36710.02806115073!2d-94.401724!3d18.048334!3m2!1i1024!2i768!4f13.1!3m3!1m2!1s0x0%3A0xfacfdae8bf7da4c1!2sUniversidad%20Tecnol%C3%B3gica%20del%20Sureste%20de%20Veracruz!5e1!3m2!1ses!2smx!4v1670461583727!5m2!1ses!2smx\" width=\"600\" height=\"450\" style=\"border:0;\" allowfullscreen=\"\" loading=\"lazy\" referrerpolicy=\"no-referrer-when-downgrade\"><\/iframe>\n\n\n\n<p><strong>Extensi\u00f3n Angel R. Cabada<\/strong><\/p>\n\n\n\n<iframe src=\"https:\/\/www.google.com\/maps\/embed?pb=!1m14!1m8!1m3!1d18297.630122949784!2d-95.37785!3d18.590193000000003!3m2!1i1024!2i768!4f13.1!3m3!1m2!1s0x0%3A0xfd1a35add452d440!2sUniversidad%20Tecnol%C3%B3gica%20del%20Sureste%20de%20Veracruz!5e1!3m2!1ses!2smx!4v1670461656610!5m2!1ses!2smx\" width=\"600\" height=\"450\" style=\"border:0;\" allowfullscreen=\"\" loading=\"lazy\" referrerpolicy=\"no-referrer-when-downgrade\"><\/iframe>\n\n\n\n<p><\/p>\n","protected":false},"excerpt":{"rendered":"<p>La UTSV&nbsp;en el 2023 es la responsable de recibir a los participantes del TMR 2023 y AMR 2023 en la ciudad de Xalapa, Ver. Contaremos con las categor\u00edas AutomodelCar, Drones Aut\u00f3nomos, LARC Standard Educational Kit, Rapidly Manufactured Robot Challenge, RoboCupJunior OnStage, RoboCupJunior Soccer Lightweight, RoboCupJunior Soccer Open, RoboCupJunior Rescue Line, RoboCupJunior Rescue Maze, RoboCupJunior Rescue [&hellip;]<\/p>\n","protected":false},"author":5,"featured_media":0,"parent":0,"menu_order":0,"comment_status":"closed","ping_status":"closed","template":"","meta":{"footnotes":""},"class_list":["post-419","page","type-page","status-publish","hentry"],"_links":{"self":[{"href":"https:\/\/femexrobotica.org\/tmr2023\/index.php?rest_route=\/wp\/v2\/pages\/419","targetHints":{"allow":["GET"]}}],"collection":[{"href":"https:\/\/femexrobotica.org\/tmr2023\/index.php?rest_route=\/wp\/v2\/pages"}],"about":[{"href":"https:\/\/femexrobotica.org\/tmr2023\/index.php?rest_route=\/wp\/v2\/types\/page"}],"author":[{"embeddable":true,"href":"https:\/\/femexrobotica.org\/tmr2023\/index.php?rest_route=\/wp\/v2\/users\/5"}],"replies":[{"embeddable":true,"href":"https:\/\/femexrobotica.org\/tmr2023\/index.php?rest_route=%2Fwp%2Fv2%2Fcomments&post=419"}],"version-history":[{"count":13,"href":"https:\/\/femexrobotica.org\/tmr2023\/index.php?rest_route=\/wp\/v2\/pages\/419\/revisions"}],"predecessor-version":[{"id":677,"href":"https:\/\/femexrobotica.org\/tmr2023\/index.php?rest_route=\/wp\/v2\/pages\/419\/revisions\/677"}],"wp:attachment":[{"href":"https:\/\/femexrobotica.org\/tmr2023\/index.php?rest_route=%2Fwp%2Fv2%2Fmedia&parent=419"}],"curies":[{"name":"wp","href":"https:\/\/api.w.org\/{rel}","templated":true}]}}