{"id":303,"date":"2022-12-04T00:43:48","date_gmt":"2022-12-04T00:43:48","guid":{"rendered":"https:\/\/femexrobotica.org\/tmr2023\/?page_id=303"},"modified":"2023-05-18T00:11:43","modified_gmt":"2023-05-18T00:11:43","slug":"lugares-de-interes","status":"publish","type":"page","link":"https:\/\/femexrobotica.org\/tmr2023\/?page_id=303","title":{"rendered":"Lugares de inter\u00e9s"},"content":{"rendered":"\n<p class=\"textojustificado\"><strong>Atractivos tur\u00edsticos en el \u00e1rea circundante al lugar del evento<\/strong><\/p>\n\n\n\n<p class=\"textojustificado\">La ciudad de Xalapa cuenta con sinuosos callejones y monumentos hist\u00f3ricos. Conocida en M\u00e9xico como la \u201cAtenas Veracruzana\u201d, por contar con diversas Universidades. En el coraz\u00f3n de su vida cultural se encuentra la Universidad Veracruzana, un importante centro educativo de m\u00fasica, teatro, danza, artes visuales y otras formas de arte. Xalapa tambi\u00e9n es un importante centro culinario.<\/p>\n\n\n\n<p class=\"textojustificado\">La ciudad cuenta con diversos espacios culturales y naturales para realizar diferentes actividades y disfrutar de distracciones; los sitios a los que puede visitar que se encuentran muy cercanos a la sede propuesta del evento KAN\u00c1, son los siguientes:<\/p>\n\n\n\n<figure class=\"wp-block-image size-full textojustificado\"><img loading=\"lazy\" decoding=\"async\" width=\"768\" height=\"511\" src=\"https:\/\/femexrobotica.org\/tmr2023\/wp-content\/uploads\/2022\/12\/image-64.png\" alt=\"\" class=\"wp-image-325\" srcset=\"https:\/\/femexrobotica.org\/tmr2023\/wp-content\/uploads\/2022\/12\/image-64.png 768w, https:\/\/femexrobotica.org\/tmr2023\/wp-content\/uploads\/2022\/12\/image-64-300x200.png 300w\" sizes=\"auto, (max-width: 768px) 100vw, 768px\" \/><figcaption class=\"wp-element-caption\"><em><strong>Jard\u00edn de las Esculturas<\/strong><\/em>, es un espacio natural que cuenta con un acervo escult\u00f3rico de artistas locales, nacionales e internacionales. En sus jardines conserva fauna y flora del lugar, su principal objetivo es promover la relaci\u00f3n de la naturaleza con el arte tridimensional: escultura, cer\u00e1mica, instalaciones, performance y arte conceptual.<\/figcaption><\/figure>\n\n\n\n<figure class=\"wp-block-image size-large textojustificado\"><img loading=\"lazy\" decoding=\"async\" width=\"1024\" height=\"640\" src=\"https:\/\/femexrobotica.org\/tmr2023\/wp-content\/uploads\/2022\/12\/image-66-1024x640.png\" alt=\"\" class=\"wp-image-330\" srcset=\"https:\/\/femexrobotica.org\/tmr2023\/wp-content\/uploads\/2022\/12\/image-66-1024x640.png 1024w, https:\/\/femexrobotica.org\/tmr2023\/wp-content\/uploads\/2022\/12\/image-66-300x187.png 300w, https:\/\/femexrobotica.org\/tmr2023\/wp-content\/uploads\/2022\/12\/image-66-768x480.png 768w, https:\/\/femexrobotica.org\/tmr2023\/wp-content\/uploads\/2022\/12\/image-66.png 1140w\" sizes=\"auto, (max-width: 1024px) 100vw, 1024px\" \/><figcaption class=\"wp-element-caption\"><em><strong>Parque Natura,<\/strong>&nbsp;<\/em>cuenta con una extensi\u00f3n de 80 hect\u00e1reas, con caminos para ciclistas, un lago y espacios para celebraci\u00f3n de fiestas y reuniones al aire libre, senderos de torres, de avistamiento, se puede realizar caminata, ciclismo, observaci\u00f3n de aves, juegos infantiles y recorridos por los senderos.<br>Se pueden realizar actividades relacionadas con el medio ambiente, de forma individual o en grupos escolares o de investigaci\u00f3n. Desde plantar un \u00e1rbol hasta realizar alguna investigaci\u00f3n oficial.<\/figcaption><\/figure>\n\n\n\n<figure class=\"wp-block-image size-full textojustificado\"><img loading=\"lazy\" decoding=\"async\" width=\"768\" height=\"591\" src=\"https:\/\/femexrobotica.org\/tmr2023\/wp-content\/uploads\/2022\/12\/image-67.png\" alt=\"\" class=\"wp-image-331\" srcset=\"https:\/\/femexrobotica.org\/tmr2023\/wp-content\/uploads\/2022\/12\/image-67.png 768w, https:\/\/femexrobotica.org\/tmr2023\/wp-content\/uploads\/2022\/12\/image-67-300x231.png 300w\" sizes=\"auto, (max-width: 768px) 100vw, 768px\" \/><figcaption class=\"wp-element-caption\"><em><strong>Galer\u00eda de Arte Contempor\u00e1neo<\/strong><\/em>, ubicada en el centro hist\u00f3rico de la Ciudad de Xalapa, se aloja en un inmueble que data del siglo XVIII y que funcion\u00f3 entre otras cosas como un albergue que daba hospedaje a los viajeros que pasaban por aqu\u00ed y a los visitantes frecuentes de la ciudad que entonces viv\u00edan un auge comercial, este sitio era conocido como El Mes\u00f3n de San Bernardo, considerado por el INAH como Monumento Hist\u00f3rico, se trata de una antigua casona con caracter\u00edsticas de la arquitectura vern\u00e1cula de aquella \u00e9poca, se destaca como un recito importante de la entidad veracruzana destacando su vocaci\u00f3n: el arte contempor\u00e1neo y es ya un espacio de referencia para el p\u00fablico joven, se ofertan m\u00faltiples actividades art\u00edsticas, por lo que convive aqu\u00ed una interesante diversidad de p\u00fablicos.<\/figcaption><\/figure>\n\n\n\n<figure class=\"wp-block-image size-large textojustificado\"><img loading=\"lazy\" decoding=\"async\" width=\"1024\" height=\"536\" src=\"https:\/\/femexrobotica.org\/tmr2023\/wp-content\/uploads\/2022\/12\/image-68-1024x536.png\" alt=\"\" class=\"wp-image-333\" srcset=\"https:\/\/femexrobotica.org\/tmr2023\/wp-content\/uploads\/2022\/12\/image-68-1024x536.png 1024w, https:\/\/femexrobotica.org\/tmr2023\/wp-content\/uploads\/2022\/12\/image-68-300x157.png 300w, https:\/\/femexrobotica.org\/tmr2023\/wp-content\/uploads\/2022\/12\/image-68-768x402.png 768w, https:\/\/femexrobotica.org\/tmr2023\/wp-content\/uploads\/2022\/12\/image-68-1536x804.png 1536w, https:\/\/femexrobotica.org\/tmr2023\/wp-content\/uploads\/2022\/12\/image-68.png 2048w\" sizes=\"auto, (max-width: 1024px) 100vw, 1024px\" \/><figcaption class=\"wp-element-caption\"><em><strong>Museo de Antropolog\u00eda de Xalapa<\/strong><\/em>, es considerado el segundo museo de arqueolog\u00eda m\u00e1s importante de M\u00e9xico, aqu\u00ed se resguardan, conservan, investigan y difunden los vestigios arqueol\u00f3gicos de las culturas prehisp\u00e1nicas que se desarrollan a lo largo y ancho del Estado de Veracruz.<\/figcaption><\/figure>\n\n\n\n<figure class=\"wp-block-image size-large textojustificado\"><img loading=\"lazy\" decoding=\"async\" width=\"1024\" height=\"640\" src=\"https:\/\/femexrobotica.org\/tmr2023\/wp-content\/uploads\/2022\/12\/image-69-1024x640.png\" alt=\"\" class=\"wp-image-334\" srcset=\"https:\/\/femexrobotica.org\/tmr2023\/wp-content\/uploads\/2022\/12\/image-69-1024x640.png 1024w, https:\/\/femexrobotica.org\/tmr2023\/wp-content\/uploads\/2022\/12\/image-69-300x187.png 300w, https:\/\/femexrobotica.org\/tmr2023\/wp-content\/uploads\/2022\/12\/image-69-768x480.png 768w, https:\/\/femexrobotica.org\/tmr2023\/wp-content\/uploads\/2022\/12\/image-69.png 1140w\" sizes=\"auto, (max-width: 1024px) 100vw, 1024px\" \/><figcaption class=\"wp-element-caption\"><strong><em>Los Tecajetes<\/em>,<\/strong>&nbsp;construido sobre la barranca del mismo nombre, de significado en n\u00e1huatl \u201ccajete de piedra\u201d, el Parque de los Tecajetes se distingue por su conjunto de juegos infantiles y planificada belleza. Hay caba\u00f1as, construcciones tubulares y un estanque con peces. Este espacio es punto de reuni\u00f3n para familias que desean disfrutar de un espacio natural o una caminata.<\/figcaption><\/figure>\n\n\n\n<p class=\"textojustificado\"><em>Plazas comerciales<\/em>, en la ciudad de Xalapa se cuenta con diferentes plazas comerciales que permiten la convivencia social y se ofrecen diferentes opciones gastron\u00f3micas.<\/p>\n\n\n\n<figure class=\"wp-block-table\"><table><tbody><tr><td><strong>Plaza<\/strong><\/td><\/tr><tr><td>Plaza \u00c1nimas<\/td><\/tr><tr><td>Plaza Am\u00e9ricas<\/td><\/tr><tr><td>Plaza Xanat<\/td><\/tr><tr><td>Plaza Crystal<\/td><\/tr><tr><td>Plaza Monte Magno<\/td><\/tr><tr><td>Plaza Museo<\/td><\/tr><tr><td>Plaza Zaragoza<\/td><\/tr><tr><td>Plaza araucarias<\/td><\/tr><tr><td>Plaza City<\/td><\/tr><tr><td>Plaza Europa<\/td><\/tr><tr><td>Plaza Terraza Cumbres<\/td><\/tr><\/tbody><\/table><\/figure>\n\n\n\n<p><strong>Hospitales<\/strong><\/p>\n\n\n\n<p><strong><em>Hospital \u00c1ngeles Xalapa<\/em><\/strong><\/p>\n\n\n\n<p>&nbsp;Hospital general<\/p>\n\n\n\n<p>Carretera M\u00e9xico-Veracruz No 560, Carr. Xalapa Veracruz \u00b7 228 141 0800<\/p>\n\n\n\n<p>Abierto las 24 horas (8 min de trayecto).<\/p>\n\n\n\n<p><strong><em>Hospital Regional de Xalapa Dr. Luis F. Nach\u00f3n<\/em><\/strong><\/p>\n\n\n\n<p>Hospital<\/p>\n\n\n\n<p>Calle Dr. Pedro Rend\u00f3n 1 \u00b7 228 818 4400<\/p>\n\n\n\n<p>Abierto las 24 horas (10 min de trayecto).<\/p>\n\n\n\n<p><strong><em>Centro de Alta Especialidad \u00abDr. Rafael Lucio\u00bb<\/em><\/strong><\/p>\n\n\n\n<p>Hospital<\/p>\n\n\n\n<p>Av. Adolfo Ruiz Cortines 2903 \u00b7 228 814 4500<\/p>\n\n\n\n<p>Abierto las 24 horas (19 min de trayecto).<\/p>\n\n\n\n<p><strong><em>Cl\u00ednica Hospital los \u00c1ngeles<\/em><\/strong><\/p>\n\n\n\n<p>&nbsp;Hospital<\/p>\n\n\n\n<p>C. Constituyentes de 1917 No. 112 \u00b7 228 811 6250<\/p>\n\n\n\n<p>Abierto las 24 horas (8 minutos de trayecto).<\/p>\n\n\n\n<p><strong><em>Centro Medico de Xalapa<\/em><\/strong><\/p>\n\n\n\n<p>&nbsp;Centro m\u00e9dico<\/p>\n\n\n\n<p>Av. Orizaba 144 \u00b7 228 815 7448<\/p>\n\n\n\n<p>Abierto ahora (14 minutos de trayecto).<\/p>\n\n\n\n<p><strong><em>Sanatorio San Francisco<\/em><\/strong><\/p>\n\n\n\n<p>Hospital<\/p>\n\n\n\n<p>C. 5 de Febrero 21 \u00b7 228 818 7777<\/p>\n\n\n\n<p>Abierto las 24 horas (10 minutos de trayecto).<\/p>\n\n\n\n<p><strong><em>IMSS Hospital General de Zona 11 Xalapa<\/em><\/strong><\/p>\n\n\n\n<p>Hospital general<\/p>\n\n\n\n<p>Nicol\u00e1s Bravo \u00b7 228 818 5555<\/p>\n\n\n\n<p>Abierto las 24 horas (11 minutos de trayecto).<\/p>\n\n\n\n<p><strong><em>ISSSTE Cl\u00ednica Hospital<\/em><\/strong><\/p>\n\n\n\n<p>Hospital general<\/p>\n\n\n\n<p>Fraternidad 409 \u00b7 228 815 3376<\/p>\n\n\n\n<p>Abierto las 24 horas (17 minutos de trayecto).<\/p>\n","protected":false},"excerpt":{"rendered":"<p>Atractivos tur\u00edsticos en el \u00e1rea circundante al lugar del evento La ciudad de Xalapa cuenta con sinuosos callejones y monumentos hist\u00f3ricos. Conocida en M\u00e9xico como la \u201cAtenas Veracruzana\u201d, por contar con diversas Universidades. En el coraz\u00f3n de su vida cultural se encuentra la Universidad Veracruzana, un importante centro educativo de m\u00fasica, teatro, danza, artes visuales [&hellip;]<\/p>\n","protected":false},"author":5,"featured_media":0,"parent":0,"menu_order":0,"comment_status":"closed","ping_status":"closed","template":"","meta":{"footnotes":""},"class_list":["post-303","page","type-page","status-publish","hentry"],"_links":{"self":[{"href":"https:\/\/femexrobotica.org\/tmr2023\/index.php?rest_route=\/wp\/v2\/pages\/303","targetHints":{"allow":["GET"]}}],"collection":[{"href":"https:\/\/femexrobotica.org\/tmr2023\/index.php?rest_route=\/wp\/v2\/pages"}],"about":[{"href":"https:\/\/femexrobotica.org\/tmr2023\/index.php?rest_route=\/wp\/v2\/types\/page"}],"author":[{"embeddable":true,"href":"https:\/\/femexrobotica.org\/tmr2023\/index.php?rest_route=\/wp\/v2\/users\/5"}],"replies":[{"embeddable":true,"href":"https:\/\/femexrobotica.org\/tmr2023\/index.php?rest_route=%2Fwp%2Fv2%2Fcomments&post=303"}],"version-history":[{"count":27,"href":"https:\/\/femexrobotica.org\/tmr2023\/index.php?rest_route=\/wp\/v2\/pages\/303\/revisions"}],"predecessor-version":[{"id":1421,"href":"https:\/\/femexrobotica.org\/tmr2023\/index.php?rest_route=\/wp\/v2\/pages\/303\/revisions\/1421"}],"wp:attachment":[{"href":"https:\/\/femexrobotica.org\/tmr2023\/index.php?rest_route=%2Fwp%2Fv2%2Fmedia&parent=303"}],"curies":[{"name":"wp","href":"https:\/\/api.w.org\/{rel}","templated":true}]}}