{"id":29,"date":"2022-12-03T22:12:06","date_gmt":"2022-12-03T22:12:06","guid":{"rendered":"https:\/\/femexrobotica.org\/tmr2023\/?page_id=29"},"modified":"2023-04-23T01:46:53","modified_gmt":"2023-04-23T01:46:53","slug":"torneo-mexicano-de-robotica-2023","status":"publish","type":"page","link":"https:\/\/femexrobotica.org\/tmr2023\/","title":{"rendered":"TORNEO MEXICANO DE ROB\u00d3TICA 2023"},"content":{"rendered":"\n<h2 class=\"wp-block-heading has-text-align-center\"><strong>Calendario de actividades<\/strong><\/h2>\n\n\n\n<div class=\"wp-block-buttons is-content-justification-center is-layout-flex wp-container-core-buttons-is-layout-28206b41 wp-block-buttons-is-layout-flex\">\n<div class=\"wp-block-button\"><a class=\"wp-block-button__link wp-element-button\" href=\"https:\/\/femexrobotica.org\/tmr2023\/calendario-de-actividades\/\">Clic aqu\u00ed<\/a><\/div>\n<\/div>\n\n\n<div class=\"wp-block-image\">\n<figure class=\"aligncenter size-full\"><img loading=\"lazy\" decoding=\"async\" width=\"512\" height=\"75\" src=\"https:\/\/femexrobotica.org\/tmr2023\/wp-content\/uploads\/2023\/04\/8dde5a578e18f7f9a34b290eee06709b-divisor-de-lineas-de-remolinos-ornamentados.png\" alt=\"\" class=\"wp-image-1256\" srcset=\"https:\/\/femexrobotica.org\/tmr2023\/wp-content\/uploads\/2023\/04\/8dde5a578e18f7f9a34b290eee06709b-divisor-de-lineas-de-remolinos-ornamentados.png 512w, https:\/\/femexrobotica.org\/tmr2023\/wp-content\/uploads\/2023\/04\/8dde5a578e18f7f9a34b290eee06709b-divisor-de-lineas-de-remolinos-ornamentados-300x44.png 300w\" sizes=\"auto, (max-width: 512px) 100vw, 512px\" \/><\/figure>\n<\/div>\n\n\n<div class=\"content_countdown\" id=\"main_countedown_1\"><div class=\"countdown\">\r\n\t\t\t\t<span class=\"element_conteiner\"><span  class=\"days time_left\">-1092<\/span><span class=\"time_description\">D<\/span><\/span>\r\n\t\t\t\t<span class=\"element_conteiner\"><span  class=\"hourse time_left\">-10<\/span><span class=\"time_description\">H<\/span><\/span>\r\n\t\t\t\t<span class=\"element_conteiner\"><span  class=\"minutes time_left\">-32<\/span><span class=\"time_description\">M<\/span><\/span>\r\n\t\t\t\t<span class=\"element_conteiner\"><span  class=\"secondes time_left\">-10<\/span><span class=\"time_description\">S<\/span><\/span>\r\n\t\t\t<\/div><\/div><script>\r\n        document.addEventListener('DOMContentLoaded', function(event) {\r\n\t\t\tjQuery('#main_countedown_1 .countdown').html('')\r\n\t\t});<\/script><style>#main_countedown_1 .countdown{text-align:center;}#main_countedown_1 .countdown{margin-top:20px;margin-bottom:20px}#main_countedown_1 .time_left{\r\nborder-radius:8px;\r\nbackground-color:#3DA8CC;\r\nfont-size:23px;\r\nfont-family:monospace;\r\ncolor:#000000;\r\n}\r\n#main_countedown_1 .time_description{\r\nfont-size:23px;\r\nfont-family:monospace;\r\ncolor:#000000;\r\n}\r\n#main_countedown_1 .element_conteiner{min-width:90px}<\/style>\n\n\n\n<h5 class=\"wp-block-heading\">XIV TMR &#8211; Decimocuarto Torneo Mexicano de Rob\u00f3tica<\/h5>\n\n\n\n<p class=\"textojustificado\">La Universidad Tecnol\u00f3gica del Sureste de Veracruz a cargo del Rector Julio C\u00e9sar Sandria Reynoso y la Federaci\u00f3n Mexicana de Rob\u00f3tica, organizan el XIV Torneo Mexicano de Rob\u00f3tica y Abierto Mexicano de Rob\u00f3tica 2023, a celebrarse del 27 al 29 de abril de 2023. Dicho evento se realizar\u00e1 en la ciudad de Xalapa, Ver., contamos con la infraestructura para desarrollar las actividades del evento m\u00e1s importante de la comunidad robotista en M\u00e9xico.<\/p>\n\n\n\n<p class=\"textojustificado\">El Torneo Mexicano de Rob\u00f3tica (TMR) es organizado anualmente por la <a href=\"http:\/\/femexrobotica.org\" target=\"_blank\" rel=\"noreferrer noopener\">Federaci\u00f3n Mexicana de Rob\u00f3tica<\/a> A.C. (FMR) desde el a\u00f1o 2008, en colaboraci\u00f3n con algunas de las m\u00e1s importantes instituciones educativas del pa\u00eds.<\/p>\n\n\n\n<p class=\"textojustificado\">EL TMR se divide en dos grandes categor\u00edas: <strong>Junior<\/strong>, donde participan ni\u00f1os y j\u00f3venes de hasta 19 a\u00f1os y en <strong>Major<\/strong> (mayores), que est\u00e1 orientada a j\u00f3venes universitarios y de posgrado.<\/p>\n\n\n\n<p class=\"textojustificado\"><strong>Fecha del evento<\/strong><\/p>\n\n\n\n<p class=\"textojustificado\">27 al 29 de abril del 2023<\/p>\n\n\n\n<div class=\"wp-block-buttons is-layout-flex wp-block-buttons-is-layout-flex\"><\/div>\n\n\n\n<p><\/p>\n\n\n\n<figure class=\"wp-block-image size-large\"><img loading=\"lazy\" decoding=\"async\" width=\"1024\" height=\"768\" src=\"https:\/\/femexrobotica.org\/tmr2023\/wp-content\/uploads\/2023\/02\/5487671D-D205-4BB7-BFBF-3D1C5DEC2A6C-1024x768.png\" alt=\"\" class=\"wp-image-895\" srcset=\"https:\/\/femexrobotica.org\/tmr2023\/wp-content\/uploads\/2023\/02\/5487671D-D205-4BB7-BFBF-3D1C5DEC2A6C-1024x768.png 1024w, https:\/\/femexrobotica.org\/tmr2023\/wp-content\/uploads\/2023\/02\/5487671D-D205-4BB7-BFBF-3D1C5DEC2A6C-300x225.png 300w, https:\/\/femexrobotica.org\/tmr2023\/wp-content\/uploads\/2023\/02\/5487671D-D205-4BB7-BFBF-3D1C5DEC2A6C-768x576.png 768w, https:\/\/femexrobotica.org\/tmr2023\/wp-content\/uploads\/2023\/02\/5487671D-D205-4BB7-BFBF-3D1C5DEC2A6C-1536x1152.png 1536w, https:\/\/femexrobotica.org\/tmr2023\/wp-content\/uploads\/2023\/02\/5487671D-D205-4BB7-BFBF-3D1C5DEC2A6C-2048x1536.png 2048w\" sizes=\"auto, (max-width: 1024px) 100vw, 1024px\" \/><\/figure>\n\n\n\n<p class=\"textojustificado\"><\/p>\n","protected":false},"excerpt":{"rendered":"<p>Calendario de actividades XIV TMR &#8211; Decimocuarto Torneo Mexicano de Rob\u00f3tica La Universidad Tecnol\u00f3gica del Sureste de Veracruz a cargo del Rector Julio C\u00e9sar Sandria Reynoso y la Federaci\u00f3n Mexicana de Rob\u00f3tica, organizan el XIV Torneo Mexicano de Rob\u00f3tica y Abierto Mexicano de Rob\u00f3tica 2023, a celebrarse del 27 al 29 de abril de 2023. [&hellip;]<\/p>\n","protected":false},"author":5,"featured_media":0,"parent":0,"menu_order":0,"comment_status":"closed","ping_status":"closed","template":"","meta":{"footnotes":""},"class_list":["post-29","page","type-page","status-publish","hentry"],"_links":{"self":[{"href":"https:\/\/femexrobotica.org\/tmr2023\/index.php?rest_route=\/wp\/v2\/pages\/29","targetHints":{"allow":["GET"]}}],"collection":[{"href":"https:\/\/femexrobotica.org\/tmr2023\/index.php?rest_route=\/wp\/v2\/pages"}],"about":[{"href":"https:\/\/femexrobotica.org\/tmr2023\/index.php?rest_route=\/wp\/v2\/types\/page"}],"author":[{"embeddable":true,"href":"https:\/\/femexrobotica.org\/tmr2023\/index.php?rest_route=\/wp\/v2\/users\/5"}],"replies":[{"embeddable":true,"href":"https:\/\/femexrobotica.org\/tmr2023\/index.php?rest_route=%2Fwp%2Fv2%2Fcomments&post=29"}],"version-history":[{"count":31,"href":"https:\/\/femexrobotica.org\/tmr2023\/index.php?rest_route=\/wp\/v2\/pages\/29\/revisions"}],"predecessor-version":[{"id":1296,"href":"https:\/\/femexrobotica.org\/tmr2023\/index.php?rest_route=\/wp\/v2\/pages\/29\/revisions\/1296"}],"wp:attachment":[{"href":"https:\/\/femexrobotica.org\/tmr2023\/index.php?rest_route=%2Fwp%2Fv2%2Fmedia&parent=29"}],"curies":[{"name":"wp","href":"https:\/\/api.w.org\/{rel}","templated":true}]}}