{"id":289,"date":"2022-12-04T00:39:28","date_gmt":"2022-12-04T00:39:28","guid":{"rendered":"https:\/\/femexrobotica.org\/tmr2023\/?page_id=289"},"modified":"2022-12-18T05:06:01","modified_gmt":"2022-12-18T05:06:01","slug":"velodromo-junior","status":"publish","type":"page","link":"https:\/\/femexrobotica.org\/tmr2023\/?page_id=289","title":{"rendered":"Vel\u00f3dromo Internacional Xalapa- Junior"},"content":{"rendered":"\n<figure class=\"wp-block-image size-full is-resized\"><img loading=\"lazy\" decoding=\"async\" src=\"https:\/\/femexrobotica.org\/tmr2023\/wp-content\/uploads\/2022\/12\/image-78.png\" alt=\"\" class=\"wp-image-403\" width=\"841\" height=\"360\" srcset=\"https:\/\/femexrobotica.org\/tmr2023\/wp-content\/uploads\/2022\/12\/image-78.png 640w, https:\/\/femexrobotica.org\/tmr2023\/wp-content\/uploads\/2022\/12\/image-78-300x128.png 300w\" sizes=\"auto, (max-width: 841px) 100vw, 841px\" \/><\/figure>\n\n\n\n<p class=\"textojustificado\">El Vel\u00f3dromo cuenta con un aforo de 3 mil 200 personas y un \u00e1rea de palcos VIP. Ambas \u00e1reas cuentan con ba\u00f1os as\u00ed como espacio para espectadores con capacidades diferentes. La instalaci\u00f3n cuenta con ascensores y rampas para las personas de la tercera edad y con capacidades diferentes. Tambi\u00e9n es importante destacar que el Vel\u00f3dromo de Xalapa es verde y sustentable. Por las caracter\u00edsticas de su dise\u00f1o y construcci\u00f3n el Vel\u00f3dromo de la ciudad de Xalapa ser\u00e1 no solo el mejor de M\u00e9xico, sino de Am\u00e9rica Latina. Y para esta ocasi\u00f3n el complejo ser\u00e1 sede para las categor\u00edas <em>Junior<\/em>.<\/p>\n\n\n\n<iframe src=\"https:\/\/www.google.com\/maps\/embed?pb=!1m14!1m8!1m3!1d240686.65565159416!2d-96.928647!3d19.510292!3m2!1i1024!2i768!4f13.1!3m3!1m2!1s0x0%3A0xa74bdbebe5232fe4!2sVelodromo%20Internacional%20Xalapa!5e0!3m2!1ses-419!2smx!4v1670114353747!5m2!1ses-419!2smx\" width=\"800\" height=\"600\" style=\"border:0;\" allowfullscreen=\"\" loading=\"lazy\" referrerpolicy=\"no-referrer-when-downgrade\"><\/iframe>\n","protected":false},"excerpt":{"rendered":"<p>El Vel\u00f3dromo cuenta con un aforo de 3 mil 200 personas y un \u00e1rea de palcos VIP. Ambas \u00e1reas cuentan con ba\u00f1os as\u00ed como espacio para espectadores con capacidades diferentes. La instalaci\u00f3n cuenta con ascensores y rampas para las personas de la tercera edad y con capacidades diferentes. Tambi\u00e9n es importante destacar que el Vel\u00f3dromo [&hellip;]<\/p>\n","protected":false},"author":5,"featured_media":0,"parent":0,"menu_order":0,"comment_status":"closed","ping_status":"closed","template":"","meta":{"footnotes":""},"class_list":["post-289","page","type-page","status-publish","hentry"],"_links":{"self":[{"href":"https:\/\/femexrobotica.org\/tmr2023\/index.php?rest_route=\/wp\/v2\/pages\/289","targetHints":{"allow":["GET"]}}],"collection":[{"href":"https:\/\/femexrobotica.org\/tmr2023\/index.php?rest_route=\/wp\/v2\/pages"}],"about":[{"href":"https:\/\/femexrobotica.org\/tmr2023\/index.php?rest_route=\/wp\/v2\/types\/page"}],"author":[{"embeddable":true,"href":"https:\/\/femexrobotica.org\/tmr2023\/index.php?rest_route=\/wp\/v2\/users\/5"}],"replies":[{"embeddable":true,"href":"https:\/\/femexrobotica.org\/tmr2023\/index.php?rest_route=%2Fwp%2Fv2%2Fcomments&post=289"}],"version-history":[{"count":7,"href":"https:\/\/femexrobotica.org\/tmr2023\/index.php?rest_route=\/wp\/v2\/pages\/289\/revisions"}],"predecessor-version":[{"id":600,"href":"https:\/\/femexrobotica.org\/tmr2023\/index.php?rest_route=\/wp\/v2\/pages\/289\/revisions\/600"}],"wp:attachment":[{"href":"https:\/\/femexrobotica.org\/tmr2023\/index.php?rest_route=%2Fwp%2Fv2%2Fmedia&parent=289"}],"curies":[{"name":"wp","href":"https:\/\/api.w.org\/{rel}","templated":true}]}}