{"id":281,"date":"2022-12-04T00:36:04","date_gmt":"2022-12-04T00:36:04","guid":{"rendered":"https:\/\/femexrobotica.org\/tmr2023\/?page_id=281"},"modified":"2022-12-18T05:05:42","modified_gmt":"2022-12-18T05:05:42","slug":"complejo-deportivo-omega-major","status":"publish","type":"page","link":"https:\/\/femexrobotica.org\/tmr2023\/?page_id=281","title":{"rendered":"Complejo Deportivo Omega-Major"},"content":{"rendered":"\n<figure class=\"wp-block-image size-full\"><img loading=\"lazy\" decoding=\"async\" width=\"610\" height=\"458\" src=\"https:\/\/femexrobotica.org\/tmr2023\/wp-content\/uploads\/2022\/12\/image-55.png\" alt=\"\" class=\"wp-image-282\" srcset=\"https:\/\/femexrobotica.org\/tmr2023\/wp-content\/uploads\/2022\/12\/image-55.png 610w, https:\/\/femexrobotica.org\/tmr2023\/wp-content\/uploads\/2022\/12\/image-55-300x225.png 300w\" sizes=\"auto, (max-width: 610px) 100vw, 610px\" \/><\/figure>\n\n\n\n<p class=\"textojustificado\">El complejo Deportivo Omega form\u00f3 parte de la infraestructura deportiva remodelada de la ciudad de Xalapa para recibir los juegos centroamericanos y del caribe en 2014. A partir del 2015 se ha convertido en la sede diversos eventos art\u00edsticos, culturales y deportivos para la capital del estado as\u00ed como para municipios vecinos. Y en esta ocasi\u00f3n este complejo ser\u00e1 sede para las categor\u00edas <em>Major<\/em>.<\/p>\n\n\n\n<iframe src=\"https:\/\/www.google.com\/maps\/embed?pb=!1m14!1m8!1m3!1d240667.72146615188!2d-96.920397!3d19.523009!3m2!1i1024!2i768!4f13.1!3m3!1m2!1s0x0%3A0x61d75090e9872aa2!2sComplejo%20Deportivo%20Omega!5e0!3m2!1ses-419!2smx!4v1670114139392!5m2!1ses-419!2smx\" width=\"800\" height=\"600\" style=\"border:0;\" allowfullscreen=\"\" loading=\"lazy\" referrerpolicy=\"no-referrer-when-downgrade\"><\/iframe>\n","protected":false},"excerpt":{"rendered":"<p>El complejo Deportivo Omega form\u00f3 parte de la infraestructura deportiva remodelada de la ciudad de Xalapa para recibir los juegos centroamericanos y del caribe en 2014. A partir del 2015 se ha convertido en la sede diversos eventos art\u00edsticos, culturales y deportivos para la capital del estado as\u00ed como para municipios vecinos. Y en esta [&hellip;]<\/p>\n","protected":false},"author":5,"featured_media":0,"parent":0,"menu_order":0,"comment_status":"closed","ping_status":"closed","template":"","meta":{"footnotes":""},"class_list":["post-281","page","type-page","status-publish","hentry"],"_links":{"self":[{"href":"https:\/\/femexrobotica.org\/tmr2023\/index.php?rest_route=\/wp\/v2\/pages\/281","targetHints":{"allow":["GET"]}}],"collection":[{"href":"https:\/\/femexrobotica.org\/tmr2023\/index.php?rest_route=\/wp\/v2\/pages"}],"about":[{"href":"https:\/\/femexrobotica.org\/tmr2023\/index.php?rest_route=\/wp\/v2\/types\/page"}],"author":[{"embeddable":true,"href":"https:\/\/femexrobotica.org\/tmr2023\/index.php?rest_route=\/wp\/v2\/users\/5"}],"replies":[{"embeddable":true,"href":"https:\/\/femexrobotica.org\/tmr2023\/index.php?rest_route=%2Fwp%2Fv2%2Fcomments&post=281"}],"version-history":[{"count":5,"href":"https:\/\/femexrobotica.org\/tmr2023\/index.php?rest_route=\/wp\/v2\/pages\/281\/revisions"}],"predecessor-version":[{"id":598,"href":"https:\/\/femexrobotica.org\/tmr2023\/index.php?rest_route=\/wp\/v2\/pages\/281\/revisions\/598"}],"wp:attachment":[{"href":"https:\/\/femexrobotica.org\/tmr2023\/index.php?rest_route=%2Fwp%2Fv2%2Fmedia&parent=281"}],"curies":[{"name":"wp","href":"https:\/\/api.w.org\/{rel}","templated":true}]}}