{"id":257,"date":"2022-12-04T00:25:11","date_gmt":"2022-12-04T00:25:11","guid":{"rendered":"https:\/\/femexrobotica.org\/tmr2023\/?page_id=257"},"modified":"2023-04-05T13:38:02","modified_gmt":"2023-04-05T13:38:02","slug":"automodelcar","status":"publish","type":"page","link":"https:\/\/femexrobotica.org\/tmr2023\/?page_id=257","title":{"rendered":"AutoModelCar"},"content":{"rendered":"\n<figure class=\"wp-block-image is-resized\"><img loading=\"lazy\" decoding=\"async\" src=\"https:\/\/lh6.googleusercontent.com\/KOelGDTI9JJIuTx5vzXfHOo6RY06Sy7jyn6KeYptIcQOivcN2JMCTa3rHwSmtqLxckF6m3EQozuVy5lO_W5RHi3uSqeNZ4QjrG5p2cr4LazkHrLHYVizYlQOCmZcetOeexnPIPiugEmTbw7VZ269qNE\" alt=\"\" width=\"332\" height=\"221\"\/><\/figure>\n\n\n\n<p><strong>INFORMACI\u00d3N GENERAL<\/strong><\/p>\n\n\n\n<p>La categor\u00eda AutoModelCar busca incentivar el desarrollo de algoritmos de percepci\u00f3n, planeaci\u00f3n y control para veh\u00edculos sin conductor. Los veh\u00edculos que participan en esta categor\u00eda son modelos a escala 1:10 equipados con sensores y actuadores similares a los que se tendr\u00edan en un veh\u00edculo real. El antecedente directo de esta categor\u00eda es el proyecto \u201cVisiones de movilidad urbana\u201d, dirigido por el Dr. Raul Rojas, de la Universidad Libre de Berlin. En las primeras ediciones, solo se permiti\u00f3 la participaci\u00f3n con los veh\u00edculos otorgados a diversas instituciones en el marco de este proyecto, sin embargo, este a\u00f1o se permitir\u00e1 la participaci\u00f3n con plataformas abiertas siempre y cuando se cumpla con las restricciones descritas en el libro de reglas.\u00a0<\/p>\n\n\n\n<figure class=\"wp-block-video\"><video height=\"720\" style=\"aspect-ratio: 1280 \/ 720;\" width=\"1280\" controls src=\"https:\/\/femexrobotica.org\/tmr2023\/wp-content\/uploads\/2023\/04\/339287531_545033851149310_6483650428948253900_n.mp4\"><\/video><\/figure>\n\n\n\n<p><strong>MODALIDAD<\/strong><\/p>\n\n\n\n<p>Debido a las condiciones derivadas de la contingencia sanitaria, y con la idea de brindar a los equipos participantes m\u00e1s opciones, este a\u00f1o esta categor\u00eda se desarrollar\u00e1 en dos modalidades:<\/p>\n\n\n\n<ul class=\"wp-block-list\">\n<li>Presencial<\/li>\n\n\n\n<li>Virtual<\/li>\n<\/ul>\n\n\n\n<p>Debido a que ambas modalidades presentan retos y niveles de dificultad diferentes, ambas modalidades se evaluar\u00e1n por separado, es decir, habr\u00e1 premios para los primeros lugares de cada categor\u00eda por separado.&nbsp;<\/p>\n\n\n\n<p>La informaci\u00f3n para ambas categor\u00edas estar\u00e1 disponible en:<\/p>\n\n\n\n<p><a href=\"https:\/\/github.com\/mnegretev\/TMR-2022-AutoModelCar\">https:\/\/github.com\/mnegretev\/TMR-2022-AutoModelCar<\/a><\/p>\n\n\n\n<p><strong>RESTRICCIONES<\/strong><\/p>\n\n\n\n<p>Ninguna.<\/p>\n\n\n\n<p><strong>REGLAS<\/strong><\/p>\n\n\n\n<p><strong>Modalidad Virtual:<\/strong><\/p>\n\n\n\n<p><em>Proximamente<\/em><\/p>\n\n\n\n<p><strong>Modalidad Presencial:<\/strong><\/p>\n\n\n\n<div data-wp-interactive=\"core\/file\" class=\"wp-block-file\"><object data-wp-bind--hidden=\"!state.hasPdfPreview\" hidden class=\"wp-block-file__embed\" data=\"https:\/\/femexrobotica.org\/tmr2023\/wp-content\/uploads\/2023\/04\/ReglasPresencial2023.pdf\" type=\"application\/pdf\" style=\"width:100%;height:600px\" aria-label=\"Embed of ReglasPresencial2023.\"><\/object><a id=\"wp-block-file--media-7264cd5e-f673-44e2-b95c-f718eedaf83a\" href=\"https:\/\/femexrobotica.org\/tmr2023\/wp-content\/uploads\/2023\/04\/ReglasPresencial2023.pdf\">ReglasPresencial2023<\/a><a href=\"https:\/\/femexrobotica.org\/tmr2023\/wp-content\/uploads\/2023\/04\/ReglasPresencial2023.pdf\" class=\"wp-block-file__button wp-element-button\" download aria-describedby=\"wp-block-file--media-7264cd5e-f673-44e2-b95c-f718eedaf83a\">Download<\/a><\/div>\n\n\n\n<p><strong>RESPONSABLE FMR<\/strong><\/p>\n\n\n\n<p>Marco Antonio Negrete Villanueva<\/p>\n\n\n\n<p>email: <strong>marco.negrete@ingenieria.unam.edu<\/strong><\/p>\n\n\n\n<p><strong>RESPONSABLE LOCAL<\/strong><\/p>\n\n\n\n<p><\/p>\n","protected":false},"excerpt":{"rendered":"<p>INFORMACI\u00d3N GENERAL La categor\u00eda AutoModelCar busca incentivar el desarrollo de algoritmos de percepci\u00f3n, planeaci\u00f3n y control para veh\u00edculos sin conductor. Los veh\u00edculos que participan en esta categor\u00eda son modelos a escala 1:10 equipados con sensores y actuadores similares a los que se tendr\u00edan en un veh\u00edculo real. El antecedente directo de esta categor\u00eda es el [&hellip;]<\/p>\n","protected":false},"author":5,"featured_media":0,"parent":0,"menu_order":0,"comment_status":"closed","ping_status":"closed","template":"","meta":{"footnotes":""},"class_list":["post-257","page","type-page","status-publish","hentry"],"_links":{"self":[{"href":"https:\/\/femexrobotica.org\/tmr2023\/index.php?rest_route=\/wp\/v2\/pages\/257","targetHints":{"allow":["GET"]}}],"collection":[{"href":"https:\/\/femexrobotica.org\/tmr2023\/index.php?rest_route=\/wp\/v2\/pages"}],"about":[{"href":"https:\/\/femexrobotica.org\/tmr2023\/index.php?rest_route=\/wp\/v2\/types\/page"}],"author":[{"embeddable":true,"href":"https:\/\/femexrobotica.org\/tmr2023\/index.php?rest_route=\/wp\/v2\/users\/5"}],"replies":[{"embeddable":true,"href":"https:\/\/femexrobotica.org\/tmr2023\/index.php?rest_route=%2Fwp%2Fv2%2Fcomments&post=257"}],"version-history":[{"count":15,"href":"https:\/\/femexrobotica.org\/tmr2023\/index.php?rest_route=\/wp\/v2\/pages\/257\/revisions"}],"predecessor-version":[{"id":1159,"href":"https:\/\/femexrobotica.org\/tmr2023\/index.php?rest_route=\/wp\/v2\/pages\/257\/revisions\/1159"}],"wp:attachment":[{"href":"https:\/\/femexrobotica.org\/tmr2023\/index.php?rest_route=%2Fwp%2Fv2%2Fmedia&parent=257"}],"curies":[{"name":"wp","href":"https:\/\/api.w.org\/{rel}","templated":true}]}}