{"id":249,"date":"2022-12-04T00:23:14","date_gmt":"2022-12-04T00:23:14","guid":{"rendered":"https:\/\/femexrobotica.org\/tmr2023\/?page_id=249"},"modified":"2023-04-05T13:33:47","modified_gmt":"2023-04-05T13:33:47","slug":"robots-limpiadores-de-playa","status":"publish","type":"page","link":"https:\/\/femexrobotica.org\/tmr2023\/?page_id=249","title":{"rendered":"Robots Limpiadores de Playa"},"content":{"rendered":"\n<p><strong><img loading=\"lazy\" decoding=\"async\" src=\"https:\/\/lh6.googleusercontent.com\/65FvToF_2GxgnWQjF6qYzBgfpGQYyGUss8BP-escPmEZdYOKb-nwS1FChCO-e6AkcNeYKRVjIcOctH45Jjj1UwkIKWZbgDRDpeCBC4vV_idDhQegqfZ-E_OMxLBsyoaYFKDuGP9aGKZ2dkxcLROMuaU\" width=\"602\" height=\"451\"><\/strong><\/p>\n\n\n\n<p><strong>INFORMACI\u00d3N GENERAL<\/strong><\/p>\n\n\n\n<p>Las playas se encuentran a la suerte de diversos fen\u00f3menos naturales, como las mareas y los huracanes, modificando y permitiendo diversos entornos biol\u00f3gicos. Esta manera natural de permitir la vida est\u00e1 cada vez m\u00e1s marcada por la acci\u00f3n humana, como la generaci\u00f3n y mal manejo de la basura, generaci\u00f3n de residuos reciclables que no son tratados, descarga de aguas residuales, derrames de petr\u00f3leo, modificaci\u00f3n de ciclos biol\u00f3gicos y construcciones, entre otros.<\/p>\n\n\n\n<p>Ante esta situaci\u00f3n y como una manera de concientizar y contribuir a afrontar este problema, el TMR\u00ae 2023 convoca de nueva cuenta al reto cl\u00e1sico de Robots Limpiadores de Playa, consistente en detectar, recolectar, transportar y depositar en un contenedor los \u201cresiduos\u201d dispersos en una \u201cisla\u201d tropical de 6 x 12 m. El robot debe tener cuidado de no avanzar m\u00e1s all\u00e1 de sus \u201ccostas\u201d y caer al \u201cmar\u201d. En la \u201cisla\u201d se encuentra un \u201chumano\u201d al que, por supuesto, el robot no deber\u00e1 lastimar.<\/p>\n\n\n\n<p>Desde el Primer Torneo Mexicano de Rob\u00f3tica\u00ae en 2008, esta categor\u00eda 100% mexicana se ha celebrado ininterrumpidamente buscando fomentar una conciencia ecol\u00f3gica en la sociedad, invitando a la comunidad roboticista a proponer soluciones concretas al grave problema de acumulaci\u00f3n de basura en las playas de M\u00e9xico y de todo el mundo.<\/p>\n\n\n\n<p>A trav\u00e9s de sus 15 a\u00f1os de vida, el Torneo de Robots Limpiadores de Playa ha sido testigo de los avances en el dise\u00f1o y desempe\u00f1o de las propuestas, estando convencidos de que ha tenido un impacto positivo en los participantes y en las instituciones de donde provienen, dando como resultado que en los \u00faltimos a\u00f1os se ha\u00a0 incrementado el n\u00famero de equipos que desean participar.<\/p>\n\n\n\n<figure class=\"wp-block-video\"><video height=\"360\" style=\"aspect-ratio: 720 \/ 360;\" width=\"720\" controls src=\"https:\/\/femexrobotica.org\/tmr2023\/wp-content\/uploads\/2023\/04\/10000000_177885594583631_6124117243694255165_n.mp4\"><\/video><figcaption class=\"wp-element-caption\">Equipo ganador del 1er lugar en <a href=\"https:\/\/www.facebook.com\/RobotsLimpiadoresDePlayaTMR?__cft__[0]=AZUa4NAG1ENXIqGArmvDsVmCEEgx342vfV3L5K-1qDQ8EaukYSVc7PJ6MUaxlGTzMtrzfpQqhuZzOdYnuIJJKm_UNl_IqTwbVxeKhEMmFZiTQ7Ac8t4FkC-sy2tlXvxxORdp9V6TKrVH-7lJ29rWgC6SCCA_qm8k_HpfDbZcyXzuVhsvGEiir1Vn7BIZJ4DrWzqU-_MCcLs1nNjx-WfNEETF&amp;__tn__=-]K-y-R\">Robots Limpia Playas TMR<\/a> <\/figcaption><\/figure>\n\n\n\n<p><strong>MODALIDAD<\/strong><\/p>\n\n\n\n<p>Presencial.<\/p>\n\n\n\n<p><strong>REGLAS<\/strong><\/p>\n\n\n\n<p>Consulte todas las consideraciones para participar en el siguiente documento:&nbsp;<\/p>\n\n\n\n<div data-wp-interactive=\"core\/file\" class=\"wp-block-file\"><object data-wp-bind--hidden=\"!state.hasPdfPreview\" hidden class=\"wp-block-file__embed\" data=\"https:\/\/femexrobotica.org\/tmr2023\/wp-content\/uploads\/2023\/02\/TMR-2023-Reglas-Robots-Limpiadores.pdf\" type=\"application\/pdf\" style=\"width:100%;height:600px\" aria-label=\"Embed of TMR-2023-Reglas-Robots-Limpiadores.\"><\/object><a id=\"wp-block-file--media-a7e499e7-ccc9-4002-9268-2a826a65751a\" href=\"https:\/\/femexrobotica.org\/tmr2023\/wp-content\/uploads\/2023\/02\/TMR-2023-Reglas-Robots-Limpiadores.pdf\">TMR-2023-Reglas-Robots-Limpiadores<\/a><a href=\"https:\/\/femexrobotica.org\/tmr2023\/wp-content\/uploads\/2023\/02\/TMR-2023-Reglas-Robots-Limpiadores.pdf\" class=\"wp-block-file__button wp-element-button\" download aria-describedby=\"wp-block-file--media-a7e499e7-ccc9-4002-9268-2a826a65751a\">Download<\/a><\/div>\n\n\n\n<p>Podr\u00e1n participar en el TMR 2023, Categor\u00eda Robots Limpiadores de Playa todos aquellos&nbsp; equipos que cumplan los requisitos de participaci\u00f3n y registro.&nbsp;&nbsp;<\/p>\n\n\n\n<p>Un equipo est\u00e1 conformado por un m\u00e1ximo de 6 participantes con espacio de trabajo y cada instituci\u00f3n puede registrar a m\u00e1ximo 2 equipos.&nbsp; Dentro de estos participantes, se debe nombrar a un capit\u00e1n quien ser\u00e1 el representante&nbsp; del equipo en las diferentes reuniones y otros eventos que solicite el jurado. Los profesores&nbsp; que acompa\u00f1an al equipo y que desean contar con un diploma que reconozca su&nbsp; participaci\u00f3n en el evento, pero que no requieren que se les asigne lugar en la mesa de&nbsp; trabajo del equipo, podr\u00e1n inscribirse como mentores, por lo cual no tendr\u00e1n acceso al \u00e1rea&nbsp; de trabajo.&nbsp;<\/p>\n\n\n\n<p><strong>Es requisito para participar presentar en forma de cartel tanto en forma digital como&nbsp; impreso en tama\u00f1o doble carta durante la competencia, un reporte que resuma el&nbsp; dise\u00f1o, construcci\u00f3n y programaci\u00f3n del robot participante<\/strong>.&nbsp;<\/p>\n\n\n\n<p>Todos los equipos participantes recibir\u00e1n constancia de participaci\u00f3n en el TMR 2023 Categor\u00eda Robot Limpiador de Playa. Los equipos clasificados en los tres primeros lugares recibir\u00e1n adem\u00e1s diploma de ganadores.<\/p>\n\n\n\n<p><strong>Responsables FMR<\/strong><\/p>\n\n\n\n<p>Dra. Marcela Quiroz Castellanos<\/p>\n\n\n\n<p>email: qc.marcela@gmail.com<\/p>\n\n\n\n<p>&#8211;<\/p>\n\n\n\n<p>Rub\u00e9n de la Moraemail<\/p>\n\n\n\n<p>email: carlosvub@hotmail.com<\/p>\n","protected":false},"excerpt":{"rendered":"<p>INFORMACI\u00d3N GENERAL Las playas se encuentran a la suerte de diversos fen\u00f3menos naturales, como las mareas y los huracanes, modificando y permitiendo diversos entornos biol\u00f3gicos. Esta manera natural de permitir la vida est\u00e1 cada vez m\u00e1s marcada por la acci\u00f3n humana, como la generaci\u00f3n y mal manejo de la basura, generaci\u00f3n de residuos reciclables que [&hellip;]<\/p>\n","protected":false},"author":5,"featured_media":0,"parent":0,"menu_order":0,"comment_status":"closed","ping_status":"closed","template":"","meta":{"footnotes":""},"class_list":["post-249","page","type-page","status-publish","hentry"],"_links":{"self":[{"href":"https:\/\/femexrobotica.org\/tmr2023\/index.php?rest_route=\/wp\/v2\/pages\/249","targetHints":{"allow":["GET"]}}],"collection":[{"href":"https:\/\/femexrobotica.org\/tmr2023\/index.php?rest_route=\/wp\/v2\/pages"}],"about":[{"href":"https:\/\/femexrobotica.org\/tmr2023\/index.php?rest_route=\/wp\/v2\/types\/page"}],"author":[{"embeddable":true,"href":"https:\/\/femexrobotica.org\/tmr2023\/index.php?rest_route=\/wp\/v2\/users\/5"}],"replies":[{"embeddable":true,"href":"https:\/\/femexrobotica.org\/tmr2023\/index.php?rest_route=%2Fwp%2Fv2%2Fcomments&post=249"}],"version-history":[{"count":7,"href":"https:\/\/femexrobotica.org\/tmr2023\/index.php?rest_route=\/wp\/v2\/pages\/249\/revisions"}],"predecessor-version":[{"id":1152,"href":"https:\/\/femexrobotica.org\/tmr2023\/index.php?rest_route=\/wp\/v2\/pages\/249\/revisions\/1152"}],"wp:attachment":[{"href":"https:\/\/femexrobotica.org\/tmr2023\/index.php?rest_route=%2Fwp%2Fv2%2Fmedia&parent=249"}],"curies":[{"name":"wp","href":"https:\/\/api.w.org\/{rel}","templated":true}]}}