{"id":241,"date":"2022-12-04T00:21:07","date_gmt":"2022-12-04T00:21:07","guid":{"rendered":"https:\/\/femexrobotica.org\/tmr2023\/?page_id=241"},"modified":"2023-04-05T13:41:08","modified_gmt":"2023-04-05T13:41:08","slug":"drones-autonomos","status":"publish","type":"page","link":"https:\/\/femexrobotica.org\/tmr2023\/?page_id=241","title":{"rendered":"Drones Aut\u00f3nomos"},"content":{"rendered":"\n<p><img loading=\"lazy\" decoding=\"async\" src=\"https:\/\/lh3.googleusercontent.com\/97f4pKWVebjtb30m_EojBv_nbXbiqut7CfGMKGsM-gOXblvPcpmMvJAiqxaZiAOvdRMSGQRIE6rUNii7dn1DLs2hOs_Rar65nObJg4egz-R20ZOoW6pNPMmNufK3iDPqYs_mnezbIAEldfZTycOnZ4M\" width=\"375\" height=\"211\"><\/p>\n\n\n\n<p><strong>INFORMACI\u00d3N GENERAL<\/strong><\/p>\n\n\n\n<p>Los drones son veh\u00edculos a\u00e9reos no tripulados cuyo rango de aplicaciones ha crecido de manera considerable en los \u00faltimos a\u00f1os. Pero los drones no solamente sirven como c\u00e1maras a\u00e9reas para capturar videos o fotos, los drones pueden fungir como robots tambi\u00e9n, robots a\u00e9reos. Lo anterior es posible ya que los drones pueden llevar computadoras a bordo para procesar informaci\u00f3n, como la obtenida a trav\u00e9s de sus sensores, y con ello ejecutar acciones sobre sus actuadores, las h\u00e9lices, con lo cual se puede ejecutar vuelo aut\u00f3nomo.<\/p>\n\n\n\n<p>Para incentivar y promover el desarrollo de los drones aut\u00f3nomos en M\u00e9xico, el TMR organiza la categor\u00eda de drones aut\u00f3nomos, donde se proponen diferentes retos o misiones de vuelo a ser ejecutados por un dron. El dron puede ser comercial, armado o de dise\u00f1o original. No obstante, el \u00e9nfasis de la categor\u00eda radica en el dise\u00f1o de la inteligencia artificial que le permita al dron ejecutar tareas de manera aut\u00f3noma. Por lo tanto, el puntaje que se asignar\u00e1 ser\u00e1 proporcional al desempe\u00f1o aut\u00f3nomo del dron para ejecutar las misiones.<\/p>\n\n\n\n<figure class=\"wp-block-embed is-type-video is-provider-youtube wp-block-embed-youtube wp-embed-aspect-16-9 wp-has-aspect-ratio\"><div class=\"wp-block-embed__wrapper\">\n<iframe loading=\"lazy\" title=\"QuetzalC++ Team - 1st Place Autonomous Drone Category, TMR 2019\" width=\"1170\" height=\"658\" src=\"https:\/\/www.youtube.com\/embed\/fYWw5yT7I-w?feature=oembed\" frameborder=\"0\" allow=\"accelerometer; autoplay; clipboard-write; encrypted-media; gyroscope; picture-in-picture; web-share\" allowfullscreen><\/iframe>\n<\/div><\/figure>\n\n\n\n<p><strong>MODALIDAD<\/strong><\/p>\n\n\n\n<p>Presencial<\/p>\n\n\n\n<p><strong>RESTRICCIONES<\/strong><\/p>\n\n\n\n<p>M\u00e1ximo 10 equipos<\/p>\n\n\n\n<p>Cada equipo esta conformado por un m\u00e1ximo de 4 participantes con silla de trabajo y un mentor.<\/p>\n\n\n\n<p><strong>REGLAS<\/strong><\/p>\n\n\n\n<div data-wp-interactive=\"core\/file\" class=\"wp-block-file\"><object data-wp-bind--hidden=\"!state.hasPdfPreview\" hidden class=\"wp-block-file__embed\" data=\"https:\/\/femexrobotica.org\/tmr2023\/wp-content\/uploads\/2023\/02\/CategoriaDronesAutonomouos_2023.pdf\" type=\"application\/pdf\" style=\"width:100%;height:600px\" aria-label=\"Embed of CategoriaDronesAutonomouos_2023.\"><\/object><a id=\"wp-block-file--media-b00c35c4-b73f-4dd1-b470-6252d5d62166\" href=\"https:\/\/femexrobotica.org\/tmr2023\/wp-content\/uploads\/2023\/02\/CategoriaDronesAutonomouos_2023.pdf\">CategoriaDronesAutonomouos_2023<\/a><a href=\"https:\/\/femexrobotica.org\/tmr2023\/wp-content\/uploads\/2023\/02\/CategoriaDronesAutonomouos_2023.pdf\" class=\"wp-block-file__button wp-element-button\" download aria-describedby=\"wp-block-file--media-b00c35c4-b73f-4dd1-b470-6252d5d62166\">Download<\/a><\/div>\n\n\n\n<p><strong>Responsable FMR<\/strong><\/p>\n\n\n\n<p>Jos\u00e9 Carranza<\/p>\n\n\n\n<p>email: carranza@inaoep.mx<\/p>\n","protected":false},"excerpt":{"rendered":"<p>INFORMACI\u00d3N GENERAL Los drones son veh\u00edculos a\u00e9reos no tripulados cuyo rango de aplicaciones ha crecido de manera considerable en los \u00faltimos a\u00f1os. Pero los drones no solamente sirven como c\u00e1maras a\u00e9reas para capturar videos o fotos, los drones pueden fungir como robots tambi\u00e9n, robots a\u00e9reos. Lo anterior es posible ya que los drones pueden llevar [&hellip;]<\/p>\n","protected":false},"author":5,"featured_media":0,"parent":0,"menu_order":0,"comment_status":"closed","ping_status":"closed","template":"","meta":{"footnotes":""},"class_list":["post-241","page","type-page","status-publish","hentry"],"_links":{"self":[{"href":"https:\/\/femexrobotica.org\/tmr2023\/index.php?rest_route=\/wp\/v2\/pages\/241","targetHints":{"allow":["GET"]}}],"collection":[{"href":"https:\/\/femexrobotica.org\/tmr2023\/index.php?rest_route=\/wp\/v2\/pages"}],"about":[{"href":"https:\/\/femexrobotica.org\/tmr2023\/index.php?rest_route=\/wp\/v2\/types\/page"}],"author":[{"embeddable":true,"href":"https:\/\/femexrobotica.org\/tmr2023\/index.php?rest_route=\/wp\/v2\/users\/5"}],"replies":[{"embeddable":true,"href":"https:\/\/femexrobotica.org\/tmr2023\/index.php?rest_route=%2Fwp%2Fv2%2Fcomments&post=241"}],"version-history":[{"count":6,"href":"https:\/\/femexrobotica.org\/tmr2023\/index.php?rest_route=\/wp\/v2\/pages\/241\/revisions"}],"predecessor-version":[{"id":1165,"href":"https:\/\/femexrobotica.org\/tmr2023\/index.php?rest_route=\/wp\/v2\/pages\/241\/revisions\/1165"}],"wp:attachment":[{"href":"https:\/\/femexrobotica.org\/tmr2023\/index.php?rest_route=%2Fwp%2Fv2%2Fmedia&parent=241"}],"curies":[{"name":"wp","href":"https:\/\/api.w.org\/{rel}","templated":true}]}}