{"id":225,"date":"2022-12-04T00:17:04","date_gmt":"2022-12-04T00:17:04","guid":{"rendered":"https:\/\/femexrobotica.org\/tmr2023\/?page_id=225"},"modified":"2023-02-16T02:25:15","modified_gmt":"2023-02-16T02:25:15","slug":"standard-platform-league","status":"publish","type":"page","link":"https:\/\/femexrobotica.org\/tmr2023\/?page_id=225","title":{"rendered":"Standard Platform League"},"content":{"rendered":"\n<figure class=\"wp-block-image size-full\"><img loading=\"lazy\" decoding=\"async\" width=\"750\" height=\"330\" src=\"https:\/\/femexrobotica.org\/tmr2023\/wp-content\/uploads\/2022\/12\/image-43.png\" alt=\"\" class=\"wp-image-226\" srcset=\"https:\/\/femexrobotica.org\/tmr2023\/wp-content\/uploads\/2022\/12\/image-43.png 750w, https:\/\/femexrobotica.org\/tmr2023\/wp-content\/uploads\/2022\/12\/image-43-300x132.png 300w\" sizes=\"auto, (max-width: 750px) 100vw, 750px\" \/><\/figure>\n\n\n\n<p><strong>Descripci\u00f3n general <\/strong><\/p>\n\n\n\n<p class=\"textojustificado\">Standard Platform League es una liga de f\u00fatbol de robots RoboCup, en la que todos los equipos compiten con robots id\u00e9nticos. Los robots funcionan de forma totalmente aut\u00f3noma, es decir, no hay control externo, ni por parte de humanos ni de computadoras. La plataforma est\u00e1ndar actual utilizada es la NAO humanoide de Aldebaran.<\/p>\n\n\n\n<p><strong>Reglas: <\/strong><\/p>\n\n\n\n<p>Pendiente de publicaci\u00f3n<\/p>\n\n\n\n<p><strong>Responable FMR<\/strong><\/p>\n\n\n\n<p>Alberto Petrilli<\/p>\n\n\n\n<p>email: petrilliae@gmail.com<\/p>\n\n\n\n<p>email: a.petrili@srd.mech.tohoku.ac.jp<\/p>\n","protected":false},"excerpt":{"rendered":"<p>Descripci\u00f3n general Standard Platform League es una liga de f\u00fatbol de robots RoboCup, en la que todos los equipos compiten con robots id\u00e9nticos. Los robots funcionan de forma totalmente aut\u00f3noma, es decir, no hay control externo, ni por parte de humanos ni de computadoras. La plataforma est\u00e1ndar actual utilizada es la NAO humanoide de Aldebaran. [&hellip;]<\/p>\n","protected":false},"author":5,"featured_media":0,"parent":0,"menu_order":0,"comment_status":"closed","ping_status":"closed","template":"","meta":{"footnotes":""},"class_list":["post-225","page","type-page","status-publish","hentry"],"_links":{"self":[{"href":"https:\/\/femexrobotica.org\/tmr2023\/index.php?rest_route=\/wp\/v2\/pages\/225","targetHints":{"allow":["GET"]}}],"collection":[{"href":"https:\/\/femexrobotica.org\/tmr2023\/index.php?rest_route=\/wp\/v2\/pages"}],"about":[{"href":"https:\/\/femexrobotica.org\/tmr2023\/index.php?rest_route=\/wp\/v2\/types\/page"}],"author":[{"embeddable":true,"href":"https:\/\/femexrobotica.org\/tmr2023\/index.php?rest_route=\/wp\/v2\/users\/5"}],"replies":[{"embeddable":true,"href":"https:\/\/femexrobotica.org\/tmr2023\/index.php?rest_route=%2Fwp%2Fv2%2Fcomments&post=225"}],"version-history":[{"count":4,"href":"https:\/\/femexrobotica.org\/tmr2023\/index.php?rest_route=\/wp\/v2\/pages\/225\/revisions"}],"predecessor-version":[{"id":950,"href":"https:\/\/femexrobotica.org\/tmr2023\/index.php?rest_route=\/wp\/v2\/pages\/225\/revisions\/950"}],"wp:attachment":[{"href":"https:\/\/femexrobotica.org\/tmr2023\/index.php?rest_route=%2Fwp%2Fv2%2Fmedia&parent=225"}],"curies":[{"name":"wp","href":"https:\/\/api.w.org\/{rel}","templated":true}]}}