{"id":209,"date":"2022-12-04T00:12:50","date_gmt":"2022-12-04T00:12:50","guid":{"rendered":"https:\/\/femexrobotica.org\/tmr2023\/?page_id=209"},"modified":"2023-02-25T02:26:35","modified_gmt":"2023-02-25T02:26:35","slug":"rescue-robot","status":"publish","type":"page","link":"https:\/\/femexrobotica.org\/tmr2023\/?page_id=209","title":{"rendered":"Rescue Robot"},"content":{"rendered":"\n<figure class=\"wp-block-image size-full\"><img loading=\"lazy\" decoding=\"async\" width=\"640\" height=\"360\" src=\"https:\/\/femexrobotica.org\/tmr2023\/wp-content\/uploads\/2022\/12\/image-39.png\" alt=\"\" class=\"wp-image-210\" srcset=\"https:\/\/femexrobotica.org\/tmr2023\/wp-content\/uploads\/2022\/12\/image-39.png 640w, https:\/\/femexrobotica.org\/tmr2023\/wp-content\/uploads\/2022\/12\/image-39-300x169.png 300w\" sizes=\"auto, (max-width: 640px) 100vw, 640px\" \/><\/figure>\n\n\n\n<p><strong>INFORMACI\u00d3N GENERAL<\/strong><\/p>\n\n\n\n<p class=\"textojustificado\">En esta categor\u00eda, los robots deben realizar misiones de b\u00fasqueda y rescate en zonas abiertas y con obst\u00e1culos de toda \u00edndole. Los robots participantes ser\u00e1n evaluados en una serie de pruebas individuales dise\u00f1adas para desafiar el funcionamiento aut\u00f3nomo, la movilidad durante la tele-operaci\u00f3n y manipulaci\u00f3n de objetos de tama\u00f1o real. El mejor robot es aquel que logra obtener la mayor cantidad de puntos en dichas pruebas.<\/p>\n\n\n\n<p><strong>RESTRICCIONES<\/strong><\/p>\n\n\n\n<p>Para participar en RoboCup Rescue Robot, se pueden inscribir equipos de m\u00e1ximo 12 personas con derecho a lugar en la mesa de trabajo. Debido al nivel de dificultad de esta competencia, pueden participar grupos de investigaci\u00f3n, estudiantes de licenciatura, posgrado, profesores e investigadores.<\/p>\n\n\n\n<p>Los profesores que acompa\u00f1an al equipo y que desean contar con un diploma que reconozca su participaci\u00f3n en el evento, pero que no requieren que se les asigne lugar en la mesa de trabajo del equipo, podr\u00e1n inscribirse como mentores. El costo de inscripci\u00f3n de los mentores es el mismo que el de los concursantes.<\/p>\n\n\n\n<p><strong>MODALIDAD<\/strong><\/p>\n\n\n\n<p>Presencial.<\/p>\n\n\n\n<p><strong>REGLAS<\/strong><\/p>\n\n\n\n<p>La competencia de RoboCup Rescue Robot del TMR se basa en las reglas oficiales publicadas para el mundial RoboCup, que se pueden encontrar en la p\u00e1gina oficial&nbsp;<a href=\"https:\/\/rrl.robocup.org\/rules\/\">https:\/\/rrl.robocup.org\/rules\/<\/a>. Habr\u00e1 pruebas para evaluar la movilidad, la maniobrabilidad, la destreza, la navegabilidad, la autonom\u00eda y la capacidad de hacer mapas y reconocer patrones de los robots participantes.<\/p>\n\n\n\n<p><strong>Responsable FMR<\/strong><\/p>\n\n\n\n<p>Alejandro Aceves L\u00f3pez<\/p>\n\n\n\n<p>email: aaceves@tec.mx<\/p>\n","protected":false},"excerpt":{"rendered":"<p>INFORMACI\u00d3N GENERAL En esta categor\u00eda, los robots deben realizar misiones de b\u00fasqueda y rescate en zonas abiertas y con obst\u00e1culos de toda \u00edndole. Los robots participantes ser\u00e1n evaluados en una serie de pruebas individuales dise\u00f1adas para desafiar el funcionamiento aut\u00f3nomo, la movilidad durante la tele-operaci\u00f3n y manipulaci\u00f3n de objetos de tama\u00f1o real. El mejor robot [&hellip;]<\/p>\n","protected":false},"author":5,"featured_media":0,"parent":0,"menu_order":0,"comment_status":"closed","ping_status":"closed","template":"","meta":{"footnotes":""},"class_list":["post-209","page","type-page","status-publish","hentry"],"_links":{"self":[{"href":"https:\/\/femexrobotica.org\/tmr2023\/index.php?rest_route=\/wp\/v2\/pages\/209","targetHints":{"allow":["GET"]}}],"collection":[{"href":"https:\/\/femexrobotica.org\/tmr2023\/index.php?rest_route=\/wp\/v2\/pages"}],"about":[{"href":"https:\/\/femexrobotica.org\/tmr2023\/index.php?rest_route=\/wp\/v2\/types\/page"}],"author":[{"embeddable":true,"href":"https:\/\/femexrobotica.org\/tmr2023\/index.php?rest_route=\/wp\/v2\/users\/5"}],"replies":[{"embeddable":true,"href":"https:\/\/femexrobotica.org\/tmr2023\/index.php?rest_route=%2Fwp%2Fv2%2Fcomments&post=209"}],"version-history":[{"count":4,"href":"https:\/\/femexrobotica.org\/tmr2023\/index.php?rest_route=\/wp\/v2\/pages\/209\/revisions"}],"predecessor-version":[{"id":998,"href":"https:\/\/femexrobotica.org\/tmr2023\/index.php?rest_route=\/wp\/v2\/pages\/209\/revisions\/998"}],"wp:attachment":[{"href":"https:\/\/femexrobotica.org\/tmr2023\/index.php?rest_route=%2Fwp%2Fv2%2Fmedia&parent=209"}],"curies":[{"name":"wp","href":"https:\/\/api.w.org\/{rel}","templated":true}]}}