{"id":201,"date":"2022-12-04T00:10:42","date_gmt":"2022-12-04T00:10:42","guid":{"rendered":"https:\/\/femexrobotica.org\/tmr2023\/?page_id=201"},"modified":"2023-02-22T22:39:22","modified_gmt":"2023-02-22T22:39:22","slug":"home","status":"publish","type":"page","link":"https:\/\/femexrobotica.org\/tmr2023\/?page_id=201","title":{"rendered":"@Home"},"content":{"rendered":"\n<figure class=\"wp-block-image size-full\"><img loading=\"lazy\" decoding=\"async\" width=\"1024\" height=\"768\" src=\"https:\/\/femexrobotica.org\/tmr2023\/wp-content\/uploads\/2022\/12\/image-37.png\" alt=\"\" class=\"wp-image-202\" srcset=\"https:\/\/femexrobotica.org\/tmr2023\/wp-content\/uploads\/2022\/12\/image-37.png 1024w, https:\/\/femexrobotica.org\/tmr2023\/wp-content\/uploads\/2022\/12\/image-37-300x225.png 300w, https:\/\/femexrobotica.org\/tmr2023\/wp-content\/uploads\/2022\/12\/image-37-768x576.png 768w\" sizes=\"auto, (max-width: 1024px) 100vw, 1024px\" \/><\/figure>\n\n\n\n<p><strong>Informaci\u00f3n general<\/strong><\/p>\n\n\n\n<p class=\"textojustificado\">At Home Major es una competencia para robots de servicio en donde los distintos grupos de investigaci\u00f3n tratan de resolver distintas tareas en ambientes dom\u00e9sticos. A partir de este a\u00f1o, y motivado por la actual situaci\u00f3n de trabajo remoto, se introduce la simulation league en donde, en un ambiente casero predefinido y con un modelo de robot est\u00e1ndar, los distintos equipos intentar\u00e1n resolver una serie de tareas dom\u00e9sticas; en espec\u00edfico, Tidy Up, en donde el robot tiene que ordenar los objetos dispersos dentro de una habitaci\u00f3n, y Go and Get It, en donde el robot tiene que entregar un objeto espec\u00edfico al usuario que lo requiera.<\/p>\n\n\n\n<p><strong>Reglas: <\/strong><\/p>\n\n\n\n<div data-wp-interactive=\"core\/file\" class=\"wp-block-file\"><object data-wp-bind--hidden=\"!state.hasPdfPreview\" hidden class=\"wp-block-file__embed\" data=\"https:\/\/femexrobotica.org\/tmr2023\/wp-content\/uploads\/2023\/02\/2023_rulebook.pdf\" type=\"application\/pdf\" style=\"width:100%;height:600px\" aria-label=\"Embed of 2023_rulebook.\"><\/object><a id=\"wp-block-file--media-1579e259-2e72-477e-93bf-7b04c4bd1127\" href=\"https:\/\/femexrobotica.org\/tmr2023\/wp-content\/uploads\/2023\/02\/2023_rulebook.pdf\">2023_rulebook<\/a><a href=\"https:\/\/femexrobotica.org\/tmr2023\/wp-content\/uploads\/2023\/02\/2023_rulebook.pdf\" class=\"wp-block-file__button wp-element-button\" download aria-describedby=\"wp-block-file--media-1579e259-2e72-477e-93bf-7b04c4bd1127\">Download<\/a><\/div>\n\n\n\n<p><strong>Responsable FMR<\/strong><\/p>\n\n\n\n<p>Jes\u00fas Savage<\/p>\n\n\n\n<p>email: robotssavage@gmail.com<\/p>\n","protected":false},"excerpt":{"rendered":"<p>Informaci\u00f3n general At Home Major es una competencia para robots de servicio en donde los distintos grupos de investigaci\u00f3n tratan de resolver distintas tareas en ambientes dom\u00e9sticos. A partir de este a\u00f1o, y motivado por la actual situaci\u00f3n de trabajo remoto, se introduce la simulation league en donde, en un ambiente casero predefinido y con [&hellip;]<\/p>\n","protected":false},"author":5,"featured_media":0,"parent":0,"menu_order":0,"comment_status":"closed","ping_status":"closed","template":"","meta":{"footnotes":""},"class_list":["post-201","page","type-page","status-publish","hentry"],"_links":{"self":[{"href":"https:\/\/femexrobotica.org\/tmr2023\/index.php?rest_route=\/wp\/v2\/pages\/201","targetHints":{"allow":["GET"]}}],"collection":[{"href":"https:\/\/femexrobotica.org\/tmr2023\/index.php?rest_route=\/wp\/v2\/pages"}],"about":[{"href":"https:\/\/femexrobotica.org\/tmr2023\/index.php?rest_route=\/wp\/v2\/types\/page"}],"author":[{"embeddable":true,"href":"https:\/\/femexrobotica.org\/tmr2023\/index.php?rest_route=\/wp\/v2\/users\/5"}],"replies":[{"embeddable":true,"href":"https:\/\/femexrobotica.org\/tmr2023\/index.php?rest_route=%2Fwp%2Fv2%2Fcomments&post=201"}],"version-history":[{"count":6,"href":"https:\/\/femexrobotica.org\/tmr2023\/index.php?rest_route=\/wp\/v2\/pages\/201\/revisions"}],"predecessor-version":[{"id":982,"href":"https:\/\/femexrobotica.org\/tmr2023\/index.php?rest_route=\/wp\/v2\/pages\/201\/revisions\/982"}],"wp:attachment":[{"href":"https:\/\/femexrobotica.org\/tmr2023\/index.php?rest_route=%2Fwp%2Fv2%2Fmedia&parent=201"}],"curies":[{"name":"wp","href":"https:\/\/api.w.org\/{rel}","templated":true}]}}