{"id":175,"date":"2022-12-03T23:58:58","date_gmt":"2022-12-03T23:58:58","guid":{"rendered":"https:\/\/femexrobotica.org\/tmr2023\/?page_id=175"},"modified":"2023-02-12T16:51:18","modified_gmt":"2023-02-12T16:51:18","slug":"robocup-junior-soccer","status":"publish","type":"page","link":"https:\/\/femexrobotica.org\/tmr2023\/?page_id=175","title":{"rendered":"RoboCup Junior Soccer"},"content":{"rendered":"\n<figure class=\"wp-block-image size-full\"><img loading=\"lazy\" decoding=\"async\" width=\"1024\" height=\"683\" src=\"https:\/\/femexrobotica.org\/tmr2023\/wp-content\/uploads\/2022\/12\/image-28.png\" alt=\"\" class=\"wp-image-176\" srcset=\"https:\/\/femexrobotica.org\/tmr2023\/wp-content\/uploads\/2022\/12\/image-28.png 1024w, https:\/\/femexrobotica.org\/tmr2023\/wp-content\/uploads\/2022\/12\/image-28-300x200.png 300w, https:\/\/femexrobotica.org\/tmr2023\/wp-content\/uploads\/2022\/12\/image-28-768x512.png 768w\" sizes=\"auto, (max-width: 1024px) 100vw, 1024px\" \/><\/figure>\n\n\n\n<p><strong>INFORMACI\u00d3N GENERAL<\/strong><\/p>\n\n\n\n<p class=\"textojustificado\">RoboCupJunior Soccer es una iniciativa educativa enfocada a estudiantes de primaria, secundaria y preparatoria, as\u00ed como a estudiantes universitarios iniciales. En \u00e9sta, equipos de 2 contra 2 robots m\u00f3viles aut\u00f3nomos juegan partidos en una cancha cerrada de minifutbol, buscando una pelota y tratando de enviarla a la porter\u00eda que les corresponda, o bien defendiendo de la ofensiva contraria.<\/p>\n\n\n\n<p class=\"textojustificado\">Los robots construidos exclusivamente por los participantes deben ser completamente aut\u00f3nomos; adem\u00e1s de observarlos en juego, ser\u00e1n examinados en su construcci\u00f3n, dise\u00f1o t\u00e9cnico y programaci\u00f3n, buscando que el campe\u00f3n del torneo sea el que cuente con el mejor equilibrio entre todos estos elementos. Los participantes deben poder dar lo mejor de sus habilidades de programaci\u00f3n, rob\u00f3tica, electr\u00f3nica y mecatr\u00f3nica, pero tambi\u00e9n deben contribuir al trabajo en equipo y a compartir sus conocimientos con otros participantes, sin importar su edad o el resultado en la competencia. Se espera que todos compitan, aprendan, se diviertan y crezcan.<\/p>\n\n\n\n<p>Dentro de esta categor\u00eda tiene dos subligas f\u00edsicas<\/p>\n\n\n\n<p><a href=\"https:\/\/junior.robocup.org\/rcj-soccer-lightweight\/\">Soccer lightweight<\/a>:  Subliga para todos los integrantes entre 14 y 19 a\u00f1os el 1 de julio. Se juegan con una pelota electr\u00f3nica bien balanceada. La pelota emite luz infrarroja (IR) en el llamado &#8220;modo pulsado&#8221;.<\/p>\n\n\n\n<p><a href=\"https:\/\/junior.robocup.org\/rcj-soccer-open\/\">Soccer open<\/a>: Para todos los integrantes del equipo entre 14 y 19 a\u00f1os el 1 de julio. Se juegan con una pelota de golf naranja.<\/p>\n\n\n\n<p><strong>Restricciones<\/strong><\/p>\n\n\n\n<p>Los equipos de RCJ Soccer deber\u00e1n conformarse con al menos 2 miembros y hasta un m\u00e1ximo de 4.<\/p>\n\n\n\n<p>La edad se considera al 1ro de julio de cada a\u00f1o para el mundial RoboCup, y por lo tanto tambi\u00e9n para el Torneo Mexicano de Rob\u00f3tica.<\/p>\n\n\n\n<p>Cada concursante s\u00f3lo puede estar inscrito en 1 \u00fanico equipo, sub-liga y liga en todo RoboCupJunior.<\/p>\n\n\n\n<p><strong>L\u00edmites de equipos por instituci\u00f3n<\/strong><\/p>\n\n\n\n<p>Cada instituci\u00f3n puede registrar el siguiente n\u00famero de equipos por cada sub-liga Junior:<\/p>\n\n\n\n<ul class=\"wp-block-list\">\n<li>M\u00e1ximo 1 equipo por sub-liga en Rescue Line y Rescue Maze<\/li>\n\n\n\n<li>M\u00e1ximo 2 equipos por sub-liga en todas las sub-ligas de Soccer y OnStage<\/li>\n\n\n\n<li>No se limitar\u00e1 el n\u00famero de equipos en Rescue Simulation (antes CoSpace)<\/li>\n\n\n\n<li>La instituci\u00f3n que haya obtenido el primer lugar en cada sub-liga del torneo pasado (TMR2022) y haya enviado su reporte de participaci\u00f3n en RoboCup obtiene el derecho a registrar un equipo m\u00e1s en esa misma sub-liga. Debe dar de alta el equipo adicional y sus miembros, y antes de concluir el pre-registro enviar un correo a <em>regtmr@femexrobotica.org<\/em> indicando el nombre del equipo que desea que se le aplique este derecho.<\/li>\n<\/ul>\n\n\n\n<p><strong>Reglas<\/strong><\/p>\n\n\n\n<p>Las reglas para la competencia de RoboCupJunior Soccer 2023 se encuentran publicadas en el sitio internacional de RoboCupJunior.<\/p>\n\n\n\n<p>Estas reglas se pueden consultar en&nbsp;<a href=\"https:\/\/junior.robocup.org\/soccer\/\">https:\/\/junior.robocup.org\/soccer\/<\/a>.&nbsp;Toma en cuenta que los comit\u00e9s internacionales se encuentran en el proceso de revisi\u00f3n de las reglas, por lo que conviene que revises peri\u00f3dicamente para enterarte si hubo alguna actualizaci\u00f3n.<\/p>\n\n\n\n<p>La competencia de RoboCupJunior Soccer se realizar\u00e1 con los siguientes aspectos:<\/p>\n\n\n\n<ul class=\"wp-block-list\">\n<li>entrevista virtual (previo al d\u00eda de registro en sitio)<\/li>\n\n\n\n<li>verificaci\u00f3n de cumplimiento f\u00edsico de los robots y presentaci\u00f3n con poster del equipo (el d\u00eda de registro en sitio)<\/li>\n\n\n\n<li>enfrentamientos contra otros equipos en sistema suizo<\/li>\n\n\n\n<li>finales (solo para los equipos m\u00e1s altos de la tabla clasificatoria)<\/li>\n\n\n\n<li>y retos t\u00e9cnicos<\/li>\n<\/ul>\n\n\n\n<p><strong>Reponsables FMR<\/strong><\/p>\n\n\n\n<p><em>RCJ Soccer Lightweight \/ RCJ Soccer Open<\/em><\/p>\n\n\n\n<p>Luis Jos\u00e9 L\u00f3pez Lora Javier <\/p>\n\n\n\n<p>email: llopez@femexrobotica.org<\/p>\n\n\n\n<p>&#8211;<\/p>\n\n\n\n<p>Enrique Delgado Moreno<\/p>\n\n\n\n<p>email: javier_687@outlook.com<\/p>\n","protected":false},"excerpt":{"rendered":"<p>INFORMACI\u00d3N GENERAL RoboCupJunior Soccer es una iniciativa educativa enfocada a estudiantes de primaria, secundaria y preparatoria, as\u00ed como a estudiantes universitarios iniciales. En \u00e9sta, equipos de 2 contra 2 robots m\u00f3viles aut\u00f3nomos juegan partidos en una cancha cerrada de minifutbol, buscando una pelota y tratando de enviarla a la porter\u00eda que les corresponda, o bien [&hellip;]<\/p>\n","protected":false},"author":5,"featured_media":0,"parent":0,"menu_order":0,"comment_status":"closed","ping_status":"closed","template":"","meta":{"footnotes":""},"class_list":["post-175","page","type-page","status-publish","hentry"],"_links":{"self":[{"href":"https:\/\/femexrobotica.org\/tmr2023\/index.php?rest_route=\/wp\/v2\/pages\/175","targetHints":{"allow":["GET"]}}],"collection":[{"href":"https:\/\/femexrobotica.org\/tmr2023\/index.php?rest_route=\/wp\/v2\/pages"}],"about":[{"href":"https:\/\/femexrobotica.org\/tmr2023\/index.php?rest_route=\/wp\/v2\/types\/page"}],"author":[{"embeddable":true,"href":"https:\/\/femexrobotica.org\/tmr2023\/index.php?rest_route=\/wp\/v2\/users\/5"}],"replies":[{"embeddable":true,"href":"https:\/\/femexrobotica.org\/tmr2023\/index.php?rest_route=%2Fwp%2Fv2%2Fcomments&post=175"}],"version-history":[{"count":7,"href":"https:\/\/femexrobotica.org\/tmr2023\/index.php?rest_route=\/wp\/v2\/pages\/175\/revisions"}],"predecessor-version":[{"id":867,"href":"https:\/\/femexrobotica.org\/tmr2023\/index.php?rest_route=\/wp\/v2\/pages\/175\/revisions\/867"}],"wp:attachment":[{"href":"https:\/\/femexrobotica.org\/tmr2023\/index.php?rest_route=%2Fwp%2Fv2%2Fmedia&parent=175"}],"curies":[{"name":"wp","href":"https:\/\/api.w.org\/{rel}","templated":true}]}}