{"id":158,"date":"2022-12-03T23:51:44","date_gmt":"2022-12-03T23:51:44","guid":{"rendered":"https:\/\/femexrobotica.org\/tmr2023\/?page_id=158"},"modified":"2023-04-05T13:35:22","modified_gmt":"2023-04-05T13:35:22","slug":"robocup-junior-onstage","status":"publish","type":"page","link":"https:\/\/femexrobotica.org\/tmr2023\/?page_id=158","title":{"rendered":"RoboCup Junior OnStage"},"content":{"rendered":"\n<figure class=\"wp-block-image size-full\"><img loading=\"lazy\" decoding=\"async\" width=\"1024\" height=\"683\" src=\"https:\/\/femexrobotica.org\/tmr2023\/wp-content\/uploads\/2022\/12\/image-24.png\" alt=\"\" class=\"wp-image-159\" srcset=\"https:\/\/femexrobotica.org\/tmr2023\/wp-content\/uploads\/2022\/12\/image-24.png 1024w, https:\/\/femexrobotica.org\/tmr2023\/wp-content\/uploads\/2022\/12\/image-24-300x200.png 300w, https:\/\/femexrobotica.org\/tmr2023\/wp-content\/uploads\/2022\/12\/image-24-768x512.png 768w\" sizes=\"auto, (max-width: 1024px) 100vw, 1024px\" \/><\/figure>\n\n\n\n<p>I<strong>NFORMACI\u00d3N GENERAL<\/strong><\/p>\n\n\n\n<p>La competencia RoboCupJunior OnStage, anteriormente llamada RoboCupJunior Dance, es una iniciativa enfocada para estudiantes de 14 a\u00f1os y hasta 19, para trabajar con robots, que de manera aut\u00f3noma, desarrollen una presentaci\u00f3n creativa, arm\u00f3nica, innovadora con el uso de tecnolog\u00eda, que sea atractiva para la audiencia sobre un escenario en un tiempo no mayor a dos minutos.<\/p>\n\n\n\n<p>Lo anterior incluye una serie de posibles actuaciones, como danza, narraci\u00f3n de cuentos, teatro o instalaciones art\u00edsticas. La actuaci\u00f3n puede incluir m\u00fasica, pero es opcional. Se anima a los equipos a que sean creativos, innovadores y divertidos, tanto en el dise\u00f1o de los robots como en el de la actuaci\u00f3n en general.<\/p>\n\n\n\n<figure class=\"wp-block-video\"><video height=\"720\" style=\"aspect-ratio: 1280 \/ 720;\" width=\"1280\" controls src=\"https:\/\/femexrobotica.org\/tmr2023\/wp-content\/uploads\/2023\/04\/338848030_1195477197840523_5699098912927198217_n.mp4\"><\/video><\/figure>\n\n\n\n<p><strong>Reglas<\/strong><\/p>\n\n\n\n<p><a href=\"https:\/\/junior.robocup.org\/rcj-onstage\/\">RoboCupJunior OnStage primary<\/a><\/p>\n\n\n\n<p>Todos los miembros del equipo deben tener entre 11 y 15 a\u00f1os (al 1 de julio).<\/p>\n\n\n\n<p>Todos los equipos son evaluados en las siguientes \u00e1reas: un poster&nbsp; de descripci\u00f3n t\u00e9cnica (15%), un video de demostraci\u00f3n t\u00e9cnica (15%), una entrevista t\u00e9cnica (30%) y una actuaci\u00f3n en el escenario (40%).<\/p>\n\n\n\n<p>Se debe tomar en cuenta que en este momento el comit\u00e9 se encuentra en el proceso de revisar las reglas, por lo que te recomendamos revisar peri\u00f3dicamente para ver si hay alguna actualizaci\u00f3n.<\/p>\n\n\n\n<p><a href=\"https:\/\/junior.robocup.org\/rcj-onstage\/\">RoboCupJunior OnStage<\/a><\/p>\n\n\n\n<p>Todos los miembros del equipo deben tener entre 14 y 19 a\u00f1os (al 1 de julio).<\/p>\n\n\n\n<p>Todos los equipos son evaluados en las siguientes \u00e1reas: un poster&nbsp; de descripci\u00f3n t\u00e9cnica (15%), un video de demostraci\u00f3n t\u00e9cnica (15%), una entrevista t\u00e9cnica (30%) y una actuaci\u00f3n en el escenario (40%).<\/p>\n\n\n\n<p>Se debe tomar en cuenta que en este momento el comit\u00e9 se encuentra en el proceso de revisar las reglas, por lo que te recomendamos revisar peri\u00f3dicamente para ver si hay alguna actualizaci\u00f3n.<\/p>\n\n\n\n<p><strong>Restricciones<\/strong><\/p>\n\n\n\n<p>Los equipos de RCJ OnStage deber\u00e1n conformarse con al menos 2 miembros y hasta un m\u00e1ximo de 5.<\/p>\n\n\n\n<p>Cada concursante s\u00f3lo puede estar inscrito en 1 \u00fanico equipo, sub-liga y liga en todo RoboCupJunior.<\/p>\n\n\n\n<p><strong>L\u00edmites de equipos por instituci\u00f3n<\/strong><\/p>\n\n\n\n<p>Cada instituci\u00f3n puede registrar el siguiente n\u00famero de equipos por cada sub-liga Junior:<\/p>\n\n\n\n<ul class=\"wp-block-list\">\n<li>M\u00e1ximo 1 equipo por sub-liga en Rescue Line y Rescue Maze<\/li>\n\n\n\n<li>M\u00e1ximo 2 equipos por sub-liga en todas las sub-ligas de Soccer y OnStage<\/li>\n\n\n\n<li>No se limitar\u00e1 el n\u00famero de equipos en Rescue Simulation (antes CoSpace)<\/li>\n\n\n\n<li>La instituci\u00f3n que haya obtenido el primer lugar en cada sub-liga del torneo pasado (TMR2022) y haya enviado su reporte de participaci\u00f3n en RoboCup tiene obtiene el derecho a registrar un equipo m\u00e1s en esa misma sub-liga. Debe dar de alta el equipo adicional y sus miembros, y antes de concluir el pre-registro enviar un correo a regtmr@femexrobotica.org indicando el nombre del equipo que desea que se le aplique este derecho, indicando el nombre del equipo que desea que se le aplique este derecho.<\/li>\n<\/ul>\n\n\n\n<p><strong>Responsable FMR<\/strong><\/p>\n\n\n\n<p>&nbsp;Luis Gonz\u00e1lo Morales Garc\u00eda<\/p>\n\n\n\n<p>email: luisgonzalo96@gmail.com<br><\/p>\n","protected":false},"excerpt":{"rendered":"<p>INFORMACI\u00d3N GENERAL La competencia RoboCupJunior OnStage, anteriormente llamada RoboCupJunior Dance, es una iniciativa enfocada para estudiantes de 14 a\u00f1os y hasta 19, para trabajar con robots, que de manera aut\u00f3noma, desarrollen una presentaci\u00f3n creativa, arm\u00f3nica, innovadora con el uso de tecnolog\u00eda, que sea atractiva para la audiencia sobre un escenario en un tiempo no mayor [&hellip;]<\/p>\n","protected":false},"author":5,"featured_media":0,"parent":0,"menu_order":0,"comment_status":"closed","ping_status":"closed","template":"","meta":{"footnotes":""},"class_list":["post-158","page","type-page","status-publish","hentry"],"_links":{"self":[{"href":"https:\/\/femexrobotica.org\/tmr2023\/index.php?rest_route=\/wp\/v2\/pages\/158","targetHints":{"allow":["GET"]}}],"collection":[{"href":"https:\/\/femexrobotica.org\/tmr2023\/index.php?rest_route=\/wp\/v2\/pages"}],"about":[{"href":"https:\/\/femexrobotica.org\/tmr2023\/index.php?rest_route=\/wp\/v2\/types\/page"}],"author":[{"embeddable":true,"href":"https:\/\/femexrobotica.org\/tmr2023\/index.php?rest_route=\/wp\/v2\/users\/5"}],"replies":[{"embeddable":true,"href":"https:\/\/femexrobotica.org\/tmr2023\/index.php?rest_route=%2Fwp%2Fv2%2Fcomments&post=158"}],"version-history":[{"count":10,"href":"https:\/\/femexrobotica.org\/tmr2023\/index.php?rest_route=\/wp\/v2\/pages\/158\/revisions"}],"predecessor-version":[{"id":1155,"href":"https:\/\/femexrobotica.org\/tmr2023\/index.php?rest_route=\/wp\/v2\/pages\/158\/revisions\/1155"}],"wp:attachment":[{"href":"https:\/\/femexrobotica.org\/tmr2023\/index.php?rest_route=%2Fwp%2Fv2%2Fmedia&parent=158"}],"curies":[{"name":"wp","href":"https:\/\/api.w.org\/{rel}","templated":true}]}}