{"id":131,"date":"2022-12-03T23:37:10","date_gmt":"2022-12-03T23:37:10","guid":{"rendered":"https:\/\/femexrobotica.org\/tmr2023\/?page_id=131"},"modified":"2023-02-12T16:49:09","modified_gmt":"2023-02-12T16:49:09","slug":"larc-vsss","status":"publish","type":"page","link":"https:\/\/femexrobotica.org\/tmr2023\/?page_id=131","title":{"rendered":"LARC VSSS"},"content":{"rendered":"\n<figure class=\"wp-block-image size-full\"><img loading=\"lazy\" decoding=\"async\" width=\"507\" height=\"484\" src=\"https:\/\/femexrobotica.org\/tmr2023\/wp-content\/uploads\/2022\/12\/image-15.png\" alt=\"\" class=\"wp-image-132\" srcset=\"https:\/\/femexrobotica.org\/tmr2023\/wp-content\/uploads\/2022\/12\/image-15.png 507w, https:\/\/femexrobotica.org\/tmr2023\/wp-content\/uploads\/2022\/12\/image-15-300x286.png 300w\" sizes=\"auto, (max-width: 507px) 100vw, 507px\" \/><\/figure>\n\n\n\n<p><strong>Descripci\u00f3n general<\/strong><\/p>\n\n\n\n<p class=\"textojustificado\">El IEEE Very Small Size Soccer es una competici\u00f3n donde dos equipos de 3 robots de hasta 7.5\u00d77.5\u00d77.5 cm juegan un partido de f\u00fatbol. Los robots son controlados remotamente por una computadora, pero sin intervenci\u00f3n humana. La computadora procesa la imagen de una c\u00e1mara de video colocada sobre el campo y comanda a los robots.<\/p>\n\n\n\n<p><strong>Restricciones<\/strong><\/p>\n\n\n\n<p>Para participar en el LARC VSSS, se pueden inscribir equipos de m\u00e1ximo 6 personas. Los miembros del equipo deben ser estudiantes de cualquier nivel o haber egresado de su programa de estudios hace no m\u00e1s de dos a\u00f1os.<\/p>\n\n\n\n<p>Los profesores que acompa\u00f1an al equipo y que desean contar con un diploma que reconozca su participaci\u00f3n en el evento podr\u00e1n inscribirse como mentores. El costo de inscripci\u00f3n de los mentores es el mismo que el de los concursantes.<\/p>\n\n\n\n<p>Reglas: <\/p>\n\n\n\n<div data-wp-interactive=\"core\/file\" class=\"wp-block-file\"><object data-wp-bind--hidden=\"!state.hasPdfPreview\" hidden class=\"wp-block-file__embed\" data=\"https:\/\/femexrobotica.org\/tmr2023\/wp-content\/uploads\/2023\/01\/vssRules.pdf\" type=\"application\/pdf\" style=\"width:100%;height:600px\" aria-label=\"Embed of vssRules.\"><\/object><a id=\"wp-block-file--media-0943c6fc-532b-4e0a-a1f0-fe854ae7083a\" href=\"https:\/\/femexrobotica.org\/tmr2023\/wp-content\/uploads\/2023\/01\/vssRules.pdf\">vssRules<\/a><a href=\"https:\/\/femexrobotica.org\/tmr2023\/wp-content\/uploads\/2023\/01\/vssRules.pdf\" class=\"wp-block-file__button wp-element-button\" download aria-describedby=\"wp-block-file--media-0943c6fc-532b-4e0a-a1f0-fe854ae7083a\">Descargar<\/a><\/div>\n\n\n\n<p><strong>Responsables FMR<\/strong><\/p>\n\n\n\n<p>Javier Enrique Delgado Moreno<\/p>\n\n\n\n<p>email:&nbsp;<a href=\"mailto:javier_687@outlook.com\">javier_687@outlook.com<\/a><\/p>\n\n\n\n<p>&#8211;<\/p>\n\n\n\n<p>Heriberto Casarrubias Vargas <\/p>\n\n\n\n<p>email: hcasarrubiasv@uaemex.mx<\/p>\n","protected":false},"excerpt":{"rendered":"<p>Descripci\u00f3n general El IEEE Very Small Size Soccer es una competici\u00f3n donde dos equipos de 3 robots de hasta 7.5\u00d77.5\u00d77.5 cm juegan un partido de f\u00fatbol. Los robots son controlados remotamente por una computadora, pero sin intervenci\u00f3n humana. La computadora procesa la imagen de una c\u00e1mara de video colocada sobre el campo y comanda a [&hellip;]<\/p>\n","protected":false},"author":5,"featured_media":0,"parent":0,"menu_order":0,"comment_status":"closed","ping_status":"closed","template":"","meta":{"footnotes":""},"class_list":["post-131","page","type-page","status-publish","hentry"],"_links":{"self":[{"href":"https:\/\/femexrobotica.org\/tmr2023\/index.php?rest_route=\/wp\/v2\/pages\/131","targetHints":{"allow":["GET"]}}],"collection":[{"href":"https:\/\/femexrobotica.org\/tmr2023\/index.php?rest_route=\/wp\/v2\/pages"}],"about":[{"href":"https:\/\/femexrobotica.org\/tmr2023\/index.php?rest_route=\/wp\/v2\/types\/page"}],"author":[{"embeddable":true,"href":"https:\/\/femexrobotica.org\/tmr2023\/index.php?rest_route=\/wp\/v2\/users\/5"}],"replies":[{"embeddable":true,"href":"https:\/\/femexrobotica.org\/tmr2023\/index.php?rest_route=%2Fwp%2Fv2%2Fcomments&post=131"}],"version-history":[{"count":12,"href":"https:\/\/femexrobotica.org\/tmr2023\/index.php?rest_route=\/wp\/v2\/pages\/131\/revisions"}],"predecessor-version":[{"id":863,"href":"https:\/\/femexrobotica.org\/tmr2023\/index.php?rest_route=\/wp\/v2\/pages\/131\/revisions\/863"}],"wp:attachment":[{"href":"https:\/\/femexrobotica.org\/tmr2023\/index.php?rest_route=%2Fwp%2Fv2%2Fmedia&parent=131"}],"curies":[{"name":"wp","href":"https:\/\/api.w.org\/{rel}","templated":true}]}}